{"id":36796,"date":"2018-12-13T14:43:26","date_gmt":"2018-12-13T14:43:26","guid":{"rendered":"https:\/\/www.bonpilates.com\/?post_type=product&#038;p=36796"},"modified":"2026-05-07T10:26:11","modified_gmt":"2026-05-07T08:26:11","slug":"reformer-clasico-pilates","status":"publish","type":"product","link":"https:\/\/www.bonpilates.com\/de\/producto\/reformer-clasico-pilates\/","title":{"rendered":"Reformer Cl\u00e1sico"},"content":{"rendered":"<p>El Reformer Cl\u00e1sico pertenece a la l\u00ednea de Pilates Cl\u00e1sico. Bonpilates ha sacado esta l\u00ednea con el objetivo de satisfacer la demanda de Equipamiento original, basado en los primeros dise\u00f1os que Joseph Pilates introdujo en el mercado.<\/p>\n<p>Este modelo se rige bajo la filosof\u00eda de que es el cliente el que se debe adaptar a las caracter\u00edsticas de la m\u00e1quina, realizando los ejercicios sin la asistencia y la adaptaci\u00f3n de nuestro sistema Adapter, lo que requiere de un mayor control en la ejecuci\u00f3n por parte del usuario.<\/p>\n<p>El Reformer Cl\u00e1sico a\u00fana la originalidad de los primeros Reformer con la est\u00e9tica moderna en madera de haya y la seguridad y estabilidad necesaria para poder desarrollar el trabajo en la m\u00e1quina en las mejores condiciones.<\/p>\n<p>Incluye:<\/p>\n<ul>\n<li>Box Universal<\/li>\n<li>Pica de madera<\/li>\n<li>Juego completo de muelles<\/li>\n<li>Juego de asas de cuero y madera (con mosquet\u00f3n)<\/li>\n<li>Juego de correas de cuero<\/li>\n<li>Cinta de pies<\/li>\n<li>Pad antideslizante fino<\/li>\n<\/ul>\n","protected":false},"excerpt":{"rendered":"<p>El Reformer Cl\u00e1sico pertenece a la l\u00ednea de Pilates Cl\u00e1sico. Bonpilates ha sacado esta l\u00ednea con el objetivo de satisfacer la demanda de Equipamiento original, basado en los primeros dise\u00f1os que Joseph Pilates introdujo en el mercado.<\/p>\n","protected":false},"featured_media":44872,"template":"","meta":{"_acf_changed":false},"product_brand":[],"product_cat":[1002,993],"product_tag":[],"class_list":{"0":"post-36796","1":"product","2":"type-product","3":"status-publish","4":"has-post-thumbnail","6":"product_cat-linea-clasica","7":"product_cat-reformer-pilates","9":"first","10":"instock","11":"taxable","12":"shipping-taxable","13":"product-type-simple"},"acf":[],"yoast_head":"<!-- This site is optimized with the Yoast SEO plugin v27.5 - https:\/\/yoast.com\/product\/yoast-seo-wordpress\/ -->\n<title>Reformer Cl\u00e1sico Pilates: Calidad y Precisi\u00f3n en BonPilates<\/title>\n<meta name=\"description\" content=\"Optimiza tu entrenamiento con el Reformer Cl\u00e1sico de BonPilates, dise\u00f1ado para ofrecer durabilidad y suavidad en cada movimiento. Calidad profesional garantizada.\" \/>\n<meta name=\"robots\" content=\"index, follow, max-snippet:-1, max-image-preview:large, max-video-preview:-1\" \/>\n<link rel=\"canonical\" href=\"https:\/\/www.bonpilates.com\/de\/producto\/reformer-clasico-pilates\/\" \/>\n<meta property=\"og:locale\" content=\"de_DE\" \/>\n<meta property=\"og:type\" content=\"article\" \/>\n<meta property=\"og:title\" content=\"Reformer Cl\u00e1sico Pilates: Calidad y Precisi\u00f3n en BonPilates\" \/>\n<meta property=\"og:description\" content=\"Optimiza tu entrenamiento con el Reformer Cl\u00e1sico de BonPilates, dise\u00f1ado para ofrecer durabilidad y suavidad en cada movimiento. Calidad profesional garantizada.\" \/>\n<meta property=\"og:url\" content=\"https:\/\/www.bonpilates.com\/de\/producto\/reformer-clasico-pilates\/\" \/>\n<meta property=\"og:site_name\" content=\"Bonpilates\" \/>\n<meta property=\"article:publisher\" content=\"https:\/\/www.facebook.com\/bonpilates\/\" \/>\n<meta property=\"article:modified_time\" content=\"2026-05-07T08:26:11+00:00\" \/>\n<meta property=\"og:image\" content=\"https:\/\/www.bonpilates.com\/wp-content\/uploads\/2025\/05\/reformer-clasico-bonpilates-3.jpg\" \/>\n\t<meta property=\"og:image:width\" content=\"1000\" \/>\n\t<meta property=\"og:image:height\" content=\"1000\" \/>\n\t<meta property=\"og:image:type\" content=\"image\/jpeg\" \/>\n<meta name=\"twitter:card\" content=\"summary_large_image\" \/>\n<meta name=\"twitter:label1\" content=\"Gesch\u00e4tzte Lesezeit\" \/>\n\t<meta name=\"twitter:data1\" content=\"1\u00a0Minute\" \/>\n<script type=\"application\/ld+json\" class=\"yoast-schema-graph\">{\"@context\":\"https:\\\/\\\/schema.org\",\"@graph\":[{\"@type\":\"WebPage\",\"@id\":\"https:\\\/\\\/www.bonpilates.com\\\/de\\\/producto\\\/reformer-clasico-pilates\\\/\",\"url\":\"https:\\\/\\\/www.bonpilates.com\\\/de\\\/producto\\\/reformer-clasico-pilates\\\/\",\"name\":\"Reformer Cl\u00e1sico Pilates: Calidad y Precisi\u00f3n en BonPilates\",\"isPartOf\":{\"@id\":\"https:\\\/\\\/www.bonpilates.com\\\/de\\\/#website\"},\"primaryImageOfPage\":{\"@id\":\"https:\\\/\\\/www.bonpilates.com\\\/de\\\/producto\\\/reformer-clasico-pilates\\\/#primaryimage\"},\"image\":{\"@id\":\"https:\\\/\\\/www.bonpilates.com\\\/de\\\/producto\\\/reformer-clasico-pilates\\\/#primaryimage\"},\"thumbnailUrl\":\"https:\\\/\\\/www.bonpilates.com\\\/wp-content\\\/uploads\\\/2025\\\/05\\\/reformer-clasico-bonpilates-3.jpg\",\"datePublished\":\"2018-12-13T14:43:26+00:00\",\"dateModified\":\"2026-05-07T08:26:11+00:00\",\"description\":\"Optimiza tu entrenamiento con el Reformer Cl\u00e1sico de BonPilates, dise\u00f1ado para ofrecer durabilidad y suavidad en cada movimiento. Calidad profesional garantizada.\",\"breadcrumb\":{\"@id\":\"https:\\\/\\\/www.bonpilates.com\\\/de\\\/producto\\\/reformer-clasico-pilates\\\/#breadcrumb\"},\"inLanguage\":\"de\",\"potentialAction\":[{\"@type\":\"ReadAction\",\"target\":[\"https:\\\/\\\/www.bonpilates.com\\\/de\\\/producto\\\/reformer-clasico-pilates\\\/\"]}]},{\"@type\":\"ImageObject\",\"inLanguage\":\"de\",\"@id\":\"https:\\\/\\\/www.bonpilates.com\\\/de\\\/producto\\\/reformer-clasico-pilates\\\/#primaryimage\",\"url\":\"https:\\\/\\\/www.bonpilates.com\\\/wp-content\\\/uploads\\\/2025\\\/05\\\/reformer-clasico-bonpilates-3.jpg\",\"contentUrl\":\"https:\\\/\\\/www.bonpilates.com\\\/wp-content\\\/uploads\\\/2025\\\/05\\\/reformer-clasico-bonpilates-3.jpg\",\"width\":1000,\"height\":1000},{\"@type\":\"BreadcrumbList\",\"@id\":\"https:\\\/\\\/www.bonpilates.com\\\/de\\\/producto\\\/reformer-clasico-pilates\\\/#breadcrumb\",\"itemListElement\":[{\"@type\":\"ListItem\",\"position\":1,\"name\":\"Bonpilates\",\"item\":\"https:\\\/\\\/www.bonpilates.com\\\/de\\\/\"},{\"@type\":\"ListItem\",\"position\":2,\"name\":\"Equipamiento para Pilates\",\"item\":\"https:\\\/\\\/www.bonpilates.com\\\/equipamiento-pilates\\\/\"},{\"@type\":\"ListItem\",\"position\":3,\"name\":\"Reformer Cl\u00e1sico\"}]},{\"@type\":\"WebSite\",\"@id\":\"https:\\\/\\\/www.bonpilates.com\\\/de\\\/#website\",\"url\":\"https:\\\/\\\/www.bonpilates.com\\\/de\\\/\",\"name\":\"Bonpilates\",\"description\":\"Desarrollamos y comercializamos m\u00e1quinas de pilates reformer, equipment, accesorios y otros aparatos ideales para practicar este entrenamiento. Bonpilates presenta a sus clientes soluciones de alta calidad y tecnolog\u00eda.\",\"publisher\":{\"@id\":\"https:\\\/\\\/www.bonpilates.com\\\/de\\\/#organization\"},\"potentialAction\":[{\"@type\":\"SearchAction\",\"target\":{\"@type\":\"EntryPoint\",\"urlTemplate\":\"https:\\\/\\\/www.bonpilates.com\\\/de\\\/?s={search_term_string}\"},\"query-input\":{\"@type\":\"PropertyValueSpecification\",\"valueRequired\":true,\"valueName\":\"search_term_string\"}}],\"inLanguage\":\"de\"},{\"@type\":\"Organization\",\"@id\":\"https:\\\/\\\/www.bonpilates.com\\\/de\\\/#organization\",\"name\":\"Bonpilates\",\"url\":\"https:\\\/\\\/www.bonpilates.com\\\/de\\\/\",\"logo\":{\"@type\":\"ImageObject\",\"inLanguage\":\"de\",\"@id\":\"https:\\\/\\\/www.bonpilates.com\\\/de\\\/#\\\/schema\\\/logo\\\/image\\\/\",\"url\":\"https:\\\/\\\/www.bonpilates.com\\\/wp-content\\\/uploads\\\/2024\\\/03\\\/bonpilates-logo-header.png\",\"contentUrl\":\"https:\\\/\\\/www.bonpilates.com\\\/wp-content\\\/uploads\\\/2024\\\/03\\\/bonpilates-logo-header.png\",\"width\":319,\"height\":54,\"caption\":\"Bonpilates\"},\"image\":{\"@id\":\"https:\\\/\\\/www.bonpilates.com\\\/de\\\/#\\\/schema\\\/logo\\\/image\\\/\"},\"sameAs\":[\"https:\\\/\\\/www.facebook.com\\\/bonpilates\\\/\",\"https:\\\/\\\/www.instagram.com\\\/bonpilatesspain\\\/\",\"https:\\\/\\\/www.youtube.com\\\/user\\\/bonpilates\\\/\"]}]}<\/script>\n<!-- \/ Yoast SEO plugin. -->","yoast_head_json":{"title":"Reformer Cl\u00e1sico Pilates: Calidad y Precisi\u00f3n en BonPilates","description":"Optimiza tu entrenamiento con el Reformer Cl\u00e1sico de BonPilates, dise\u00f1ado para ofrecer durabilidad y suavidad en cada movimiento. Calidad profesional garantizada.","robots":{"index":"index","follow":"follow","max-snippet":"max-snippet:-1","max-image-preview":"max-image-preview:large","max-video-preview":"max-video-preview:-1"},"canonical":"https:\/\/www.bonpilates.com\/de\/producto\/reformer-clasico-pilates\/","og_locale":"de_DE","og_type":"article","og_title":"Reformer Cl\u00e1sico Pilates: Calidad y Precisi\u00f3n en BonPilates","og_description":"Optimiza tu entrenamiento con el Reformer Cl\u00e1sico de BonPilates, dise\u00f1ado para ofrecer durabilidad y suavidad en cada movimiento. Calidad profesional garantizada.","og_url":"https:\/\/www.bonpilates.com\/de\/producto\/reformer-clasico-pilates\/","og_site_name":"Bonpilates","article_publisher":"https:\/\/www.facebook.com\/bonpilates\/","article_modified_time":"2026-05-07T08:26:11+00:00","og_image":[{"width":1000,"height":1000,"url":"https:\/\/www.bonpilates.com\/wp-content\/uploads\/2025\/05\/reformer-clasico-bonpilates-3.jpg","type":"image\/jpeg"}],"twitter_card":"summary_large_image","twitter_misc":{"Gesch\u00e4tzte Lesezeit":"1\u00a0Minute"},"schema":{"@context":"https:\/\/schema.org","@graph":[{"@type":"WebPage","@id":"https:\/\/www.bonpilates.com\/de\/producto\/reformer-clasico-pilates\/","url":"https:\/\/www.bonpilates.com\/de\/producto\/reformer-clasico-pilates\/","name":"Reformer Cl\u00e1sico Pilates: Calidad y Precisi\u00f3n en BonPilates","isPartOf":{"@id":"https:\/\/www.bonpilates.com\/de\/#website"},"primaryImageOfPage":{"@id":"https:\/\/www.bonpilates.com\/de\/producto\/reformer-clasico-pilates\/#primaryimage"},"image":{"@id":"https:\/\/www.bonpilates.com\/de\/producto\/reformer-clasico-pilates\/#primaryimage"},"thumbnailUrl":"https:\/\/www.bonpilates.com\/wp-content\/uploads\/2025\/05\/reformer-clasico-bonpilates-3.jpg","datePublished":"2018-12-13T14:43:26+00:00","dateModified":"2026-05-07T08:26:11+00:00","description":"Optimiza tu entrenamiento con el Reformer Cl\u00e1sico de BonPilates, dise\u00f1ado para ofrecer durabilidad y suavidad en cada movimiento. Calidad profesional garantizada.","breadcrumb":{"@id":"https:\/\/www.bonpilates.com\/de\/producto\/reformer-clasico-pilates\/#breadcrumb"},"inLanguage":"de","potentialAction":[{"@type":"ReadAction","target":["https:\/\/www.bonpilates.com\/de\/producto\/reformer-clasico-pilates\/"]}]},{"@type":"ImageObject","inLanguage":"de","@id":"https:\/\/www.bonpilates.com\/de\/producto\/reformer-clasico-pilates\/#primaryimage","url":"https:\/\/www.bonpilates.com\/wp-content\/uploads\/2025\/05\/reformer-clasico-bonpilates-3.jpg","contentUrl":"https:\/\/www.bonpilates.com\/wp-content\/uploads\/2025\/05\/reformer-clasico-bonpilates-3.jpg","width":1000,"height":1000},{"@type":"BreadcrumbList","@id":"https:\/\/www.bonpilates.com\/de\/producto\/reformer-clasico-pilates\/#breadcrumb","itemListElement":[{"@type":"ListItem","position":1,"name":"Bonpilates","item":"https:\/\/www.bonpilates.com\/de\/"},{"@type":"ListItem","position":2,"name":"Equipamiento para Pilates","item":"https:\/\/www.bonpilates.com\/equipamiento-pilates\/"},{"@type":"ListItem","position":3,"name":"Reformer Cl\u00e1sico"}]},{"@type":"WebSite","@id":"https:\/\/www.bonpilates.com\/de\/#website","url":"https:\/\/www.bonpilates.com\/de\/","name":"Bonpilates","description":"Desarrollamos y comercializamos m\u00e1quinas de pilates reformer, equipment, accesorios y otros aparatos ideales para practicar este entrenamiento. Bonpilates presenta a sus clientes soluciones de alta calidad y tecnolog\u00eda.","publisher":{"@id":"https:\/\/www.bonpilates.com\/de\/#organization"},"potentialAction":[{"@type":"SearchAction","target":{"@type":"EntryPoint","urlTemplate":"https:\/\/www.bonpilates.com\/de\/?s={search_term_string}"},"query-input":{"@type":"PropertyValueSpecification","valueRequired":true,"valueName":"search_term_string"}}],"inLanguage":"de"},{"@type":"Organization","@id":"https:\/\/www.bonpilates.com\/de\/#organization","name":"Bonpilates","url":"https:\/\/www.bonpilates.com\/de\/","logo":{"@type":"ImageObject","inLanguage":"de","@id":"https:\/\/www.bonpilates.com\/de\/#\/schema\/logo\/image\/","url":"https:\/\/www.bonpilates.com\/wp-content\/uploads\/2024\/03\/bonpilates-logo-header.png","contentUrl":"https:\/\/www.bonpilates.com\/wp-content\/uploads\/2024\/03\/bonpilates-logo-header.png","width":319,"height":54,"caption":"Bonpilates"},"image":{"@id":"https:\/\/www.bonpilates.com\/de\/#\/schema\/logo\/image\/"},"sameAs":["https:\/\/www.facebook.com\/bonpilates\/","https:\/\/www.instagram.com\/bonpilatesspain\/","https:\/\/www.youtube.com\/user\/bonpilates\/"]}]}},"_links":{"self":[{"href":"https:\/\/www.bonpilates.com\/de\/wp-json\/wp\/v2\/product\/36796","targetHints":{"allow":["GET"]}}],"collection":[{"href":"https:\/\/www.bonpilates.com\/de\/wp-json\/wp\/v2\/product"}],"about":[{"href":"https:\/\/www.bonpilates.com\/de\/wp-json\/wp\/v2\/types\/product"}],"wp:featuredmedia":[{"embeddable":true,"href":"https:\/\/www.bonpilates.com\/de\/wp-json\/wp\/v2\/media\/44872"}],"wp:attachment":[{"href":"https:\/\/www.bonpilates.com\/de\/wp-json\/wp\/v2\/media?parent=36796"}],"wp:term":[{"taxonomy":"product_brand","embeddable":true,"href":"https:\/\/www.bonpilates.com\/de\/wp-json\/wp\/v2\/product_brand?post=36796"},{"taxonomy":"product_cat","embeddable":true,"href":"https:\/\/www.bonpilates.com\/de\/wp-json\/wp\/v2\/product_cat?post=36796"},{"taxonomy":"product_tag","embeddable":true,"href":"https:\/\/www.bonpilates.com\/de\/wp-json\/wp\/v2\/product_tag?post=36796"}],"curies":[{"name":"wp","href":"https:\/\/api.w.org\/{rel}","templated":true}]}}