{"id":44913,"date":"2023-08-21T10:03:25","date_gmt":"2023-08-21T10:03:25","guid":{"rendered":"https:\/\/www.bonpilates.com\/producto\/push-up-de\/"},"modified":"2025-05-06T07:16:30","modified_gmt":"2025-05-06T07:16:30","slug":"push-up-de","status":"publish","type":"product","link":"https:\/\/www.bonpilates.com\/de\/producto\/push-up-de\/","title":{"rendered":"Push Up"},"content":{"rendered":"<p>Hergestellt aus (rostfreiem) Edelstahl und Buchenholz, Materialien die dem Produkt eine hohe Widerstandsf\u00e4higkeit und eine angenehme Haptik verleihen. Speziell  f\u00fcr Liegest\u00fctze oder akrobatische \u00dcbungen sowie generell \u00dcbungen, bei denen man sich auf die Handgelenke st\u00fctzt. Die Push Up Hilfe erh\u00f6ht den Bewegungsradius bei jeder Wiederholung erheblich, so dass Sie Ihre Muskulatur effizienter st\u00e4rken k\u00f6nnen. Besonders Menschen mit schwachen Handgelenken profitieren von diesem Ger\u00e4t, das es die Gelenke entlastet und dabei dem K\u00f6rper erm\u00f6glicht, eine neutrale Position beizubehalten.<\/p>\n","protected":false},"excerpt":{"rendered":"<p>Hergestellt aus (rostfreiem) Edelstahl und Buchenholz, Materialien die dem Produkt eine hohe Widerstandsf\u00e4higkeit und eine angenehme Haptik verleihen. Speziell f\u00fcr Liegest\u00fctze oder akrobatische \u00dcbungen sowie generell \u00dcbungen, bei denen man<a href=\"https:\/\/www.bonpilates.com\/de\/producto\/push-up-de\/\">Continue reading <span class=\"sr-only\">&#8222;Push Up&#8220;<\/span><\/a><\/p>\n","protected":false},"featured_media":42865,"template":"","meta":{"_acf_changed":false},"product_brand":[],"product_cat":[997,1002],"product_tag":[],"class_list":{"0":"post-44913","1":"product","2":"type-product","3":"status-publish","4":"has-post-thumbnail","6":"product_cat-accesorios","7":"product_cat-linea-clasica","9":"first","10":"instock","11":"taxable","12":"shipping-taxable","13":"product-type-simple"},"acf":[],"yoast_head":"<!-- This site is optimized with the Yoast SEO plugin v27.5 - https:\/\/yoast.com\/product\/yoast-seo-wordpress\/ -->\n<title>Push Up - Bonpilates<\/title>\n<meta name=\"robots\" content=\"index, follow, max-snippet:-1, max-image-preview:large, max-video-preview:-1\" \/>\n<link rel=\"canonical\" href=\"https:\/\/www.bonpilates.com\/de\/producto\/push-up-de\/\" \/>\n<meta property=\"og:locale\" content=\"de_DE\" \/>\n<meta property=\"og:type\" content=\"article\" \/>\n<meta property=\"og:title\" content=\"Push Up - Bonpilates\" \/>\n<meta property=\"og:description\" content=\"Hergestellt aus (rostfreiem) Edelstahl und Buchenholz, Materialien die dem Produkt eine hohe Widerstandsf\u00e4higkeit und eine angenehme Haptik verleihen. Speziell f\u00fcr Liegest\u00fctze oder akrobatische \u00dcbungen sowie generell \u00dcbungen, bei denen manContinue reading &quot;Push Up&quot;\" \/>\n<meta property=\"og:url\" content=\"https:\/\/www.bonpilates.com\/de\/producto\/push-up-de\/\" \/>\n<meta property=\"og:site_name\" content=\"Bonpilates\" \/>\n<meta property=\"article:publisher\" content=\"https:\/\/www.facebook.com\/bonpilates\/\" \/>\n<meta property=\"article:modified_time\" content=\"2025-05-06T07:16:30+00:00\" \/>\n<meta property=\"og:image\" content=\"https:\/\/www.bonpilates.com\/wp-content\/uploads\/2025\/05\/PUSH-UP-81000664-2.jpg\" \/>\n\t<meta property=\"og:image:width\" content=\"1200\" \/>\n\t<meta property=\"og:image:height\" content=\"1200\" \/>\n\t<meta property=\"og:image:type\" content=\"image\/jpeg\" \/>\n<meta name=\"twitter:card\" content=\"summary_large_image\" \/>\n<script type=\"application\/ld+json\" class=\"yoast-schema-graph\">{\"@context\":\"https:\\\/\\\/schema.org\",\"@graph\":[{\"@type\":\"WebPage\",\"@id\":\"https:\\\/\\\/www.bonpilates.com\\\/de\\\/producto\\\/push-up-de\\\/\",\"url\":\"https:\\\/\\\/www.bonpilates.com\\\/de\\\/producto\\\/push-up-de\\\/\",\"name\":\"Push Up - Bonpilates\",\"isPartOf\":{\"@id\":\"https:\\\/\\\/www.bonpilates.com\\\/de\\\/#website\"},\"primaryImageOfPage\":{\"@id\":\"https:\\\/\\\/www.bonpilates.com\\\/de\\\/producto\\\/push-up-de\\\/#primaryimage\"},\"image\":{\"@id\":\"https:\\\/\\\/www.bonpilates.com\\\/de\\\/producto\\\/push-up-de\\\/#primaryimage\"},\"thumbnailUrl\":\"https:\\\/\\\/www.bonpilates.com\\\/wp-content\\\/uploads\\\/2025\\\/05\\\/PUSH-UP-81000664-2.jpg\",\"datePublished\":\"2023-08-21T10:03:25+00:00\",\"dateModified\":\"2025-05-06T07:16:30+00:00\",\"breadcrumb\":{\"@id\":\"https:\\\/\\\/www.bonpilates.com\\\/de\\\/producto\\\/push-up-de\\\/#breadcrumb\"},\"inLanguage\":\"de\",\"potentialAction\":[{\"@type\":\"ReadAction\",\"target\":[\"https:\\\/\\\/www.bonpilates.com\\\/de\\\/producto\\\/push-up-de\\\/\"]}]},{\"@type\":\"ImageObject\",\"inLanguage\":\"de\",\"@id\":\"https:\\\/\\\/www.bonpilates.com\\\/de\\\/producto\\\/push-up-de\\\/#primaryimage\",\"url\":\"https:\\\/\\\/www.bonpilates.com\\\/wp-content\\\/uploads\\\/2025\\\/05\\\/PUSH-UP-81000664-2.jpg\",\"contentUrl\":\"https:\\\/\\\/www.bonpilates.com\\\/wp-content\\\/uploads\\\/2025\\\/05\\\/PUSH-UP-81000664-2.jpg\",\"width\":1200,\"height\":1200},{\"@type\":\"BreadcrumbList\",\"@id\":\"https:\\\/\\\/www.bonpilates.com\\\/de\\\/producto\\\/push-up-de\\\/#breadcrumb\",\"itemListElement\":[{\"@type\":\"ListItem\",\"position\":1,\"name\":\"Bonpilates\",\"item\":\"https:\\\/\\\/www.bonpilates.com\\\/de\\\/\"},{\"@type\":\"ListItem\",\"position\":2,\"name\":\"Equipamiento para Pilates\",\"item\":\"https:\\\/\\\/www.bonpilates.com\\\/equipamiento-pilates\\\/\"},{\"@type\":\"ListItem\",\"position\":3,\"name\":\"Push Up\"}]},{\"@type\":\"WebSite\",\"@id\":\"https:\\\/\\\/www.bonpilates.com\\\/de\\\/#website\",\"url\":\"https:\\\/\\\/www.bonpilates.com\\\/de\\\/\",\"name\":\"Bonpilates\",\"description\":\"Desarrollamos y comercializamos m\u00e1quinas de pilates reformer, equipment, accesorios y otros aparatos ideales para practicar este entrenamiento. Bonpilates presenta a sus clientes soluciones de alta calidad y tecnolog\u00eda.\",\"publisher\":{\"@id\":\"https:\\\/\\\/www.bonpilates.com\\\/de\\\/#organization\"},\"potentialAction\":[{\"@type\":\"SearchAction\",\"target\":{\"@type\":\"EntryPoint\",\"urlTemplate\":\"https:\\\/\\\/www.bonpilates.com\\\/de\\\/?s={search_term_string}\"},\"query-input\":{\"@type\":\"PropertyValueSpecification\",\"valueRequired\":true,\"valueName\":\"search_term_string\"}}],\"inLanguage\":\"de\"},{\"@type\":\"Organization\",\"@id\":\"https:\\\/\\\/www.bonpilates.com\\\/de\\\/#organization\",\"name\":\"Bonpilates\",\"url\":\"https:\\\/\\\/www.bonpilates.com\\\/de\\\/\",\"logo\":{\"@type\":\"ImageObject\",\"inLanguage\":\"de\",\"@id\":\"https:\\\/\\\/www.bonpilates.com\\\/de\\\/#\\\/schema\\\/logo\\\/image\\\/\",\"url\":\"https:\\\/\\\/www.bonpilates.com\\\/wp-content\\\/uploads\\\/2024\\\/03\\\/bonpilates-logo-header.png\",\"contentUrl\":\"https:\\\/\\\/www.bonpilates.com\\\/wp-content\\\/uploads\\\/2024\\\/03\\\/bonpilates-logo-header.png\",\"width\":319,\"height\":54,\"caption\":\"Bonpilates\"},\"image\":{\"@id\":\"https:\\\/\\\/www.bonpilates.com\\\/de\\\/#\\\/schema\\\/logo\\\/image\\\/\"},\"sameAs\":[\"https:\\\/\\\/www.facebook.com\\\/bonpilates\\\/\",\"https:\\\/\\\/www.instagram.com\\\/bonpilatesspain\\\/\",\"https:\\\/\\\/www.youtube.com\\\/user\\\/bonpilates\\\/\"]}]}<\/script>\n<!-- \/ Yoast SEO plugin. -->","yoast_head_json":{"title":"Push Up - Bonpilates","robots":{"index":"index","follow":"follow","max-snippet":"max-snippet:-1","max-image-preview":"max-image-preview:large","max-video-preview":"max-video-preview:-1"},"canonical":"https:\/\/www.bonpilates.com\/de\/producto\/push-up-de\/","og_locale":"de_DE","og_type":"article","og_title":"Push Up - Bonpilates","og_description":"Hergestellt aus (rostfreiem) Edelstahl und Buchenholz, Materialien die dem Produkt eine hohe Widerstandsf\u00e4higkeit und eine angenehme Haptik verleihen. Speziell f\u00fcr Liegest\u00fctze oder akrobatische \u00dcbungen sowie generell \u00dcbungen, bei denen manContinue reading \"Push Up\"","og_url":"https:\/\/www.bonpilates.com\/de\/producto\/push-up-de\/","og_site_name":"Bonpilates","article_publisher":"https:\/\/www.facebook.com\/bonpilates\/","article_modified_time":"2025-05-06T07:16:30+00:00","og_image":[{"width":1200,"height":1200,"url":"https:\/\/www.bonpilates.com\/wp-content\/uploads\/2025\/05\/PUSH-UP-81000664-2.jpg","type":"image\/jpeg"}],"twitter_card":"summary_large_image","schema":{"@context":"https:\/\/schema.org","@graph":[{"@type":"WebPage","@id":"https:\/\/www.bonpilates.com\/de\/producto\/push-up-de\/","url":"https:\/\/www.bonpilates.com\/de\/producto\/push-up-de\/","name":"Push Up - Bonpilates","isPartOf":{"@id":"https:\/\/www.bonpilates.com\/de\/#website"},"primaryImageOfPage":{"@id":"https:\/\/www.bonpilates.com\/de\/producto\/push-up-de\/#primaryimage"},"image":{"@id":"https:\/\/www.bonpilates.com\/de\/producto\/push-up-de\/#primaryimage"},"thumbnailUrl":"https:\/\/www.bonpilates.com\/wp-content\/uploads\/2025\/05\/PUSH-UP-81000664-2.jpg","datePublished":"2023-08-21T10:03:25+00:00","dateModified":"2025-05-06T07:16:30+00:00","breadcrumb":{"@id":"https:\/\/www.bonpilates.com\/de\/producto\/push-up-de\/#breadcrumb"},"inLanguage":"de","potentialAction":[{"@type":"ReadAction","target":["https:\/\/www.bonpilates.com\/de\/producto\/push-up-de\/"]}]},{"@type":"ImageObject","inLanguage":"de","@id":"https:\/\/www.bonpilates.com\/de\/producto\/push-up-de\/#primaryimage","url":"https:\/\/www.bonpilates.com\/wp-content\/uploads\/2025\/05\/PUSH-UP-81000664-2.jpg","contentUrl":"https:\/\/www.bonpilates.com\/wp-content\/uploads\/2025\/05\/PUSH-UP-81000664-2.jpg","width":1200,"height":1200},{"@type":"BreadcrumbList","@id":"https:\/\/www.bonpilates.com\/de\/producto\/push-up-de\/#breadcrumb","itemListElement":[{"@type":"ListItem","position":1,"name":"Bonpilates","item":"https:\/\/www.bonpilates.com\/de\/"},{"@type":"ListItem","position":2,"name":"Equipamiento para Pilates","item":"https:\/\/www.bonpilates.com\/equipamiento-pilates\/"},{"@type":"ListItem","position":3,"name":"Push Up"}]},{"@type":"WebSite","@id":"https:\/\/www.bonpilates.com\/de\/#website","url":"https:\/\/www.bonpilates.com\/de\/","name":"Bonpilates","description":"Desarrollamos y comercializamos m\u00e1quinas de pilates reformer, equipment, accesorios y otros aparatos ideales para practicar este entrenamiento. Bonpilates presenta a sus clientes soluciones de alta calidad y tecnolog\u00eda.","publisher":{"@id":"https:\/\/www.bonpilates.com\/de\/#organization"},"potentialAction":[{"@type":"SearchAction","target":{"@type":"EntryPoint","urlTemplate":"https:\/\/www.bonpilates.com\/de\/?s={search_term_string}"},"query-input":{"@type":"PropertyValueSpecification","valueRequired":true,"valueName":"search_term_string"}}],"inLanguage":"de"},{"@type":"Organization","@id":"https:\/\/www.bonpilates.com\/de\/#organization","name":"Bonpilates","url":"https:\/\/www.bonpilates.com\/de\/","logo":{"@type":"ImageObject","inLanguage":"de","@id":"https:\/\/www.bonpilates.com\/de\/#\/schema\/logo\/image\/","url":"https:\/\/www.bonpilates.com\/wp-content\/uploads\/2024\/03\/bonpilates-logo-header.png","contentUrl":"https:\/\/www.bonpilates.com\/wp-content\/uploads\/2024\/03\/bonpilates-logo-header.png","width":319,"height":54,"caption":"Bonpilates"},"image":{"@id":"https:\/\/www.bonpilates.com\/de\/#\/schema\/logo\/image\/"},"sameAs":["https:\/\/www.facebook.com\/bonpilates\/","https:\/\/www.instagram.com\/bonpilatesspain\/","https:\/\/www.youtube.com\/user\/bonpilates\/"]}]}},"_links":{"self":[{"href":"https:\/\/www.bonpilates.com\/de\/wp-json\/wp\/v2\/product\/44913","targetHints":{"allow":["GET"]}}],"collection":[{"href":"https:\/\/www.bonpilates.com\/de\/wp-json\/wp\/v2\/product"}],"about":[{"href":"https:\/\/www.bonpilates.com\/de\/wp-json\/wp\/v2\/types\/product"}],"wp:featuredmedia":[{"embeddable":true,"href":"https:\/\/www.bonpilates.com\/de\/wp-json\/wp\/v2\/media\/42865"}],"wp:attachment":[{"href":"https:\/\/www.bonpilates.com\/de\/wp-json\/wp\/v2\/media?parent=44913"}],"wp:term":[{"taxonomy":"product_brand","embeddable":true,"href":"https:\/\/www.bonpilates.com\/de\/wp-json\/wp\/v2\/product_brand?post=44913"},{"taxonomy":"product_cat","embeddable":true,"href":"https:\/\/www.bonpilates.com\/de\/wp-json\/wp\/v2\/product_cat?post=44913"},{"taxonomy":"product_tag","embeddable":true,"href":"https:\/\/www.bonpilates.com\/de\/wp-json\/wp\/v2\/product_tag?post=44913"}],"curies":[{"name":"wp","href":"https:\/\/api.w.org\/{rel}","templated":true}]}}