{"id":44921,"date":"2023-05-31T07:30:43","date_gmt":"2023-05-31T07:30:43","guid":{"rendered":"https:\/\/www.bonpilates.com\/producto\/mat-contemporaneo-con-patas\/"},"modified":"2025-05-09T12:28:59","modified_gmt":"2025-05-09T10:28:59","slug":"mat-contemporaneo-con-patas","status":"publish","type":"product","link":"https:\/\/www.bonpilates.com\/de\/producto\/mat-contemporaneo-con-patas\/","title":{"rendered":"Mat contempor\u00e1neo con patas"},"content":{"rendered":"<p>Mat contempor\u00e1neo con patas de madera de haya plegables que se ocultan en el interior del mat. El mat en su posici\u00f3n con patas extendidas tiene la altura de un reformer. Incluye cinta de pies, pica y asas para desplazarlo<\/p>\n","protected":false},"excerpt":{"rendered":"<p>Mat contempor\u00e1neo con patas de madera de haya plegables que se ocultan en el interior del mat. El mat en su posici\u00f3n con patas extendidas tiene la altura de un<a href=\"https:\/\/www.bonpilates.com\/de\/producto\/mat-contemporaneo-con-patas\/\">Continue reading <span class=\"sr-only\">&#8222;Mat contempor\u00e1neo con patas&#8220;<\/span><\/a><\/p>\n","protected":false},"featured_media":42910,"template":"","meta":{"_acf_changed":false},"product_brand":[],"product_cat":[985,989],"product_tag":[],"class_list":{"0":"post-44921","1":"product","2":"type-product","3":"status-publish","4":"has-post-thumbnail","6":"product_cat-linea-contemporanea","7":"product_cat-mats","9":"first","10":"instock","11":"taxable","12":"shipping-taxable","13":"product-type-simple"},"acf":[],"yoast_head":"<!-- This site is optimized with the Yoast SEO plugin v27.5 - https:\/\/yoast.com\/product\/yoast-seo-wordpress\/ -->\n<title>Mat contempor\u00e1neo con patas - Bonpilates<\/title>\n<meta name=\"description\" content=\"Nuestro Mat contempor\u00e1neo de alta calidad.\" \/>\n<meta name=\"robots\" content=\"index, follow, max-snippet:-1, max-image-preview:large, max-video-preview:-1\" \/>\n<link rel=\"canonical\" href=\"https:\/\/www.bonpilates.com\/de\/producto\/mat-contemporaneo-con-patas\/\" \/>\n<meta property=\"og:locale\" content=\"de_DE\" \/>\n<meta property=\"og:type\" content=\"article\" \/>\n<meta property=\"og:title\" content=\"Mat contempor\u00e1neo con patas - Bonpilates\" \/>\n<meta property=\"og:description\" content=\"Nuestro Mat contempor\u00e1neo de alta calidad.\" \/>\n<meta property=\"og:url\" content=\"https:\/\/www.bonpilates.com\/de\/producto\/mat-contemporaneo-con-patas\/\" \/>\n<meta property=\"og:site_name\" content=\"Bonpilates\" \/>\n<meta property=\"article:publisher\" content=\"https:\/\/www.facebook.com\/bonpilates\/\" \/>\n<meta property=\"article:modified_time\" content=\"2025-05-09T10:28:59+00:00\" \/>\n<meta property=\"og:image\" content=\"https:\/\/www.bonpilates.com\/wp-content\/uploads\/2025\/05\/mat-patas-contemporaneo-1000x1000-1.jpg\" \/>\n\t<meta property=\"og:image:width\" content=\"1000\" \/>\n\t<meta property=\"og:image:height\" content=\"1000\" \/>\n\t<meta property=\"og:image:type\" content=\"image\/jpeg\" \/>\n<meta name=\"twitter:card\" content=\"summary_large_image\" \/>\n<meta name=\"twitter:label1\" content=\"Gesch\u00e4tzte Lesezeit\" \/>\n\t<meta name=\"twitter:data1\" content=\"1\u00a0Minute\" \/>\n<script type=\"application\/ld+json\" class=\"yoast-schema-graph\">{\"@context\":\"https:\\\/\\\/schema.org\",\"@graph\":[{\"@type\":\"WebPage\",\"@id\":\"https:\\\/\\\/www.bonpilates.com\\\/de\\\/producto\\\/mat-contemporaneo-con-patas\\\/\",\"url\":\"https:\\\/\\\/www.bonpilates.com\\\/de\\\/producto\\\/mat-contemporaneo-con-patas\\\/\",\"name\":\"Mat contempor\u00e1neo con patas - Bonpilates\",\"isPartOf\":{\"@id\":\"https:\\\/\\\/www.bonpilates.com\\\/de\\\/#website\"},\"primaryImageOfPage\":{\"@id\":\"https:\\\/\\\/www.bonpilates.com\\\/de\\\/producto\\\/mat-contemporaneo-con-patas\\\/#primaryimage\"},\"image\":{\"@id\":\"https:\\\/\\\/www.bonpilates.com\\\/de\\\/producto\\\/mat-contemporaneo-con-patas\\\/#primaryimage\"},\"thumbnailUrl\":\"https:\\\/\\\/www.bonpilates.com\\\/wp-content\\\/uploads\\\/2025\\\/05\\\/mat-patas-contemporaneo-1000x1000-1.jpg\",\"datePublished\":\"2023-05-31T07:30:43+00:00\",\"dateModified\":\"2025-05-09T10:28:59+00:00\",\"description\":\"Nuestro Mat contempor\u00e1neo de alta calidad.\",\"breadcrumb\":{\"@id\":\"https:\\\/\\\/www.bonpilates.com\\\/de\\\/producto\\\/mat-contemporaneo-con-patas\\\/#breadcrumb\"},\"inLanguage\":\"de\",\"potentialAction\":[{\"@type\":\"ReadAction\",\"target\":[\"https:\\\/\\\/www.bonpilates.com\\\/de\\\/producto\\\/mat-contemporaneo-con-patas\\\/\"]}]},{\"@type\":\"ImageObject\",\"inLanguage\":\"de\",\"@id\":\"https:\\\/\\\/www.bonpilates.com\\\/de\\\/producto\\\/mat-contemporaneo-con-patas\\\/#primaryimage\",\"url\":\"https:\\\/\\\/www.bonpilates.com\\\/wp-content\\\/uploads\\\/2025\\\/05\\\/mat-patas-contemporaneo-1000x1000-1.jpg\",\"contentUrl\":\"https:\\\/\\\/www.bonpilates.com\\\/wp-content\\\/uploads\\\/2025\\\/05\\\/mat-patas-contemporaneo-1000x1000-1.jpg\",\"width\":1000,\"height\":1000},{\"@type\":\"BreadcrumbList\",\"@id\":\"https:\\\/\\\/www.bonpilates.com\\\/de\\\/producto\\\/mat-contemporaneo-con-patas\\\/#breadcrumb\",\"itemListElement\":[{\"@type\":\"ListItem\",\"position\":1,\"name\":\"Bonpilates\",\"item\":\"https:\\\/\\\/www.bonpilates.com\\\/de\\\/\"},{\"@type\":\"ListItem\",\"position\":2,\"name\":\"Equipamiento para Pilates\",\"item\":\"https:\\\/\\\/www.bonpilates.com\\\/equipamiento-pilates\\\/\"},{\"@type\":\"ListItem\",\"position\":3,\"name\":\"Mat contempor\u00e1neo con patas\"}]},{\"@type\":\"WebSite\",\"@id\":\"https:\\\/\\\/www.bonpilates.com\\\/de\\\/#website\",\"url\":\"https:\\\/\\\/www.bonpilates.com\\\/de\\\/\",\"name\":\"Bonpilates\",\"description\":\"Desarrollamos y comercializamos m\u00e1quinas de pilates reformer, equipment, accesorios y otros aparatos ideales para practicar este entrenamiento. Bonpilates presenta a sus clientes soluciones de alta calidad y tecnolog\u00eda.\",\"publisher\":{\"@id\":\"https:\\\/\\\/www.bonpilates.com\\\/de\\\/#organization\"},\"potentialAction\":[{\"@type\":\"SearchAction\",\"target\":{\"@type\":\"EntryPoint\",\"urlTemplate\":\"https:\\\/\\\/www.bonpilates.com\\\/de\\\/?s={search_term_string}\"},\"query-input\":{\"@type\":\"PropertyValueSpecification\",\"valueRequired\":true,\"valueName\":\"search_term_string\"}}],\"inLanguage\":\"de\"},{\"@type\":\"Organization\",\"@id\":\"https:\\\/\\\/www.bonpilates.com\\\/de\\\/#organization\",\"name\":\"Bonpilates\",\"url\":\"https:\\\/\\\/www.bonpilates.com\\\/de\\\/\",\"logo\":{\"@type\":\"ImageObject\",\"inLanguage\":\"de\",\"@id\":\"https:\\\/\\\/www.bonpilates.com\\\/de\\\/#\\\/schema\\\/logo\\\/image\\\/\",\"url\":\"https:\\\/\\\/www.bonpilates.com\\\/wp-content\\\/uploads\\\/2024\\\/03\\\/bonpilates-logo-header.png\",\"contentUrl\":\"https:\\\/\\\/www.bonpilates.com\\\/wp-content\\\/uploads\\\/2024\\\/03\\\/bonpilates-logo-header.png\",\"width\":319,\"height\":54,\"caption\":\"Bonpilates\"},\"image\":{\"@id\":\"https:\\\/\\\/www.bonpilates.com\\\/de\\\/#\\\/schema\\\/logo\\\/image\\\/\"},\"sameAs\":[\"https:\\\/\\\/www.facebook.com\\\/bonpilates\\\/\",\"https:\\\/\\\/www.instagram.com\\\/bonpilatesspain\\\/\",\"https:\\\/\\\/www.youtube.com\\\/user\\\/bonpilates\\\/\"]}]}<\/script>\n<!-- \/ Yoast SEO plugin. -->","yoast_head_json":{"title":"Mat contempor\u00e1neo con patas - Bonpilates","description":"Nuestro Mat contempor\u00e1neo de alta calidad.","robots":{"index":"index","follow":"follow","max-snippet":"max-snippet:-1","max-image-preview":"max-image-preview:large","max-video-preview":"max-video-preview:-1"},"canonical":"https:\/\/www.bonpilates.com\/de\/producto\/mat-contemporaneo-con-patas\/","og_locale":"de_DE","og_type":"article","og_title":"Mat contempor\u00e1neo con patas - Bonpilates","og_description":"Nuestro Mat contempor\u00e1neo de alta calidad.","og_url":"https:\/\/www.bonpilates.com\/de\/producto\/mat-contemporaneo-con-patas\/","og_site_name":"Bonpilates","article_publisher":"https:\/\/www.facebook.com\/bonpilates\/","article_modified_time":"2025-05-09T10:28:59+00:00","og_image":[{"width":1000,"height":1000,"url":"https:\/\/www.bonpilates.com\/wp-content\/uploads\/2025\/05\/mat-patas-contemporaneo-1000x1000-1.jpg","type":"image\/jpeg"}],"twitter_card":"summary_large_image","twitter_misc":{"Gesch\u00e4tzte Lesezeit":"1\u00a0Minute"},"schema":{"@context":"https:\/\/schema.org","@graph":[{"@type":"WebPage","@id":"https:\/\/www.bonpilates.com\/de\/producto\/mat-contemporaneo-con-patas\/","url":"https:\/\/www.bonpilates.com\/de\/producto\/mat-contemporaneo-con-patas\/","name":"Mat contempor\u00e1neo con patas - Bonpilates","isPartOf":{"@id":"https:\/\/www.bonpilates.com\/de\/#website"},"primaryImageOfPage":{"@id":"https:\/\/www.bonpilates.com\/de\/producto\/mat-contemporaneo-con-patas\/#primaryimage"},"image":{"@id":"https:\/\/www.bonpilates.com\/de\/producto\/mat-contemporaneo-con-patas\/#primaryimage"},"thumbnailUrl":"https:\/\/www.bonpilates.com\/wp-content\/uploads\/2025\/05\/mat-patas-contemporaneo-1000x1000-1.jpg","datePublished":"2023-05-31T07:30:43+00:00","dateModified":"2025-05-09T10:28:59+00:00","description":"Nuestro Mat contempor\u00e1neo de alta calidad.","breadcrumb":{"@id":"https:\/\/www.bonpilates.com\/de\/producto\/mat-contemporaneo-con-patas\/#breadcrumb"},"inLanguage":"de","potentialAction":[{"@type":"ReadAction","target":["https:\/\/www.bonpilates.com\/de\/producto\/mat-contemporaneo-con-patas\/"]}]},{"@type":"ImageObject","inLanguage":"de","@id":"https:\/\/www.bonpilates.com\/de\/producto\/mat-contemporaneo-con-patas\/#primaryimage","url":"https:\/\/www.bonpilates.com\/wp-content\/uploads\/2025\/05\/mat-patas-contemporaneo-1000x1000-1.jpg","contentUrl":"https:\/\/www.bonpilates.com\/wp-content\/uploads\/2025\/05\/mat-patas-contemporaneo-1000x1000-1.jpg","width":1000,"height":1000},{"@type":"BreadcrumbList","@id":"https:\/\/www.bonpilates.com\/de\/producto\/mat-contemporaneo-con-patas\/#breadcrumb","itemListElement":[{"@type":"ListItem","position":1,"name":"Bonpilates","item":"https:\/\/www.bonpilates.com\/de\/"},{"@type":"ListItem","position":2,"name":"Equipamiento para Pilates","item":"https:\/\/www.bonpilates.com\/equipamiento-pilates\/"},{"@type":"ListItem","position":3,"name":"Mat contempor\u00e1neo con patas"}]},{"@type":"WebSite","@id":"https:\/\/www.bonpilates.com\/de\/#website","url":"https:\/\/www.bonpilates.com\/de\/","name":"Bonpilates","description":"Desarrollamos y comercializamos m\u00e1quinas de pilates reformer, equipment, accesorios y otros aparatos ideales para practicar este entrenamiento. Bonpilates presenta a sus clientes soluciones de alta calidad y tecnolog\u00eda.","publisher":{"@id":"https:\/\/www.bonpilates.com\/de\/#organization"},"potentialAction":[{"@type":"SearchAction","target":{"@type":"EntryPoint","urlTemplate":"https:\/\/www.bonpilates.com\/de\/?s={search_term_string}"},"query-input":{"@type":"PropertyValueSpecification","valueRequired":true,"valueName":"search_term_string"}}],"inLanguage":"de"},{"@type":"Organization","@id":"https:\/\/www.bonpilates.com\/de\/#organization","name":"Bonpilates","url":"https:\/\/www.bonpilates.com\/de\/","logo":{"@type":"ImageObject","inLanguage":"de","@id":"https:\/\/www.bonpilates.com\/de\/#\/schema\/logo\/image\/","url":"https:\/\/www.bonpilates.com\/wp-content\/uploads\/2024\/03\/bonpilates-logo-header.png","contentUrl":"https:\/\/www.bonpilates.com\/wp-content\/uploads\/2024\/03\/bonpilates-logo-header.png","width":319,"height":54,"caption":"Bonpilates"},"image":{"@id":"https:\/\/www.bonpilates.com\/de\/#\/schema\/logo\/image\/"},"sameAs":["https:\/\/www.facebook.com\/bonpilates\/","https:\/\/www.instagram.com\/bonpilatesspain\/","https:\/\/www.youtube.com\/user\/bonpilates\/"]}]}},"_links":{"self":[{"href":"https:\/\/www.bonpilates.com\/de\/wp-json\/wp\/v2\/product\/44921","targetHints":{"allow":["GET"]}}],"collection":[{"href":"https:\/\/www.bonpilates.com\/de\/wp-json\/wp\/v2\/product"}],"about":[{"href":"https:\/\/www.bonpilates.com\/de\/wp-json\/wp\/v2\/types\/product"}],"wp:featuredmedia":[{"embeddable":true,"href":"https:\/\/www.bonpilates.com\/de\/wp-json\/wp\/v2\/media\/42910"}],"wp:attachment":[{"href":"https:\/\/www.bonpilates.com\/de\/wp-json\/wp\/v2\/media?parent=44921"}],"wp:term":[{"taxonomy":"product_brand","embeddable":true,"href":"https:\/\/www.bonpilates.com\/de\/wp-json\/wp\/v2\/product_brand?post=44921"},{"taxonomy":"product_cat","embeddable":true,"href":"https:\/\/www.bonpilates.com\/de\/wp-json\/wp\/v2\/product_cat?post=44921"},{"taxonomy":"product_tag","embeddable":true,"href":"https:\/\/www.bonpilates.com\/de\/wp-json\/wp\/v2\/product_tag?post=44921"}],"curies":[{"name":"wp","href":"https:\/\/api.w.org\/{rel}","templated":true}]}}