{"id":45276,"date":"2019-02-13T14:10:35","date_gmt":"2019-02-13T14:10:35","guid":{"rendered":"https:\/\/www.bonpilates.com\/producto\/reformer-aluminio-monitor-con-bastidor-negro\/"},"modified":"2026-04-10T13:52:17","modified_gmt":"2026-04-10T11:52:17","slug":"reformer-aluminio-monitor-con-bastidor-negro","status":"publish","type":"product","link":"https:\/\/www.bonpilates.com\/de\/producto\/reformer-aluminio-monitor-con-bastidor-negro\/","title":{"rendered":"Reformer Monitor Black Onyx"},"content":{"rendered":"<p>El Reformer aluminio monitor Black Onyx tiene una estructura de aluminio, que le otorga una combinaci\u00f3n perfecta entre estabilidad, seguridad y ligereza. Estas caracter\u00edsticas permiten poder disfrutar de toda la funcionalidad de un Reformer al tiempo que facilita el desplazamiento de la m\u00e1quina por una sola persona, gracias a su dise\u00f1o ligero y su sistema de ruedas.<\/p>\n<p>Apilable hasta 4 unidades.<\/p>\n<p>Incluye:<\/p>\n<ul>\n<li>Juego completo de muelles<\/li>\n<li>Juego de asas simples<\/li>\n<li>Juego de cuerdas<\/li>\n<li>Cinta de pies<\/li>\n<li>Asas con asidero de neopreno<\/li>\n<\/ul>\n","protected":false},"excerpt":{"rendered":"<p>El Reformer aluminio monitor con bastidor negro tiene una estructura de aluminio, que le otorga una combinaci\u00f3n perfecta entre estabilidad, seguridad y ligereza<\/p>\n","protected":false},"featured_media":44608,"template":"","meta":{"_acf_changed":false},"product_brand":[],"product_cat":[985,993],"product_tag":[],"class_list":{"0":"post-45276","1":"product","2":"type-product","3":"status-publish","4":"has-post-thumbnail","6":"product_cat-linea-contemporanea","7":"product_cat-reformer-pilates","9":"first","10":"instock","11":"taxable","12":"shipping-taxable","13":"product-type-simple"},"acf":[],"yoast_head":"<!-- This site is optimized with the Yoast SEO plugin v27.5 - https:\/\/yoast.com\/product\/yoast-seo-wordpress\/ -->\n<title>Reformer Monitor Black Onyx - Bonpilates<\/title>\n<meta name=\"robots\" content=\"index, follow, max-snippet:-1, max-image-preview:large, max-video-preview:-1\" \/>\n<link rel=\"canonical\" href=\"https:\/\/www.bonpilates.com\/de\/producto\/reformer-aluminio-monitor-con-bastidor-negro\/\" \/>\n<meta property=\"og:locale\" content=\"de_DE\" \/>\n<meta property=\"og:type\" content=\"article\" \/>\n<meta property=\"og:title\" content=\"Reformer Monitor Black Onyx - Bonpilates\" \/>\n<meta property=\"og:description\" content=\"El Reformer aluminio monitor con bastidor negro tiene una estructura de aluminio, que le otorga una combinaci\u00f3n perfecta entre estabilidad, seguridad y ligereza\" \/>\n<meta property=\"og:url\" content=\"https:\/\/www.bonpilates.com\/de\/producto\/reformer-aluminio-monitor-con-bastidor-negro\/\" \/>\n<meta property=\"og:site_name\" content=\"Bonpilates\" \/>\n<meta property=\"article:publisher\" content=\"https:\/\/www.facebook.com\/bonpilates\/\" \/>\n<meta property=\"article:modified_time\" content=\"2026-04-10T11:52:17+00:00\" \/>\n<meta property=\"og:image\" content=\"https:\/\/www.bonpilates.com\/wp-content\/uploads\/2025\/05\/t-maq-3-general-v2.jpg\" \/>\n\t<meta property=\"og:image:width\" content=\"600\" \/>\n\t<meta property=\"og:image:height\" content=\"600\" \/>\n\t<meta property=\"og:image:type\" content=\"image\/jpeg\" \/>\n<meta name=\"twitter:card\" content=\"summary_large_image\" \/>\n<meta name=\"twitter:label1\" content=\"Gesch\u00e4tzte Lesezeit\" \/>\n\t<meta name=\"twitter:data1\" content=\"1\u00a0Minute\" \/>\n<script type=\"application\/ld+json\" class=\"yoast-schema-graph\">{\"@context\":\"https:\\\/\\\/schema.org\",\"@graph\":[{\"@type\":\"WebPage\",\"@id\":\"https:\\\/\\\/www.bonpilates.com\\\/de\\\/producto\\\/reformer-aluminio-monitor-con-bastidor-negro\\\/\",\"url\":\"https:\\\/\\\/www.bonpilates.com\\\/de\\\/producto\\\/reformer-aluminio-monitor-con-bastidor-negro\\\/\",\"name\":\"Reformer Monitor Black Onyx - Bonpilates\",\"isPartOf\":{\"@id\":\"https:\\\/\\\/www.bonpilates.com\\\/de\\\/#website\"},\"primaryImageOfPage\":{\"@id\":\"https:\\\/\\\/www.bonpilates.com\\\/de\\\/producto\\\/reformer-aluminio-monitor-con-bastidor-negro\\\/#primaryimage\"},\"image\":{\"@id\":\"https:\\\/\\\/www.bonpilates.com\\\/de\\\/producto\\\/reformer-aluminio-monitor-con-bastidor-negro\\\/#primaryimage\"},\"thumbnailUrl\":\"https:\\\/\\\/www.bonpilates.com\\\/wp-content\\\/uploads\\\/2025\\\/05\\\/t-maq-3-general-v2.jpg\",\"datePublished\":\"2019-02-13T14:10:35+00:00\",\"dateModified\":\"2026-04-10T11:52:17+00:00\",\"breadcrumb\":{\"@id\":\"https:\\\/\\\/www.bonpilates.com\\\/de\\\/producto\\\/reformer-aluminio-monitor-con-bastidor-negro\\\/#breadcrumb\"},\"inLanguage\":\"de\",\"potentialAction\":[{\"@type\":\"ReadAction\",\"target\":[\"https:\\\/\\\/www.bonpilates.com\\\/de\\\/producto\\\/reformer-aluminio-monitor-con-bastidor-negro\\\/\"]}]},{\"@type\":\"ImageObject\",\"inLanguage\":\"de\",\"@id\":\"https:\\\/\\\/www.bonpilates.com\\\/de\\\/producto\\\/reformer-aluminio-monitor-con-bastidor-negro\\\/#primaryimage\",\"url\":\"https:\\\/\\\/www.bonpilates.com\\\/wp-content\\\/uploads\\\/2025\\\/05\\\/t-maq-3-general-v2.jpg\",\"contentUrl\":\"https:\\\/\\\/www.bonpilates.com\\\/wp-content\\\/uploads\\\/2025\\\/05\\\/t-maq-3-general-v2.jpg\",\"width\":600,\"height\":600},{\"@type\":\"BreadcrumbList\",\"@id\":\"https:\\\/\\\/www.bonpilates.com\\\/de\\\/producto\\\/reformer-aluminio-monitor-con-bastidor-negro\\\/#breadcrumb\",\"itemListElement\":[{\"@type\":\"ListItem\",\"position\":1,\"name\":\"Bonpilates\",\"item\":\"https:\\\/\\\/www.bonpilates.com\\\/de\\\/\"},{\"@type\":\"ListItem\",\"position\":2,\"name\":\"Equipamiento para Pilates\",\"item\":\"https:\\\/\\\/www.bonpilates.com\\\/equipamiento-pilates\\\/\"},{\"@type\":\"ListItem\",\"position\":3,\"name\":\"Reformer Monitor Black Onyx\"}]},{\"@type\":\"WebSite\",\"@id\":\"https:\\\/\\\/www.bonpilates.com\\\/de\\\/#website\",\"url\":\"https:\\\/\\\/www.bonpilates.com\\\/de\\\/\",\"name\":\"Bonpilates\",\"description\":\"Desarrollamos y comercializamos m\u00e1quinas de pilates reformer, equipment, accesorios y otros aparatos ideales para practicar este entrenamiento. Bonpilates presenta a sus clientes soluciones de alta calidad y tecnolog\u00eda.\",\"publisher\":{\"@id\":\"https:\\\/\\\/www.bonpilates.com\\\/de\\\/#organization\"},\"potentialAction\":[{\"@type\":\"SearchAction\",\"target\":{\"@type\":\"EntryPoint\",\"urlTemplate\":\"https:\\\/\\\/www.bonpilates.com\\\/de\\\/?s={search_term_string}\"},\"query-input\":{\"@type\":\"PropertyValueSpecification\",\"valueRequired\":true,\"valueName\":\"search_term_string\"}}],\"inLanguage\":\"de\"},{\"@type\":\"Organization\",\"@id\":\"https:\\\/\\\/www.bonpilates.com\\\/de\\\/#organization\",\"name\":\"Bonpilates\",\"url\":\"https:\\\/\\\/www.bonpilates.com\\\/de\\\/\",\"logo\":{\"@type\":\"ImageObject\",\"inLanguage\":\"de\",\"@id\":\"https:\\\/\\\/www.bonpilates.com\\\/de\\\/#\\\/schema\\\/logo\\\/image\\\/\",\"url\":\"https:\\\/\\\/www.bonpilates.com\\\/wp-content\\\/uploads\\\/2024\\\/03\\\/bonpilates-logo-header.png\",\"contentUrl\":\"https:\\\/\\\/www.bonpilates.com\\\/wp-content\\\/uploads\\\/2024\\\/03\\\/bonpilates-logo-header.png\",\"width\":319,\"height\":54,\"caption\":\"Bonpilates\"},\"image\":{\"@id\":\"https:\\\/\\\/www.bonpilates.com\\\/de\\\/#\\\/schema\\\/logo\\\/image\\\/\"},\"sameAs\":[\"https:\\\/\\\/www.facebook.com\\\/bonpilates\\\/\",\"https:\\\/\\\/www.instagram.com\\\/bonpilatesspain\\\/\",\"https:\\\/\\\/www.youtube.com\\\/user\\\/bonpilates\\\/\"]}]}<\/script>\n<!-- \/ Yoast SEO plugin. -->","yoast_head_json":{"title":"Reformer Monitor Black Onyx - Bonpilates","robots":{"index":"index","follow":"follow","max-snippet":"max-snippet:-1","max-image-preview":"max-image-preview:large","max-video-preview":"max-video-preview:-1"},"canonical":"https:\/\/www.bonpilates.com\/de\/producto\/reformer-aluminio-monitor-con-bastidor-negro\/","og_locale":"de_DE","og_type":"article","og_title":"Reformer Monitor Black Onyx - Bonpilates","og_description":"El Reformer aluminio monitor con bastidor negro tiene una estructura de aluminio, que le otorga una combinaci\u00f3n perfecta entre estabilidad, seguridad y ligereza","og_url":"https:\/\/www.bonpilates.com\/de\/producto\/reformer-aluminio-monitor-con-bastidor-negro\/","og_site_name":"Bonpilates","article_publisher":"https:\/\/www.facebook.com\/bonpilates\/","article_modified_time":"2026-04-10T11:52:17+00:00","og_image":[{"width":600,"height":600,"url":"https:\/\/www.bonpilates.com\/wp-content\/uploads\/2025\/05\/t-maq-3-general-v2.jpg","type":"image\/jpeg"}],"twitter_card":"summary_large_image","twitter_misc":{"Gesch\u00e4tzte Lesezeit":"1\u00a0Minute"},"schema":{"@context":"https:\/\/schema.org","@graph":[{"@type":"WebPage","@id":"https:\/\/www.bonpilates.com\/de\/producto\/reformer-aluminio-monitor-con-bastidor-negro\/","url":"https:\/\/www.bonpilates.com\/de\/producto\/reformer-aluminio-monitor-con-bastidor-negro\/","name":"Reformer Monitor Black Onyx - Bonpilates","isPartOf":{"@id":"https:\/\/www.bonpilates.com\/de\/#website"},"primaryImageOfPage":{"@id":"https:\/\/www.bonpilates.com\/de\/producto\/reformer-aluminio-monitor-con-bastidor-negro\/#primaryimage"},"image":{"@id":"https:\/\/www.bonpilates.com\/de\/producto\/reformer-aluminio-monitor-con-bastidor-negro\/#primaryimage"},"thumbnailUrl":"https:\/\/www.bonpilates.com\/wp-content\/uploads\/2025\/05\/t-maq-3-general-v2.jpg","datePublished":"2019-02-13T14:10:35+00:00","dateModified":"2026-04-10T11:52:17+00:00","breadcrumb":{"@id":"https:\/\/www.bonpilates.com\/de\/producto\/reformer-aluminio-monitor-con-bastidor-negro\/#breadcrumb"},"inLanguage":"de","potentialAction":[{"@type":"ReadAction","target":["https:\/\/www.bonpilates.com\/de\/producto\/reformer-aluminio-monitor-con-bastidor-negro\/"]}]},{"@type":"ImageObject","inLanguage":"de","@id":"https:\/\/www.bonpilates.com\/de\/producto\/reformer-aluminio-monitor-con-bastidor-negro\/#primaryimage","url":"https:\/\/www.bonpilates.com\/wp-content\/uploads\/2025\/05\/t-maq-3-general-v2.jpg","contentUrl":"https:\/\/www.bonpilates.com\/wp-content\/uploads\/2025\/05\/t-maq-3-general-v2.jpg","width":600,"height":600},{"@type":"BreadcrumbList","@id":"https:\/\/www.bonpilates.com\/de\/producto\/reformer-aluminio-monitor-con-bastidor-negro\/#breadcrumb","itemListElement":[{"@type":"ListItem","position":1,"name":"Bonpilates","item":"https:\/\/www.bonpilates.com\/de\/"},{"@type":"ListItem","position":2,"name":"Equipamiento para Pilates","item":"https:\/\/www.bonpilates.com\/equipamiento-pilates\/"},{"@type":"ListItem","position":3,"name":"Reformer Monitor Black Onyx"}]},{"@type":"WebSite","@id":"https:\/\/www.bonpilates.com\/de\/#website","url":"https:\/\/www.bonpilates.com\/de\/","name":"Bonpilates","description":"Desarrollamos y comercializamos m\u00e1quinas de pilates reformer, equipment, accesorios y otros aparatos ideales para practicar este entrenamiento. Bonpilates presenta a sus clientes soluciones de alta calidad y tecnolog\u00eda.","publisher":{"@id":"https:\/\/www.bonpilates.com\/de\/#organization"},"potentialAction":[{"@type":"SearchAction","target":{"@type":"EntryPoint","urlTemplate":"https:\/\/www.bonpilates.com\/de\/?s={search_term_string}"},"query-input":{"@type":"PropertyValueSpecification","valueRequired":true,"valueName":"search_term_string"}}],"inLanguage":"de"},{"@type":"Organization","@id":"https:\/\/www.bonpilates.com\/de\/#organization","name":"Bonpilates","url":"https:\/\/www.bonpilates.com\/de\/","logo":{"@type":"ImageObject","inLanguage":"de","@id":"https:\/\/www.bonpilates.com\/de\/#\/schema\/logo\/image\/","url":"https:\/\/www.bonpilates.com\/wp-content\/uploads\/2024\/03\/bonpilates-logo-header.png","contentUrl":"https:\/\/www.bonpilates.com\/wp-content\/uploads\/2024\/03\/bonpilates-logo-header.png","width":319,"height":54,"caption":"Bonpilates"},"image":{"@id":"https:\/\/www.bonpilates.com\/de\/#\/schema\/logo\/image\/"},"sameAs":["https:\/\/www.facebook.com\/bonpilates\/","https:\/\/www.instagram.com\/bonpilatesspain\/","https:\/\/www.youtube.com\/user\/bonpilates\/"]}]}},"_links":{"self":[{"href":"https:\/\/www.bonpilates.com\/de\/wp-json\/wp\/v2\/product\/45276","targetHints":{"allow":["GET"]}}],"collection":[{"href":"https:\/\/www.bonpilates.com\/de\/wp-json\/wp\/v2\/product"}],"about":[{"href":"https:\/\/www.bonpilates.com\/de\/wp-json\/wp\/v2\/types\/product"}],"wp:featuredmedia":[{"embeddable":true,"href":"https:\/\/www.bonpilates.com\/de\/wp-json\/wp\/v2\/media\/44608"}],"wp:attachment":[{"href":"https:\/\/www.bonpilates.com\/de\/wp-json\/wp\/v2\/media?parent=45276"}],"wp:term":[{"taxonomy":"product_brand","embeddable":true,"href":"https:\/\/www.bonpilates.com\/de\/wp-json\/wp\/v2\/product_brand?post=45276"},{"taxonomy":"product_cat","embeddable":true,"href":"https:\/\/www.bonpilates.com\/de\/wp-json\/wp\/v2\/product_cat?post=45276"},{"taxonomy":"product_tag","embeddable":true,"href":"https:\/\/www.bonpilates.com\/de\/wp-json\/wp\/v2\/product_tag?post=45276"}],"curies":[{"name":"wp","href":"https:\/\/api.w.org\/{rel}","templated":true}]}}