{"id":49731,"date":"2025-09-15T08:00:29","date_gmt":"2025-09-15T06:00:29","guid":{"rendered":"https:\/\/www.bonpilates.com\/?post_type=product&#038;p=49731"},"modified":"2025-12-22T10:29:27","modified_gmt":"2025-12-22T09:29:27","slug":"barreformer-monitor","status":"publish","type":"product","link":"https:\/\/www.bonpilates.com\/de\/producto\/barreformer-monitor\/","title":{"rendered":"Barreformer Monitor Basic"},"content":{"rendered":"<ul>\n<li>Ligero y silencioso<\/li>\n<li>Incluye ruedas para desplazarlo<\/li>\n<li>Dotado de Adapter System<\/li>\n<li>Disponible en Black Onyx y White Pearl<\/li>\n<li>Disponible en versi\u00f3n compacta (81000254)<\/li>\n<\/ul>\n<p>Incluye:<\/p>\n<ul>\n<li>Juego de cuerdas unidas a asas dobles acolchadas<\/li>\n<li>Cabezal con 3 posiciones<\/li>\n<li>Hombreras extra\u00edbles e intercambiables entre s\u00ed<\/li>\n<li>5 muelles: 1 amarillo, 1 azul, 2 rojos, 1 verde<\/li>\n<li>Barra reguladora de muelles 20 posiciones<\/li>\n<li>Cinta de pies<\/li>\n<li>Accesorios compatibles: mat converter, mini mat, tabla de salto, box, torre, bonmat, coj\u00edn para cabezal<\/li>\n<\/ul>\n","protected":false},"excerpt":{"rendered":"<p>El reformer que une lo mejor del Pilates con la energ\u00eda y elegancia del Barre.<br \/>\nCon \u00e9l podr\u00e1s dar un paso m\u00e1s en tu estudio, creando clases h\u00edbridas de Pilates + Barre que sorprendan a tus alumnas, te ayuden a diferenciarte y hagan que tu espacio sea a\u00fan m\u00e1s vers\u00e1til y motivador.<\/p>\n","protected":false},"featured_media":49732,"template":"","meta":{"_acf_changed":false},"product_brand":[],"product_cat":[985,993],"product_tag":[],"class_list":{"0":"post-49731","1":"product","2":"type-product","3":"status-publish","4":"has-post-thumbnail","6":"product_cat-linea-contemporanea","7":"product_cat-reformer-pilates","9":"first","10":"instock","11":"taxable","12":"shipping-taxable","13":"product-type-simple"},"acf":[],"yoast_head":"<!-- This site is optimized with the Yoast SEO plugin v27.5 - https:\/\/yoast.com\/product\/yoast-seo-wordpress\/ -->\n<title>Barreformer Monitor Basic - Bonpilates<\/title>\n<meta name=\"robots\" content=\"index, follow, max-snippet:-1, max-image-preview:large, max-video-preview:-1\" \/>\n<link rel=\"canonical\" href=\"https:\/\/www.bonpilates.com\/de\/producto\/barreformer-monitor\/\" \/>\n<meta property=\"og:locale\" content=\"de_DE\" \/>\n<meta property=\"og:type\" content=\"article\" \/>\n<meta property=\"og:title\" content=\"Barreformer Monitor Basic - Bonpilates\" \/>\n<meta property=\"og:description\" content=\"El reformer que une lo mejor del Pilates con la energ\u00eda y elegancia del Barre. Con \u00e9l podr\u00e1s dar un paso m\u00e1s en tu estudio, creando clases h\u00edbridas de Pilates + Barre que sorprendan a tus alumnas, te ayuden a diferenciarte y hagan que tu espacio sea a\u00fan m\u00e1s vers\u00e1til y motivador.\" \/>\n<meta property=\"og:url\" content=\"https:\/\/www.bonpilates.com\/de\/producto\/barreformer-monitor\/\" \/>\n<meta property=\"og:site_name\" content=\"Bonpilates\" \/>\n<meta property=\"article:publisher\" content=\"https:\/\/www.facebook.com\/bonpilates\/\" \/>\n<meta property=\"article:modified_time\" content=\"2025-12-22T09:29:27+00:00\" \/>\n<meta property=\"og:image\" content=\"https:\/\/www.bonpilates.com\/wp-content\/uploads\/2025\/09\/PRODUCTO-PRINCIPAL-CATEGORIA-REFORMERS-81000256-2940E.jpeg\" \/>\n\t<meta property=\"og:image:width\" content=\"1600\" \/>\n\t<meta property=\"og:image:height\" content=\"1200\" \/>\n\t<meta property=\"og:image:type\" content=\"image\/jpeg\" \/>\n<meta name=\"twitter:card\" content=\"summary_large_image\" \/>\n<meta name=\"twitter:label1\" content=\"Gesch\u00e4tzte Lesezeit\" \/>\n\t<meta name=\"twitter:data1\" content=\"1\u00a0Minute\" \/>\n<script type=\"application\/ld+json\" class=\"yoast-schema-graph\">{\"@context\":\"https:\\\/\\\/schema.org\",\"@graph\":[{\"@type\":\"WebPage\",\"@id\":\"https:\\\/\\\/www.bonpilates.com\\\/de\\\/producto\\\/barreformer-monitor\\\/\",\"url\":\"https:\\\/\\\/www.bonpilates.com\\\/de\\\/producto\\\/barreformer-monitor\\\/\",\"name\":\"Barreformer Monitor Basic - Bonpilates\",\"isPartOf\":{\"@id\":\"https:\\\/\\\/www.bonpilates.com\\\/de\\\/#website\"},\"primaryImageOfPage\":{\"@id\":\"https:\\\/\\\/www.bonpilates.com\\\/de\\\/producto\\\/barreformer-monitor\\\/#primaryimage\"},\"image\":{\"@id\":\"https:\\\/\\\/www.bonpilates.com\\\/de\\\/producto\\\/barreformer-monitor\\\/#primaryimage\"},\"thumbnailUrl\":\"https:\\\/\\\/www.bonpilates.com\\\/wp-content\\\/uploads\\\/2025\\\/09\\\/PRODUCTO-PRINCIPAL-CATEGORIA-REFORMERS-81000256-2940E.jpeg\",\"datePublished\":\"2025-09-15T06:00:29+00:00\",\"dateModified\":\"2025-12-22T09:29:27+00:00\",\"breadcrumb\":{\"@id\":\"https:\\\/\\\/www.bonpilates.com\\\/de\\\/producto\\\/barreformer-monitor\\\/#breadcrumb\"},\"inLanguage\":\"de\",\"potentialAction\":[{\"@type\":\"ReadAction\",\"target\":[\"https:\\\/\\\/www.bonpilates.com\\\/de\\\/producto\\\/barreformer-monitor\\\/\"]}]},{\"@type\":\"ImageObject\",\"inLanguage\":\"de\",\"@id\":\"https:\\\/\\\/www.bonpilates.com\\\/de\\\/producto\\\/barreformer-monitor\\\/#primaryimage\",\"url\":\"https:\\\/\\\/www.bonpilates.com\\\/wp-content\\\/uploads\\\/2025\\\/09\\\/PRODUCTO-PRINCIPAL-CATEGORIA-REFORMERS-81000256-2940E.jpeg\",\"contentUrl\":\"https:\\\/\\\/www.bonpilates.com\\\/wp-content\\\/uploads\\\/2025\\\/09\\\/PRODUCTO-PRINCIPAL-CATEGORIA-REFORMERS-81000256-2940E.jpeg\",\"width\":1600,\"height\":1200},{\"@type\":\"BreadcrumbList\",\"@id\":\"https:\\\/\\\/www.bonpilates.com\\\/de\\\/producto\\\/barreformer-monitor\\\/#breadcrumb\",\"itemListElement\":[{\"@type\":\"ListItem\",\"position\":1,\"name\":\"Bonpilates\",\"item\":\"https:\\\/\\\/www.bonpilates.com\\\/de\\\/\"},{\"@type\":\"ListItem\",\"position\":2,\"name\":\"Equipamiento para Pilates\",\"item\":\"https:\\\/\\\/www.bonpilates.com\\\/equipamiento-pilates\\\/\"},{\"@type\":\"ListItem\",\"position\":3,\"name\":\"Barreformer Monitor Basic\"}]},{\"@type\":\"WebSite\",\"@id\":\"https:\\\/\\\/www.bonpilates.com\\\/de\\\/#website\",\"url\":\"https:\\\/\\\/www.bonpilates.com\\\/de\\\/\",\"name\":\"Bonpilates\",\"description\":\"Desarrollamos y comercializamos m\u00e1quinas de pilates reformer, equipment, accesorios y otros aparatos ideales para practicar este entrenamiento. Bonpilates presenta a sus clientes soluciones de alta calidad y tecnolog\u00eda.\",\"publisher\":{\"@id\":\"https:\\\/\\\/www.bonpilates.com\\\/de\\\/#organization\"},\"potentialAction\":[{\"@type\":\"SearchAction\",\"target\":{\"@type\":\"EntryPoint\",\"urlTemplate\":\"https:\\\/\\\/www.bonpilates.com\\\/de\\\/?s={search_term_string}\"},\"query-input\":{\"@type\":\"PropertyValueSpecification\",\"valueRequired\":true,\"valueName\":\"search_term_string\"}}],\"inLanguage\":\"de\"},{\"@type\":\"Organization\",\"@id\":\"https:\\\/\\\/www.bonpilates.com\\\/de\\\/#organization\",\"name\":\"Bonpilates\",\"url\":\"https:\\\/\\\/www.bonpilates.com\\\/de\\\/\",\"logo\":{\"@type\":\"ImageObject\",\"inLanguage\":\"de\",\"@id\":\"https:\\\/\\\/www.bonpilates.com\\\/de\\\/#\\\/schema\\\/logo\\\/image\\\/\",\"url\":\"https:\\\/\\\/www.bonpilates.com\\\/wp-content\\\/uploads\\\/2024\\\/03\\\/bonpilates-logo-header.png\",\"contentUrl\":\"https:\\\/\\\/www.bonpilates.com\\\/wp-content\\\/uploads\\\/2024\\\/03\\\/bonpilates-logo-header.png\",\"width\":319,\"height\":54,\"caption\":\"Bonpilates\"},\"image\":{\"@id\":\"https:\\\/\\\/www.bonpilates.com\\\/de\\\/#\\\/schema\\\/logo\\\/image\\\/\"},\"sameAs\":[\"https:\\\/\\\/www.facebook.com\\\/bonpilates\\\/\",\"https:\\\/\\\/www.instagram.com\\\/bonpilatesspain\\\/\",\"https:\\\/\\\/www.youtube.com\\\/user\\\/bonpilates\\\/\"]}]}<\/script>\n<!-- \/ Yoast SEO plugin. -->","yoast_head_json":{"title":"Barreformer Monitor Basic - Bonpilates","robots":{"index":"index","follow":"follow","max-snippet":"max-snippet:-1","max-image-preview":"max-image-preview:large","max-video-preview":"max-video-preview:-1"},"canonical":"https:\/\/www.bonpilates.com\/de\/producto\/barreformer-monitor\/","og_locale":"de_DE","og_type":"article","og_title":"Barreformer Monitor Basic - Bonpilates","og_description":"El reformer que une lo mejor del Pilates con la energ\u00eda y elegancia del Barre. Con \u00e9l podr\u00e1s dar un paso m\u00e1s en tu estudio, creando clases h\u00edbridas de Pilates + Barre que sorprendan a tus alumnas, te ayuden a diferenciarte y hagan que tu espacio sea a\u00fan m\u00e1s vers\u00e1til y motivador.","og_url":"https:\/\/www.bonpilates.com\/de\/producto\/barreformer-monitor\/","og_site_name":"Bonpilates","article_publisher":"https:\/\/www.facebook.com\/bonpilates\/","article_modified_time":"2025-12-22T09:29:27+00:00","og_image":[{"width":1600,"height":1200,"url":"https:\/\/www.bonpilates.com\/wp-content\/uploads\/2025\/09\/PRODUCTO-PRINCIPAL-CATEGORIA-REFORMERS-81000256-2940E.jpeg","type":"image\/jpeg"}],"twitter_card":"summary_large_image","twitter_misc":{"Gesch\u00e4tzte Lesezeit":"1\u00a0Minute"},"schema":{"@context":"https:\/\/schema.org","@graph":[{"@type":"WebPage","@id":"https:\/\/www.bonpilates.com\/de\/producto\/barreformer-monitor\/","url":"https:\/\/www.bonpilates.com\/de\/producto\/barreformer-monitor\/","name":"Barreformer Monitor Basic - Bonpilates","isPartOf":{"@id":"https:\/\/www.bonpilates.com\/de\/#website"},"primaryImageOfPage":{"@id":"https:\/\/www.bonpilates.com\/de\/producto\/barreformer-monitor\/#primaryimage"},"image":{"@id":"https:\/\/www.bonpilates.com\/de\/producto\/barreformer-monitor\/#primaryimage"},"thumbnailUrl":"https:\/\/www.bonpilates.com\/wp-content\/uploads\/2025\/09\/PRODUCTO-PRINCIPAL-CATEGORIA-REFORMERS-81000256-2940E.jpeg","datePublished":"2025-09-15T06:00:29+00:00","dateModified":"2025-12-22T09:29:27+00:00","breadcrumb":{"@id":"https:\/\/www.bonpilates.com\/de\/producto\/barreformer-monitor\/#breadcrumb"},"inLanguage":"de","potentialAction":[{"@type":"ReadAction","target":["https:\/\/www.bonpilates.com\/de\/producto\/barreformer-monitor\/"]}]},{"@type":"ImageObject","inLanguage":"de","@id":"https:\/\/www.bonpilates.com\/de\/producto\/barreformer-monitor\/#primaryimage","url":"https:\/\/www.bonpilates.com\/wp-content\/uploads\/2025\/09\/PRODUCTO-PRINCIPAL-CATEGORIA-REFORMERS-81000256-2940E.jpeg","contentUrl":"https:\/\/www.bonpilates.com\/wp-content\/uploads\/2025\/09\/PRODUCTO-PRINCIPAL-CATEGORIA-REFORMERS-81000256-2940E.jpeg","width":1600,"height":1200},{"@type":"BreadcrumbList","@id":"https:\/\/www.bonpilates.com\/de\/producto\/barreformer-monitor\/#breadcrumb","itemListElement":[{"@type":"ListItem","position":1,"name":"Bonpilates","item":"https:\/\/www.bonpilates.com\/de\/"},{"@type":"ListItem","position":2,"name":"Equipamiento para Pilates","item":"https:\/\/www.bonpilates.com\/equipamiento-pilates\/"},{"@type":"ListItem","position":3,"name":"Barreformer Monitor Basic"}]},{"@type":"WebSite","@id":"https:\/\/www.bonpilates.com\/de\/#website","url":"https:\/\/www.bonpilates.com\/de\/","name":"Bonpilates","description":"Desarrollamos y comercializamos m\u00e1quinas de pilates reformer, equipment, accesorios y otros aparatos ideales para practicar este entrenamiento. Bonpilates presenta a sus clientes soluciones de alta calidad y tecnolog\u00eda.","publisher":{"@id":"https:\/\/www.bonpilates.com\/de\/#organization"},"potentialAction":[{"@type":"SearchAction","target":{"@type":"EntryPoint","urlTemplate":"https:\/\/www.bonpilates.com\/de\/?s={search_term_string}"},"query-input":{"@type":"PropertyValueSpecification","valueRequired":true,"valueName":"search_term_string"}}],"inLanguage":"de"},{"@type":"Organization","@id":"https:\/\/www.bonpilates.com\/de\/#organization","name":"Bonpilates","url":"https:\/\/www.bonpilates.com\/de\/","logo":{"@type":"ImageObject","inLanguage":"de","@id":"https:\/\/www.bonpilates.com\/de\/#\/schema\/logo\/image\/","url":"https:\/\/www.bonpilates.com\/wp-content\/uploads\/2024\/03\/bonpilates-logo-header.png","contentUrl":"https:\/\/www.bonpilates.com\/wp-content\/uploads\/2024\/03\/bonpilates-logo-header.png","width":319,"height":54,"caption":"Bonpilates"},"image":{"@id":"https:\/\/www.bonpilates.com\/de\/#\/schema\/logo\/image\/"},"sameAs":["https:\/\/www.facebook.com\/bonpilates\/","https:\/\/www.instagram.com\/bonpilatesspain\/","https:\/\/www.youtube.com\/user\/bonpilates\/"]}]}},"_links":{"self":[{"href":"https:\/\/www.bonpilates.com\/de\/wp-json\/wp\/v2\/product\/49731","targetHints":{"allow":["GET"]}}],"collection":[{"href":"https:\/\/www.bonpilates.com\/de\/wp-json\/wp\/v2\/product"}],"about":[{"href":"https:\/\/www.bonpilates.com\/de\/wp-json\/wp\/v2\/types\/product"}],"wp:featuredmedia":[{"embeddable":true,"href":"https:\/\/www.bonpilates.com\/de\/wp-json\/wp\/v2\/media\/49732"}],"wp:attachment":[{"href":"https:\/\/www.bonpilates.com\/de\/wp-json\/wp\/v2\/media?parent=49731"}],"wp:term":[{"taxonomy":"product_brand","embeddable":true,"href":"https:\/\/www.bonpilates.com\/de\/wp-json\/wp\/v2\/product_brand?post=49731"},{"taxonomy":"product_cat","embeddable":true,"href":"https:\/\/www.bonpilates.com\/de\/wp-json\/wp\/v2\/product_cat?post=49731"},{"taxonomy":"product_tag","embeddable":true,"href":"https:\/\/www.bonpilates.com\/de\/wp-json\/wp\/v2\/product_tag?post=49731"}],"curies":[{"name":"wp","href":"https:\/\/api.w.org\/{rel}","templated":true}]}}