{"id":50391,"date":"2025-12-22T08:00:39","date_gmt":"2025-12-22T07:00:39","guid":{"rendered":"https:\/\/www.bonpilates.com\/?post_type=product&#038;p=50391"},"modified":"2026-02-16T11:33:43","modified_gmt":"2026-02-16T10:33:43","slug":"oval-mat","status":"publish","type":"product","link":"https:\/\/www.bonpilates.com\/de\/producto\/oval-mat\/","title":{"rendered":"OVAL MAT"},"content":{"rendered":"<p>No es solo una esterilla, es una superficie suave que te acompa\u00f1a en cada etapa de tu pr\u00e1ctica para conectar con tu equilibrio interior.<\/p>\n<p>Adem\u00e1s, su protecci\u00f3n antif\u00fangica y antibacteriana evita la acumulaci\u00f3n de g\u00e9rmenes y bacterias causantes de malos olores, garantizando una experiencia m\u00e1s limpia y agradable.<\/p>\n<ul>\n<li>Libre de l\u00e1tex y PVC<\/li>\n<li>Eco-Friendly<\/li>\n<li>Dise\u00f1ada para ofrecer una amortiguaci\u00f3n \u00f3ptima<\/li>\n<li>M\u00e1ximo confort<\/li>\n<li>No absorbe sudor<\/li>\n<li>Ligera y enrollable.<\/li>\n<li>Personalizable<\/li>\n<\/ul>\n<p>Peso: 520g<\/p>\n<p>&nbsp;<\/p>\n<p>Colores disponibles: Taupe (81000019) y Pearl (81000132)<\/p>\n","protected":false},"excerpt":{"rendered":"<p>Esterilla antideslizante vegana, ecol\u00f3gica y personalizable.<\/p>\n","protected":false},"featured_media":50392,"template":"","meta":{"_acf_changed":false},"product_brand":[],"product_cat":[989,1031],"product_tag":[],"class_list":{"0":"post-50391","1":"product","2":"type-product","3":"status-publish","4":"has-post-thumbnail","6":"product_cat-mats","7":"product_cat-pequeno-equipamiento","9":"first","10":"instock","11":"taxable","12":"shipping-taxable","13":"product-type-simple"},"acf":[],"yoast_head":"<!-- This site is optimized with the Yoast SEO plugin v27.5 - https:\/\/yoast.com\/product\/yoast-seo-wordpress\/ -->\n<title>OVAL MAT - Bonpilates<\/title>\n<meta name=\"robots\" content=\"index, follow, max-snippet:-1, max-image-preview:large, max-video-preview:-1\" \/>\n<link rel=\"canonical\" href=\"https:\/\/www.bonpilates.com\/de\/producto\/oval-mat\/\" \/>\n<meta property=\"og:locale\" content=\"de_DE\" \/>\n<meta property=\"og:type\" content=\"article\" \/>\n<meta property=\"og:title\" content=\"OVAL MAT - Bonpilates\" \/>\n<meta property=\"og:description\" content=\"Esterilla antideslizante vegana, ecol\u00f3gica y personalizable.\" \/>\n<meta property=\"og:url\" content=\"https:\/\/www.bonpilates.com\/de\/producto\/oval-mat\/\" \/>\n<meta property=\"og:site_name\" content=\"Bonpilates\" \/>\n<meta property=\"article:publisher\" content=\"https:\/\/www.facebook.com\/bonpilates\/\" \/>\n<meta property=\"article:modified_time\" content=\"2026-02-16T10:33:43+00:00\" \/>\n<meta property=\"og:image\" content=\"https:\/\/www.bonpilates.com\/wp-content\/uploads\/2025\/12\/81000132-ESTERILLA-OVALADA-ICE.png\" \/>\n\t<meta property=\"og:image:width\" content=\"1280\" \/>\n\t<meta property=\"og:image:height\" content=\"853\" \/>\n\t<meta property=\"og:image:type\" content=\"image\/png\" \/>\n<meta name=\"twitter:card\" content=\"summary_large_image\" \/>\n<meta name=\"twitter:label1\" content=\"Gesch\u00e4tzte Lesezeit\" \/>\n\t<meta name=\"twitter:data1\" content=\"1\u00a0Minute\" \/>\n<script type=\"application\/ld+json\" class=\"yoast-schema-graph\">{\"@context\":\"https:\\\/\\\/schema.org\",\"@graph\":[{\"@type\":\"WebPage\",\"@id\":\"https:\\\/\\\/www.bonpilates.com\\\/de\\\/producto\\\/oval-mat\\\/\",\"url\":\"https:\\\/\\\/www.bonpilates.com\\\/de\\\/producto\\\/oval-mat\\\/\",\"name\":\"OVAL MAT - Bonpilates\",\"isPartOf\":{\"@id\":\"https:\\\/\\\/www.bonpilates.com\\\/de\\\/#website\"},\"primaryImageOfPage\":{\"@id\":\"https:\\\/\\\/www.bonpilates.com\\\/de\\\/producto\\\/oval-mat\\\/#primaryimage\"},\"image\":{\"@id\":\"https:\\\/\\\/www.bonpilates.com\\\/de\\\/producto\\\/oval-mat\\\/#primaryimage\"},\"thumbnailUrl\":\"https:\\\/\\\/www.bonpilates.com\\\/wp-content\\\/uploads\\\/2025\\\/12\\\/81000132-ESTERILLA-OVALADA-ICE.png\",\"datePublished\":\"2025-12-22T07:00:39+00:00\",\"dateModified\":\"2026-02-16T10:33:43+00:00\",\"breadcrumb\":{\"@id\":\"https:\\\/\\\/www.bonpilates.com\\\/de\\\/producto\\\/oval-mat\\\/#breadcrumb\"},\"inLanguage\":\"de\",\"potentialAction\":[{\"@type\":\"ReadAction\",\"target\":[\"https:\\\/\\\/www.bonpilates.com\\\/de\\\/producto\\\/oval-mat\\\/\"]}]},{\"@type\":\"ImageObject\",\"inLanguage\":\"de\",\"@id\":\"https:\\\/\\\/www.bonpilates.com\\\/de\\\/producto\\\/oval-mat\\\/#primaryimage\",\"url\":\"https:\\\/\\\/www.bonpilates.com\\\/wp-content\\\/uploads\\\/2025\\\/12\\\/81000132-ESTERILLA-OVALADA-ICE.png\",\"contentUrl\":\"https:\\\/\\\/www.bonpilates.com\\\/wp-content\\\/uploads\\\/2025\\\/12\\\/81000132-ESTERILLA-OVALADA-ICE.png\",\"width\":1280,\"height\":853},{\"@type\":\"BreadcrumbList\",\"@id\":\"https:\\\/\\\/www.bonpilates.com\\\/de\\\/producto\\\/oval-mat\\\/#breadcrumb\",\"itemListElement\":[{\"@type\":\"ListItem\",\"position\":1,\"name\":\"Bonpilates\",\"item\":\"https:\\\/\\\/www.bonpilates.com\\\/de\\\/\"},{\"@type\":\"ListItem\",\"position\":2,\"name\":\"Equipamiento para Pilates\",\"item\":\"https:\\\/\\\/www.bonpilates.com\\\/equipamiento-pilates\\\/\"},{\"@type\":\"ListItem\",\"position\":3,\"name\":\"OVAL MAT\"}]},{\"@type\":\"WebSite\",\"@id\":\"https:\\\/\\\/www.bonpilates.com\\\/de\\\/#website\",\"url\":\"https:\\\/\\\/www.bonpilates.com\\\/de\\\/\",\"name\":\"Bonpilates\",\"description\":\"Desarrollamos y comercializamos m\u00e1quinas de pilates reformer, equipment, accesorios y otros aparatos ideales para practicar este entrenamiento. Bonpilates presenta a sus clientes soluciones de alta calidad y tecnolog\u00eda.\",\"publisher\":{\"@id\":\"https:\\\/\\\/www.bonpilates.com\\\/de\\\/#organization\"},\"potentialAction\":[{\"@type\":\"SearchAction\",\"target\":{\"@type\":\"EntryPoint\",\"urlTemplate\":\"https:\\\/\\\/www.bonpilates.com\\\/de\\\/?s={search_term_string}\"},\"query-input\":{\"@type\":\"PropertyValueSpecification\",\"valueRequired\":true,\"valueName\":\"search_term_string\"}}],\"inLanguage\":\"de\"},{\"@type\":\"Organization\",\"@id\":\"https:\\\/\\\/www.bonpilates.com\\\/de\\\/#organization\",\"name\":\"Bonpilates\",\"url\":\"https:\\\/\\\/www.bonpilates.com\\\/de\\\/\",\"logo\":{\"@type\":\"ImageObject\",\"inLanguage\":\"de\",\"@id\":\"https:\\\/\\\/www.bonpilates.com\\\/de\\\/#\\\/schema\\\/logo\\\/image\\\/\",\"url\":\"https:\\\/\\\/www.bonpilates.com\\\/wp-content\\\/uploads\\\/2024\\\/03\\\/bonpilates-logo-header.png\",\"contentUrl\":\"https:\\\/\\\/www.bonpilates.com\\\/wp-content\\\/uploads\\\/2024\\\/03\\\/bonpilates-logo-header.png\",\"width\":319,\"height\":54,\"caption\":\"Bonpilates\"},\"image\":{\"@id\":\"https:\\\/\\\/www.bonpilates.com\\\/de\\\/#\\\/schema\\\/logo\\\/image\\\/\"},\"sameAs\":[\"https:\\\/\\\/www.facebook.com\\\/bonpilates\\\/\",\"https:\\\/\\\/www.instagram.com\\\/bonpilatesspain\\\/\",\"https:\\\/\\\/www.youtube.com\\\/user\\\/bonpilates\\\/\"]}]}<\/script>\n<!-- \/ Yoast SEO plugin. -->","yoast_head_json":{"title":"OVAL MAT - Bonpilates","robots":{"index":"index","follow":"follow","max-snippet":"max-snippet:-1","max-image-preview":"max-image-preview:large","max-video-preview":"max-video-preview:-1"},"canonical":"https:\/\/www.bonpilates.com\/de\/producto\/oval-mat\/","og_locale":"de_DE","og_type":"article","og_title":"OVAL MAT - Bonpilates","og_description":"Esterilla antideslizante vegana, ecol\u00f3gica y personalizable.","og_url":"https:\/\/www.bonpilates.com\/de\/producto\/oval-mat\/","og_site_name":"Bonpilates","article_publisher":"https:\/\/www.facebook.com\/bonpilates\/","article_modified_time":"2026-02-16T10:33:43+00:00","og_image":[{"width":1280,"height":853,"url":"https:\/\/www.bonpilates.com\/wp-content\/uploads\/2025\/12\/81000132-ESTERILLA-OVALADA-ICE.png","type":"image\/png"}],"twitter_card":"summary_large_image","twitter_misc":{"Gesch\u00e4tzte Lesezeit":"1\u00a0Minute"},"schema":{"@context":"https:\/\/schema.org","@graph":[{"@type":"WebPage","@id":"https:\/\/www.bonpilates.com\/de\/producto\/oval-mat\/","url":"https:\/\/www.bonpilates.com\/de\/producto\/oval-mat\/","name":"OVAL MAT - Bonpilates","isPartOf":{"@id":"https:\/\/www.bonpilates.com\/de\/#website"},"primaryImageOfPage":{"@id":"https:\/\/www.bonpilates.com\/de\/producto\/oval-mat\/#primaryimage"},"image":{"@id":"https:\/\/www.bonpilates.com\/de\/producto\/oval-mat\/#primaryimage"},"thumbnailUrl":"https:\/\/www.bonpilates.com\/wp-content\/uploads\/2025\/12\/81000132-ESTERILLA-OVALADA-ICE.png","datePublished":"2025-12-22T07:00:39+00:00","dateModified":"2026-02-16T10:33:43+00:00","breadcrumb":{"@id":"https:\/\/www.bonpilates.com\/de\/producto\/oval-mat\/#breadcrumb"},"inLanguage":"de","potentialAction":[{"@type":"ReadAction","target":["https:\/\/www.bonpilates.com\/de\/producto\/oval-mat\/"]}]},{"@type":"ImageObject","inLanguage":"de","@id":"https:\/\/www.bonpilates.com\/de\/producto\/oval-mat\/#primaryimage","url":"https:\/\/www.bonpilates.com\/wp-content\/uploads\/2025\/12\/81000132-ESTERILLA-OVALADA-ICE.png","contentUrl":"https:\/\/www.bonpilates.com\/wp-content\/uploads\/2025\/12\/81000132-ESTERILLA-OVALADA-ICE.png","width":1280,"height":853},{"@type":"BreadcrumbList","@id":"https:\/\/www.bonpilates.com\/de\/producto\/oval-mat\/#breadcrumb","itemListElement":[{"@type":"ListItem","position":1,"name":"Bonpilates","item":"https:\/\/www.bonpilates.com\/de\/"},{"@type":"ListItem","position":2,"name":"Equipamiento para Pilates","item":"https:\/\/www.bonpilates.com\/equipamiento-pilates\/"},{"@type":"ListItem","position":3,"name":"OVAL MAT"}]},{"@type":"WebSite","@id":"https:\/\/www.bonpilates.com\/de\/#website","url":"https:\/\/www.bonpilates.com\/de\/","name":"Bonpilates","description":"Desarrollamos y comercializamos m\u00e1quinas de pilates reformer, equipment, accesorios y otros aparatos ideales para practicar este entrenamiento. Bonpilates presenta a sus clientes soluciones de alta calidad y tecnolog\u00eda.","publisher":{"@id":"https:\/\/www.bonpilates.com\/de\/#organization"},"potentialAction":[{"@type":"SearchAction","target":{"@type":"EntryPoint","urlTemplate":"https:\/\/www.bonpilates.com\/de\/?s={search_term_string}"},"query-input":{"@type":"PropertyValueSpecification","valueRequired":true,"valueName":"search_term_string"}}],"inLanguage":"de"},{"@type":"Organization","@id":"https:\/\/www.bonpilates.com\/de\/#organization","name":"Bonpilates","url":"https:\/\/www.bonpilates.com\/de\/","logo":{"@type":"ImageObject","inLanguage":"de","@id":"https:\/\/www.bonpilates.com\/de\/#\/schema\/logo\/image\/","url":"https:\/\/www.bonpilates.com\/wp-content\/uploads\/2024\/03\/bonpilates-logo-header.png","contentUrl":"https:\/\/www.bonpilates.com\/wp-content\/uploads\/2024\/03\/bonpilates-logo-header.png","width":319,"height":54,"caption":"Bonpilates"},"image":{"@id":"https:\/\/www.bonpilates.com\/de\/#\/schema\/logo\/image\/"},"sameAs":["https:\/\/www.facebook.com\/bonpilates\/","https:\/\/www.instagram.com\/bonpilatesspain\/","https:\/\/www.youtube.com\/user\/bonpilates\/"]}]}},"_links":{"self":[{"href":"https:\/\/www.bonpilates.com\/de\/wp-json\/wp\/v2\/product\/50391","targetHints":{"allow":["GET"]}}],"collection":[{"href":"https:\/\/www.bonpilates.com\/de\/wp-json\/wp\/v2\/product"}],"about":[{"href":"https:\/\/www.bonpilates.com\/de\/wp-json\/wp\/v2\/types\/product"}],"wp:featuredmedia":[{"embeddable":true,"href":"https:\/\/www.bonpilates.com\/de\/wp-json\/wp\/v2\/media\/50392"}],"wp:attachment":[{"href":"https:\/\/www.bonpilates.com\/de\/wp-json\/wp\/v2\/media?parent=50391"}],"wp:term":[{"taxonomy":"product_brand","embeddable":true,"href":"https:\/\/www.bonpilates.com\/de\/wp-json\/wp\/v2\/product_brand?post=50391"},{"taxonomy":"product_cat","embeddable":true,"href":"https:\/\/www.bonpilates.com\/de\/wp-json\/wp\/v2\/product_cat?post=50391"},{"taxonomy":"product_tag","embeddable":true,"href":"https:\/\/www.bonpilates.com\/de\/wp-json\/wp\/v2\/product_tag?post=50391"}],"curies":[{"name":"wp","href":"https:\/\/api.w.org\/{rel}","templated":true}]}}