{"id":122,"date":"2024-03-07T11:31:14","date_gmt":"2024-03-07T10:31:14","guid":{"rendered":"https:\/\/www.bonpilates.com\/?page_id=122"},"modified":"2025-04-01T14:20:49","modified_gmt":"2025-04-01T14:20:49","slug":"avis-legal","status":"publish","type":"page","link":"https:\/\/www.bonpilates.com\/fr\/avis-legal\/","title":{"rendered":"Avis l\u00e9gal"},"content":{"rendered":"\t\t<div data-elementor-type=\"wp-page\" data-elementor-id=\"122\" class=\"elementor elementor-122 elementor-105\" data-elementor-post-type=\"page\">\n\t\t\t\t<div class=\"elementor-element elementor-element-a586584 e-flex e-con-boxed e-con e-parent\" data-id=\"a586584\" data-element_type=\"container\" data-e-type=\"container\" data-settings=\"{&quot;background_background&quot;:&quot;classic&quot;}\">\n\t\t\t\t\t<div class=\"e-con-inner\">\n\t\t\t\t\t<\/div>\n\t\t\t\t<\/div>\n\t\t<div class=\"elementor-element elementor-element-5c81e4b6 e-flex e-con-boxed e-con e-parent\" data-id=\"5c81e4b6\" data-element_type=\"container\" data-e-type=\"container\">\n\t\t\t\t\t<div class=\"e-con-inner\">\n\t\t\t\t<div class=\"elementor-element elementor-element-2190c744 elementor-widget elementor-widget-text-editor\" data-id=\"2190c744\" data-element_type=\"widget\" data-e-type=\"widget\" data-widget_type=\"text-editor.default\">\n\t\t\t\t\t<div class=\"prose prose-lg lg:prose-xl prose-bonpilates max-w-none prose-a:text-primary\">\t\t\t\t<p><\/p>\n<p><strong>TITULAIRE<\/strong><\/p>\n<p><\/p>\n<p>Conform\u00e9ment \u00e0 l\u2019article 10 de la Loi 34\/2002, du 11 juillet, sur les Services de la Soci\u00e9t\u00e9 de l\u2019Information et du Commerce \u00c9lectronique, le titulaire de ce site Internet (www.bonpilates.com) est l\u2019entreprise Bonpilates, S.L., avec CIF: B-54405626, inscrite au registre mercantile d\u2019Alicante, Tome 3360, Feuille 17, Page A-116188, Insc. 1\u00ba et sise au Pol. Ind. Pla de la Vallonga, C\/ Meteorito, n\u00ba 20 \u2013 03006 \u2013 Alicante \u2013 Espagne.<\/p>\n<p><\/p>\n<p>Vous pouvez contacter l\u2019entit\u00e9 Bonpilates, S.L. par mail: <a href=\"mailto:info@bonpilates.com\">info@bonpilates.com<\/a><\/p>\n<p><\/p>\n<p>CONFIDENTIALIT\u00c9 DES DONN\u00c9ES<\/p>\n<p><\/p>\n<p>Bonpilates, S.L., en tant que titulaire de ce site, respecte la Loi Organique 15\/1999, du 13 d\u00e9cembre, sur la Protection des Donn\u00e9es \u00e0 Caract\u00e8re Personnel, dont l\u2019objectif est de garantir la confidentialit\u00e9 des donn\u00e9es personnelles auxquelles elle a acc\u00e8s au sein de son activit\u00e9. Pour ce faire:<\/p>\n<p><\/p>\n<p>BONPILATES, S.L. traite les donn\u00e9es de l\u2019usager afin de fournir le service demand\u00e9 et facturer. Les donn\u00e9es fournies par le client seront conserv\u00e9s tant qu\u2019il y existe relation commerciale ou pendant le temps n\u00e9cessaire pour se conformer aux obligations l\u00e9gales et r\u00e9pondre aux possibles responsabilit\u00e9s provenant du respect de la finalit\u00e9 pour laquelle les donn\u00e9es ont \u00e9t\u00e9 r\u00e9colt\u00e9es. Les donn\u00e9es ne seront pas r\u00e9v\u00e9l\u00e9es \u00e0 des tiers sauf en cas d\u2019obligation l\u00e9gale ou autorisation expresse de votre c\u00f4t\u00e9. Le client a le droit de savoir si BONPILATES, S.L. est en train de traiter ses donn\u00e9es personnelles, et par cons\u00e9quent le client pourra \u00e0 tout moment, demander l\u2019acc\u00e8s, la rectification, l\u00b4annulation, et la limitation de ses donn\u00e9es personnelles devant BONPILATES, S.L. Pla de la Vallonga, C. Meteorito, 20 \u2013 03006, Alicante (Espagne), ou \u00e0 l\u2019adresse \u00e9mail <a href=\"mailto:info@bonpilates.com\">info@bonpilates.com<\/a>, en joignant une copie de sa carte d\u2019identit\u00e9 ou document \u00e9quivalent. De m\u00eame, et en particulier si le client estime qu\u2019il n\u2019a pas re\u00e7u une satisfaction pleine dans l\u2019exercice de ses droits, il pourra pr\u00e9senter une r\u00e9clamation devant l\u2019autorit\u00e9 de contr\u00f4le en s\u2019adressant \u00e0 ces effets \u00e0 l\u2019agence espagnole de protection de donn\u00e9es, C\/ Jorge Juan, 6 \u2013 28001 Madrid.<\/p>\n<p><\/p>\n<p>CONDITIONS G\u00e9n\u00e9RALES D\u2019UTILISATION DE CE SITE<\/p>\n<p><\/p>\n<p><strong><br><\/strong><\/p><p><strong>Utilisateur<\/strong><\/p>\n<p><\/p>\n<p>Par utilisateur, on entend toute personne qui acc\u00e8de, consulte, utilise ou participe aux services de ce site et qui accepte les Conditions G\u00e9n\u00e9rales pr\u00e9sentes.<\/p>\n<p><\/p>\n<p><strong><br><\/strong><\/p><p><strong>Utilisation du site<\/strong><\/p>\n<p><\/p>\n<p><a href=\"https:\/\/www.bonpilates.com\">www.bonpilates.com<\/a> donne acc\u00e8s \u00e0 une multitude d\u2019informations, services ou donn\u00e9es sur Internet qui appartiennent \u00e0 Bonpilates. L\u2019utilisateur assume la responsabilit\u00e9 de l\u2019utilisation du site. Cette responsabilit\u00e9 s\u2019\u00e9tend au registre qui soit n\u00e9cessaire pour acc\u00e9der \u00e0 certains services ou contenus.<\/p>\n<p><\/p>\n<p>Sur ce registre, l\u2019utilisateur sera responsable de donner information v\u00e9ridique et licite. Suite \u00e0 ce registre, l\u2019utilisateur peut recevoir un mot de passe duquel il sera le responsable en s\u2019engageant \u00e0 faire une utilisation diligente et confidentielle du m\u00eame.<\/p>\n<p><\/p>\n<p><strong><br><\/strong><\/p><p><strong>Propri\u00e9t\u00e9 intellectuelle et industrielle<\/strong><\/p>\n<p><\/p>\n<p>BONPILATES, S.L. est le titulaire de tous les droits de propri\u00e9t\u00e9 intellectuelle et industrielle de son site Internet, ainsi que des \u00e9l\u00e9ments qui le composent.<\/p>\n<p><\/p>\n<p>Conform\u00e9ment aux dispositions de la Loi de Propri\u00e9t\u00e9 intellectuelle, il est express\u00e9ment interdit la reproduction, la distribution et la communication publique, y compris sa modalit\u00e9 de mise en disposition de la totalit\u00e9 ou d\u2019une partie des contenus de ce site \u00e0 des fins commerciales, sur tout support ou par tout moyen technique, sans l\u2019autorisation de Bonpilates. L\u2019utilisateur s\u2019engage \u00e0 respecter les droits de propri\u00e9t\u00e9 intellectuelle et industrielle qui sont propri\u00e9t\u00e9 de Bonpilates. L\u2019utilisateur peut visualiser \u00e9l\u00e9ment du site et m\u00eame les imprimer, les copier et les stocker dans son ordinateur ou dans tout autre support physique \u00e0 seule fin de les utiliser de mani\u00e8re personnelle et priv\u00e9. L\u2019utilisateur doit s\u2019abstenir de supprimer, alt\u00e9rer, \u00e9luder ou manipuler tout syst\u00e8me de s\u00e9curit\u00e9 install\u00e9 dans le site Internet de Bonpilates.<\/p>\n<p><\/p>\n<p><strong><br><\/strong><\/p><p><strong>Rejet de garanties et responsabilit\u00e9&nbsp; &nbsp;<\/strong><\/p>\n<p><\/p>\n<p>BONPILATES, S.L. n\u2019est pas responsable, en aucun cas, des dommages et int\u00e9r\u00eats de toute nature pouvant \u00eatre caus\u00e9s, \u00e0 titre indicatif, par des erreurs ou omissions dans les contenus, faute de disponibilit\u00e9 du portal ou la transmission de virus ou programmes malicieux ou nuisibles dans les contenus, bien que toutes les mesures technologiques aient \u00eatre adopt\u00e9es pour l&rsquo;\u00e9viter.<\/p>\n<p><\/p>\n<p><strong><br><\/strong><\/p><p><strong>Modifications<\/strong><\/p>\n<p><\/p>\n<p>BONPILATES, S.L. se r\u00e9serve le droit d\u2019effectuer, sans pr\u00e9avis, les modifications que la compagnie estime opportunes sur le portal, pouvant changer, supprimer ou ajouter autant de contenus et de services qui se pr\u00eatent \u00e0 travers du m\u00eame ainsi que la fa\u00e7on de les pr\u00e9senter ou localiser sur le portal.<\/p>\n<p><\/p>\n<p><strong><br><\/strong><\/p><p><strong>Liens<\/strong><\/p>\n<p><\/p>\n<p>Au cas o\u00f9 sur le site web <a href=\"https:\/\/www.bonpilates.com\">www.bonpilates.com<\/a> d&rsquo;autres liens ou des hypertextes \u00e9taient ins\u00e9r\u00e9s vers d&rsquo;autres&nbsp;sites&nbsp;Internet, BONPILATES, S.L. n&rsquo;exercera&nbsp;aucun&nbsp;type&nbsp;de contr\u00f4le sur ces&nbsp;dits sites et contenus.&nbsp;En aucun cas BONPILATES n&rsquo;assumera une quelconque responsabilit\u00e9 sur les contenus de liens appartenant \u00e0 un site web \u00e9tranger, ni ne garantira la disponibilit\u00e9 technique, la qualit\u00e9, la fiabilit\u00e9, l&rsquo;exactitude, l&rsquo;amplitude, la v\u00e9racit\u00e9, la validit\u00e9 et la constitutionnalit\u00e9 de tout mat\u00e9riel ou information contenu en aucun de ces hypertextes ou en d&rsquo;autres sites Internet.<\/p>\n<p><\/p>\n<p>La pr\u00e9sence de ces liens externes sur le site n&rsquo;impliquera aucun type d&rsquo;association, fusion ou participation comme les entit\u00e9s connect\u00e9es.<\/p>\n<p><\/p>\n<p><strong><br><\/strong><\/p><p><strong>Droit d\u2019exclusion<\/strong><\/p>\n<p><\/p>\n<p>BONPILATES se r\u00e9serve le droit de refuser ou de retirer l&rsquo;acc\u00e8s \u00e0 son site Web et\/ou aux services offerts, sans n\u00e9cessit\u00e9 de pr\u00e9avis, sur son initiative ou \u00e0 la demande d&rsquo;un tiers, aux utilisateurs ne respectant pas les pr\u00e9sentes Conditions G\u00e9n\u00e9rales d&rsquo;Utilisation.<\/p>\n<p><\/p>\n<p><strong><br><\/strong><\/p><p><strong>G\u00e9n\u00e9ralit\u00e9s&nbsp;<\/strong><\/p>\n<p><\/p>\n<p>En cas de non-respect des pr\u00e9sentes conditions d&rsquo;utilisation et de tout usage illicite de ses sites Web, BONPILATES se r\u00e9serve le droit d&rsquo;exercer les actions l\u00e9gales pertinentes \u00e0 l&rsquo;encontre des contrevenants.<\/p>\n<p><\/p>\n<p><strong><br><\/strong><\/p><p><strong>Modifications des pr\u00e9sentes conditions et dur\u00e9e<\/strong><\/p>\n<p><\/p>\n<p>BONPILATES se r\u00e9serve le droit de modifier \u00e0 son enti\u00e8re discr\u00e9tion les pr\u00e9sentes conditions d&rsquo;utilisation en publiant toute actualisation sur son site Web.<\/p>\n<p><\/p>\n<p>Ces conditions d&rsquo;utilisation seront valides pendant leur p\u00e9riode de publication et jusqu&rsquo;\u00e0 ce qu&rsquo;elles aient \u00e9t\u00e9 modifi\u00e9es ou remplac\u00e9es par d&rsquo;autres d\u00fbment publi\u00e9es.<\/p>\n<p><\/p>\n<p><strong><br><\/strong><\/p><p><strong>Loi applicable et juridiction<\/strong><\/p>\n<p><\/p>\n<p>La relation entre Bonpilates et l\u2019Utilisateur sera r\u00e9gie par la l\u00e9gislation europ\u00e9enne ou, \u00e0 d\u00e9faut, par la normative espagnole en vigueur, tout litige devant \u00eatre soumis aux Cours et Tribunaux d\u2019Alicante.<\/p>\n<p><\/p>\t\t\t\t<\/div>\t\t\t\t<\/div>\n\t\t\t\t\t<\/div>\n\t\t\t\t<\/div>\n\t\t\t\t<\/div>\n\t\t","protected":false},"excerpt":{"rendered":"<p>TITULAIRE Conform\u00e9ment \u00e0 l\u2019article 10 de la Loi 34\/2002, du 11 juillet, sur les Services de la Soci\u00e9t\u00e9 de l\u2019Information et du Commerce \u00c9lectronique, le titulaire de ce site Internet<a href=\"https:\/\/www.bonpilates.com\/fr\/avis-legal\/\">Continue reading <span class=\"sr-only\">\u00ab\u00a0Avis l\u00e9gal\u00a0\u00bb<\/span><\/a><\/p>\n","protected":false},"author":1,"featured_media":40302,"parent":0,"menu_order":0,"comment_status":"closed","ping_status":"closed","template":"","meta":{"_acf_changed":false,"footnotes":""},"class_list":["post-122","page","type-page","status-publish","has-post-thumbnail","hentry"],"acf":[],"yoast_head":"<!-- This site is optimized with the Yoast SEO plugin v27.3 - https:\/\/yoast.com\/product\/yoast-seo-wordpress\/ -->\n<title>Avis l\u00e9gal - Bonpilates<\/title>\n<meta name=\"robots\" content=\"index, follow, max-snippet:-1, max-image-preview:large, max-video-preview:-1\" \/>\n<link rel=\"canonical\" href=\"https:\/\/www.bonpilates.com\/fr\/avis-legal\/\" \/>\n<meta property=\"og:locale\" content=\"fr_FR\" \/>\n<meta property=\"og:type\" content=\"article\" \/>\n<meta property=\"og:title\" content=\"Avis l\u00e9gal - Bonpilates\" \/>\n<meta property=\"og:description\" content=\"TITULAIRE Conform\u00e9ment \u00e0 l\u2019article 10 de la Loi 34\/2002, du 11 juillet, sur les Services de la Soci\u00e9t\u00e9 de l\u2019Information et du Commerce \u00c9lectronique, le titulaire de ce site InternetContinue reading &quot;Avis l\u00e9gal&quot;\" \/>\n<meta property=\"og:url\" content=\"https:\/\/www.bonpilates.com\/fr\/avis-legal\/\" \/>\n<meta property=\"og:site_name\" content=\"Bonpilates\" \/>\n<meta property=\"article:publisher\" content=\"https:\/\/www.facebook.com\/bonpilates\/\" \/>\n<meta property=\"article:modified_time\" content=\"2025-04-01T14:20:49+00:00\" \/>\n<meta property=\"og:image\" content=\"https:\/\/www.bonpilates.com\/wp-content\/uploads\/2025\/05\/blog-post-2.webp\" \/>\n\t<meta property=\"og:image:width\" content=\"1300\" \/>\n\t<meta property=\"og:image:height\" content=\"760\" \/>\n\t<meta property=\"og:image:type\" content=\"image\/webp\" \/>\n<meta name=\"twitter:card\" content=\"summary_large_image\" \/>\n<meta name=\"twitter:label1\" content=\"Dur\u00e9e de lecture estim\u00e9e\" \/>\n\t<meta name=\"twitter:data1\" content=\"5 minutes\" \/>\n<script type=\"application\/ld+json\" class=\"yoast-schema-graph\">{\"@context\":\"https:\\\/\\\/schema.org\",\"@graph\":[{\"@type\":\"WebPage\",\"@id\":\"https:\\\/\\\/www.bonpilates.com\\\/fr\\\/avis-legal\\\/\",\"url\":\"https:\\\/\\\/www.bonpilates.com\\\/fr\\\/avis-legal\\\/\",\"name\":\"Avis l\u00e9gal - Bonpilates\",\"isPartOf\":{\"@id\":\"https:\\\/\\\/www.bonpilates.com\\\/fr\\\/#website\"},\"primaryImageOfPage\":{\"@id\":\"https:\\\/\\\/www.bonpilates.com\\\/fr\\\/avis-legal\\\/#primaryimage\"},\"image\":{\"@id\":\"https:\\\/\\\/www.bonpilates.com\\\/fr\\\/avis-legal\\\/#primaryimage\"},\"thumbnailUrl\":\"https:\\\/\\\/www.bonpilates.com\\\/wp-content\\\/uploads\\\/2025\\\/03\\\/visitabonpi.jpg\",\"datePublished\":\"2024-03-07T10:31:14+00:00\",\"dateModified\":\"2025-04-01T14:20:49+00:00\",\"breadcrumb\":{\"@id\":\"https:\\\/\\\/www.bonpilates.com\\\/fr\\\/avis-legal\\\/#breadcrumb\"},\"inLanguage\":\"fr-FR\",\"potentialAction\":[{\"@type\":\"ReadAction\",\"target\":[\"https:\\\/\\\/www.bonpilates.com\\\/fr\\\/avis-legal\\\/\"]}]},{\"@type\":\"ImageObject\",\"inLanguage\":\"fr-FR\",\"@id\":\"https:\\\/\\\/www.bonpilates.com\\\/fr\\\/avis-legal\\\/#primaryimage\",\"url\":\"https:\\\/\\\/www.bonpilates.com\\\/wp-content\\\/uploads\\\/2025\\\/03\\\/visitabonpi.jpg\",\"contentUrl\":\"https:\\\/\\\/www.bonpilates.com\\\/wp-content\\\/uploads\\\/2025\\\/03\\\/visitabonpi.jpg\",\"width\":1920,\"height\":838,\"caption\":\"Visita Bonpilates\"},{\"@type\":\"BreadcrumbList\",\"@id\":\"https:\\\/\\\/www.bonpilates.com\\\/fr\\\/avis-legal\\\/#breadcrumb\",\"itemListElement\":[{\"@type\":\"ListItem\",\"position\":1,\"name\":\"Bonpilates\",\"item\":\"https:\\\/\\\/www.bonpilates.com\\\/fr\\\/\"},{\"@type\":\"ListItem\",\"position\":2,\"name\":\"Avis l\u00e9gal\"}]},{\"@type\":\"WebSite\",\"@id\":\"https:\\\/\\\/www.bonpilates.com\\\/fr\\\/#website\",\"url\":\"https:\\\/\\\/www.bonpilates.com\\\/fr\\\/\",\"name\":\"Bonpilates\",\"description\":\"Desarrollamos y comercializamos m\u00e1quinas de pilates reformer, equipment, accesorios y otros aparatos ideales para practicar este entrenamiento. Bonpilates presenta a sus clientes soluciones de alta calidad y tecnolog\u00eda.\",\"publisher\":{\"@id\":\"https:\\\/\\\/www.bonpilates.com\\\/fr\\\/#organization\"},\"potentialAction\":[{\"@type\":\"SearchAction\",\"target\":{\"@type\":\"EntryPoint\",\"urlTemplate\":\"https:\\\/\\\/www.bonpilates.com\\\/fr\\\/?s={search_term_string}\"},\"query-input\":{\"@type\":\"PropertyValueSpecification\",\"valueRequired\":true,\"valueName\":\"search_term_string\"}}],\"inLanguage\":\"fr-FR\"},{\"@type\":\"Organization\",\"@id\":\"https:\\\/\\\/www.bonpilates.com\\\/fr\\\/#organization\",\"name\":\"Bonpilates\",\"url\":\"https:\\\/\\\/www.bonpilates.com\\\/fr\\\/\",\"logo\":{\"@type\":\"ImageObject\",\"inLanguage\":\"fr-FR\",\"@id\":\"https:\\\/\\\/www.bonpilates.com\\\/fr\\\/#\\\/schema\\\/logo\\\/image\\\/\",\"url\":\"https:\\\/\\\/www.bonpilates.com\\\/wp-content\\\/uploads\\\/2024\\\/03\\\/bonpilates-logo-header.png\",\"contentUrl\":\"https:\\\/\\\/www.bonpilates.com\\\/wp-content\\\/uploads\\\/2024\\\/03\\\/bonpilates-logo-header.png\",\"width\":319,\"height\":54,\"caption\":\"Bonpilates\"},\"image\":{\"@id\":\"https:\\\/\\\/www.bonpilates.com\\\/fr\\\/#\\\/schema\\\/logo\\\/image\\\/\"},\"sameAs\":[\"https:\\\/\\\/www.facebook.com\\\/bonpilates\\\/\",\"https:\\\/\\\/www.instagram.com\\\/bonpilatesspain\\\/\",\"https:\\\/\\\/www.youtube.com\\\/user\\\/bonpilates\\\/\"]}]}<\/script>\n<!-- \/ Yoast SEO plugin. -->","yoast_head_json":{"title":"Avis l\u00e9gal - Bonpilates","robots":{"index":"index","follow":"follow","max-snippet":"max-snippet:-1","max-image-preview":"max-image-preview:large","max-video-preview":"max-video-preview:-1"},"canonical":"https:\/\/www.bonpilates.com\/fr\/avis-legal\/","og_locale":"fr_FR","og_type":"article","og_title":"Avis l\u00e9gal - Bonpilates","og_description":"TITULAIRE Conform\u00e9ment \u00e0 l\u2019article 10 de la Loi 34\/2002, du 11 juillet, sur les Services de la Soci\u00e9t\u00e9 de l\u2019Information et du Commerce \u00c9lectronique, le titulaire de ce site InternetContinue reading \"Avis l\u00e9gal\"","og_url":"https:\/\/www.bonpilates.com\/fr\/avis-legal\/","og_site_name":"Bonpilates","article_publisher":"https:\/\/www.facebook.com\/bonpilates\/","article_modified_time":"2025-04-01T14:20:49+00:00","og_image":[{"width":1300,"height":760,"url":"https:\/\/www.bonpilates.com\/wp-content\/uploads\/2025\/05\/blog-post-2.webp","type":"image\/webp"}],"twitter_card":"summary_large_image","twitter_misc":{"Dur\u00e9e de lecture estim\u00e9e":"5 minutes"},"schema":{"@context":"https:\/\/schema.org","@graph":[{"@type":"WebPage","@id":"https:\/\/www.bonpilates.com\/fr\/avis-legal\/","url":"https:\/\/www.bonpilates.com\/fr\/avis-legal\/","name":"Avis l\u00e9gal - Bonpilates","isPartOf":{"@id":"https:\/\/www.bonpilates.com\/fr\/#website"},"primaryImageOfPage":{"@id":"https:\/\/www.bonpilates.com\/fr\/avis-legal\/#primaryimage"},"image":{"@id":"https:\/\/www.bonpilates.com\/fr\/avis-legal\/#primaryimage"},"thumbnailUrl":"https:\/\/www.bonpilates.com\/wp-content\/uploads\/2025\/03\/visitabonpi.jpg","datePublished":"2024-03-07T10:31:14+00:00","dateModified":"2025-04-01T14:20:49+00:00","breadcrumb":{"@id":"https:\/\/www.bonpilates.com\/fr\/avis-legal\/#breadcrumb"},"inLanguage":"fr-FR","potentialAction":[{"@type":"ReadAction","target":["https:\/\/www.bonpilates.com\/fr\/avis-legal\/"]}]},{"@type":"ImageObject","inLanguage":"fr-FR","@id":"https:\/\/www.bonpilates.com\/fr\/avis-legal\/#primaryimage","url":"https:\/\/www.bonpilates.com\/wp-content\/uploads\/2025\/03\/visitabonpi.jpg","contentUrl":"https:\/\/www.bonpilates.com\/wp-content\/uploads\/2025\/03\/visitabonpi.jpg","width":1920,"height":838,"caption":"Visita Bonpilates"},{"@type":"BreadcrumbList","@id":"https:\/\/www.bonpilates.com\/fr\/avis-legal\/#breadcrumb","itemListElement":[{"@type":"ListItem","position":1,"name":"Bonpilates","item":"https:\/\/www.bonpilates.com\/fr\/"},{"@type":"ListItem","position":2,"name":"Avis l\u00e9gal"}]},{"@type":"WebSite","@id":"https:\/\/www.bonpilates.com\/fr\/#website","url":"https:\/\/www.bonpilates.com\/fr\/","name":"Bonpilates","description":"Desarrollamos y comercializamos m\u00e1quinas de pilates reformer, equipment, accesorios y otros aparatos ideales para practicar este entrenamiento. Bonpilates presenta a sus clientes soluciones de alta calidad y tecnolog\u00eda.","publisher":{"@id":"https:\/\/www.bonpilates.com\/fr\/#organization"},"potentialAction":[{"@type":"SearchAction","target":{"@type":"EntryPoint","urlTemplate":"https:\/\/www.bonpilates.com\/fr\/?s={search_term_string}"},"query-input":{"@type":"PropertyValueSpecification","valueRequired":true,"valueName":"search_term_string"}}],"inLanguage":"fr-FR"},{"@type":"Organization","@id":"https:\/\/www.bonpilates.com\/fr\/#organization","name":"Bonpilates","url":"https:\/\/www.bonpilates.com\/fr\/","logo":{"@type":"ImageObject","inLanguage":"fr-FR","@id":"https:\/\/www.bonpilates.com\/fr\/#\/schema\/logo\/image\/","url":"https:\/\/www.bonpilates.com\/wp-content\/uploads\/2024\/03\/bonpilates-logo-header.png","contentUrl":"https:\/\/www.bonpilates.com\/wp-content\/uploads\/2024\/03\/bonpilates-logo-header.png","width":319,"height":54,"caption":"Bonpilates"},"image":{"@id":"https:\/\/www.bonpilates.com\/fr\/#\/schema\/logo\/image\/"},"sameAs":["https:\/\/www.facebook.com\/bonpilates\/","https:\/\/www.instagram.com\/bonpilatesspain\/","https:\/\/www.youtube.com\/user\/bonpilates\/"]}]}},"_links":{"self":[{"href":"https:\/\/www.bonpilates.com\/fr\/wp-json\/wp\/v2\/pages\/122","targetHints":{"allow":["GET"]}}],"collection":[{"href":"https:\/\/www.bonpilates.com\/fr\/wp-json\/wp\/v2\/pages"}],"about":[{"href":"https:\/\/www.bonpilates.com\/fr\/wp-json\/wp\/v2\/types\/page"}],"author":[{"embeddable":true,"href":"https:\/\/www.bonpilates.com\/fr\/wp-json\/wp\/v2\/users\/1"}],"replies":[{"embeddable":true,"href":"https:\/\/www.bonpilates.com\/fr\/wp-json\/wp\/v2\/comments?post=122"}],"version-history":[{"count":0,"href":"https:\/\/www.bonpilates.com\/fr\/wp-json\/wp\/v2\/pages\/122\/revisions"}],"wp:featuredmedia":[{"embeddable":true,"href":"https:\/\/www.bonpilates.com\/fr\/wp-json\/wp\/v2\/media\/40302"}],"wp:attachment":[{"href":"https:\/\/www.bonpilates.com\/fr\/wp-json\/wp\/v2\/media?parent=122"}],"curies":[{"name":"wp","href":"https:\/\/api.w.org\/{rel}","templated":true}]}}