{"id":44892,"date":"2025-04-10T13:41:24","date_gmt":"2025-04-10T13:41:24","guid":{"rendered":"https:\/\/www.bonpilates.com\/producto\/bonmat-fr\/"},"modified":"2025-05-06T07:16:26","modified_gmt":"2025-05-06T07:16:26","slug":"bonmat","status":"publish","type":"product","link":"https:\/\/www.bonpilates.com\/fr\/producto\/bonmat\/","title":{"rendered":"BonMat"},"content":{"rendered":"<p>Avec BonMat, vous am\u00e9liorerez votre contr\u00f4le corporel de mani\u00e8re s\u00fbre et confortable. Il offre une surface antid\u00e9rapante et confortable qui vous aidera \u00e0 maintenir une posture stable. En outre, il prot\u00e8ge le rev\u00eatement, prolongeant ainsi sa dur\u00e9e de vie. Mais ce n&rsquo;est pas tout, ils sont antibact\u00e9riens et lavables, ils sont certifi\u00e9s v\u00e9g\u00e9taliens et nous pouvons \u00e9galement les personnaliser avec votre logo.<\/p>\n","protected":false},"excerpt":{"rendered":"<p>Avec BonMat, vous am\u00e9liorerez votre contr\u00f4le corporel de mani\u00e8re s\u00fbre et confortable. Il offre une surface antid\u00e9rapante et confortable qui vous aidera \u00e0 maintenir une posture stable. En outre, il<a href=\"https:\/\/www.bonpilates.com\/fr\/producto\/bonmat\/\">Continue reading <span class=\"sr-only\">\u00ab\u00a0BonMat\u00a0\u00bb<\/span><\/a><\/p>\n","protected":false},"featured_media":42798,"template":"","meta":{"_acf_changed":false},"product_brand":[],"product_cat":[987,991],"product_tag":[],"class_list":{"0":"post-44892","1":"product","2":"type-product","3":"status-publish","4":"has-post-thumbnail","6":"product_cat-contemporain","7":"product_cat-mats","9":"first","10":"instock","11":"taxable","12":"shipping-taxable","13":"product-type-simple"},"acf":[],"yoast_head":"<!-- This site is optimized with the Yoast SEO plugin v27.3 - https:\/\/yoast.com\/product\/yoast-seo-wordpress\/ -->\n<title>BonMat - Bonpilates<\/title>\n<meta name=\"robots\" content=\"index, follow, max-snippet:-1, max-image-preview:large, max-video-preview:-1\" \/>\n<link rel=\"canonical\" href=\"https:\/\/www.bonpilates.com\/fr\/producto\/bonmat\/\" \/>\n<meta property=\"og:locale\" content=\"fr_FR\" \/>\n<meta property=\"og:type\" content=\"article\" \/>\n<meta property=\"og:title\" content=\"BonMat - Bonpilates\" \/>\n<meta property=\"og:description\" content=\"Avec BonMat, vous am\u00e9liorerez votre contr\u00f4le corporel de mani\u00e8re s\u00fbre et confortable. Il offre une surface antid\u00e9rapante et confortable qui vous aidera \u00e0 maintenir une posture stable. En outre, ilContinue reading &quot;BonMat&quot;\" \/>\n<meta property=\"og:url\" content=\"https:\/\/www.bonpilates.com\/fr\/producto\/bonmat\/\" \/>\n<meta property=\"og:site_name\" content=\"Bonpilates\" \/>\n<meta property=\"article:publisher\" content=\"https:\/\/www.facebook.com\/bonpilates\/\" \/>\n<meta property=\"article:modified_time\" content=\"2025-05-06T07:16:26+00:00\" \/>\n<meta property=\"og:image\" content=\"https:\/\/www.bonpilates.com\/wp-content\/uploads\/2025\/05\/bonmat-1.webp\" \/>\n\t<meta property=\"og:image:width\" content=\"1000\" \/>\n\t<meta property=\"og:image:height\" content=\"1000\" \/>\n\t<meta property=\"og:image:type\" content=\"image\/webp\" \/>\n<meta name=\"twitter:card\" content=\"summary_large_image\" \/>\n<script type=\"application\/ld+json\" class=\"yoast-schema-graph\">{\"@context\":\"https:\\\/\\\/schema.org\",\"@graph\":[{\"@type\":\"WebPage\",\"@id\":\"https:\\\/\\\/www.bonpilates.com\\\/fr\\\/producto\\\/bonmat\\\/\",\"url\":\"https:\\\/\\\/www.bonpilates.com\\\/fr\\\/producto\\\/bonmat\\\/\",\"name\":\"BonMat - Bonpilates\",\"isPartOf\":{\"@id\":\"https:\\\/\\\/www.bonpilates.com\\\/fr\\\/#website\"},\"primaryImageOfPage\":{\"@id\":\"https:\\\/\\\/www.bonpilates.com\\\/fr\\\/producto\\\/bonmat\\\/#primaryimage\"},\"image\":{\"@id\":\"https:\\\/\\\/www.bonpilates.com\\\/fr\\\/producto\\\/bonmat\\\/#primaryimage\"},\"thumbnailUrl\":\"https:\\\/\\\/www.bonpilates.com\\\/wp-content\\\/uploads\\\/2025\\\/05\\\/bonmat-1.webp\",\"datePublished\":\"2025-04-10T13:41:24+00:00\",\"dateModified\":\"2025-05-06T07:16:26+00:00\",\"breadcrumb\":{\"@id\":\"https:\\\/\\\/www.bonpilates.com\\\/fr\\\/producto\\\/bonmat\\\/#breadcrumb\"},\"inLanguage\":\"fr-FR\",\"potentialAction\":[{\"@type\":\"ReadAction\",\"target\":[\"https:\\\/\\\/www.bonpilates.com\\\/fr\\\/producto\\\/bonmat\\\/\"]}]},{\"@type\":\"ImageObject\",\"inLanguage\":\"fr-FR\",\"@id\":\"https:\\\/\\\/www.bonpilates.com\\\/fr\\\/producto\\\/bonmat\\\/#primaryimage\",\"url\":\"https:\\\/\\\/www.bonpilates.com\\\/wp-content\\\/uploads\\\/2025\\\/05\\\/bonmat-1.webp\",\"contentUrl\":\"https:\\\/\\\/www.bonpilates.com\\\/wp-content\\\/uploads\\\/2025\\\/05\\\/bonmat-1.webp\",\"width\":1000,\"height\":1000},{\"@type\":\"BreadcrumbList\",\"@id\":\"https:\\\/\\\/www.bonpilates.com\\\/fr\\\/producto\\\/bonmat\\\/#breadcrumb\",\"itemListElement\":[{\"@type\":\"ListItem\",\"position\":1,\"name\":\"Bonpilates\",\"item\":\"https:\\\/\\\/www.bonpilates.com\\\/fr\\\/\"},{\"@type\":\"ListItem\",\"position\":2,\"name\":\"Equipement pour Pilates\",\"item\":\"https:\\\/\\\/www.bonpilates.com\\\/fr\\\/equipement-pilates\\\/\"},{\"@type\":\"ListItem\",\"position\":3,\"name\":\"BonMat\"}]},{\"@type\":\"WebSite\",\"@id\":\"https:\\\/\\\/www.bonpilates.com\\\/fr\\\/#website\",\"url\":\"https:\\\/\\\/www.bonpilates.com\\\/fr\\\/\",\"name\":\"Bonpilates\",\"description\":\"Desarrollamos y comercializamos m\u00e1quinas de pilates reformer, equipment, accesorios y otros aparatos ideales para practicar este entrenamiento. Bonpilates presenta a sus clientes soluciones de alta calidad y tecnolog\u00eda.\",\"publisher\":{\"@id\":\"https:\\\/\\\/www.bonpilates.com\\\/fr\\\/#organization\"},\"potentialAction\":[{\"@type\":\"SearchAction\",\"target\":{\"@type\":\"EntryPoint\",\"urlTemplate\":\"https:\\\/\\\/www.bonpilates.com\\\/fr\\\/?s={search_term_string}\"},\"query-input\":{\"@type\":\"PropertyValueSpecification\",\"valueRequired\":true,\"valueName\":\"search_term_string\"}}],\"inLanguage\":\"fr-FR\"},{\"@type\":\"Organization\",\"@id\":\"https:\\\/\\\/www.bonpilates.com\\\/fr\\\/#organization\",\"name\":\"Bonpilates\",\"url\":\"https:\\\/\\\/www.bonpilates.com\\\/fr\\\/\",\"logo\":{\"@type\":\"ImageObject\",\"inLanguage\":\"fr-FR\",\"@id\":\"https:\\\/\\\/www.bonpilates.com\\\/fr\\\/#\\\/schema\\\/logo\\\/image\\\/\",\"url\":\"https:\\\/\\\/www.bonpilates.com\\\/wp-content\\\/uploads\\\/2024\\\/03\\\/bonpilates-logo-header.png\",\"contentUrl\":\"https:\\\/\\\/www.bonpilates.com\\\/wp-content\\\/uploads\\\/2024\\\/03\\\/bonpilates-logo-header.png\",\"width\":319,\"height\":54,\"caption\":\"Bonpilates\"},\"image\":{\"@id\":\"https:\\\/\\\/www.bonpilates.com\\\/fr\\\/#\\\/schema\\\/logo\\\/image\\\/\"},\"sameAs\":[\"https:\\\/\\\/www.facebook.com\\\/bonpilates\\\/\",\"https:\\\/\\\/www.instagram.com\\\/bonpilatesspain\\\/\",\"https:\\\/\\\/www.youtube.com\\\/user\\\/bonpilates\\\/\"]}]}<\/script>\n<!-- \/ Yoast SEO plugin. -->","yoast_head_json":{"title":"BonMat - Bonpilates","robots":{"index":"index","follow":"follow","max-snippet":"max-snippet:-1","max-image-preview":"max-image-preview:large","max-video-preview":"max-video-preview:-1"},"canonical":"https:\/\/www.bonpilates.com\/fr\/producto\/bonmat\/","og_locale":"fr_FR","og_type":"article","og_title":"BonMat - Bonpilates","og_description":"Avec BonMat, vous am\u00e9liorerez votre contr\u00f4le corporel de mani\u00e8re s\u00fbre et confortable. Il offre une surface antid\u00e9rapante et confortable qui vous aidera \u00e0 maintenir une posture stable. En outre, ilContinue reading \"BonMat\"","og_url":"https:\/\/www.bonpilates.com\/fr\/producto\/bonmat\/","og_site_name":"Bonpilates","article_publisher":"https:\/\/www.facebook.com\/bonpilates\/","article_modified_time":"2025-05-06T07:16:26+00:00","og_image":[{"width":1000,"height":1000,"url":"https:\/\/www.bonpilates.com\/wp-content\/uploads\/2025\/05\/bonmat-1.webp","type":"image\/webp"}],"twitter_card":"summary_large_image","schema":{"@context":"https:\/\/schema.org","@graph":[{"@type":"WebPage","@id":"https:\/\/www.bonpilates.com\/fr\/producto\/bonmat\/","url":"https:\/\/www.bonpilates.com\/fr\/producto\/bonmat\/","name":"BonMat - Bonpilates","isPartOf":{"@id":"https:\/\/www.bonpilates.com\/fr\/#website"},"primaryImageOfPage":{"@id":"https:\/\/www.bonpilates.com\/fr\/producto\/bonmat\/#primaryimage"},"image":{"@id":"https:\/\/www.bonpilates.com\/fr\/producto\/bonmat\/#primaryimage"},"thumbnailUrl":"https:\/\/www.bonpilates.com\/wp-content\/uploads\/2025\/05\/bonmat-1.webp","datePublished":"2025-04-10T13:41:24+00:00","dateModified":"2025-05-06T07:16:26+00:00","breadcrumb":{"@id":"https:\/\/www.bonpilates.com\/fr\/producto\/bonmat\/#breadcrumb"},"inLanguage":"fr-FR","potentialAction":[{"@type":"ReadAction","target":["https:\/\/www.bonpilates.com\/fr\/producto\/bonmat\/"]}]},{"@type":"ImageObject","inLanguage":"fr-FR","@id":"https:\/\/www.bonpilates.com\/fr\/producto\/bonmat\/#primaryimage","url":"https:\/\/www.bonpilates.com\/wp-content\/uploads\/2025\/05\/bonmat-1.webp","contentUrl":"https:\/\/www.bonpilates.com\/wp-content\/uploads\/2025\/05\/bonmat-1.webp","width":1000,"height":1000},{"@type":"BreadcrumbList","@id":"https:\/\/www.bonpilates.com\/fr\/producto\/bonmat\/#breadcrumb","itemListElement":[{"@type":"ListItem","position":1,"name":"Bonpilates","item":"https:\/\/www.bonpilates.com\/fr\/"},{"@type":"ListItem","position":2,"name":"Equipement pour Pilates","item":"https:\/\/www.bonpilates.com\/fr\/equipement-pilates\/"},{"@type":"ListItem","position":3,"name":"BonMat"}]},{"@type":"WebSite","@id":"https:\/\/www.bonpilates.com\/fr\/#website","url":"https:\/\/www.bonpilates.com\/fr\/","name":"Bonpilates","description":"Desarrollamos y comercializamos m\u00e1quinas de pilates reformer, equipment, accesorios y otros aparatos ideales para practicar este entrenamiento. Bonpilates presenta a sus clientes soluciones de alta calidad y tecnolog\u00eda.","publisher":{"@id":"https:\/\/www.bonpilates.com\/fr\/#organization"},"potentialAction":[{"@type":"SearchAction","target":{"@type":"EntryPoint","urlTemplate":"https:\/\/www.bonpilates.com\/fr\/?s={search_term_string}"},"query-input":{"@type":"PropertyValueSpecification","valueRequired":true,"valueName":"search_term_string"}}],"inLanguage":"fr-FR"},{"@type":"Organization","@id":"https:\/\/www.bonpilates.com\/fr\/#organization","name":"Bonpilates","url":"https:\/\/www.bonpilates.com\/fr\/","logo":{"@type":"ImageObject","inLanguage":"fr-FR","@id":"https:\/\/www.bonpilates.com\/fr\/#\/schema\/logo\/image\/","url":"https:\/\/www.bonpilates.com\/wp-content\/uploads\/2024\/03\/bonpilates-logo-header.png","contentUrl":"https:\/\/www.bonpilates.com\/wp-content\/uploads\/2024\/03\/bonpilates-logo-header.png","width":319,"height":54,"caption":"Bonpilates"},"image":{"@id":"https:\/\/www.bonpilates.com\/fr\/#\/schema\/logo\/image\/"},"sameAs":["https:\/\/www.facebook.com\/bonpilates\/","https:\/\/www.instagram.com\/bonpilatesspain\/","https:\/\/www.youtube.com\/user\/bonpilates\/"]}]}},"_links":{"self":[{"href":"https:\/\/www.bonpilates.com\/fr\/wp-json\/wp\/v2\/product\/44892","targetHints":{"allow":["GET"]}}],"collection":[{"href":"https:\/\/www.bonpilates.com\/fr\/wp-json\/wp\/v2\/product"}],"about":[{"href":"https:\/\/www.bonpilates.com\/fr\/wp-json\/wp\/v2\/types\/product"}],"wp:featuredmedia":[{"embeddable":true,"href":"https:\/\/www.bonpilates.com\/fr\/wp-json\/wp\/v2\/media\/42798"}],"wp:attachment":[{"href":"https:\/\/www.bonpilates.com\/fr\/wp-json\/wp\/v2\/media?parent=44892"}],"wp:term":[{"taxonomy":"product_brand","embeddable":true,"href":"https:\/\/www.bonpilates.com\/fr\/wp-json\/wp\/v2\/product_brand?post=44892"},{"taxonomy":"product_cat","embeddable":true,"href":"https:\/\/www.bonpilates.com\/fr\/wp-json\/wp\/v2\/product_cat?post=44892"},{"taxonomy":"product_tag","embeddable":true,"href":"https:\/\/www.bonpilates.com\/fr\/wp-json\/wp\/v2\/product_tag?post=44892"}],"curies":[{"name":"wp","href":"https:\/\/api.w.org\/{rel}","templated":true}]}}