{"id":44963,"date":"2022-07-01T12:12:38","date_gmt":"2022-07-01T10:12:38","guid":{"rendered":"https:\/\/www.bonpilates.com\/producto\/domus-haut-reformer-fr\/"},"modified":"2025-05-30T09:54:14","modified_gmt":"2025-05-30T07:54:14","slug":"domus-haut-reformer","status":"publish","type":"product","link":"https:\/\/www.bonpilates.com\/fr\/producto\/domus-haut-reformer\/","title":{"rendered":"R\u00e9former Domus haut"},"content":{"rendered":"<p style=\"font-weight: 400;\">Le r\u00e9formateur Domus Alto est le r\u00e9formateur aux dimensions les plus r\u00e9duites mais \u00e0 la hauteur d&rsquo;un r\u00e9formateur standard. Il prend peu de place et est tr\u00e8s facile et rapide \u00e0 installer. Le chariot est l\u00e9ger et silencieux et dispose d&rsquo;un syst\u00e8me de s\u00e9curit\u00e9 qui maintient le chariot attach\u00e9 au cadre lorsqu&rsquo;il est rang\u00e9 en position verticale.  <\/p>\n<p style=\"font-weight: 400;\">Le Domus Reformer est le mod\u00e8le de reformer id\u00e9al pour les s\u00e9ances de Pilates \u00e0 domicile et les petites salles d&rsquo;entra\u00eenement.<\/p>\n","protected":false},"excerpt":{"rendered":"<p>Le Reformer Domus Haut est le reformer aux plus petites dimensions mais avec la hauteur d&rsquo;un reformer standard.<\/p>\n","protected":false},"featured_media":43026,"template":"","meta":{"_acf_changed":false},"product_brand":[],"product_cat":[987,1087,995],"product_tag":[],"class_list":{"0":"post-44963","1":"product","2":"type-product","3":"status-publish","4":"has-post-thumbnail","6":"product_cat-contemporain","7":"product_cat-ligne-interieure","8":"product_cat-reformers","10":"first","11":"instock","12":"taxable","13":"shipping-taxable","14":"product-type-simple"},"acf":[],"yoast_head":"<!-- This site is optimized with the Yoast SEO plugin v27.3 - https:\/\/yoast.com\/product\/yoast-seo-wordpress\/ -->\n<title>R\u00e9former Domus haut - Bonpilates<\/title>\n<meta name=\"robots\" content=\"index, follow, max-snippet:-1, max-image-preview:large, max-video-preview:-1\" \/>\n<link rel=\"canonical\" href=\"https:\/\/www.bonpilates.com\/fr\/producto\/domus-haut-reformer\/\" \/>\n<meta property=\"og:locale\" content=\"fr_FR\" \/>\n<meta property=\"og:type\" content=\"article\" \/>\n<meta property=\"og:title\" content=\"R\u00e9former Domus haut - Bonpilates\" \/>\n<meta property=\"og:description\" content=\"Le Reformer Domus Haut est le reformer aux plus petites dimensions mais avec la hauteur d&#039;un reformer standard.\" \/>\n<meta property=\"og:url\" content=\"https:\/\/www.bonpilates.com\/fr\/producto\/domus-haut-reformer\/\" \/>\n<meta property=\"og:site_name\" content=\"Bonpilates\" \/>\n<meta property=\"article:publisher\" content=\"https:\/\/www.facebook.com\/bonpilates\/\" \/>\n<meta property=\"article:modified_time\" content=\"2025-05-30T07:54:14+00:00\" \/>\n<meta property=\"og:image\" content=\"https:\/\/www.bonpilates.com\/wp-content\/uploads\/2025\/05\/81000433-REFORMER-DOMUS-ALTO-1.jpg\" \/>\n\t<meta property=\"og:image:width\" content=\"600\" \/>\n\t<meta property=\"og:image:height\" content=\"600\" \/>\n\t<meta property=\"og:image:type\" content=\"image\/jpeg\" \/>\n<meta name=\"twitter:card\" content=\"summary_large_image\" \/>\n<meta name=\"twitter:label1\" content=\"Dur\u00e9e de lecture estim\u00e9e\" \/>\n\t<meta name=\"twitter:data1\" content=\"1 minute\" \/>\n<script type=\"application\/ld+json\" class=\"yoast-schema-graph\">{\"@context\":\"https:\\\/\\\/schema.org\",\"@graph\":[{\"@type\":\"WebPage\",\"@id\":\"https:\\\/\\\/www.bonpilates.com\\\/fr\\\/producto\\\/domus-haut-reformer\\\/\",\"url\":\"https:\\\/\\\/www.bonpilates.com\\\/fr\\\/producto\\\/domus-haut-reformer\\\/\",\"name\":\"R\u00e9former Domus haut - Bonpilates\",\"isPartOf\":{\"@id\":\"https:\\\/\\\/www.bonpilates.com\\\/fr\\\/#website\"},\"primaryImageOfPage\":{\"@id\":\"https:\\\/\\\/www.bonpilates.com\\\/fr\\\/producto\\\/domus-haut-reformer\\\/#primaryimage\"},\"image\":{\"@id\":\"https:\\\/\\\/www.bonpilates.com\\\/fr\\\/producto\\\/domus-haut-reformer\\\/#primaryimage\"},\"thumbnailUrl\":\"https:\\\/\\\/www.bonpilates.com\\\/wp-content\\\/uploads\\\/2025\\\/05\\\/81000433-REFORMER-DOMUS-ALTO-1.jpg\",\"datePublished\":\"2022-07-01T10:12:38+00:00\",\"dateModified\":\"2025-05-30T07:54:14+00:00\",\"breadcrumb\":{\"@id\":\"https:\\\/\\\/www.bonpilates.com\\\/fr\\\/producto\\\/domus-haut-reformer\\\/#breadcrumb\"},\"inLanguage\":\"fr-FR\",\"potentialAction\":[{\"@type\":\"ReadAction\",\"target\":[\"https:\\\/\\\/www.bonpilates.com\\\/fr\\\/producto\\\/domus-haut-reformer\\\/\"]}]},{\"@type\":\"ImageObject\",\"inLanguage\":\"fr-FR\",\"@id\":\"https:\\\/\\\/www.bonpilates.com\\\/fr\\\/producto\\\/domus-haut-reformer\\\/#primaryimage\",\"url\":\"https:\\\/\\\/www.bonpilates.com\\\/wp-content\\\/uploads\\\/2025\\\/05\\\/81000433-REFORMER-DOMUS-ALTO-1.jpg\",\"contentUrl\":\"https:\\\/\\\/www.bonpilates.com\\\/wp-content\\\/uploads\\\/2025\\\/05\\\/81000433-REFORMER-DOMUS-ALTO-1.jpg\",\"width\":600,\"height\":600},{\"@type\":\"BreadcrumbList\",\"@id\":\"https:\\\/\\\/www.bonpilates.com\\\/fr\\\/producto\\\/domus-haut-reformer\\\/#breadcrumb\",\"itemListElement\":[{\"@type\":\"ListItem\",\"position\":1,\"name\":\"Bonpilates\",\"item\":\"https:\\\/\\\/www.bonpilates.com\\\/fr\\\/\"},{\"@type\":\"ListItem\",\"position\":2,\"name\":\"Equipement pour Pilates\",\"item\":\"https:\\\/\\\/www.bonpilates.com\\\/fr\\\/equipement-pilates\\\/\"},{\"@type\":\"ListItem\",\"position\":3,\"name\":\"R\u00e9former Domus haut\"}]},{\"@type\":\"WebSite\",\"@id\":\"https:\\\/\\\/www.bonpilates.com\\\/fr\\\/#website\",\"url\":\"https:\\\/\\\/www.bonpilates.com\\\/fr\\\/\",\"name\":\"Bonpilates\",\"description\":\"Desarrollamos y comercializamos m\u00e1quinas de pilates reformer, equipment, accesorios y otros aparatos ideales para practicar este entrenamiento. Bonpilates presenta a sus clientes soluciones de alta calidad y tecnolog\u00eda.\",\"publisher\":{\"@id\":\"https:\\\/\\\/www.bonpilates.com\\\/fr\\\/#organization\"},\"potentialAction\":[{\"@type\":\"SearchAction\",\"target\":{\"@type\":\"EntryPoint\",\"urlTemplate\":\"https:\\\/\\\/www.bonpilates.com\\\/fr\\\/?s={search_term_string}\"},\"query-input\":{\"@type\":\"PropertyValueSpecification\",\"valueRequired\":true,\"valueName\":\"search_term_string\"}}],\"inLanguage\":\"fr-FR\"},{\"@type\":\"Organization\",\"@id\":\"https:\\\/\\\/www.bonpilates.com\\\/fr\\\/#organization\",\"name\":\"Bonpilates\",\"url\":\"https:\\\/\\\/www.bonpilates.com\\\/fr\\\/\",\"logo\":{\"@type\":\"ImageObject\",\"inLanguage\":\"fr-FR\",\"@id\":\"https:\\\/\\\/www.bonpilates.com\\\/fr\\\/#\\\/schema\\\/logo\\\/image\\\/\",\"url\":\"https:\\\/\\\/www.bonpilates.com\\\/wp-content\\\/uploads\\\/2024\\\/03\\\/bonpilates-logo-header.png\",\"contentUrl\":\"https:\\\/\\\/www.bonpilates.com\\\/wp-content\\\/uploads\\\/2024\\\/03\\\/bonpilates-logo-header.png\",\"width\":319,\"height\":54,\"caption\":\"Bonpilates\"},\"image\":{\"@id\":\"https:\\\/\\\/www.bonpilates.com\\\/fr\\\/#\\\/schema\\\/logo\\\/image\\\/\"},\"sameAs\":[\"https:\\\/\\\/www.facebook.com\\\/bonpilates\\\/\",\"https:\\\/\\\/www.instagram.com\\\/bonpilatesspain\\\/\",\"https:\\\/\\\/www.youtube.com\\\/user\\\/bonpilates\\\/\"]}]}<\/script>\n<!-- \/ Yoast SEO plugin. -->","yoast_head_json":{"title":"R\u00e9former Domus haut - Bonpilates","robots":{"index":"index","follow":"follow","max-snippet":"max-snippet:-1","max-image-preview":"max-image-preview:large","max-video-preview":"max-video-preview:-1"},"canonical":"https:\/\/www.bonpilates.com\/fr\/producto\/domus-haut-reformer\/","og_locale":"fr_FR","og_type":"article","og_title":"R\u00e9former Domus haut - Bonpilates","og_description":"Le Reformer Domus Haut est le reformer aux plus petites dimensions mais avec la hauteur d'un reformer standard.","og_url":"https:\/\/www.bonpilates.com\/fr\/producto\/domus-haut-reformer\/","og_site_name":"Bonpilates","article_publisher":"https:\/\/www.facebook.com\/bonpilates\/","article_modified_time":"2025-05-30T07:54:14+00:00","og_image":[{"width":600,"height":600,"url":"https:\/\/www.bonpilates.com\/wp-content\/uploads\/2025\/05\/81000433-REFORMER-DOMUS-ALTO-1.jpg","type":"image\/jpeg"}],"twitter_card":"summary_large_image","twitter_misc":{"Dur\u00e9e de lecture estim\u00e9e":"1 minute"},"schema":{"@context":"https:\/\/schema.org","@graph":[{"@type":"WebPage","@id":"https:\/\/www.bonpilates.com\/fr\/producto\/domus-haut-reformer\/","url":"https:\/\/www.bonpilates.com\/fr\/producto\/domus-haut-reformer\/","name":"R\u00e9former Domus haut - Bonpilates","isPartOf":{"@id":"https:\/\/www.bonpilates.com\/fr\/#website"},"primaryImageOfPage":{"@id":"https:\/\/www.bonpilates.com\/fr\/producto\/domus-haut-reformer\/#primaryimage"},"image":{"@id":"https:\/\/www.bonpilates.com\/fr\/producto\/domus-haut-reformer\/#primaryimage"},"thumbnailUrl":"https:\/\/www.bonpilates.com\/wp-content\/uploads\/2025\/05\/81000433-REFORMER-DOMUS-ALTO-1.jpg","datePublished":"2022-07-01T10:12:38+00:00","dateModified":"2025-05-30T07:54:14+00:00","breadcrumb":{"@id":"https:\/\/www.bonpilates.com\/fr\/producto\/domus-haut-reformer\/#breadcrumb"},"inLanguage":"fr-FR","potentialAction":[{"@type":"ReadAction","target":["https:\/\/www.bonpilates.com\/fr\/producto\/domus-haut-reformer\/"]}]},{"@type":"ImageObject","inLanguage":"fr-FR","@id":"https:\/\/www.bonpilates.com\/fr\/producto\/domus-haut-reformer\/#primaryimage","url":"https:\/\/www.bonpilates.com\/wp-content\/uploads\/2025\/05\/81000433-REFORMER-DOMUS-ALTO-1.jpg","contentUrl":"https:\/\/www.bonpilates.com\/wp-content\/uploads\/2025\/05\/81000433-REFORMER-DOMUS-ALTO-1.jpg","width":600,"height":600},{"@type":"BreadcrumbList","@id":"https:\/\/www.bonpilates.com\/fr\/producto\/domus-haut-reformer\/#breadcrumb","itemListElement":[{"@type":"ListItem","position":1,"name":"Bonpilates","item":"https:\/\/www.bonpilates.com\/fr\/"},{"@type":"ListItem","position":2,"name":"Equipement pour Pilates","item":"https:\/\/www.bonpilates.com\/fr\/equipement-pilates\/"},{"@type":"ListItem","position":3,"name":"R\u00e9former Domus haut"}]},{"@type":"WebSite","@id":"https:\/\/www.bonpilates.com\/fr\/#website","url":"https:\/\/www.bonpilates.com\/fr\/","name":"Bonpilates","description":"Desarrollamos y comercializamos m\u00e1quinas de pilates reformer, equipment, accesorios y otros aparatos ideales para practicar este entrenamiento. Bonpilates presenta a sus clientes soluciones de alta calidad y tecnolog\u00eda.","publisher":{"@id":"https:\/\/www.bonpilates.com\/fr\/#organization"},"potentialAction":[{"@type":"SearchAction","target":{"@type":"EntryPoint","urlTemplate":"https:\/\/www.bonpilates.com\/fr\/?s={search_term_string}"},"query-input":{"@type":"PropertyValueSpecification","valueRequired":true,"valueName":"search_term_string"}}],"inLanguage":"fr-FR"},{"@type":"Organization","@id":"https:\/\/www.bonpilates.com\/fr\/#organization","name":"Bonpilates","url":"https:\/\/www.bonpilates.com\/fr\/","logo":{"@type":"ImageObject","inLanguage":"fr-FR","@id":"https:\/\/www.bonpilates.com\/fr\/#\/schema\/logo\/image\/","url":"https:\/\/www.bonpilates.com\/wp-content\/uploads\/2024\/03\/bonpilates-logo-header.png","contentUrl":"https:\/\/www.bonpilates.com\/wp-content\/uploads\/2024\/03\/bonpilates-logo-header.png","width":319,"height":54,"caption":"Bonpilates"},"image":{"@id":"https:\/\/www.bonpilates.com\/fr\/#\/schema\/logo\/image\/"},"sameAs":["https:\/\/www.facebook.com\/bonpilates\/","https:\/\/www.instagram.com\/bonpilatesspain\/","https:\/\/www.youtube.com\/user\/bonpilates\/"]}]}},"_links":{"self":[{"href":"https:\/\/www.bonpilates.com\/fr\/wp-json\/wp\/v2\/product\/44963","targetHints":{"allow":["GET"]}}],"collection":[{"href":"https:\/\/www.bonpilates.com\/fr\/wp-json\/wp\/v2\/product"}],"about":[{"href":"https:\/\/www.bonpilates.com\/fr\/wp-json\/wp\/v2\/types\/product"}],"wp:featuredmedia":[{"embeddable":true,"href":"https:\/\/www.bonpilates.com\/fr\/wp-json\/wp\/v2\/media\/43026"}],"wp:attachment":[{"href":"https:\/\/www.bonpilates.com\/fr\/wp-json\/wp\/v2\/media?parent=44963"}],"wp:term":[{"taxonomy":"product_brand","embeddable":true,"href":"https:\/\/www.bonpilates.com\/fr\/wp-json\/wp\/v2\/product_brand?post=44963"},{"taxonomy":"product_cat","embeddable":true,"href":"https:\/\/www.bonpilates.com\/fr\/wp-json\/wp\/v2\/product_cat?post=44963"},{"taxonomy":"product_tag","embeddable":true,"href":"https:\/\/www.bonpilates.com\/fr\/wp-json\/wp\/v2\/product_tag?post=44963"}],"curies":[{"name":"wp","href":"https:\/\/api.w.org\/{rel}","templated":true}]}}