{"id":44977,"date":"2021-03-16T11:27:15","date_gmt":"2021-03-16T11:27:15","guid":{"rendered":"https:\/\/www.bonpilates.com\/producto\/reformer-aluminium-domus-fr\/"},"modified":"2026-04-02T14:02:30","modified_gmt":"2026-04-02T12:02:30","slug":"reformer-aluminium-domus","status":"publish","type":"product","link":"https:\/\/www.bonpilates.com\/fr\/producto\/reformer-aluminium-domus\/","title":{"rendered":"R\u00e9former Domus Aluminium"},"content":{"rendered":"<p style=\"font-weight: 400;\">Le Reformer Domus est le Reformer avec les dimensions les plus r\u00e9duites. Il occupe peu d\u2019espace et c\u2019est tr\u00e8s facile et rapide de l\u2019installer. Son chariot l\u00e9ger et silencieux a un syst\u00e8me de s\u00e9curit\u00e9 qui maintient le chariot attach\u00e9 \u00e0 la structure quand on le garde verticalement.<\/p>\n<p style=\"font-weight: 400;\">Le Reformer Domus est le mod\u00e8le de reformer id\u00e9al pour les sessions de pilates \u00e0 la maison ainsi que pour les salles petites.<\/p>\n<p style=\"font-weight: 400;\">Ce mod\u00e8le peut \u00eatre rang\u00e9 sous le lit et derri\u00e8re la porte ce qui permet de maximiser l\u2019espace.<\/p>\n<p style=\"font-weight: 400;\"><strong>Avec le reformer<\/strong>:<\/p>\n<p style=\"font-weight: 400;\">Jeux de 4 ressorts avec r\u00e9sistances diff\u00e9rentes<\/p>\n<p style=\"font-weight: 400;\">Jeux de poign\u00e9es doubles<\/p>\n<p style=\"font-weight: 400;\">Jeux de cordes<\/p>\n<p style=\"font-weight: 400;\">Barre de pieds fixe<\/p>\n<p style=\"font-weight: 400;\">Pad anti-d\u00e9rapant<\/p>\n<p style=\"font-weight: 400;\">Petit coussin pour la t\u00eate<\/p>\n","protected":false},"excerpt":{"rendered":"<p>Le Reformer Domus est le Reformer avec les dimensions les plus r\u00e9duites.<\/p>\n","protected":false},"featured_media":43116,"template":"","meta":{"_acf_changed":false},"product_brand":[],"product_cat":[987,1087,995],"product_tag":[],"class_list":{"0":"post-44977","1":"product","2":"type-product","3":"status-publish","4":"has-post-thumbnail","6":"product_cat-contemporain","7":"product_cat-ligne-interieure","8":"product_cat-reformers","10":"first","11":"instock","12":"taxable","13":"shipping-taxable","14":"product-type-simple"},"acf":[],"yoast_head":"<!-- This site is optimized with the Yoast SEO plugin v27.3 - https:\/\/yoast.com\/product\/yoast-seo-wordpress\/ -->\n<title>R\u00e9former Domus Aluminium - Bonpilates<\/title>\n<meta name=\"robots\" content=\"index, follow, max-snippet:-1, max-image-preview:large, max-video-preview:-1\" \/>\n<link rel=\"canonical\" href=\"https:\/\/www.bonpilates.com\/fr\/producto\/reformer-aluminium-domus\/\" \/>\n<meta property=\"og:locale\" content=\"fr_FR\" \/>\n<meta property=\"og:type\" content=\"article\" \/>\n<meta property=\"og:title\" content=\"R\u00e9former Domus Aluminium - Bonpilates\" \/>\n<meta property=\"og:description\" content=\"Le Reformer Domus est le Reformer avec les dimensions les plus r\u00e9duites.\" \/>\n<meta property=\"og:url\" content=\"https:\/\/www.bonpilates.com\/fr\/producto\/reformer-aluminium-domus\/\" \/>\n<meta property=\"og:site_name\" content=\"Bonpilates\" \/>\n<meta property=\"article:publisher\" content=\"https:\/\/www.facebook.com\/bonpilates\/\" \/>\n<meta property=\"article:modified_time\" content=\"2026-04-02T12:02:30+00:00\" \/>\n<meta property=\"og:image\" content=\"https:\/\/www.bonpilates.com\/wp-content\/uploads\/2025\/05\/81000360-REFORMER-DOMUS-1.jpg\" \/>\n\t<meta property=\"og:image:width\" content=\"600\" \/>\n\t<meta property=\"og:image:height\" content=\"600\" \/>\n\t<meta property=\"og:image:type\" content=\"image\/jpeg\" \/>\n<meta name=\"twitter:card\" content=\"summary_large_image\" \/>\n<meta name=\"twitter:label1\" content=\"Dur\u00e9e de lecture estim\u00e9e\" \/>\n\t<meta name=\"twitter:data1\" content=\"1 minute\" \/>\n<script type=\"application\/ld+json\" class=\"yoast-schema-graph\">{\"@context\":\"https:\\\/\\\/schema.org\",\"@graph\":[{\"@type\":\"WebPage\",\"@id\":\"https:\\\/\\\/www.bonpilates.com\\\/fr\\\/producto\\\/reformer-aluminium-domus\\\/\",\"url\":\"https:\\\/\\\/www.bonpilates.com\\\/fr\\\/producto\\\/reformer-aluminium-domus\\\/\",\"name\":\"R\u00e9former Domus Aluminium - Bonpilates\",\"isPartOf\":{\"@id\":\"https:\\\/\\\/www.bonpilates.com\\\/fr\\\/#website\"},\"primaryImageOfPage\":{\"@id\":\"https:\\\/\\\/www.bonpilates.com\\\/fr\\\/producto\\\/reformer-aluminium-domus\\\/#primaryimage\"},\"image\":{\"@id\":\"https:\\\/\\\/www.bonpilates.com\\\/fr\\\/producto\\\/reformer-aluminium-domus\\\/#primaryimage\"},\"thumbnailUrl\":\"https:\\\/\\\/www.bonpilates.com\\\/wp-content\\\/uploads\\\/2025\\\/05\\\/81000360-REFORMER-DOMUS-1.jpg\",\"datePublished\":\"2021-03-16T11:27:15+00:00\",\"dateModified\":\"2026-04-02T12:02:30+00:00\",\"breadcrumb\":{\"@id\":\"https:\\\/\\\/www.bonpilates.com\\\/fr\\\/producto\\\/reformer-aluminium-domus\\\/#breadcrumb\"},\"inLanguage\":\"fr-FR\",\"potentialAction\":[{\"@type\":\"ReadAction\",\"target\":[\"https:\\\/\\\/www.bonpilates.com\\\/fr\\\/producto\\\/reformer-aluminium-domus\\\/\"]}]},{\"@type\":\"ImageObject\",\"inLanguage\":\"fr-FR\",\"@id\":\"https:\\\/\\\/www.bonpilates.com\\\/fr\\\/producto\\\/reformer-aluminium-domus\\\/#primaryimage\",\"url\":\"https:\\\/\\\/www.bonpilates.com\\\/wp-content\\\/uploads\\\/2025\\\/05\\\/81000360-REFORMER-DOMUS-1.jpg\",\"contentUrl\":\"https:\\\/\\\/www.bonpilates.com\\\/wp-content\\\/uploads\\\/2025\\\/05\\\/81000360-REFORMER-DOMUS-1.jpg\",\"width\":600,\"height\":600},{\"@type\":\"BreadcrumbList\",\"@id\":\"https:\\\/\\\/www.bonpilates.com\\\/fr\\\/producto\\\/reformer-aluminium-domus\\\/#breadcrumb\",\"itemListElement\":[{\"@type\":\"ListItem\",\"position\":1,\"name\":\"Bonpilates\",\"item\":\"https:\\\/\\\/www.bonpilates.com\\\/fr\\\/\"},{\"@type\":\"ListItem\",\"position\":2,\"name\":\"Equipement pour Pilates\",\"item\":\"https:\\\/\\\/www.bonpilates.com\\\/fr\\\/equipement-pilates\\\/\"},{\"@type\":\"ListItem\",\"position\":3,\"name\":\"R\u00e9former Domus Aluminium\"}]},{\"@type\":\"WebSite\",\"@id\":\"https:\\\/\\\/www.bonpilates.com\\\/fr\\\/#website\",\"url\":\"https:\\\/\\\/www.bonpilates.com\\\/fr\\\/\",\"name\":\"Bonpilates\",\"description\":\"Desarrollamos y comercializamos m\u00e1quinas de pilates reformer, equipment, accesorios y otros aparatos ideales para practicar este entrenamiento. Bonpilates presenta a sus clientes soluciones de alta calidad y tecnolog\u00eda.\",\"publisher\":{\"@id\":\"https:\\\/\\\/www.bonpilates.com\\\/fr\\\/#organization\"},\"potentialAction\":[{\"@type\":\"SearchAction\",\"target\":{\"@type\":\"EntryPoint\",\"urlTemplate\":\"https:\\\/\\\/www.bonpilates.com\\\/fr\\\/?s={search_term_string}\"},\"query-input\":{\"@type\":\"PropertyValueSpecification\",\"valueRequired\":true,\"valueName\":\"search_term_string\"}}],\"inLanguage\":\"fr-FR\"},{\"@type\":\"Organization\",\"@id\":\"https:\\\/\\\/www.bonpilates.com\\\/fr\\\/#organization\",\"name\":\"Bonpilates\",\"url\":\"https:\\\/\\\/www.bonpilates.com\\\/fr\\\/\",\"logo\":{\"@type\":\"ImageObject\",\"inLanguage\":\"fr-FR\",\"@id\":\"https:\\\/\\\/www.bonpilates.com\\\/fr\\\/#\\\/schema\\\/logo\\\/image\\\/\",\"url\":\"https:\\\/\\\/www.bonpilates.com\\\/wp-content\\\/uploads\\\/2024\\\/03\\\/bonpilates-logo-header.png\",\"contentUrl\":\"https:\\\/\\\/www.bonpilates.com\\\/wp-content\\\/uploads\\\/2024\\\/03\\\/bonpilates-logo-header.png\",\"width\":319,\"height\":54,\"caption\":\"Bonpilates\"},\"image\":{\"@id\":\"https:\\\/\\\/www.bonpilates.com\\\/fr\\\/#\\\/schema\\\/logo\\\/image\\\/\"},\"sameAs\":[\"https:\\\/\\\/www.facebook.com\\\/bonpilates\\\/\",\"https:\\\/\\\/www.instagram.com\\\/bonpilatesspain\\\/\",\"https:\\\/\\\/www.youtube.com\\\/user\\\/bonpilates\\\/\"]}]}<\/script>\n<!-- \/ Yoast SEO plugin. -->","yoast_head_json":{"title":"R\u00e9former Domus Aluminium - Bonpilates","robots":{"index":"index","follow":"follow","max-snippet":"max-snippet:-1","max-image-preview":"max-image-preview:large","max-video-preview":"max-video-preview:-1"},"canonical":"https:\/\/www.bonpilates.com\/fr\/producto\/reformer-aluminium-domus\/","og_locale":"fr_FR","og_type":"article","og_title":"R\u00e9former Domus Aluminium - Bonpilates","og_description":"Le Reformer Domus est le Reformer avec les dimensions les plus r\u00e9duites.","og_url":"https:\/\/www.bonpilates.com\/fr\/producto\/reformer-aluminium-domus\/","og_site_name":"Bonpilates","article_publisher":"https:\/\/www.facebook.com\/bonpilates\/","article_modified_time":"2026-04-02T12:02:30+00:00","og_image":[{"width":600,"height":600,"url":"https:\/\/www.bonpilates.com\/wp-content\/uploads\/2025\/05\/81000360-REFORMER-DOMUS-1.jpg","type":"image\/jpeg"}],"twitter_card":"summary_large_image","twitter_misc":{"Dur\u00e9e de lecture estim\u00e9e":"1 minute"},"schema":{"@context":"https:\/\/schema.org","@graph":[{"@type":"WebPage","@id":"https:\/\/www.bonpilates.com\/fr\/producto\/reformer-aluminium-domus\/","url":"https:\/\/www.bonpilates.com\/fr\/producto\/reformer-aluminium-domus\/","name":"R\u00e9former Domus Aluminium - Bonpilates","isPartOf":{"@id":"https:\/\/www.bonpilates.com\/fr\/#website"},"primaryImageOfPage":{"@id":"https:\/\/www.bonpilates.com\/fr\/producto\/reformer-aluminium-domus\/#primaryimage"},"image":{"@id":"https:\/\/www.bonpilates.com\/fr\/producto\/reformer-aluminium-domus\/#primaryimage"},"thumbnailUrl":"https:\/\/www.bonpilates.com\/wp-content\/uploads\/2025\/05\/81000360-REFORMER-DOMUS-1.jpg","datePublished":"2021-03-16T11:27:15+00:00","dateModified":"2026-04-02T12:02:30+00:00","breadcrumb":{"@id":"https:\/\/www.bonpilates.com\/fr\/producto\/reformer-aluminium-domus\/#breadcrumb"},"inLanguage":"fr-FR","potentialAction":[{"@type":"ReadAction","target":["https:\/\/www.bonpilates.com\/fr\/producto\/reformer-aluminium-domus\/"]}]},{"@type":"ImageObject","inLanguage":"fr-FR","@id":"https:\/\/www.bonpilates.com\/fr\/producto\/reformer-aluminium-domus\/#primaryimage","url":"https:\/\/www.bonpilates.com\/wp-content\/uploads\/2025\/05\/81000360-REFORMER-DOMUS-1.jpg","contentUrl":"https:\/\/www.bonpilates.com\/wp-content\/uploads\/2025\/05\/81000360-REFORMER-DOMUS-1.jpg","width":600,"height":600},{"@type":"BreadcrumbList","@id":"https:\/\/www.bonpilates.com\/fr\/producto\/reformer-aluminium-domus\/#breadcrumb","itemListElement":[{"@type":"ListItem","position":1,"name":"Bonpilates","item":"https:\/\/www.bonpilates.com\/fr\/"},{"@type":"ListItem","position":2,"name":"Equipement pour Pilates","item":"https:\/\/www.bonpilates.com\/fr\/equipement-pilates\/"},{"@type":"ListItem","position":3,"name":"R\u00e9former Domus Aluminium"}]},{"@type":"WebSite","@id":"https:\/\/www.bonpilates.com\/fr\/#website","url":"https:\/\/www.bonpilates.com\/fr\/","name":"Bonpilates","description":"Desarrollamos y comercializamos m\u00e1quinas de pilates reformer, equipment, accesorios y otros aparatos ideales para practicar este entrenamiento. Bonpilates presenta a sus clientes soluciones de alta calidad y tecnolog\u00eda.","publisher":{"@id":"https:\/\/www.bonpilates.com\/fr\/#organization"},"potentialAction":[{"@type":"SearchAction","target":{"@type":"EntryPoint","urlTemplate":"https:\/\/www.bonpilates.com\/fr\/?s={search_term_string}"},"query-input":{"@type":"PropertyValueSpecification","valueRequired":true,"valueName":"search_term_string"}}],"inLanguage":"fr-FR"},{"@type":"Organization","@id":"https:\/\/www.bonpilates.com\/fr\/#organization","name":"Bonpilates","url":"https:\/\/www.bonpilates.com\/fr\/","logo":{"@type":"ImageObject","inLanguage":"fr-FR","@id":"https:\/\/www.bonpilates.com\/fr\/#\/schema\/logo\/image\/","url":"https:\/\/www.bonpilates.com\/wp-content\/uploads\/2024\/03\/bonpilates-logo-header.png","contentUrl":"https:\/\/www.bonpilates.com\/wp-content\/uploads\/2024\/03\/bonpilates-logo-header.png","width":319,"height":54,"caption":"Bonpilates"},"image":{"@id":"https:\/\/www.bonpilates.com\/fr\/#\/schema\/logo\/image\/"},"sameAs":["https:\/\/www.facebook.com\/bonpilates\/","https:\/\/www.instagram.com\/bonpilatesspain\/","https:\/\/www.youtube.com\/user\/bonpilates\/"]}]}},"_links":{"self":[{"href":"https:\/\/www.bonpilates.com\/fr\/wp-json\/wp\/v2\/product\/44977","targetHints":{"allow":["GET"]}}],"collection":[{"href":"https:\/\/www.bonpilates.com\/fr\/wp-json\/wp\/v2\/product"}],"about":[{"href":"https:\/\/www.bonpilates.com\/fr\/wp-json\/wp\/v2\/types\/product"}],"wp:featuredmedia":[{"embeddable":true,"href":"https:\/\/www.bonpilates.com\/fr\/wp-json\/wp\/v2\/media\/43116"}],"wp:attachment":[{"href":"https:\/\/www.bonpilates.com\/fr\/wp-json\/wp\/v2\/media?parent=44977"}],"wp:term":[{"taxonomy":"product_brand","embeddable":true,"href":"https:\/\/www.bonpilates.com\/fr\/wp-json\/wp\/v2\/product_brand?post=44977"},{"taxonomy":"product_cat","embeddable":true,"href":"https:\/\/www.bonpilates.com\/fr\/wp-json\/wp\/v2\/product_cat?post=44977"},{"taxonomy":"product_tag","embeddable":true,"href":"https:\/\/www.bonpilates.com\/fr\/wp-json\/wp\/v2\/product_tag?post=44977"}],"curies":[{"name":"wp","href":"https:\/\/api.w.org\/{rel}","templated":true}]}}