{"id":44981,"date":"2020-12-15T08:14:16","date_gmt":"2020-12-15T08:14:16","guid":{"rendered":"https:\/\/www.bonpilates.com\/producto\/chaise-originale-wunda-fr\/"},"modified":"2025-11-24T08:08:20","modified_gmt":"2025-11-24T07:08:20","slug":"chaise-originale-wunda","status":"publish","type":"product","link":"https:\/\/www.bonpilates.com\/fr\/producto\/chaise-originale-wunda\/","title":{"rendered":"Wunda Chair Originale"},"content":{"rendered":"<p data-start=\"1800\" data-end=\"2197\">Fabriqu\u00e9e en h\u00eatre massif de haute qualit\u00e9, elle offre stabilit\u00e9, durabilit\u00e9 et une exp\u00e9rience d\u2019entra\u00eenement totalement professionnelle. Ses ressorts r\u00e9glables \u00e0 plusieurs niveaux s\u2019adaptent \u00e0 tous les utilisateurs \u2014 du d\u00e9butant au professeur exp\u00e9riment\u00e9 \u2014 et permettent une grande vari\u00e9t\u00e9 d\u2019exercices pour renforcer le centre, les jambes, les bras et am\u00e9liorer la posture et l\u2019\u00e9quilibre.<\/p>\n<p data-start=\"2453\" data-end=\"2597\">Id\u00e9ale pour les studios comme pour la maison, elle allie design, ergonomie et tradition pour offrir l\u2019exp\u00e9rience la plus pure de la m\u00e9thode.<\/p>\n","protected":false},"excerpt":{"rendered":"<p data-pm-slice=\"1 1 []\">La Wunda Chair Originale\u00a0est la version la plus fid\u00e8le et authentique du design imagin\u00e9 par Joseph Pilates. Sa particularit\u00e9 unique la distingue de toutes les autres : lorsqu\u2019on la retourne, elle devient un fauteuil confortable, comme Pilates l\u2019avait pens\u00e9e \u00e0 l\u2019origine pour permettre de s\u2019entra\u00eener puis de se d\u00e9tendre \u00e0 la maison.<\/p>\n","protected":false},"featured_media":43152,"template":"","meta":{"_acf_changed":false},"product_brand":[],"product_cat":[1012,1004],"product_tag":[],"class_list":{"0":"post-44981","1":"product","2":"type-product","3":"status-publish","4":"has-post-thumbnail","6":"product_cat-chaise","7":"product_cat-classique","9":"first","10":"instock","11":"taxable","12":"shipping-taxable","13":"product-type-simple"},"acf":[],"yoast_head":"<!-- This site is optimized with the Yoast SEO plugin v27.5 - https:\/\/yoast.com\/product\/yoast-seo-wordpress\/ -->\n<title>Wunda Chair Originale - Bonpilates<\/title>\n<meta name=\"robots\" content=\"index, follow, max-snippet:-1, max-image-preview:large, max-video-preview:-1\" \/>\n<link rel=\"canonical\" href=\"https:\/\/www.bonpilates.com\/fr\/producto\/chaise-originale-wunda\/\" \/>\n<meta property=\"og:locale\" content=\"fr_FR\" \/>\n<meta property=\"og:type\" content=\"article\" \/>\n<meta property=\"og:title\" content=\"Wunda Chair Originale - Bonpilates\" \/>\n<meta property=\"og:description\" content=\"La Wunda Chair Originale\u00a0est la version la plus fid\u00e8le et authentique du design imagin\u00e9 par Joseph Pilates. Sa particularit\u00e9 unique la distingue de toutes les autres : lorsqu\u2019on la retourne, elle devient un fauteuil confortable, comme Pilates l\u2019avait pens\u00e9e \u00e0 l\u2019origine pour permettre de s\u2019entra\u00eener puis de se d\u00e9tendre \u00e0 la maison.\" \/>\n<meta property=\"og:url\" content=\"https:\/\/www.bonpilates.com\/fr\/producto\/chaise-originale-wunda\/\" \/>\n<meta property=\"og:site_name\" content=\"Bonpilates\" \/>\n<meta property=\"article:publisher\" content=\"https:\/\/www.facebook.com\/bonpilates\/\" \/>\n<meta property=\"article:modified_time\" content=\"2025-11-24T07:08:20+00:00\" \/>\n<meta property=\"og:image\" content=\"https:\/\/www.bonpilates.com\/wp-content\/uploads\/2025\/05\/silla-wunda-original-ok.jpg\" \/>\n\t<meta property=\"og:image:width\" content=\"1000\" \/>\n\t<meta property=\"og:image:height\" content=\"1000\" \/>\n\t<meta property=\"og:image:type\" content=\"image\/jpeg\" \/>\n<meta name=\"twitter:card\" content=\"summary_large_image\" \/>\n<meta name=\"twitter:label1\" content=\"Dur\u00e9e de lecture estim\u00e9e\" \/>\n\t<meta name=\"twitter:data1\" content=\"1 minute\" \/>\n<script type=\"application\/ld+json\" class=\"yoast-schema-graph\">{\"@context\":\"https:\\\/\\\/schema.org\",\"@graph\":[{\"@type\":\"WebPage\",\"@id\":\"https:\\\/\\\/www.bonpilates.com\\\/fr\\\/producto\\\/chaise-originale-wunda\\\/\",\"url\":\"https:\\\/\\\/www.bonpilates.com\\\/fr\\\/producto\\\/chaise-originale-wunda\\\/\",\"name\":\"Wunda Chair Originale - Bonpilates\",\"isPartOf\":{\"@id\":\"https:\\\/\\\/www.bonpilates.com\\\/fr\\\/#website\"},\"primaryImageOfPage\":{\"@id\":\"https:\\\/\\\/www.bonpilates.com\\\/fr\\\/producto\\\/chaise-originale-wunda\\\/#primaryimage\"},\"image\":{\"@id\":\"https:\\\/\\\/www.bonpilates.com\\\/fr\\\/producto\\\/chaise-originale-wunda\\\/#primaryimage\"},\"thumbnailUrl\":\"https:\\\/\\\/www.bonpilates.com\\\/wp-content\\\/uploads\\\/2025\\\/05\\\/silla-wunda-original-ok.jpg\",\"datePublished\":\"2020-12-15T08:14:16+00:00\",\"dateModified\":\"2025-11-24T07:08:20+00:00\",\"breadcrumb\":{\"@id\":\"https:\\\/\\\/www.bonpilates.com\\\/fr\\\/producto\\\/chaise-originale-wunda\\\/#breadcrumb\"},\"inLanguage\":\"fr-FR\",\"potentialAction\":[{\"@type\":\"ReadAction\",\"target\":[\"https:\\\/\\\/www.bonpilates.com\\\/fr\\\/producto\\\/chaise-originale-wunda\\\/\"]}]},{\"@type\":\"ImageObject\",\"inLanguage\":\"fr-FR\",\"@id\":\"https:\\\/\\\/www.bonpilates.com\\\/fr\\\/producto\\\/chaise-originale-wunda\\\/#primaryimage\",\"url\":\"https:\\\/\\\/www.bonpilates.com\\\/wp-content\\\/uploads\\\/2025\\\/05\\\/silla-wunda-original-ok.jpg\",\"contentUrl\":\"https:\\\/\\\/www.bonpilates.com\\\/wp-content\\\/uploads\\\/2025\\\/05\\\/silla-wunda-original-ok.jpg\",\"width\":1000,\"height\":1000},{\"@type\":\"BreadcrumbList\",\"@id\":\"https:\\\/\\\/www.bonpilates.com\\\/fr\\\/producto\\\/chaise-originale-wunda\\\/#breadcrumb\",\"itemListElement\":[{\"@type\":\"ListItem\",\"position\":1,\"name\":\"Bonpilates\",\"item\":\"https:\\\/\\\/www.bonpilates.com\\\/fr\\\/\"},{\"@type\":\"ListItem\",\"position\":2,\"name\":\"Equipement pour Pilates\",\"item\":\"https:\\\/\\\/www.bonpilates.com\\\/fr\\\/equipement-pilates\\\/\"},{\"@type\":\"ListItem\",\"position\":3,\"name\":\"Wunda Chair Originale\"}]},{\"@type\":\"WebSite\",\"@id\":\"https:\\\/\\\/www.bonpilates.com\\\/fr\\\/#website\",\"url\":\"https:\\\/\\\/www.bonpilates.com\\\/fr\\\/\",\"name\":\"Bonpilates\",\"description\":\"Desarrollamos y comercializamos m\u00e1quinas de pilates reformer, equipment, accesorios y otros aparatos ideales para practicar este entrenamiento. Bonpilates presenta a sus clientes soluciones de alta calidad y tecnolog\u00eda.\",\"publisher\":{\"@id\":\"https:\\\/\\\/www.bonpilates.com\\\/fr\\\/#organization\"},\"potentialAction\":[{\"@type\":\"SearchAction\",\"target\":{\"@type\":\"EntryPoint\",\"urlTemplate\":\"https:\\\/\\\/www.bonpilates.com\\\/fr\\\/?s={search_term_string}\"},\"query-input\":{\"@type\":\"PropertyValueSpecification\",\"valueRequired\":true,\"valueName\":\"search_term_string\"}}],\"inLanguage\":\"fr-FR\"},{\"@type\":\"Organization\",\"@id\":\"https:\\\/\\\/www.bonpilates.com\\\/fr\\\/#organization\",\"name\":\"Bonpilates\",\"url\":\"https:\\\/\\\/www.bonpilates.com\\\/fr\\\/\",\"logo\":{\"@type\":\"ImageObject\",\"inLanguage\":\"fr-FR\",\"@id\":\"https:\\\/\\\/www.bonpilates.com\\\/fr\\\/#\\\/schema\\\/logo\\\/image\\\/\",\"url\":\"https:\\\/\\\/www.bonpilates.com\\\/wp-content\\\/uploads\\\/2024\\\/03\\\/bonpilates-logo-header.png\",\"contentUrl\":\"https:\\\/\\\/www.bonpilates.com\\\/wp-content\\\/uploads\\\/2024\\\/03\\\/bonpilates-logo-header.png\",\"width\":319,\"height\":54,\"caption\":\"Bonpilates\"},\"image\":{\"@id\":\"https:\\\/\\\/www.bonpilates.com\\\/fr\\\/#\\\/schema\\\/logo\\\/image\\\/\"},\"sameAs\":[\"https:\\\/\\\/www.facebook.com\\\/bonpilates\\\/\",\"https:\\\/\\\/www.instagram.com\\\/bonpilatesspain\\\/\",\"https:\\\/\\\/www.youtube.com\\\/user\\\/bonpilates\\\/\"]}]}<\/script>\n<!-- \/ Yoast SEO plugin. -->","yoast_head_json":{"title":"Wunda Chair Originale - Bonpilates","robots":{"index":"index","follow":"follow","max-snippet":"max-snippet:-1","max-image-preview":"max-image-preview:large","max-video-preview":"max-video-preview:-1"},"canonical":"https:\/\/www.bonpilates.com\/fr\/producto\/chaise-originale-wunda\/","og_locale":"fr_FR","og_type":"article","og_title":"Wunda Chair Originale - Bonpilates","og_description":"La Wunda Chair Originale\u00a0est la version la plus fid\u00e8le et authentique du design imagin\u00e9 par Joseph Pilates. Sa particularit\u00e9 unique la distingue de toutes les autres : lorsqu\u2019on la retourne, elle devient un fauteuil confortable, comme Pilates l\u2019avait pens\u00e9e \u00e0 l\u2019origine pour permettre de s\u2019entra\u00eener puis de se d\u00e9tendre \u00e0 la maison.","og_url":"https:\/\/www.bonpilates.com\/fr\/producto\/chaise-originale-wunda\/","og_site_name":"Bonpilates","article_publisher":"https:\/\/www.facebook.com\/bonpilates\/","article_modified_time":"2025-11-24T07:08:20+00:00","og_image":[{"width":1000,"height":1000,"url":"https:\/\/www.bonpilates.com\/wp-content\/uploads\/2025\/05\/silla-wunda-original-ok.jpg","type":"image\/jpeg"}],"twitter_card":"summary_large_image","twitter_misc":{"Dur\u00e9e de lecture estim\u00e9e":"1 minute"},"schema":{"@context":"https:\/\/schema.org","@graph":[{"@type":"WebPage","@id":"https:\/\/www.bonpilates.com\/fr\/producto\/chaise-originale-wunda\/","url":"https:\/\/www.bonpilates.com\/fr\/producto\/chaise-originale-wunda\/","name":"Wunda Chair Originale - Bonpilates","isPartOf":{"@id":"https:\/\/www.bonpilates.com\/fr\/#website"},"primaryImageOfPage":{"@id":"https:\/\/www.bonpilates.com\/fr\/producto\/chaise-originale-wunda\/#primaryimage"},"image":{"@id":"https:\/\/www.bonpilates.com\/fr\/producto\/chaise-originale-wunda\/#primaryimage"},"thumbnailUrl":"https:\/\/www.bonpilates.com\/wp-content\/uploads\/2025\/05\/silla-wunda-original-ok.jpg","datePublished":"2020-12-15T08:14:16+00:00","dateModified":"2025-11-24T07:08:20+00:00","breadcrumb":{"@id":"https:\/\/www.bonpilates.com\/fr\/producto\/chaise-originale-wunda\/#breadcrumb"},"inLanguage":"fr-FR","potentialAction":[{"@type":"ReadAction","target":["https:\/\/www.bonpilates.com\/fr\/producto\/chaise-originale-wunda\/"]}]},{"@type":"ImageObject","inLanguage":"fr-FR","@id":"https:\/\/www.bonpilates.com\/fr\/producto\/chaise-originale-wunda\/#primaryimage","url":"https:\/\/www.bonpilates.com\/wp-content\/uploads\/2025\/05\/silla-wunda-original-ok.jpg","contentUrl":"https:\/\/www.bonpilates.com\/wp-content\/uploads\/2025\/05\/silla-wunda-original-ok.jpg","width":1000,"height":1000},{"@type":"BreadcrumbList","@id":"https:\/\/www.bonpilates.com\/fr\/producto\/chaise-originale-wunda\/#breadcrumb","itemListElement":[{"@type":"ListItem","position":1,"name":"Bonpilates","item":"https:\/\/www.bonpilates.com\/fr\/"},{"@type":"ListItem","position":2,"name":"Equipement pour Pilates","item":"https:\/\/www.bonpilates.com\/fr\/equipement-pilates\/"},{"@type":"ListItem","position":3,"name":"Wunda Chair Originale"}]},{"@type":"WebSite","@id":"https:\/\/www.bonpilates.com\/fr\/#website","url":"https:\/\/www.bonpilates.com\/fr\/","name":"Bonpilates","description":"Desarrollamos y comercializamos m\u00e1quinas de pilates reformer, equipment, accesorios y otros aparatos ideales para practicar este entrenamiento. Bonpilates presenta a sus clientes soluciones de alta calidad y tecnolog\u00eda.","publisher":{"@id":"https:\/\/www.bonpilates.com\/fr\/#organization"},"potentialAction":[{"@type":"SearchAction","target":{"@type":"EntryPoint","urlTemplate":"https:\/\/www.bonpilates.com\/fr\/?s={search_term_string}"},"query-input":{"@type":"PropertyValueSpecification","valueRequired":true,"valueName":"search_term_string"}}],"inLanguage":"fr-FR"},{"@type":"Organization","@id":"https:\/\/www.bonpilates.com\/fr\/#organization","name":"Bonpilates","url":"https:\/\/www.bonpilates.com\/fr\/","logo":{"@type":"ImageObject","inLanguage":"fr-FR","@id":"https:\/\/www.bonpilates.com\/fr\/#\/schema\/logo\/image\/","url":"https:\/\/www.bonpilates.com\/wp-content\/uploads\/2024\/03\/bonpilates-logo-header.png","contentUrl":"https:\/\/www.bonpilates.com\/wp-content\/uploads\/2024\/03\/bonpilates-logo-header.png","width":319,"height":54,"caption":"Bonpilates"},"image":{"@id":"https:\/\/www.bonpilates.com\/fr\/#\/schema\/logo\/image\/"},"sameAs":["https:\/\/www.facebook.com\/bonpilates\/","https:\/\/www.instagram.com\/bonpilatesspain\/","https:\/\/www.youtube.com\/user\/bonpilates\/"]}]}},"_links":{"self":[{"href":"https:\/\/www.bonpilates.com\/fr\/wp-json\/wp\/v2\/product\/44981","targetHints":{"allow":["GET"]}}],"collection":[{"href":"https:\/\/www.bonpilates.com\/fr\/wp-json\/wp\/v2\/product"}],"about":[{"href":"https:\/\/www.bonpilates.com\/fr\/wp-json\/wp\/v2\/types\/product"}],"wp:featuredmedia":[{"embeddable":true,"href":"https:\/\/www.bonpilates.com\/fr\/wp-json\/wp\/v2\/media\/43152"}],"wp:attachment":[{"href":"https:\/\/www.bonpilates.com\/fr\/wp-json\/wp\/v2\/media?parent=44981"}],"wp:term":[{"taxonomy":"product_brand","embeddable":true,"href":"https:\/\/www.bonpilates.com\/fr\/wp-json\/wp\/v2\/product_brand?post=44981"},{"taxonomy":"product_cat","embeddable":true,"href":"https:\/\/www.bonpilates.com\/fr\/wp-json\/wp\/v2\/product_cat?post=44981"},{"taxonomy":"product_tag","embeddable":true,"href":"https:\/\/www.bonpilates.com\/fr\/wp-json\/wp\/v2\/product_tag?post=44981"}],"curies":[{"name":"wp","href":"https:\/\/api.w.org\/{rel}","templated":true}]}}