{"id":45110,"date":"2019-04-08T11:42:30","date_gmt":"2019-04-08T09:42:30","guid":{"rendered":"https:\/\/www.bonpilates.com\/producto\/pedi-pole-fr\/"},"modified":"2025-05-06T07:17:19","modified_gmt":"2025-05-06T07:17:19","slug":"pedi-pole","status":"publish","type":"product","link":"https:\/\/www.bonpilates.com\/fr\/producto\/pedi-pole\/","title":{"rendered":"Pedi Pole"},"content":{"rendered":"","protected":false},"excerpt":{"rendered":"<p><span style=\"font-weight: 400;\">Le Pedi Pole nous aide \u00e0 travailler sur la posture, l&rsquo;alignement, la coordination, le contr\u00f4le, la respiration et l&rsquo;\u00e9quilibre. Les mouvements que nous permet pratiquer le Pedi Pole sont consid\u00e9r\u00e9s la progression aux exercices r\u00e9alis\u00e9s sur le mur au niveau basic. Ainsi, on peut pratiquer la colocation du corps exactement comme requis au niveau avanc\u00e9. Le Pedi Pole est l\u2019un des appareils les plus d\u00e9fiants de la m\u00e9thode.<\/span><\/p>\n","protected":false},"featured_media":43656,"template":"","meta":{"_acf_changed":false},"product_brand":[],"product_cat":[1004],"product_tag":[],"class_list":{"0":"post-45110","1":"product","2":"type-product","3":"status-publish","4":"has-post-thumbnail","6":"product_cat-classique","8":"first","9":"instock","10":"taxable","11":"shipping-taxable","12":"product-type-simple"},"acf":[],"yoast_head":"<!-- This site is optimized with the Yoast SEO plugin v27.5 - https:\/\/yoast.com\/product\/yoast-seo-wordpress\/ -->\n<title>Pedi Pole - Bonpilates<\/title>\n<meta name=\"robots\" content=\"index, follow, max-snippet:-1, max-image-preview:large, max-video-preview:-1\" \/>\n<link rel=\"canonical\" href=\"https:\/\/www.bonpilates.com\/fr\/producto\/pedi-pole\/\" \/>\n<meta property=\"og:locale\" content=\"fr_FR\" \/>\n<meta property=\"og:type\" content=\"article\" \/>\n<meta property=\"og:title\" content=\"Pedi Pole - Bonpilates\" \/>\n<meta property=\"og:description\" content=\"Le Pedi Pole nous aide \u00e0 travailler sur la posture, l&#039;alignement, la coordination, le contr\u00f4le, la respiration et l&#039;\u00e9quilibre. Les mouvements que nous permet pratiquer le Pedi Pole sont consid\u00e9r\u00e9s la progression aux exercices r\u00e9alis\u00e9s sur le mur au niveau basic. Ainsi, on peut pratiquer la colocation du corps exactement comme requis au niveau avanc\u00e9. Le Pedi Pole est l\u2019un des appareils les plus d\u00e9fiants de la m\u00e9thode.\" \/>\n<meta property=\"og:url\" content=\"https:\/\/www.bonpilates.com\/fr\/producto\/pedi-pole\/\" \/>\n<meta property=\"og:site_name\" content=\"Bonpilates\" \/>\n<meta property=\"article:publisher\" content=\"https:\/\/www.facebook.com\/bonpilates\/\" \/>\n<meta property=\"article:modified_time\" content=\"2025-05-06T07:17:19+00:00\" \/>\n<meta property=\"og:image\" content=\"https:\/\/www.bonpilates.com\/wp-content\/uploads\/2025\/05\/pedi-pole-bonpilates1-ok.jpg\" \/>\n\t<meta property=\"og:image:width\" content=\"1000\" \/>\n\t<meta property=\"og:image:height\" content=\"1000\" \/>\n\t<meta property=\"og:image:type\" content=\"image\/jpeg\" \/>\n<meta name=\"twitter:card\" content=\"summary_large_image\" \/>\n<script type=\"application\/ld+json\" class=\"yoast-schema-graph\">{\"@context\":\"https:\\\/\\\/schema.org\",\"@graph\":[{\"@type\":\"WebPage\",\"@id\":\"https:\\\/\\\/www.bonpilates.com\\\/fr\\\/producto\\\/pedi-pole\\\/\",\"url\":\"https:\\\/\\\/www.bonpilates.com\\\/fr\\\/producto\\\/pedi-pole\\\/\",\"name\":\"Pedi Pole - Bonpilates\",\"isPartOf\":{\"@id\":\"https:\\\/\\\/www.bonpilates.com\\\/fr\\\/#website\"},\"primaryImageOfPage\":{\"@id\":\"https:\\\/\\\/www.bonpilates.com\\\/fr\\\/producto\\\/pedi-pole\\\/#primaryimage\"},\"image\":{\"@id\":\"https:\\\/\\\/www.bonpilates.com\\\/fr\\\/producto\\\/pedi-pole\\\/#primaryimage\"},\"thumbnailUrl\":\"https:\\\/\\\/www.bonpilates.com\\\/wp-content\\\/uploads\\\/2025\\\/05\\\/pedi-pole-bonpilates1-ok.jpg\",\"datePublished\":\"2019-04-08T09:42:30+00:00\",\"dateModified\":\"2025-05-06T07:17:19+00:00\",\"breadcrumb\":{\"@id\":\"https:\\\/\\\/www.bonpilates.com\\\/fr\\\/producto\\\/pedi-pole\\\/#breadcrumb\"},\"inLanguage\":\"fr-FR\",\"potentialAction\":[{\"@type\":\"ReadAction\",\"target\":[\"https:\\\/\\\/www.bonpilates.com\\\/fr\\\/producto\\\/pedi-pole\\\/\"]}]},{\"@type\":\"ImageObject\",\"inLanguage\":\"fr-FR\",\"@id\":\"https:\\\/\\\/www.bonpilates.com\\\/fr\\\/producto\\\/pedi-pole\\\/#primaryimage\",\"url\":\"https:\\\/\\\/www.bonpilates.com\\\/wp-content\\\/uploads\\\/2025\\\/05\\\/pedi-pole-bonpilates1-ok.jpg\",\"contentUrl\":\"https:\\\/\\\/www.bonpilates.com\\\/wp-content\\\/uploads\\\/2025\\\/05\\\/pedi-pole-bonpilates1-ok.jpg\",\"width\":1000,\"height\":1000},{\"@type\":\"BreadcrumbList\",\"@id\":\"https:\\\/\\\/www.bonpilates.com\\\/fr\\\/producto\\\/pedi-pole\\\/#breadcrumb\",\"itemListElement\":[{\"@type\":\"ListItem\",\"position\":1,\"name\":\"Bonpilates\",\"item\":\"https:\\\/\\\/www.bonpilates.com\\\/fr\\\/\"},{\"@type\":\"ListItem\",\"position\":2,\"name\":\"Produits\",\"item\":\"https:\\\/\\\/www.bonpilates.com\\\/fr\\\/shop\\\/\"},{\"@type\":\"ListItem\",\"position\":3,\"name\":\"Pedi Pole\"}]},{\"@type\":\"WebSite\",\"@id\":\"https:\\\/\\\/www.bonpilates.com\\\/fr\\\/#website\",\"url\":\"https:\\\/\\\/www.bonpilates.com\\\/fr\\\/\",\"name\":\"Bonpilates\",\"description\":\"Desarrollamos y comercializamos m\u00e1quinas de pilates reformer, equipment, accesorios y otros aparatos ideales para practicar este entrenamiento. Bonpilates presenta a sus clientes soluciones de alta calidad y tecnolog\u00eda.\",\"publisher\":{\"@id\":\"https:\\\/\\\/www.bonpilates.com\\\/fr\\\/#organization\"},\"potentialAction\":[{\"@type\":\"SearchAction\",\"target\":{\"@type\":\"EntryPoint\",\"urlTemplate\":\"https:\\\/\\\/www.bonpilates.com\\\/fr\\\/?s={search_term_string}\"},\"query-input\":{\"@type\":\"PropertyValueSpecification\",\"valueRequired\":true,\"valueName\":\"search_term_string\"}}],\"inLanguage\":\"fr-FR\"},{\"@type\":\"Organization\",\"@id\":\"https:\\\/\\\/www.bonpilates.com\\\/fr\\\/#organization\",\"name\":\"Bonpilates\",\"url\":\"https:\\\/\\\/www.bonpilates.com\\\/fr\\\/\",\"logo\":{\"@type\":\"ImageObject\",\"inLanguage\":\"fr-FR\",\"@id\":\"https:\\\/\\\/www.bonpilates.com\\\/fr\\\/#\\\/schema\\\/logo\\\/image\\\/\",\"url\":\"https:\\\/\\\/www.bonpilates.com\\\/wp-content\\\/uploads\\\/2024\\\/03\\\/bonpilates-logo-header.png\",\"contentUrl\":\"https:\\\/\\\/www.bonpilates.com\\\/wp-content\\\/uploads\\\/2024\\\/03\\\/bonpilates-logo-header.png\",\"width\":319,\"height\":54,\"caption\":\"Bonpilates\"},\"image\":{\"@id\":\"https:\\\/\\\/www.bonpilates.com\\\/fr\\\/#\\\/schema\\\/logo\\\/image\\\/\"},\"sameAs\":[\"https:\\\/\\\/www.facebook.com\\\/bonpilates\\\/\",\"https:\\\/\\\/www.instagram.com\\\/bonpilatesspain\\\/\",\"https:\\\/\\\/www.youtube.com\\\/user\\\/bonpilates\\\/\"]}]}<\/script>\n<!-- \/ Yoast SEO plugin. -->","yoast_head_json":{"title":"Pedi Pole - Bonpilates","robots":{"index":"index","follow":"follow","max-snippet":"max-snippet:-1","max-image-preview":"max-image-preview:large","max-video-preview":"max-video-preview:-1"},"canonical":"https:\/\/www.bonpilates.com\/fr\/producto\/pedi-pole\/","og_locale":"fr_FR","og_type":"article","og_title":"Pedi Pole - Bonpilates","og_description":"Le Pedi Pole nous aide \u00e0 travailler sur la posture, l'alignement, la coordination, le contr\u00f4le, la respiration et l'\u00e9quilibre. Les mouvements que nous permet pratiquer le Pedi Pole sont consid\u00e9r\u00e9s la progression aux exercices r\u00e9alis\u00e9s sur le mur au niveau basic. Ainsi, on peut pratiquer la colocation du corps exactement comme requis au niveau avanc\u00e9. Le Pedi Pole est l\u2019un des appareils les plus d\u00e9fiants de la m\u00e9thode.","og_url":"https:\/\/www.bonpilates.com\/fr\/producto\/pedi-pole\/","og_site_name":"Bonpilates","article_publisher":"https:\/\/www.facebook.com\/bonpilates\/","article_modified_time":"2025-05-06T07:17:19+00:00","og_image":[{"width":1000,"height":1000,"url":"https:\/\/www.bonpilates.com\/wp-content\/uploads\/2025\/05\/pedi-pole-bonpilates1-ok.jpg","type":"image\/jpeg"}],"twitter_card":"summary_large_image","schema":{"@context":"https:\/\/schema.org","@graph":[{"@type":"WebPage","@id":"https:\/\/www.bonpilates.com\/fr\/producto\/pedi-pole\/","url":"https:\/\/www.bonpilates.com\/fr\/producto\/pedi-pole\/","name":"Pedi Pole - Bonpilates","isPartOf":{"@id":"https:\/\/www.bonpilates.com\/fr\/#website"},"primaryImageOfPage":{"@id":"https:\/\/www.bonpilates.com\/fr\/producto\/pedi-pole\/#primaryimage"},"image":{"@id":"https:\/\/www.bonpilates.com\/fr\/producto\/pedi-pole\/#primaryimage"},"thumbnailUrl":"https:\/\/www.bonpilates.com\/wp-content\/uploads\/2025\/05\/pedi-pole-bonpilates1-ok.jpg","datePublished":"2019-04-08T09:42:30+00:00","dateModified":"2025-05-06T07:17:19+00:00","breadcrumb":{"@id":"https:\/\/www.bonpilates.com\/fr\/producto\/pedi-pole\/#breadcrumb"},"inLanguage":"fr-FR","potentialAction":[{"@type":"ReadAction","target":["https:\/\/www.bonpilates.com\/fr\/producto\/pedi-pole\/"]}]},{"@type":"ImageObject","inLanguage":"fr-FR","@id":"https:\/\/www.bonpilates.com\/fr\/producto\/pedi-pole\/#primaryimage","url":"https:\/\/www.bonpilates.com\/wp-content\/uploads\/2025\/05\/pedi-pole-bonpilates1-ok.jpg","contentUrl":"https:\/\/www.bonpilates.com\/wp-content\/uploads\/2025\/05\/pedi-pole-bonpilates1-ok.jpg","width":1000,"height":1000},{"@type":"BreadcrumbList","@id":"https:\/\/www.bonpilates.com\/fr\/producto\/pedi-pole\/#breadcrumb","itemListElement":[{"@type":"ListItem","position":1,"name":"Bonpilates","item":"https:\/\/www.bonpilates.com\/fr\/"},{"@type":"ListItem","position":2,"name":"Produits","item":"https:\/\/www.bonpilates.com\/fr\/shop\/"},{"@type":"ListItem","position":3,"name":"Pedi Pole"}]},{"@type":"WebSite","@id":"https:\/\/www.bonpilates.com\/fr\/#website","url":"https:\/\/www.bonpilates.com\/fr\/","name":"Bonpilates","description":"Desarrollamos y comercializamos m\u00e1quinas de pilates reformer, equipment, accesorios y otros aparatos ideales para practicar este entrenamiento. Bonpilates presenta a sus clientes soluciones de alta calidad y tecnolog\u00eda.","publisher":{"@id":"https:\/\/www.bonpilates.com\/fr\/#organization"},"potentialAction":[{"@type":"SearchAction","target":{"@type":"EntryPoint","urlTemplate":"https:\/\/www.bonpilates.com\/fr\/?s={search_term_string}"},"query-input":{"@type":"PropertyValueSpecification","valueRequired":true,"valueName":"search_term_string"}}],"inLanguage":"fr-FR"},{"@type":"Organization","@id":"https:\/\/www.bonpilates.com\/fr\/#organization","name":"Bonpilates","url":"https:\/\/www.bonpilates.com\/fr\/","logo":{"@type":"ImageObject","inLanguage":"fr-FR","@id":"https:\/\/www.bonpilates.com\/fr\/#\/schema\/logo\/image\/","url":"https:\/\/www.bonpilates.com\/wp-content\/uploads\/2024\/03\/bonpilates-logo-header.png","contentUrl":"https:\/\/www.bonpilates.com\/wp-content\/uploads\/2024\/03\/bonpilates-logo-header.png","width":319,"height":54,"caption":"Bonpilates"},"image":{"@id":"https:\/\/www.bonpilates.com\/fr\/#\/schema\/logo\/image\/"},"sameAs":["https:\/\/www.facebook.com\/bonpilates\/","https:\/\/www.instagram.com\/bonpilatesspain\/","https:\/\/www.youtube.com\/user\/bonpilates\/"]}]}},"_links":{"self":[{"href":"https:\/\/www.bonpilates.com\/fr\/wp-json\/wp\/v2\/product\/45110","targetHints":{"allow":["GET"]}}],"collection":[{"href":"https:\/\/www.bonpilates.com\/fr\/wp-json\/wp\/v2\/product"}],"about":[{"href":"https:\/\/www.bonpilates.com\/fr\/wp-json\/wp\/v2\/types\/product"}],"wp:featuredmedia":[{"embeddable":true,"href":"https:\/\/www.bonpilates.com\/fr\/wp-json\/wp\/v2\/media\/43656"}],"wp:attachment":[{"href":"https:\/\/www.bonpilates.com\/fr\/wp-json\/wp\/v2\/media?parent=45110"}],"wp:term":[{"taxonomy":"product_brand","embeddable":true,"href":"https:\/\/www.bonpilates.com\/fr\/wp-json\/wp\/v2\/product_brand?post=45110"},{"taxonomy":"product_cat","embeddable":true,"href":"https:\/\/www.bonpilates.com\/fr\/wp-json\/wp\/v2\/product_cat?post=45110"},{"taxonomy":"product_tag","embeddable":true,"href":"https:\/\/www.bonpilates.com\/fr\/wp-json\/wp\/v2\/product_tag?post=45110"}],"curies":[{"name":"wp","href":"https:\/\/api.w.org\/{rel}","templated":true}]}}