{"id":50271,"date":"2025-11-28T09:08:40","date_gmt":"2025-11-28T08:08:40","guid":{"rendered":"https:\/\/www.bonpilates.com\/?post_type=product&p=50271"},"modified":"2025-11-28T10:00:53","modified_gmt":"2025-11-28T09:00:53","slug":"torre-barreformer-monitor-pro","status":"publish","type":"product","link":"https:\/\/www.bonpilates.com\/fr\/producto\/torre-barreformer-monitor-pro\/","title":{"rendered":"Torre Barreformer Monitor Pro"},"content":{"rendered":"<p>Comprend : 2 ressorts jaunes courts avec barre respiratoire + 2 ressorts bleus longs avec poign\u00e9es en n\u00e9opr\u00e8ne.<br \/>\nDe plus, gr\u00e2ce aux accessoires suppl\u00e9mentaires inclus, vous pourrez non seulement travailler sur le reformer combin\u00e9 \u00e0 la tour, mais aussi debout avec les ressorts ou uniquement avec la barre, ce qui vous permettra d&rsquo;am\u00e9liorer encore davantage vos cours.<br \/>Compatible avec la r\u00e9f\u00e9rence 81000072.<\/p>\n","protected":false},"excerpt":{"rendered":"<p>Un accessoire qui s&rsquo;adapte aux reformers en aluminium et qui allie le meilleur du Pilates \u00e0 l&rsquo;\u00e9nergie et \u00e0 l&rsquo;\u00e9l\u00e9gance de la Barre. Gr\u00e2ce \u00e0 lui, vous pourrez aller plus loin dans votre studio, en cr\u00e9ant des cours hybrides Pilates + Barre qui surprendront vos \u00e9l\u00e8ves, vous aideront \u00e0 vous d\u00e9marquer et rendront votre espace encore plus polyvalent et motivant. <\/p>\n","protected":false},"featured_media":50244,"template":"","meta":{"_acf_changed":false},"product_brand":[],"product_cat":[987,1037],"product_tag":[],"class_list":{"0":"post-50271","1":"product","2":"type-product","3":"status-publish","4":"has-post-thumbnail","6":"product_cat-contemporain","7":"product_cat-tour","9":"first","10":"instock","11":"taxable","12":"shipping-taxable","13":"product-type-simple"},"acf":[],"yoast_head":"<!-- This site is optimized with the Yoast SEO plugin v27.3 - https:\/\/yoast.com\/product\/yoast-seo-wordpress\/ -->\n<title>Torre Barreformer Monitor Pro - Bonpilates<\/title>\n<meta name=\"robots\" content=\"index, follow, max-snippet:-1, max-image-preview:large, max-video-preview:-1\" \/>\n<link rel=\"canonical\" href=\"https:\/\/www.bonpilates.com\/fr\/producto\/torre-barreformer-monitor-pro\/\" \/>\n<meta property=\"og:locale\" content=\"fr_FR\" \/>\n<meta property=\"og:type\" content=\"article\" \/>\n<meta property=\"og:title\" content=\"Torre Barreformer Monitor Pro - Bonpilates\" \/>\n<meta property=\"og:description\" content=\"Un accessoire qui s&#039;adapte aux reformers en aluminium et qui allie le meilleur du Pilates \u00e0 l&#039;\u00e9nergie et \u00e0 l&#039;\u00e9l\u00e9gance de la Barre. Gr\u00e2ce \u00e0 lui, vous pourrez aller plus loin dans votre studio, en cr\u00e9ant des cours hybrides Pilates + Barre qui surprendront vos \u00e9l\u00e8ves, vous aideront \u00e0 vous d\u00e9marquer et rendront votre espace encore plus polyvalent et motivant.\" \/>\n<meta property=\"og:url\" content=\"https:\/\/www.bonpilates.com\/fr\/producto\/torre-barreformer-monitor-pro\/\" \/>\n<meta property=\"og:site_name\" content=\"Bonpilates\" \/>\n<meta property=\"article:publisher\" content=\"https:\/\/www.facebook.com\/bonpilates\/\" \/>\n<meta property=\"article:modified_time\" content=\"2025-11-28T09:00:53+00:00\" \/>\n<meta property=\"og:image\" content=\"https:\/\/www.bonpilates.com\/wp-content\/uploads\/2025\/11\/81000259.jpg\" \/>\n\t<meta property=\"og:image:width\" content=\"853\" \/>\n\t<meta property=\"og:image:height\" content=\"1280\" \/>\n\t<meta property=\"og:image:type\" content=\"image\/jpeg\" \/>\n<meta name=\"twitter:card\" content=\"summary_large_image\" \/>\n<script type=\"application\/ld+json\" class=\"yoast-schema-graph\">{\"@context\":\"https:\\\/\\\/schema.org\",\"@graph\":[{\"@type\":\"WebPage\",\"@id\":\"https:\\\/\\\/www.bonpilates.com\\\/fr\\\/producto\\\/torre-barreformer-monitor-pro\\\/\",\"url\":\"https:\\\/\\\/www.bonpilates.com\\\/fr\\\/producto\\\/torre-barreformer-monitor-pro\\\/\",\"name\":\"Torre Barreformer Monitor Pro - Bonpilates\",\"isPartOf\":{\"@id\":\"https:\\\/\\\/www.bonpilates.com\\\/fr\\\/#website\"},\"primaryImageOfPage\":{\"@id\":\"https:\\\/\\\/www.bonpilates.com\\\/fr\\\/producto\\\/torre-barreformer-monitor-pro\\\/#primaryimage\"},\"image\":{\"@id\":\"https:\\\/\\\/www.bonpilates.com\\\/fr\\\/producto\\\/torre-barreformer-monitor-pro\\\/#primaryimage\"},\"thumbnailUrl\":\"https:\\\/\\\/www.bonpilates.com\\\/wp-content\\\/uploads\\\/2025\\\/11\\\/81000259.jpg\",\"datePublished\":\"2025-11-28T08:08:40+00:00\",\"dateModified\":\"2025-11-28T09:00:53+00:00\",\"breadcrumb\":{\"@id\":\"https:\\\/\\\/www.bonpilates.com\\\/fr\\\/producto\\\/torre-barreformer-monitor-pro\\\/#breadcrumb\"},\"inLanguage\":\"fr-FR\",\"potentialAction\":[{\"@type\":\"ReadAction\",\"target\":[\"https:\\\/\\\/www.bonpilates.com\\\/fr\\\/producto\\\/torre-barreformer-monitor-pro\\\/\"]}]},{\"@type\":\"ImageObject\",\"inLanguage\":\"fr-FR\",\"@id\":\"https:\\\/\\\/www.bonpilates.com\\\/fr\\\/producto\\\/torre-barreformer-monitor-pro\\\/#primaryimage\",\"url\":\"https:\\\/\\\/www.bonpilates.com\\\/wp-content\\\/uploads\\\/2025\\\/11\\\/81000259.jpg\",\"contentUrl\":\"https:\\\/\\\/www.bonpilates.com\\\/wp-content\\\/uploads\\\/2025\\\/11\\\/81000259.jpg\",\"width\":853,\"height\":1280},{\"@type\":\"BreadcrumbList\",\"@id\":\"https:\\\/\\\/www.bonpilates.com\\\/fr\\\/producto\\\/torre-barreformer-monitor-pro\\\/#breadcrumb\",\"itemListElement\":[{\"@type\":\"ListItem\",\"position\":1,\"name\":\"Bonpilates\",\"item\":\"https:\\\/\\\/www.bonpilates.com\\\/fr\\\/\"},{\"@type\":\"ListItem\",\"position\":2,\"name\":\"Equipement pour Pilates\",\"item\":\"https:\\\/\\\/www.bonpilates.com\\\/fr\\\/equipement-pilates\\\/\"},{\"@type\":\"ListItem\",\"position\":3,\"name\":\"Torre Barreformer Monitor Pro\"}]},{\"@type\":\"WebSite\",\"@id\":\"https:\\\/\\\/www.bonpilates.com\\\/fr\\\/#website\",\"url\":\"https:\\\/\\\/www.bonpilates.com\\\/fr\\\/\",\"name\":\"Bonpilates\",\"description\":\"Desarrollamos y comercializamos m\u00e1quinas de pilates reformer, equipment, accesorios y otros aparatos ideales para practicar este entrenamiento. Bonpilates presenta a sus clientes soluciones de alta calidad y tecnolog\u00eda.\",\"publisher\":{\"@id\":\"https:\\\/\\\/www.bonpilates.com\\\/fr\\\/#organization\"},\"potentialAction\":[{\"@type\":\"SearchAction\",\"target\":{\"@type\":\"EntryPoint\",\"urlTemplate\":\"https:\\\/\\\/www.bonpilates.com\\\/fr\\\/?s={search_term_string}\"},\"query-input\":{\"@type\":\"PropertyValueSpecification\",\"valueRequired\":true,\"valueName\":\"search_term_string\"}}],\"inLanguage\":\"fr-FR\"},{\"@type\":\"Organization\",\"@id\":\"https:\\\/\\\/www.bonpilates.com\\\/fr\\\/#organization\",\"name\":\"Bonpilates\",\"url\":\"https:\\\/\\\/www.bonpilates.com\\\/fr\\\/\",\"logo\":{\"@type\":\"ImageObject\",\"inLanguage\":\"fr-FR\",\"@id\":\"https:\\\/\\\/www.bonpilates.com\\\/fr\\\/#\\\/schema\\\/logo\\\/image\\\/\",\"url\":\"https:\\\/\\\/www.bonpilates.com\\\/wp-content\\\/uploads\\\/2024\\\/03\\\/bonpilates-logo-header.png\",\"contentUrl\":\"https:\\\/\\\/www.bonpilates.com\\\/wp-content\\\/uploads\\\/2024\\\/03\\\/bonpilates-logo-header.png\",\"width\":319,\"height\":54,\"caption\":\"Bonpilates\"},\"image\":{\"@id\":\"https:\\\/\\\/www.bonpilates.com\\\/fr\\\/#\\\/schema\\\/logo\\\/image\\\/\"},\"sameAs\":[\"https:\\\/\\\/www.facebook.com\\\/bonpilates\\\/\",\"https:\\\/\\\/www.instagram.com\\\/bonpilatesspain\\\/\",\"https:\\\/\\\/www.youtube.com\\\/user\\\/bonpilates\\\/\"]}]}<\/script>\n<!-- \/ Yoast SEO plugin. -->","yoast_head_json":{"title":"Torre Barreformer Monitor Pro - Bonpilates","robots":{"index":"index","follow":"follow","max-snippet":"max-snippet:-1","max-image-preview":"max-image-preview:large","max-video-preview":"max-video-preview:-1"},"canonical":"https:\/\/www.bonpilates.com\/fr\/producto\/torre-barreformer-monitor-pro\/","og_locale":"fr_FR","og_type":"article","og_title":"Torre Barreformer Monitor Pro - Bonpilates","og_description":"Un accessoire qui s'adapte aux reformers en aluminium et qui allie le meilleur du Pilates \u00e0 l'\u00e9nergie et \u00e0 l'\u00e9l\u00e9gance de la Barre. Gr\u00e2ce \u00e0 lui, vous pourrez aller plus loin dans votre studio, en cr\u00e9ant des cours hybrides Pilates + Barre qui surprendront vos \u00e9l\u00e8ves, vous aideront \u00e0 vous d\u00e9marquer et rendront votre espace encore plus polyvalent et motivant.","og_url":"https:\/\/www.bonpilates.com\/fr\/producto\/torre-barreformer-monitor-pro\/","og_site_name":"Bonpilates","article_publisher":"https:\/\/www.facebook.com\/bonpilates\/","article_modified_time":"2025-11-28T09:00:53+00:00","og_image":[{"width":853,"height":1280,"url":"https:\/\/www.bonpilates.com\/wp-content\/uploads\/2025\/11\/81000259.jpg","type":"image\/jpeg"}],"twitter_card":"summary_large_image","schema":{"@context":"https:\/\/schema.org","@graph":[{"@type":"WebPage","@id":"https:\/\/www.bonpilates.com\/fr\/producto\/torre-barreformer-monitor-pro\/","url":"https:\/\/www.bonpilates.com\/fr\/producto\/torre-barreformer-monitor-pro\/","name":"Torre Barreformer Monitor Pro - Bonpilates","isPartOf":{"@id":"https:\/\/www.bonpilates.com\/fr\/#website"},"primaryImageOfPage":{"@id":"https:\/\/www.bonpilates.com\/fr\/producto\/torre-barreformer-monitor-pro\/#primaryimage"},"image":{"@id":"https:\/\/www.bonpilates.com\/fr\/producto\/torre-barreformer-monitor-pro\/#primaryimage"},"thumbnailUrl":"https:\/\/www.bonpilates.com\/wp-content\/uploads\/2025\/11\/81000259.jpg","datePublished":"2025-11-28T08:08:40+00:00","dateModified":"2025-11-28T09:00:53+00:00","breadcrumb":{"@id":"https:\/\/www.bonpilates.com\/fr\/producto\/torre-barreformer-monitor-pro\/#breadcrumb"},"inLanguage":"fr-FR","potentialAction":[{"@type":"ReadAction","target":["https:\/\/www.bonpilates.com\/fr\/producto\/torre-barreformer-monitor-pro\/"]}]},{"@type":"ImageObject","inLanguage":"fr-FR","@id":"https:\/\/www.bonpilates.com\/fr\/producto\/torre-barreformer-monitor-pro\/#primaryimage","url":"https:\/\/www.bonpilates.com\/wp-content\/uploads\/2025\/11\/81000259.jpg","contentUrl":"https:\/\/www.bonpilates.com\/wp-content\/uploads\/2025\/11\/81000259.jpg","width":853,"height":1280},{"@type":"BreadcrumbList","@id":"https:\/\/www.bonpilates.com\/fr\/producto\/torre-barreformer-monitor-pro\/#breadcrumb","itemListElement":[{"@type":"ListItem","position":1,"name":"Bonpilates","item":"https:\/\/www.bonpilates.com\/fr\/"},{"@type":"ListItem","position":2,"name":"Equipement pour Pilates","item":"https:\/\/www.bonpilates.com\/fr\/equipement-pilates\/"},{"@type":"ListItem","position":3,"name":"Torre Barreformer Monitor Pro"}]},{"@type":"WebSite","@id":"https:\/\/www.bonpilates.com\/fr\/#website","url":"https:\/\/www.bonpilates.com\/fr\/","name":"Bonpilates","description":"Desarrollamos y comercializamos m\u00e1quinas de pilates reformer, equipment, accesorios y otros aparatos ideales para practicar este entrenamiento. Bonpilates presenta a sus clientes soluciones de alta calidad y tecnolog\u00eda.","publisher":{"@id":"https:\/\/www.bonpilates.com\/fr\/#organization"},"potentialAction":[{"@type":"SearchAction","target":{"@type":"EntryPoint","urlTemplate":"https:\/\/www.bonpilates.com\/fr\/?s={search_term_string}"},"query-input":{"@type":"PropertyValueSpecification","valueRequired":true,"valueName":"search_term_string"}}],"inLanguage":"fr-FR"},{"@type":"Organization","@id":"https:\/\/www.bonpilates.com\/fr\/#organization","name":"Bonpilates","url":"https:\/\/www.bonpilates.com\/fr\/","logo":{"@type":"ImageObject","inLanguage":"fr-FR","@id":"https:\/\/www.bonpilates.com\/fr\/#\/schema\/logo\/image\/","url":"https:\/\/www.bonpilates.com\/wp-content\/uploads\/2024\/03\/bonpilates-logo-header.png","contentUrl":"https:\/\/www.bonpilates.com\/wp-content\/uploads\/2024\/03\/bonpilates-logo-header.png","width":319,"height":54,"caption":"Bonpilates"},"image":{"@id":"https:\/\/www.bonpilates.com\/fr\/#\/schema\/logo\/image\/"},"sameAs":["https:\/\/www.facebook.com\/bonpilates\/","https:\/\/www.instagram.com\/bonpilatesspain\/","https:\/\/www.youtube.com\/user\/bonpilates\/"]}]}},"_links":{"self":[{"href":"https:\/\/www.bonpilates.com\/fr\/wp-json\/wp\/v2\/product\/50271","targetHints":{"allow":["GET"]}}],"collection":[{"href":"https:\/\/www.bonpilates.com\/fr\/wp-json\/wp\/v2\/product"}],"about":[{"href":"https:\/\/www.bonpilates.com\/fr\/wp-json\/wp\/v2\/types\/product"}],"wp:featuredmedia":[{"embeddable":true,"href":"https:\/\/www.bonpilates.com\/fr\/wp-json\/wp\/v2\/media\/50244"}],"wp:attachment":[{"href":"https:\/\/www.bonpilates.com\/fr\/wp-json\/wp\/v2\/media?parent=50271"}],"wp:term":[{"taxonomy":"product_brand","embeddable":true,"href":"https:\/\/www.bonpilates.com\/fr\/wp-json\/wp\/v2\/product_brand?post=50271"},{"taxonomy":"product_cat","embeddable":true,"href":"https:\/\/www.bonpilates.com\/fr\/wp-json\/wp\/v2\/product_cat?post=50271"},{"taxonomy":"product_tag","embeddable":true,"href":"https:\/\/www.bonpilates.com\/fr\/wp-json\/wp\/v2\/product_tag?post=50271"}],"curies":[{"name":"wp","href":"https:\/\/api.w.org\/{rel}","templated":true}]}}