{"id":50289,"date":"2025-11-28T09:08:42","date_gmt":"2025-11-28T08:08:42","guid":{"rendered":"https:\/\/www.bonpilates.com\/?post_type=product&#038;p=50289"},"modified":"2025-11-27T13:20:18","modified_gmt":"2025-11-27T12:20:18","slug":"barreformer-monitor-pro-bois","status":"publish","type":"product","link":"https:\/\/www.bonpilates.com\/fr\/producto\/barreformer-monitor-pro-bois\/","title":{"rendered":"Barreformer Monitor Pro"},"content":{"rendered":"<p>Le Reformer en bois, fabriqu\u00e9 en h\u00eatre, poss\u00e8de une structure tr\u00e8s solide et stable, qui permet de r\u00e9aliser n&rsquo;importe quel exercice de mani\u00e8re confortable et s\u00fbre.<\/p>\n","protected":false},"excerpt":{"rendered":"<p>Le reformer qui combine le meilleur du Pilates avec l&rsquo;\u00e9nergie et l&rsquo;\u00e9l\u00e9gance de la barre dans une version en bois. Il vous permettra d&rsquo;aller plus loin dans votre studio, en cr\u00e9ant des cours hybrides Pilates + Barre qui surprendront vos \u00e9l\u00e8ves, vous aideront \u00e0 vous d\u00e9marquer et rendront votre espace encore plus polyvalent et motivant.<br \/>\nDe plus, gr\u00e2ce aux accessoires suppl\u00e9mentaires inclus, vous pourrez non seulement travailler sur le reformer combin\u00e9 \u00e0 la tour, mais aussi debout avec les ressorts ou uniquement avec la barre, ce qui vous permettra d&rsquo;\u00e9lever vos cours \u00e0 un niveau sup\u00e9rieur.<\/p>\n","protected":false},"featured_media":50215,"template":"","meta":{"_acf_changed":false},"product_brand":[],"product_cat":[987,1219,995],"product_tag":[],"class_list":{"0":"post-50289","1":"product","2":"type-product","3":"status-publish","4":"has-post-thumbnail","6":"product_cat-contemporain","7":"product_cat-non-classe","8":"product_cat-reformers","10":"first","11":"instock","12":"taxable","13":"shipping-taxable","14":"product-type-simple"},"acf":[],"yoast_head":"<!-- This site is optimized with the Yoast SEO plugin v27.3 - https:\/\/yoast.com\/product\/yoast-seo-wordpress\/ -->\n<title>Barreformer Monitor Pro - Bonpilates<\/title>\n<meta name=\"robots\" content=\"index, follow, max-snippet:-1, max-image-preview:large, max-video-preview:-1\" \/>\n<link rel=\"canonical\" href=\"https:\/\/www.bonpilates.com\/fr\/producto\/barreformer-monitor-pro-bois\/\" \/>\n<meta property=\"og:locale\" content=\"fr_FR\" \/>\n<meta property=\"og:type\" content=\"article\" \/>\n<meta property=\"og:title\" content=\"Barreformer Monitor Pro - Bonpilates\" \/>\n<meta property=\"og:description\" content=\"Le reformer qui combine le meilleur du Pilates avec l&#039;\u00e9nergie et l&#039;\u00e9l\u00e9gance de la barre dans une version en bois. Il vous permettra d&#039;aller plus loin dans votre studio, en cr\u00e9ant des cours hybrides Pilates + Barre qui surprendront vos \u00e9l\u00e8ves, vous aideront \u00e0 vous d\u00e9marquer et rendront votre espace encore plus polyvalent et motivant. De plus, gr\u00e2ce aux accessoires suppl\u00e9mentaires inclus, vous pourrez non seulement travailler sur le reformer combin\u00e9 \u00e0 la tour, mais aussi debout avec les ressorts ou uniquement avec la barre, ce qui vous permettra d&#039;\u00e9lever vos cours \u00e0 un niveau sup\u00e9rieur.\" \/>\n<meta property=\"og:url\" content=\"https:\/\/www.bonpilates.com\/fr\/producto\/barreformer-monitor-pro-bois\/\" \/>\n<meta property=\"og:site_name\" content=\"Bonpilates\" \/>\n<meta property=\"article:publisher\" content=\"https:\/\/www.facebook.com\/bonpilates\/\" \/>\n<meta property=\"og:image\" content=\"https:\/\/www.bonpilates.com\/wp-content\/uploads\/2025\/11\/81000287.jpg\" \/>\n\t<meta property=\"og:image:width\" content=\"1280\" \/>\n\t<meta property=\"og:image:height\" content=\"853\" \/>\n\t<meta property=\"og:image:type\" content=\"image\/jpeg\" \/>\n<meta name=\"twitter:card\" content=\"summary_large_image\" \/>\n<meta name=\"twitter:label1\" content=\"Dur\u00e9e de lecture estim\u00e9e\" \/>\n\t<meta name=\"twitter:data1\" content=\"1 minute\" \/>\n<script type=\"application\/ld+json\" class=\"yoast-schema-graph\">{\"@context\":\"https:\\\/\\\/schema.org\",\"@graph\":[{\"@type\":\"WebPage\",\"@id\":\"https:\\\/\\\/www.bonpilates.com\\\/fr\\\/producto\\\/barreformer-monitor-pro-bois\\\/\",\"url\":\"https:\\\/\\\/www.bonpilates.com\\\/fr\\\/producto\\\/barreformer-monitor-pro-bois\\\/\",\"name\":\"Barreformer Monitor Pro - Bonpilates\",\"isPartOf\":{\"@id\":\"https:\\\/\\\/www.bonpilates.com\\\/fr\\\/#website\"},\"primaryImageOfPage\":{\"@id\":\"https:\\\/\\\/www.bonpilates.com\\\/fr\\\/producto\\\/barreformer-monitor-pro-bois\\\/#primaryimage\"},\"image\":{\"@id\":\"https:\\\/\\\/www.bonpilates.com\\\/fr\\\/producto\\\/barreformer-monitor-pro-bois\\\/#primaryimage\"},\"thumbnailUrl\":\"https:\\\/\\\/www.bonpilates.com\\\/wp-content\\\/uploads\\\/2025\\\/11\\\/81000287.jpg\",\"datePublished\":\"2025-11-28T08:08:42+00:00\",\"breadcrumb\":{\"@id\":\"https:\\\/\\\/www.bonpilates.com\\\/fr\\\/producto\\\/barreformer-monitor-pro-bois\\\/#breadcrumb\"},\"inLanguage\":\"fr-FR\",\"potentialAction\":[{\"@type\":\"ReadAction\",\"target\":[\"https:\\\/\\\/www.bonpilates.com\\\/fr\\\/producto\\\/barreformer-monitor-pro-bois\\\/\"]}]},{\"@type\":\"ImageObject\",\"inLanguage\":\"fr-FR\",\"@id\":\"https:\\\/\\\/www.bonpilates.com\\\/fr\\\/producto\\\/barreformer-monitor-pro-bois\\\/#primaryimage\",\"url\":\"https:\\\/\\\/www.bonpilates.com\\\/wp-content\\\/uploads\\\/2025\\\/11\\\/81000287.jpg\",\"contentUrl\":\"https:\\\/\\\/www.bonpilates.com\\\/wp-content\\\/uploads\\\/2025\\\/11\\\/81000287.jpg\",\"width\":1280,\"height\":853},{\"@type\":\"BreadcrumbList\",\"@id\":\"https:\\\/\\\/www.bonpilates.com\\\/fr\\\/producto\\\/barreformer-monitor-pro-bois\\\/#breadcrumb\",\"itemListElement\":[{\"@type\":\"ListItem\",\"position\":1,\"name\":\"Bonpilates\",\"item\":\"https:\\\/\\\/www.bonpilates.com\\\/fr\\\/\"},{\"@type\":\"ListItem\",\"position\":2,\"name\":\"Equipement pour Pilates\",\"item\":\"https:\\\/\\\/www.bonpilates.com\\\/fr\\\/equipement-pilates\\\/\"},{\"@type\":\"ListItem\",\"position\":3,\"name\":\"Barreformer Monitor Pro\"}]},{\"@type\":\"WebSite\",\"@id\":\"https:\\\/\\\/www.bonpilates.com\\\/fr\\\/#website\",\"url\":\"https:\\\/\\\/www.bonpilates.com\\\/fr\\\/\",\"name\":\"Bonpilates\",\"description\":\"Desarrollamos y comercializamos m\u00e1quinas de pilates reformer, equipment, accesorios y otros aparatos ideales para practicar este entrenamiento. Bonpilates presenta a sus clientes soluciones de alta calidad y tecnolog\u00eda.\",\"publisher\":{\"@id\":\"https:\\\/\\\/www.bonpilates.com\\\/fr\\\/#organization\"},\"potentialAction\":[{\"@type\":\"SearchAction\",\"target\":{\"@type\":\"EntryPoint\",\"urlTemplate\":\"https:\\\/\\\/www.bonpilates.com\\\/fr\\\/?s={search_term_string}\"},\"query-input\":{\"@type\":\"PropertyValueSpecification\",\"valueRequired\":true,\"valueName\":\"search_term_string\"}}],\"inLanguage\":\"fr-FR\"},{\"@type\":\"Organization\",\"@id\":\"https:\\\/\\\/www.bonpilates.com\\\/fr\\\/#organization\",\"name\":\"Bonpilates\",\"url\":\"https:\\\/\\\/www.bonpilates.com\\\/fr\\\/\",\"logo\":{\"@type\":\"ImageObject\",\"inLanguage\":\"fr-FR\",\"@id\":\"https:\\\/\\\/www.bonpilates.com\\\/fr\\\/#\\\/schema\\\/logo\\\/image\\\/\",\"url\":\"https:\\\/\\\/www.bonpilates.com\\\/wp-content\\\/uploads\\\/2024\\\/03\\\/bonpilates-logo-header.png\",\"contentUrl\":\"https:\\\/\\\/www.bonpilates.com\\\/wp-content\\\/uploads\\\/2024\\\/03\\\/bonpilates-logo-header.png\",\"width\":319,\"height\":54,\"caption\":\"Bonpilates\"},\"image\":{\"@id\":\"https:\\\/\\\/www.bonpilates.com\\\/fr\\\/#\\\/schema\\\/logo\\\/image\\\/\"},\"sameAs\":[\"https:\\\/\\\/www.facebook.com\\\/bonpilates\\\/\",\"https:\\\/\\\/www.instagram.com\\\/bonpilatesspain\\\/\",\"https:\\\/\\\/www.youtube.com\\\/user\\\/bonpilates\\\/\"]}]}<\/script>\n<!-- \/ Yoast SEO plugin. -->","yoast_head_json":{"title":"Barreformer Monitor Pro - Bonpilates","robots":{"index":"index","follow":"follow","max-snippet":"max-snippet:-1","max-image-preview":"max-image-preview:large","max-video-preview":"max-video-preview:-1"},"canonical":"https:\/\/www.bonpilates.com\/fr\/producto\/barreformer-monitor-pro-bois\/","og_locale":"fr_FR","og_type":"article","og_title":"Barreformer Monitor Pro - Bonpilates","og_description":"Le reformer qui combine le meilleur du Pilates avec l'\u00e9nergie et l'\u00e9l\u00e9gance de la barre dans une version en bois. Il vous permettra d'aller plus loin dans votre studio, en cr\u00e9ant des cours hybrides Pilates + Barre qui surprendront vos \u00e9l\u00e8ves, vous aideront \u00e0 vous d\u00e9marquer et rendront votre espace encore plus polyvalent et motivant. De plus, gr\u00e2ce aux accessoires suppl\u00e9mentaires inclus, vous pourrez non seulement travailler sur le reformer combin\u00e9 \u00e0 la tour, mais aussi debout avec les ressorts ou uniquement avec la barre, ce qui vous permettra d'\u00e9lever vos cours \u00e0 un niveau sup\u00e9rieur.","og_url":"https:\/\/www.bonpilates.com\/fr\/producto\/barreformer-monitor-pro-bois\/","og_site_name":"Bonpilates","article_publisher":"https:\/\/www.facebook.com\/bonpilates\/","og_image":[{"width":1280,"height":853,"url":"https:\/\/www.bonpilates.com\/wp-content\/uploads\/2025\/11\/81000287.jpg","type":"image\/jpeg"}],"twitter_card":"summary_large_image","twitter_misc":{"Dur\u00e9e de lecture estim\u00e9e":"1 minute"},"schema":{"@context":"https:\/\/schema.org","@graph":[{"@type":"WebPage","@id":"https:\/\/www.bonpilates.com\/fr\/producto\/barreformer-monitor-pro-bois\/","url":"https:\/\/www.bonpilates.com\/fr\/producto\/barreformer-monitor-pro-bois\/","name":"Barreformer Monitor Pro - Bonpilates","isPartOf":{"@id":"https:\/\/www.bonpilates.com\/fr\/#website"},"primaryImageOfPage":{"@id":"https:\/\/www.bonpilates.com\/fr\/producto\/barreformer-monitor-pro-bois\/#primaryimage"},"image":{"@id":"https:\/\/www.bonpilates.com\/fr\/producto\/barreformer-monitor-pro-bois\/#primaryimage"},"thumbnailUrl":"https:\/\/www.bonpilates.com\/wp-content\/uploads\/2025\/11\/81000287.jpg","datePublished":"2025-11-28T08:08:42+00:00","breadcrumb":{"@id":"https:\/\/www.bonpilates.com\/fr\/producto\/barreformer-monitor-pro-bois\/#breadcrumb"},"inLanguage":"fr-FR","potentialAction":[{"@type":"ReadAction","target":["https:\/\/www.bonpilates.com\/fr\/producto\/barreformer-monitor-pro-bois\/"]}]},{"@type":"ImageObject","inLanguage":"fr-FR","@id":"https:\/\/www.bonpilates.com\/fr\/producto\/barreformer-monitor-pro-bois\/#primaryimage","url":"https:\/\/www.bonpilates.com\/wp-content\/uploads\/2025\/11\/81000287.jpg","contentUrl":"https:\/\/www.bonpilates.com\/wp-content\/uploads\/2025\/11\/81000287.jpg","width":1280,"height":853},{"@type":"BreadcrumbList","@id":"https:\/\/www.bonpilates.com\/fr\/producto\/barreformer-monitor-pro-bois\/#breadcrumb","itemListElement":[{"@type":"ListItem","position":1,"name":"Bonpilates","item":"https:\/\/www.bonpilates.com\/fr\/"},{"@type":"ListItem","position":2,"name":"Equipement pour Pilates","item":"https:\/\/www.bonpilates.com\/fr\/equipement-pilates\/"},{"@type":"ListItem","position":3,"name":"Barreformer Monitor Pro"}]},{"@type":"WebSite","@id":"https:\/\/www.bonpilates.com\/fr\/#website","url":"https:\/\/www.bonpilates.com\/fr\/","name":"Bonpilates","description":"Desarrollamos y comercializamos m\u00e1quinas de pilates reformer, equipment, accesorios y otros aparatos ideales para practicar este entrenamiento. Bonpilates presenta a sus clientes soluciones de alta calidad y tecnolog\u00eda.","publisher":{"@id":"https:\/\/www.bonpilates.com\/fr\/#organization"},"potentialAction":[{"@type":"SearchAction","target":{"@type":"EntryPoint","urlTemplate":"https:\/\/www.bonpilates.com\/fr\/?s={search_term_string}"},"query-input":{"@type":"PropertyValueSpecification","valueRequired":true,"valueName":"search_term_string"}}],"inLanguage":"fr-FR"},{"@type":"Organization","@id":"https:\/\/www.bonpilates.com\/fr\/#organization","name":"Bonpilates","url":"https:\/\/www.bonpilates.com\/fr\/","logo":{"@type":"ImageObject","inLanguage":"fr-FR","@id":"https:\/\/www.bonpilates.com\/fr\/#\/schema\/logo\/image\/","url":"https:\/\/www.bonpilates.com\/wp-content\/uploads\/2024\/03\/bonpilates-logo-header.png","contentUrl":"https:\/\/www.bonpilates.com\/wp-content\/uploads\/2024\/03\/bonpilates-logo-header.png","width":319,"height":54,"caption":"Bonpilates"},"image":{"@id":"https:\/\/www.bonpilates.com\/fr\/#\/schema\/logo\/image\/"},"sameAs":["https:\/\/www.facebook.com\/bonpilates\/","https:\/\/www.instagram.com\/bonpilatesspain\/","https:\/\/www.youtube.com\/user\/bonpilates\/"]}]}},"_links":{"self":[{"href":"https:\/\/www.bonpilates.com\/fr\/wp-json\/wp\/v2\/product\/50289","targetHints":{"allow":["GET"]}}],"collection":[{"href":"https:\/\/www.bonpilates.com\/fr\/wp-json\/wp\/v2\/product"}],"about":[{"href":"https:\/\/www.bonpilates.com\/fr\/wp-json\/wp\/v2\/types\/product"}],"wp:featuredmedia":[{"embeddable":true,"href":"https:\/\/www.bonpilates.com\/fr\/wp-json\/wp\/v2\/media\/50215"}],"wp:attachment":[{"href":"https:\/\/www.bonpilates.com\/fr\/wp-json\/wp\/v2\/media?parent=50289"}],"wp:term":[{"taxonomy":"product_brand","embeddable":true,"href":"https:\/\/www.bonpilates.com\/fr\/wp-json\/wp\/v2\/product_brand?post=50289"},{"taxonomy":"product_cat","embeddable":true,"href":"https:\/\/www.bonpilates.com\/fr\/wp-json\/wp\/v2\/product_cat?post=50289"},{"taxonomy":"product_tag","embeddable":true,"href":"https:\/\/www.bonpilates.com\/fr\/wp-json\/wp\/v2\/product_tag?post=50289"}],"curies":[{"name":"wp","href":"https:\/\/api.w.org\/{rel}","templated":true}]}}