{"id":44910,"date":"2023-08-21T10:03:25","date_gmt":"2023-08-21T10:03:25","guid":{"rendered":"https:\/\/www.bonpilates.com\/producto\/push-up\/"},"modified":"2026-05-13T10:16:05","modified_gmt":"2026-05-13T08:16:05","slug":"push-up","status":"publish","type":"product","link":"https:\/\/www.bonpilates.com\/nl\/producto\/push-up\/","title":{"rendered":"Push Up"},"content":{"rendered":"<p>Fabricado en acero inoxidable y madera de haya natural, materiales que confieren al producto una resistencia de calidad y una belleza de tacto suave.<\/p>\n<p>Espec\u00edfico para ejercicios donde el soporte es la mu\u00f1eca. Ideal para ejercicios tipo push ups o acrob\u00e1ticos.<\/p>\n<p>Push Up Device aumenta significativamente el rango de movimiento durante cada repetici\u00f3n, lo que permite fortalecer los m\u00fasculos de manera m\u00e1s eficiente. Las personas con mu\u00f1ecas sensibles se beneficiar\u00e1n especialmente de este dispositivo, ya que elimina la presi\u00f3n de la articulaci\u00f3n y permite que el cuerpo mantenga una posici\u00f3n neutral.<\/p>\n","protected":false},"excerpt":{"rendered":"<p>Fabricado en acero inoxidable y madera de haya natural, materiales que confieren al producto una resistencia de calidad y una belleza de tacto suave. Espec\u00edfico para ejercicios donde el soporte<a href=\"https:\/\/www.bonpilates.com\/nl\/producto\/push-up\/\">Continue reading <span class=\"sr-only\">&#8220;Push Up&#8221;<\/span><\/a><\/p>\n","protected":false},"featured_media":42862,"template":"","meta":{"_acf_changed":false},"product_brand":[],"product_cat":[997,1001,1002],"product_tag":[],"class_list":{"0":"post-44910","1":"product","2":"type-product","3":"status-publish","4":"has-post-thumbnail","6":"product_cat-accesorios","7":"product_cat-black-week","8":"product_cat-linea-clasica","10":"first","11":"instock","12":"taxable","13":"shipping-taxable","14":"product-type-simple"},"acf":[],"yoast_head":"<!-- This site is optimized with the Yoast SEO plugin v27.5 - https:\/\/yoast.com\/product\/yoast-seo-wordpress\/ -->\n<title>Push Up - Bonpilates<\/title>\n<meta name=\"robots\" content=\"index, follow, max-snippet:-1, max-image-preview:large, max-video-preview:-1\" \/>\n<link rel=\"canonical\" href=\"https:\/\/www.bonpilates.com\/nl\/producto\/push-up\/\" \/>\n<meta property=\"og:locale\" content=\"nl_NL\" \/>\n<meta property=\"og:type\" content=\"article\" \/>\n<meta property=\"og:title\" content=\"Push Up - Bonpilates\" \/>\n<meta property=\"og:description\" content=\"Fabricado en acero inoxidable y madera de haya natural, materiales que confieren al producto una resistencia de calidad y una belleza de tacto suave. Espec\u00edfico para ejercicios donde el soporteContinue reading &quot;Push Up&quot;\" \/>\n<meta property=\"og:url\" content=\"https:\/\/www.bonpilates.com\/nl\/producto\/push-up\/\" \/>\n<meta property=\"og:site_name\" content=\"Bonpilates\" \/>\n<meta property=\"article:publisher\" content=\"https:\/\/www.facebook.com\/bonpilates\/\" \/>\n<meta property=\"article:modified_time\" content=\"2026-05-13T08:16:05+00:00\" \/>\n<meta property=\"og:image\" content=\"https:\/\/www.bonpilates.com\/wp-content\/uploads\/2025\/05\/PUSH-UP-81000664-2.jpg\" \/>\n\t<meta property=\"og:image:width\" content=\"1200\" \/>\n\t<meta property=\"og:image:height\" content=\"1200\" \/>\n\t<meta property=\"og:image:type\" content=\"image\/jpeg\" \/>\n<meta name=\"twitter:card\" content=\"summary_large_image\" \/>\n<meta name=\"twitter:label1\" content=\"Geschatte leestijd\" \/>\n\t<meta name=\"twitter:data1\" content=\"1 minute\" \/>\n<script type=\"application\/ld+json\" class=\"yoast-schema-graph\">{\"@context\":\"https:\\\/\\\/schema.org\",\"@graph\":[{\"@type\":\"WebPage\",\"@id\":\"https:\\\/\\\/www.bonpilates.com\\\/nl\\\/producto\\\/push-up\\\/\",\"url\":\"https:\\\/\\\/www.bonpilates.com\\\/nl\\\/producto\\\/push-up\\\/\",\"name\":\"Push Up - Bonpilates\",\"isPartOf\":{\"@id\":\"https:\\\/\\\/www.bonpilates.com\\\/nl\\\/#website\"},\"primaryImageOfPage\":{\"@id\":\"https:\\\/\\\/www.bonpilates.com\\\/nl\\\/producto\\\/push-up\\\/#primaryimage\"},\"image\":{\"@id\":\"https:\\\/\\\/www.bonpilates.com\\\/nl\\\/producto\\\/push-up\\\/#primaryimage\"},\"thumbnailUrl\":\"https:\\\/\\\/www.bonpilates.com\\\/wp-content\\\/uploads\\\/2025\\\/05\\\/PUSH-UP-81000664-2.jpg\",\"datePublished\":\"2023-08-21T10:03:25+00:00\",\"dateModified\":\"2026-05-13T08:16:05+00:00\",\"breadcrumb\":{\"@id\":\"https:\\\/\\\/www.bonpilates.com\\\/nl\\\/producto\\\/push-up\\\/#breadcrumb\"},\"inLanguage\":\"nl-NL\",\"potentialAction\":[{\"@type\":\"ReadAction\",\"target\":[\"https:\\\/\\\/www.bonpilates.com\\\/nl\\\/producto\\\/push-up\\\/\"]}]},{\"@type\":\"ImageObject\",\"inLanguage\":\"nl-NL\",\"@id\":\"https:\\\/\\\/www.bonpilates.com\\\/nl\\\/producto\\\/push-up\\\/#primaryimage\",\"url\":\"https:\\\/\\\/www.bonpilates.com\\\/wp-content\\\/uploads\\\/2025\\\/05\\\/PUSH-UP-81000664-2.jpg\",\"contentUrl\":\"https:\\\/\\\/www.bonpilates.com\\\/wp-content\\\/uploads\\\/2025\\\/05\\\/PUSH-UP-81000664-2.jpg\",\"width\":1200,\"height\":1200},{\"@type\":\"BreadcrumbList\",\"@id\":\"https:\\\/\\\/www.bonpilates.com\\\/nl\\\/producto\\\/push-up\\\/#breadcrumb\",\"itemListElement\":[{\"@type\":\"ListItem\",\"position\":1,\"name\":\"Bonpilates\",\"item\":\"https:\\\/\\\/www.bonpilates.com\\\/nl\\\/\"},{\"@type\":\"ListItem\",\"position\":2,\"name\":\"Producten\",\"item\":\"https:\\\/\\\/www.bonpilates.com\\\/nl\\\/shop\\\/\"},{\"@type\":\"ListItem\",\"position\":3,\"name\":\"Push Up\"}]},{\"@type\":\"WebSite\",\"@id\":\"https:\\\/\\\/www.bonpilates.com\\\/nl\\\/#website\",\"url\":\"https:\\\/\\\/www.bonpilates.com\\\/nl\\\/\",\"name\":\"Bonpilates\",\"description\":\"Desarrollamos y comercializamos m\u00e1quinas de pilates reformer, equipment, accesorios y otros aparatos ideales para practicar este entrenamiento. Bonpilates presenta a sus clientes soluciones de alta calidad y tecnolog\u00eda.\",\"publisher\":{\"@id\":\"https:\\\/\\\/www.bonpilates.com\\\/nl\\\/#organization\"},\"potentialAction\":[{\"@type\":\"SearchAction\",\"target\":{\"@type\":\"EntryPoint\",\"urlTemplate\":\"https:\\\/\\\/www.bonpilates.com\\\/nl\\\/?s={search_term_string}\"},\"query-input\":{\"@type\":\"PropertyValueSpecification\",\"valueRequired\":true,\"valueName\":\"search_term_string\"}}],\"inLanguage\":\"nl-NL\"},{\"@type\":\"Organization\",\"@id\":\"https:\\\/\\\/www.bonpilates.com\\\/nl\\\/#organization\",\"name\":\"Bonpilates\",\"url\":\"https:\\\/\\\/www.bonpilates.com\\\/nl\\\/\",\"logo\":{\"@type\":\"ImageObject\",\"inLanguage\":\"nl-NL\",\"@id\":\"https:\\\/\\\/www.bonpilates.com\\\/nl\\\/#\\\/schema\\\/logo\\\/image\\\/\",\"url\":\"https:\\\/\\\/www.bonpilates.com\\\/wp-content\\\/uploads\\\/2024\\\/03\\\/bonpilates-logo-header.png\",\"contentUrl\":\"https:\\\/\\\/www.bonpilates.com\\\/wp-content\\\/uploads\\\/2024\\\/03\\\/bonpilates-logo-header.png\",\"width\":319,\"height\":54,\"caption\":\"Bonpilates\"},\"image\":{\"@id\":\"https:\\\/\\\/www.bonpilates.com\\\/nl\\\/#\\\/schema\\\/logo\\\/image\\\/\"},\"sameAs\":[\"https:\\\/\\\/www.facebook.com\\\/bonpilates\\\/\",\"https:\\\/\\\/www.instagram.com\\\/bonpilatesspain\\\/\",\"https:\\\/\\\/www.youtube.com\\\/user\\\/bonpilates\\\/\"]}]}<\/script>\n<!-- \/ Yoast SEO plugin. -->","yoast_head_json":{"title":"Push Up - Bonpilates","robots":{"index":"index","follow":"follow","max-snippet":"max-snippet:-1","max-image-preview":"max-image-preview:large","max-video-preview":"max-video-preview:-1"},"canonical":"https:\/\/www.bonpilates.com\/nl\/producto\/push-up\/","og_locale":"nl_NL","og_type":"article","og_title":"Push Up - Bonpilates","og_description":"Fabricado en acero inoxidable y madera de haya natural, materiales que confieren al producto una resistencia de calidad y una belleza de tacto suave. Espec\u00edfico para ejercicios donde el soporteContinue reading \"Push Up\"","og_url":"https:\/\/www.bonpilates.com\/nl\/producto\/push-up\/","og_site_name":"Bonpilates","article_publisher":"https:\/\/www.facebook.com\/bonpilates\/","article_modified_time":"2026-05-13T08:16:05+00:00","og_image":[{"width":1200,"height":1200,"url":"https:\/\/www.bonpilates.com\/wp-content\/uploads\/2025\/05\/PUSH-UP-81000664-2.jpg","type":"image\/jpeg"}],"twitter_card":"summary_large_image","twitter_misc":{"Geschatte leestijd":"1 minute"},"schema":{"@context":"https:\/\/schema.org","@graph":[{"@type":"WebPage","@id":"https:\/\/www.bonpilates.com\/nl\/producto\/push-up\/","url":"https:\/\/www.bonpilates.com\/nl\/producto\/push-up\/","name":"Push Up - Bonpilates","isPartOf":{"@id":"https:\/\/www.bonpilates.com\/nl\/#website"},"primaryImageOfPage":{"@id":"https:\/\/www.bonpilates.com\/nl\/producto\/push-up\/#primaryimage"},"image":{"@id":"https:\/\/www.bonpilates.com\/nl\/producto\/push-up\/#primaryimage"},"thumbnailUrl":"https:\/\/www.bonpilates.com\/wp-content\/uploads\/2025\/05\/PUSH-UP-81000664-2.jpg","datePublished":"2023-08-21T10:03:25+00:00","dateModified":"2026-05-13T08:16:05+00:00","breadcrumb":{"@id":"https:\/\/www.bonpilates.com\/nl\/producto\/push-up\/#breadcrumb"},"inLanguage":"nl-NL","potentialAction":[{"@type":"ReadAction","target":["https:\/\/www.bonpilates.com\/nl\/producto\/push-up\/"]}]},{"@type":"ImageObject","inLanguage":"nl-NL","@id":"https:\/\/www.bonpilates.com\/nl\/producto\/push-up\/#primaryimage","url":"https:\/\/www.bonpilates.com\/wp-content\/uploads\/2025\/05\/PUSH-UP-81000664-2.jpg","contentUrl":"https:\/\/www.bonpilates.com\/wp-content\/uploads\/2025\/05\/PUSH-UP-81000664-2.jpg","width":1200,"height":1200},{"@type":"BreadcrumbList","@id":"https:\/\/www.bonpilates.com\/nl\/producto\/push-up\/#breadcrumb","itemListElement":[{"@type":"ListItem","position":1,"name":"Bonpilates","item":"https:\/\/www.bonpilates.com\/nl\/"},{"@type":"ListItem","position":2,"name":"Producten","item":"https:\/\/www.bonpilates.com\/nl\/shop\/"},{"@type":"ListItem","position":3,"name":"Push Up"}]},{"@type":"WebSite","@id":"https:\/\/www.bonpilates.com\/nl\/#website","url":"https:\/\/www.bonpilates.com\/nl\/","name":"Bonpilates","description":"Desarrollamos y comercializamos m\u00e1quinas de pilates reformer, equipment, accesorios y otros aparatos ideales para practicar este entrenamiento. Bonpilates presenta a sus clientes soluciones de alta calidad y tecnolog\u00eda.","publisher":{"@id":"https:\/\/www.bonpilates.com\/nl\/#organization"},"potentialAction":[{"@type":"SearchAction","target":{"@type":"EntryPoint","urlTemplate":"https:\/\/www.bonpilates.com\/nl\/?s={search_term_string}"},"query-input":{"@type":"PropertyValueSpecification","valueRequired":true,"valueName":"search_term_string"}}],"inLanguage":"nl-NL"},{"@type":"Organization","@id":"https:\/\/www.bonpilates.com\/nl\/#organization","name":"Bonpilates","url":"https:\/\/www.bonpilates.com\/nl\/","logo":{"@type":"ImageObject","inLanguage":"nl-NL","@id":"https:\/\/www.bonpilates.com\/nl\/#\/schema\/logo\/image\/","url":"https:\/\/www.bonpilates.com\/wp-content\/uploads\/2024\/03\/bonpilates-logo-header.png","contentUrl":"https:\/\/www.bonpilates.com\/wp-content\/uploads\/2024\/03\/bonpilates-logo-header.png","width":319,"height":54,"caption":"Bonpilates"},"image":{"@id":"https:\/\/www.bonpilates.com\/nl\/#\/schema\/logo\/image\/"},"sameAs":["https:\/\/www.facebook.com\/bonpilates\/","https:\/\/www.instagram.com\/bonpilatesspain\/","https:\/\/www.youtube.com\/user\/bonpilates\/"]}]}},"_links":{"self":[{"href":"https:\/\/www.bonpilates.com\/nl\/wp-json\/wp\/v2\/product\/44910","targetHints":{"allow":["GET"]}}],"collection":[{"href":"https:\/\/www.bonpilates.com\/nl\/wp-json\/wp\/v2\/product"}],"about":[{"href":"https:\/\/www.bonpilates.com\/nl\/wp-json\/wp\/v2\/types\/product"}],"wp:featuredmedia":[{"embeddable":true,"href":"https:\/\/www.bonpilates.com\/nl\/wp-json\/wp\/v2\/media\/42862"}],"wp:attachment":[{"href":"https:\/\/www.bonpilates.com\/nl\/wp-json\/wp\/v2\/media?parent=44910"}],"wp:term":[{"taxonomy":"product_brand","embeddable":true,"href":"https:\/\/www.bonpilates.com\/nl\/wp-json\/wp\/v2\/product_brand?post=44910"},{"taxonomy":"product_cat","embeddable":true,"href":"https:\/\/www.bonpilates.com\/nl\/wp-json\/wp\/v2\/product_cat?post=44910"},{"taxonomy":"product_tag","embeddable":true,"href":"https:\/\/www.bonpilates.com\/nl\/wp-json\/wp\/v2\/product_tag?post=44910"}],"curies":[{"name":"wp","href":"https:\/\/api.w.org\/{rel}","templated":true}]}}