{"id":45167,"date":"2019-02-14T15:01:35","date_gmt":"2019-02-14T15:01:35","guid":{"rendered":"https:\/\/www.bonpilates.com\/producto\/box-pilates\/"},"modified":"2026-05-13T10:18:09","modified_gmt":"2026-05-13T08:18:09","slug":"box","status":"publish","type":"product","link":"https:\/\/www.bonpilates.com\/nl\/producto\/box\/","title":{"rendered":"Box pilates"},"content":{"rendered":"<p>El Box para Reformer de Bonpilates es un accesorio imprescindible para ampliar la versatilidad del reformer y trabajar ejercicios en posici\u00f3n sentada, dec\u00fabito o prona, como long box series, short box series, breaststroke o backstroke.<\/p>\n<p>Fabricado con materiales de alta calidad disponible en tres versiones para adaptarse a<br \/>\nlas necesidades de cada usuario o estudio:<\/p>\n<p>Box Est\u00e1ndar: tama\u00f1o cl\u00e1sico, ideal para la mayor\u00eda de ejercicios del repertorio<br \/>\ntradicional.<\/p>\n<p>Box Alto: mayor elevaci\u00f3n para facilitar la subida y bajada, perfecto para personas con<br \/>\nmovilidad reducida o para adaptar la altura a ciertos ejercicios.<\/p>\n<p>Box Largo: m\u00e1s espacio para usuarios de mayor estatura o ejercicios que requieren<br \/>\nmayor superficie de apoyo.<\/p>\n<p>Elige el tama\u00f1o que mejor se adapte a tu pr\u00e1ctica, sin renunciar a la calidad y el dise\u00f1o<br \/>\nprofesional de Bonpilates.<\/p>\n","protected":false},"excerpt":{"rendered":"<p>Est\u00e1ndar: 81000030<br \/>\nLargo: 81000092<br \/>\nAlto: 81000091<\/p>\n","protected":false},"featured_media":43906,"template":"","meta":{"_acf_changed":false},"product_brand":[],"product_cat":[997,1001,985],"product_tag":[],"class_list":{"0":"post-45167","1":"product","2":"type-product","3":"status-publish","4":"has-post-thumbnail","6":"product_cat-accesorios","7":"product_cat-black-week","8":"product_cat-linea-contemporanea","10":"first","11":"instock","12":"taxable","13":"shipping-taxable","14":"product-type-variable"},"acf":[],"yoast_head":"<!-- This site is optimized with the Yoast SEO plugin v27.5 - https:\/\/yoast.com\/product\/yoast-seo-wordpress\/ -->\n<title>Box pilates - Bonpilates<\/title>\n<meta name=\"robots\" content=\"index, follow, max-snippet:-1, max-image-preview:large, max-video-preview:-1\" \/>\n<link rel=\"canonical\" href=\"https:\/\/www.bonpilates.com\/nl\/producto\/box\/\" \/>\n<meta property=\"og:locale\" content=\"nl_NL\" \/>\n<meta property=\"og:type\" content=\"article\" \/>\n<meta property=\"og:title\" content=\"Box pilates - Bonpilates\" \/>\n<meta property=\"og:description\" content=\"Est\u00e1ndar: 81000030 Largo: 81000092 Alto: 81000091\" \/>\n<meta property=\"og:url\" content=\"https:\/\/www.bonpilates.com\/nl\/producto\/box\/\" \/>\n<meta property=\"og:site_name\" content=\"Bonpilates\" \/>\n<meta property=\"article:publisher\" content=\"https:\/\/www.facebook.com\/bonpilates\/\" \/>\n<meta property=\"article:modified_time\" content=\"2026-05-13T08:18:09+00:00\" \/>\n<meta property=\"og:image\" content=\"https:\/\/www.bonpilates.com\/wp-content\/uploads\/2025\/05\/BOX-PRINCIPAL-1.jpg\" \/>\n\t<meta property=\"og:image:width\" content=\"1200\" \/>\n\t<meta property=\"og:image:height\" content=\"1200\" \/>\n\t<meta property=\"og:image:type\" content=\"image\/jpeg\" \/>\n<meta name=\"twitter:card\" content=\"summary_large_image\" \/>\n<meta name=\"twitter:label1\" content=\"Geschatte leestijd\" \/>\n\t<meta name=\"twitter:data1\" content=\"1 minute\" \/>\n<script type=\"application\/ld+json\" class=\"yoast-schema-graph\">{\"@context\":\"https:\\\/\\\/schema.org\",\"@graph\":[{\"@type\":\"WebPage\",\"@id\":\"https:\\\/\\\/www.bonpilates.com\\\/nl\\\/producto\\\/box\\\/\",\"url\":\"https:\\\/\\\/www.bonpilates.com\\\/nl\\\/producto\\\/box\\\/\",\"name\":\"Box pilates - Bonpilates\",\"isPartOf\":{\"@id\":\"https:\\\/\\\/www.bonpilates.com\\\/nl\\\/#website\"},\"primaryImageOfPage\":{\"@id\":\"https:\\\/\\\/www.bonpilates.com\\\/nl\\\/producto\\\/box\\\/#primaryimage\"},\"image\":{\"@id\":\"https:\\\/\\\/www.bonpilates.com\\\/nl\\\/producto\\\/box\\\/#primaryimage\"},\"thumbnailUrl\":\"https:\\\/\\\/www.bonpilates.com\\\/wp-content\\\/uploads\\\/2025\\\/05\\\/BOX-PRINCIPAL-1.jpg\",\"datePublished\":\"2019-02-14T15:01:35+00:00\",\"dateModified\":\"2026-05-13T08:18:09+00:00\",\"breadcrumb\":{\"@id\":\"https:\\\/\\\/www.bonpilates.com\\\/nl\\\/producto\\\/box\\\/#breadcrumb\"},\"inLanguage\":\"nl-NL\",\"potentialAction\":[{\"@type\":\"ReadAction\",\"target\":[\"https:\\\/\\\/www.bonpilates.com\\\/nl\\\/producto\\\/box\\\/\"]}]},{\"@type\":\"ImageObject\",\"inLanguage\":\"nl-NL\",\"@id\":\"https:\\\/\\\/www.bonpilates.com\\\/nl\\\/producto\\\/box\\\/#primaryimage\",\"url\":\"https:\\\/\\\/www.bonpilates.com\\\/wp-content\\\/uploads\\\/2025\\\/05\\\/BOX-PRINCIPAL-1.jpg\",\"contentUrl\":\"https:\\\/\\\/www.bonpilates.com\\\/wp-content\\\/uploads\\\/2025\\\/05\\\/BOX-PRINCIPAL-1.jpg\",\"width\":1200,\"height\":1200},{\"@type\":\"BreadcrumbList\",\"@id\":\"https:\\\/\\\/www.bonpilates.com\\\/nl\\\/producto\\\/box\\\/#breadcrumb\",\"itemListElement\":[{\"@type\":\"ListItem\",\"position\":1,\"name\":\"Bonpilates\",\"item\":\"https:\\\/\\\/www.bonpilates.com\\\/nl\\\/\"},{\"@type\":\"ListItem\",\"position\":2,\"name\":\"Producten\",\"item\":\"https:\\\/\\\/www.bonpilates.com\\\/nl\\\/shop\\\/\"},{\"@type\":\"ListItem\",\"position\":3,\"name\":\"Box pilates\"}]},{\"@type\":\"WebSite\",\"@id\":\"https:\\\/\\\/www.bonpilates.com\\\/nl\\\/#website\",\"url\":\"https:\\\/\\\/www.bonpilates.com\\\/nl\\\/\",\"name\":\"Bonpilates\",\"description\":\"Desarrollamos y comercializamos m\u00e1quinas de pilates reformer, equipment, accesorios y otros aparatos ideales para practicar este entrenamiento. Bonpilates presenta a sus clientes soluciones de alta calidad y tecnolog\u00eda.\",\"publisher\":{\"@id\":\"https:\\\/\\\/www.bonpilates.com\\\/nl\\\/#organization\"},\"potentialAction\":[{\"@type\":\"SearchAction\",\"target\":{\"@type\":\"EntryPoint\",\"urlTemplate\":\"https:\\\/\\\/www.bonpilates.com\\\/nl\\\/?s={search_term_string}\"},\"query-input\":{\"@type\":\"PropertyValueSpecification\",\"valueRequired\":true,\"valueName\":\"search_term_string\"}}],\"inLanguage\":\"nl-NL\"},{\"@type\":\"Organization\",\"@id\":\"https:\\\/\\\/www.bonpilates.com\\\/nl\\\/#organization\",\"name\":\"Bonpilates\",\"url\":\"https:\\\/\\\/www.bonpilates.com\\\/nl\\\/\",\"logo\":{\"@type\":\"ImageObject\",\"inLanguage\":\"nl-NL\",\"@id\":\"https:\\\/\\\/www.bonpilates.com\\\/nl\\\/#\\\/schema\\\/logo\\\/image\\\/\",\"url\":\"https:\\\/\\\/www.bonpilates.com\\\/wp-content\\\/uploads\\\/2024\\\/03\\\/bonpilates-logo-header.png\",\"contentUrl\":\"https:\\\/\\\/www.bonpilates.com\\\/wp-content\\\/uploads\\\/2024\\\/03\\\/bonpilates-logo-header.png\",\"width\":319,\"height\":54,\"caption\":\"Bonpilates\"},\"image\":{\"@id\":\"https:\\\/\\\/www.bonpilates.com\\\/nl\\\/#\\\/schema\\\/logo\\\/image\\\/\"},\"sameAs\":[\"https:\\\/\\\/www.facebook.com\\\/bonpilates\\\/\",\"https:\\\/\\\/www.instagram.com\\\/bonpilatesspain\\\/\",\"https:\\\/\\\/www.youtube.com\\\/user\\\/bonpilates\\\/\"]}]}<\/script>\n<!-- \/ Yoast SEO plugin. -->","yoast_head_json":{"title":"Box pilates - Bonpilates","robots":{"index":"index","follow":"follow","max-snippet":"max-snippet:-1","max-image-preview":"max-image-preview:large","max-video-preview":"max-video-preview:-1"},"canonical":"https:\/\/www.bonpilates.com\/nl\/producto\/box\/","og_locale":"nl_NL","og_type":"article","og_title":"Box pilates - Bonpilates","og_description":"Est\u00e1ndar: 81000030 Largo: 81000092 Alto: 81000091","og_url":"https:\/\/www.bonpilates.com\/nl\/producto\/box\/","og_site_name":"Bonpilates","article_publisher":"https:\/\/www.facebook.com\/bonpilates\/","article_modified_time":"2026-05-13T08:18:09+00:00","og_image":[{"width":1200,"height":1200,"url":"https:\/\/www.bonpilates.com\/wp-content\/uploads\/2025\/05\/BOX-PRINCIPAL-1.jpg","type":"image\/jpeg"}],"twitter_card":"summary_large_image","twitter_misc":{"Geschatte leestijd":"1 minute"},"schema":{"@context":"https:\/\/schema.org","@graph":[{"@type":"WebPage","@id":"https:\/\/www.bonpilates.com\/nl\/producto\/box\/","url":"https:\/\/www.bonpilates.com\/nl\/producto\/box\/","name":"Box pilates - Bonpilates","isPartOf":{"@id":"https:\/\/www.bonpilates.com\/nl\/#website"},"primaryImageOfPage":{"@id":"https:\/\/www.bonpilates.com\/nl\/producto\/box\/#primaryimage"},"image":{"@id":"https:\/\/www.bonpilates.com\/nl\/producto\/box\/#primaryimage"},"thumbnailUrl":"https:\/\/www.bonpilates.com\/wp-content\/uploads\/2025\/05\/BOX-PRINCIPAL-1.jpg","datePublished":"2019-02-14T15:01:35+00:00","dateModified":"2026-05-13T08:18:09+00:00","breadcrumb":{"@id":"https:\/\/www.bonpilates.com\/nl\/producto\/box\/#breadcrumb"},"inLanguage":"nl-NL","potentialAction":[{"@type":"ReadAction","target":["https:\/\/www.bonpilates.com\/nl\/producto\/box\/"]}]},{"@type":"ImageObject","inLanguage":"nl-NL","@id":"https:\/\/www.bonpilates.com\/nl\/producto\/box\/#primaryimage","url":"https:\/\/www.bonpilates.com\/wp-content\/uploads\/2025\/05\/BOX-PRINCIPAL-1.jpg","contentUrl":"https:\/\/www.bonpilates.com\/wp-content\/uploads\/2025\/05\/BOX-PRINCIPAL-1.jpg","width":1200,"height":1200},{"@type":"BreadcrumbList","@id":"https:\/\/www.bonpilates.com\/nl\/producto\/box\/#breadcrumb","itemListElement":[{"@type":"ListItem","position":1,"name":"Bonpilates","item":"https:\/\/www.bonpilates.com\/nl\/"},{"@type":"ListItem","position":2,"name":"Producten","item":"https:\/\/www.bonpilates.com\/nl\/shop\/"},{"@type":"ListItem","position":3,"name":"Box pilates"}]},{"@type":"WebSite","@id":"https:\/\/www.bonpilates.com\/nl\/#website","url":"https:\/\/www.bonpilates.com\/nl\/","name":"Bonpilates","description":"Desarrollamos y comercializamos m\u00e1quinas de pilates reformer, equipment, accesorios y otros aparatos ideales para practicar este entrenamiento. Bonpilates presenta a sus clientes soluciones de alta calidad y tecnolog\u00eda.","publisher":{"@id":"https:\/\/www.bonpilates.com\/nl\/#organization"},"potentialAction":[{"@type":"SearchAction","target":{"@type":"EntryPoint","urlTemplate":"https:\/\/www.bonpilates.com\/nl\/?s={search_term_string}"},"query-input":{"@type":"PropertyValueSpecification","valueRequired":true,"valueName":"search_term_string"}}],"inLanguage":"nl-NL"},{"@type":"Organization","@id":"https:\/\/www.bonpilates.com\/nl\/#organization","name":"Bonpilates","url":"https:\/\/www.bonpilates.com\/nl\/","logo":{"@type":"ImageObject","inLanguage":"nl-NL","@id":"https:\/\/www.bonpilates.com\/nl\/#\/schema\/logo\/image\/","url":"https:\/\/www.bonpilates.com\/wp-content\/uploads\/2024\/03\/bonpilates-logo-header.png","contentUrl":"https:\/\/www.bonpilates.com\/wp-content\/uploads\/2024\/03\/bonpilates-logo-header.png","width":319,"height":54,"caption":"Bonpilates"},"image":{"@id":"https:\/\/www.bonpilates.com\/nl\/#\/schema\/logo\/image\/"},"sameAs":["https:\/\/www.facebook.com\/bonpilates\/","https:\/\/www.instagram.com\/bonpilatesspain\/","https:\/\/www.youtube.com\/user\/bonpilates\/"]}]}},"_links":{"self":[{"href":"https:\/\/www.bonpilates.com\/nl\/wp-json\/wp\/v2\/product\/45167","targetHints":{"allow":["GET"]}}],"collection":[{"href":"https:\/\/www.bonpilates.com\/nl\/wp-json\/wp\/v2\/product"}],"about":[{"href":"https:\/\/www.bonpilates.com\/nl\/wp-json\/wp\/v2\/types\/product"}],"wp:featuredmedia":[{"embeddable":true,"href":"https:\/\/www.bonpilates.com\/nl\/wp-json\/wp\/v2\/media\/43906"}],"wp:attachment":[{"href":"https:\/\/www.bonpilates.com\/nl\/wp-json\/wp\/v2\/media?parent=45167"}],"wp:term":[{"taxonomy":"product_brand","embeddable":true,"href":"https:\/\/www.bonpilates.com\/nl\/wp-json\/wp\/v2\/product_brand?post=45167"},{"taxonomy":"product_cat","embeddable":true,"href":"https:\/\/www.bonpilates.com\/nl\/wp-json\/wp\/v2\/product_cat?post=45167"},{"taxonomy":"product_tag","embeddable":true,"href":"https:\/\/www.bonpilates.com\/nl\/wp-json\/wp\/v2\/product_tag?post=45167"}],"curies":[{"name":"wp","href":"https:\/\/api.w.org\/{rel}","templated":true}]}}