{"id":45319,"date":"2018-12-18T14:28:23","date_gmt":"2018-12-18T14:28:23","guid":{"rendered":"https:\/\/www.bonpilates.com\/producto\/cadillac-clasico\/"},"modified":"2026-05-13T10:17:54","modified_gmt":"2026-05-13T08:17:54","slug":"cadillac-clasico-pilates","status":"publish","type":"product","link":"https:\/\/www.bonpilates.com\/nl\/producto\/cadillac-clasico-pilates\/","title":{"rendered":"Cadillac Cl\u00e1sico"},"content":{"rendered":"<p>El Cadillac Cl\u00e1sico pertenece a la l\u00ednea de Pilates Cl\u00e1sico. BonPilates ha adoptado esta l\u00ednea para dar respuesta a la demanda de los equipos originales, basada en los primeros proyectos que Joseph Pilates present\u00f3 al mercado.<\/p>\n<p>Este modelo se rige por la filosof\u00eda de que el cliente es quien debe adaptarse a las caracter\u00edsticas de la m\u00e1quina, realizando los ejercicios sin la ayuda y adaptaci\u00f3n de nuestro sistema adaptador, que requiere un mayor control en la ejecuci\u00f3n por parte del usuario.<\/p>\n<p>El Cadillac Cl\u00e1sico combina la originalidad del primer Cadillac con la est\u00e9tica moderna de la madera de haya y la seguridad y estabilidad necesarias para poder realizar el trabajo en la m\u00e1quina en las mejores condiciones.<\/p>\n<p>Incluye:<\/p>\n<ul>\n<li>Fuzzies<\/li>\n<li>Juego de asas de cuero y madera<\/li>\n<li>Juego de asas de doble giro<\/li>\n<li>Cadenas de seguridad<\/li>\n<li>Juego completo de muelles<\/li>\n<li>Barra de respiraci\u00f3n<\/li>\n<li>Barra de empuje<\/li>\n<li>Mesa auxiliar para los pies<\/li>\n<\/ul>\n","protected":false},"excerpt":{"rendered":"<p>El Cadillac Cl\u00e1sico pertenece a la l\u00ednea de Pilates Cl\u00e1sico. BonPilates ha adoptado esta l\u00ednea para dar respuesta a la demanda de los equipos originales, basada en los primeros proyectos que Joseph Pilates present\u00f3 al mercado.<\/p>\n","protected":false},"featured_media":44806,"template":"","meta":{"_acf_changed":false},"product_brand":[],"product_cat":[1055,1002],"product_tag":[],"class_list":{"0":"post-45319","1":"product","2":"type-product","3":"status-publish","4":"has-post-thumbnail","6":"product_cat-cadillacs","7":"product_cat-linea-clasica","9":"first","10":"instock","11":"taxable","12":"shipping-taxable","13":"product-type-simple"},"acf":[],"yoast_head":"<!-- This site is optimized with the Yoast SEO plugin v27.5 - https:\/\/yoast.com\/product\/yoast-seo-wordpress\/ -->\n<title>Cadillac Cl\u00e1sico - Bonpilates<\/title>\n<meta name=\"robots\" content=\"index, follow, max-snippet:-1, max-image-preview:large, max-video-preview:-1\" \/>\n<link rel=\"canonical\" href=\"https:\/\/www.bonpilates.com\/nl\/producto\/cadillac-clasico-pilates\/\" \/>\n<meta property=\"og:locale\" content=\"nl_NL\" \/>\n<meta property=\"og:type\" content=\"article\" \/>\n<meta property=\"og:title\" content=\"Cadillac Cl\u00e1sico - Bonpilates\" \/>\n<meta property=\"og:description\" content=\"El Cadillac Cl\u00e1sico pertenece a la l\u00ednea de Pilates Cl\u00e1sico. BonPilates ha adoptado esta l\u00ednea para dar respuesta a la demanda de los equipos originales, basada en los primeros proyectos que Joseph Pilates present\u00f3 al mercado.\" \/>\n<meta property=\"og:url\" content=\"https:\/\/www.bonpilates.com\/nl\/producto\/cadillac-clasico-pilates\/\" \/>\n<meta property=\"og:site_name\" content=\"Bonpilates\" \/>\n<meta property=\"article:publisher\" content=\"https:\/\/www.facebook.com\/bonpilates\/\" \/>\n<meta property=\"article:modified_time\" content=\"2026-05-13T08:17:54+00:00\" \/>\n<meta property=\"og:image\" content=\"https:\/\/www.bonpilates.com\/wp-content\/uploads\/2025\/05\/14-Cadillac-Clasico-1-copia.webp\" \/>\n\t<meta property=\"og:image:width\" content=\"1000\" \/>\n\t<meta property=\"og:image:height\" content=\"1000\" \/>\n\t<meta property=\"og:image:type\" content=\"image\/webp\" \/>\n<meta name=\"twitter:card\" content=\"summary_large_image\" \/>\n<meta name=\"twitter:label1\" content=\"Geschatte leestijd\" \/>\n\t<meta name=\"twitter:data1\" content=\"1 minute\" \/>\n<script type=\"application\/ld+json\" class=\"yoast-schema-graph\">{\"@context\":\"https:\\\/\\\/schema.org\",\"@graph\":[{\"@type\":\"WebPage\",\"@id\":\"https:\\\/\\\/www.bonpilates.com\\\/nl\\\/producto\\\/cadillac-clasico-pilates\\\/\",\"url\":\"https:\\\/\\\/www.bonpilates.com\\\/nl\\\/producto\\\/cadillac-clasico-pilates\\\/\",\"name\":\"Cadillac Cl\u00e1sico - Bonpilates\",\"isPartOf\":{\"@id\":\"https:\\\/\\\/www.bonpilates.com\\\/nl\\\/#website\"},\"primaryImageOfPage\":{\"@id\":\"https:\\\/\\\/www.bonpilates.com\\\/nl\\\/producto\\\/cadillac-clasico-pilates\\\/#primaryimage\"},\"image\":{\"@id\":\"https:\\\/\\\/www.bonpilates.com\\\/nl\\\/producto\\\/cadillac-clasico-pilates\\\/#primaryimage\"},\"thumbnailUrl\":\"https:\\\/\\\/www.bonpilates.com\\\/wp-content\\\/uploads\\\/2025\\\/05\\\/14-Cadillac-Clasico-1-copia.webp\",\"datePublished\":\"2018-12-18T14:28:23+00:00\",\"dateModified\":\"2026-05-13T08:17:54+00:00\",\"breadcrumb\":{\"@id\":\"https:\\\/\\\/www.bonpilates.com\\\/nl\\\/producto\\\/cadillac-clasico-pilates\\\/#breadcrumb\"},\"inLanguage\":\"nl-NL\",\"potentialAction\":[{\"@type\":\"ReadAction\",\"target\":[\"https:\\\/\\\/www.bonpilates.com\\\/nl\\\/producto\\\/cadillac-clasico-pilates\\\/\"]}]},{\"@type\":\"ImageObject\",\"inLanguage\":\"nl-NL\",\"@id\":\"https:\\\/\\\/www.bonpilates.com\\\/nl\\\/producto\\\/cadillac-clasico-pilates\\\/#primaryimage\",\"url\":\"https:\\\/\\\/www.bonpilates.com\\\/wp-content\\\/uploads\\\/2025\\\/05\\\/14-Cadillac-Clasico-1-copia.webp\",\"contentUrl\":\"https:\\\/\\\/www.bonpilates.com\\\/wp-content\\\/uploads\\\/2025\\\/05\\\/14-Cadillac-Clasico-1-copia.webp\",\"width\":1000,\"height\":1000},{\"@type\":\"BreadcrumbList\",\"@id\":\"https:\\\/\\\/www.bonpilates.com\\\/nl\\\/producto\\\/cadillac-clasico-pilates\\\/#breadcrumb\",\"itemListElement\":[{\"@type\":\"ListItem\",\"position\":1,\"name\":\"Bonpilates\",\"item\":\"https:\\\/\\\/www.bonpilates.com\\\/nl\\\/\"},{\"@type\":\"ListItem\",\"position\":2,\"name\":\"Producten\",\"item\":\"https:\\\/\\\/www.bonpilates.com\\\/nl\\\/shop\\\/\"},{\"@type\":\"ListItem\",\"position\":3,\"name\":\"Cadillac Cl\u00e1sico\"}]},{\"@type\":\"WebSite\",\"@id\":\"https:\\\/\\\/www.bonpilates.com\\\/nl\\\/#website\",\"url\":\"https:\\\/\\\/www.bonpilates.com\\\/nl\\\/\",\"name\":\"Bonpilates\",\"description\":\"Desarrollamos y comercializamos m\u00e1quinas de pilates reformer, equipment, accesorios y otros aparatos ideales para practicar este entrenamiento. Bonpilates presenta a sus clientes soluciones de alta calidad y tecnolog\u00eda.\",\"publisher\":{\"@id\":\"https:\\\/\\\/www.bonpilates.com\\\/nl\\\/#organization\"},\"potentialAction\":[{\"@type\":\"SearchAction\",\"target\":{\"@type\":\"EntryPoint\",\"urlTemplate\":\"https:\\\/\\\/www.bonpilates.com\\\/nl\\\/?s={search_term_string}\"},\"query-input\":{\"@type\":\"PropertyValueSpecification\",\"valueRequired\":true,\"valueName\":\"search_term_string\"}}],\"inLanguage\":\"nl-NL\"},{\"@type\":\"Organization\",\"@id\":\"https:\\\/\\\/www.bonpilates.com\\\/nl\\\/#organization\",\"name\":\"Bonpilates\",\"url\":\"https:\\\/\\\/www.bonpilates.com\\\/nl\\\/\",\"logo\":{\"@type\":\"ImageObject\",\"inLanguage\":\"nl-NL\",\"@id\":\"https:\\\/\\\/www.bonpilates.com\\\/nl\\\/#\\\/schema\\\/logo\\\/image\\\/\",\"url\":\"https:\\\/\\\/www.bonpilates.com\\\/wp-content\\\/uploads\\\/2024\\\/03\\\/bonpilates-logo-header.png\",\"contentUrl\":\"https:\\\/\\\/www.bonpilates.com\\\/wp-content\\\/uploads\\\/2024\\\/03\\\/bonpilates-logo-header.png\",\"width\":319,\"height\":54,\"caption\":\"Bonpilates\"},\"image\":{\"@id\":\"https:\\\/\\\/www.bonpilates.com\\\/nl\\\/#\\\/schema\\\/logo\\\/image\\\/\"},\"sameAs\":[\"https:\\\/\\\/www.facebook.com\\\/bonpilates\\\/\",\"https:\\\/\\\/www.instagram.com\\\/bonpilatesspain\\\/\",\"https:\\\/\\\/www.youtube.com\\\/user\\\/bonpilates\\\/\"]}]}<\/script>\n<!-- \/ Yoast SEO plugin. -->","yoast_head_json":{"title":"Cadillac Cl\u00e1sico - Bonpilates","robots":{"index":"index","follow":"follow","max-snippet":"max-snippet:-1","max-image-preview":"max-image-preview:large","max-video-preview":"max-video-preview:-1"},"canonical":"https:\/\/www.bonpilates.com\/nl\/producto\/cadillac-clasico-pilates\/","og_locale":"nl_NL","og_type":"article","og_title":"Cadillac Cl\u00e1sico - Bonpilates","og_description":"El Cadillac Cl\u00e1sico pertenece a la l\u00ednea de Pilates Cl\u00e1sico. BonPilates ha adoptado esta l\u00ednea para dar respuesta a la demanda de los equipos originales, basada en los primeros proyectos que Joseph Pilates present\u00f3 al mercado.","og_url":"https:\/\/www.bonpilates.com\/nl\/producto\/cadillac-clasico-pilates\/","og_site_name":"Bonpilates","article_publisher":"https:\/\/www.facebook.com\/bonpilates\/","article_modified_time":"2026-05-13T08:17:54+00:00","og_image":[{"width":1000,"height":1000,"url":"https:\/\/www.bonpilates.com\/wp-content\/uploads\/2025\/05\/14-Cadillac-Clasico-1-copia.webp","type":"image\/webp"}],"twitter_card":"summary_large_image","twitter_misc":{"Geschatte leestijd":"1 minute"},"schema":{"@context":"https:\/\/schema.org","@graph":[{"@type":"WebPage","@id":"https:\/\/www.bonpilates.com\/nl\/producto\/cadillac-clasico-pilates\/","url":"https:\/\/www.bonpilates.com\/nl\/producto\/cadillac-clasico-pilates\/","name":"Cadillac Cl\u00e1sico - Bonpilates","isPartOf":{"@id":"https:\/\/www.bonpilates.com\/nl\/#website"},"primaryImageOfPage":{"@id":"https:\/\/www.bonpilates.com\/nl\/producto\/cadillac-clasico-pilates\/#primaryimage"},"image":{"@id":"https:\/\/www.bonpilates.com\/nl\/producto\/cadillac-clasico-pilates\/#primaryimage"},"thumbnailUrl":"https:\/\/www.bonpilates.com\/wp-content\/uploads\/2025\/05\/14-Cadillac-Clasico-1-copia.webp","datePublished":"2018-12-18T14:28:23+00:00","dateModified":"2026-05-13T08:17:54+00:00","breadcrumb":{"@id":"https:\/\/www.bonpilates.com\/nl\/producto\/cadillac-clasico-pilates\/#breadcrumb"},"inLanguage":"nl-NL","potentialAction":[{"@type":"ReadAction","target":["https:\/\/www.bonpilates.com\/nl\/producto\/cadillac-clasico-pilates\/"]}]},{"@type":"ImageObject","inLanguage":"nl-NL","@id":"https:\/\/www.bonpilates.com\/nl\/producto\/cadillac-clasico-pilates\/#primaryimage","url":"https:\/\/www.bonpilates.com\/wp-content\/uploads\/2025\/05\/14-Cadillac-Clasico-1-copia.webp","contentUrl":"https:\/\/www.bonpilates.com\/wp-content\/uploads\/2025\/05\/14-Cadillac-Clasico-1-copia.webp","width":1000,"height":1000},{"@type":"BreadcrumbList","@id":"https:\/\/www.bonpilates.com\/nl\/producto\/cadillac-clasico-pilates\/#breadcrumb","itemListElement":[{"@type":"ListItem","position":1,"name":"Bonpilates","item":"https:\/\/www.bonpilates.com\/nl\/"},{"@type":"ListItem","position":2,"name":"Producten","item":"https:\/\/www.bonpilates.com\/nl\/shop\/"},{"@type":"ListItem","position":3,"name":"Cadillac Cl\u00e1sico"}]},{"@type":"WebSite","@id":"https:\/\/www.bonpilates.com\/nl\/#website","url":"https:\/\/www.bonpilates.com\/nl\/","name":"Bonpilates","description":"Desarrollamos y comercializamos m\u00e1quinas de pilates reformer, equipment, accesorios y otros aparatos ideales para practicar este entrenamiento. Bonpilates presenta a sus clientes soluciones de alta calidad y tecnolog\u00eda.","publisher":{"@id":"https:\/\/www.bonpilates.com\/nl\/#organization"},"potentialAction":[{"@type":"SearchAction","target":{"@type":"EntryPoint","urlTemplate":"https:\/\/www.bonpilates.com\/nl\/?s={search_term_string}"},"query-input":{"@type":"PropertyValueSpecification","valueRequired":true,"valueName":"search_term_string"}}],"inLanguage":"nl-NL"},{"@type":"Organization","@id":"https:\/\/www.bonpilates.com\/nl\/#organization","name":"Bonpilates","url":"https:\/\/www.bonpilates.com\/nl\/","logo":{"@type":"ImageObject","inLanguage":"nl-NL","@id":"https:\/\/www.bonpilates.com\/nl\/#\/schema\/logo\/image\/","url":"https:\/\/www.bonpilates.com\/wp-content\/uploads\/2024\/03\/bonpilates-logo-header.png","contentUrl":"https:\/\/www.bonpilates.com\/wp-content\/uploads\/2024\/03\/bonpilates-logo-header.png","width":319,"height":54,"caption":"Bonpilates"},"image":{"@id":"https:\/\/www.bonpilates.com\/nl\/#\/schema\/logo\/image\/"},"sameAs":["https:\/\/www.facebook.com\/bonpilates\/","https:\/\/www.instagram.com\/bonpilatesspain\/","https:\/\/www.youtube.com\/user\/bonpilates\/"]}]}},"_links":{"self":[{"href":"https:\/\/www.bonpilates.com\/nl\/wp-json\/wp\/v2\/product\/45319","targetHints":{"allow":["GET"]}}],"collection":[{"href":"https:\/\/www.bonpilates.com\/nl\/wp-json\/wp\/v2\/product"}],"about":[{"href":"https:\/\/www.bonpilates.com\/nl\/wp-json\/wp\/v2\/types\/product"}],"wp:featuredmedia":[{"embeddable":true,"href":"https:\/\/www.bonpilates.com\/nl\/wp-json\/wp\/v2\/media\/44806"}],"wp:attachment":[{"href":"https:\/\/www.bonpilates.com\/nl\/wp-json\/wp\/v2\/media?parent=45319"}],"wp:term":[{"taxonomy":"product_brand","embeddable":true,"href":"https:\/\/www.bonpilates.com\/nl\/wp-json\/wp\/v2\/product_brand?post=45319"},{"taxonomy":"product_cat","embeddable":true,"href":"https:\/\/www.bonpilates.com\/nl\/wp-json\/wp\/v2\/product_cat?post=45319"},{"taxonomy":"product_tag","embeddable":true,"href":"https:\/\/www.bonpilates.com\/nl\/wp-json\/wp\/v2\/product_tag?post=45319"}],"curies":[{"name":"wp","href":"https:\/\/api.w.org\/{rel}","templated":true}]}}