{"id":124,"date":"2024-03-07T11:31:14","date_gmt":"2024-03-07T10:31:14","guid":{"rendered":"https:\/\/www.bonpilates.com\/?page_id=124"},"modified":"2025-05-14T11:26:23","modified_gmt":"2025-05-14T09:26:23","slug":"informacao-legal","status":"publish","type":"page","link":"https:\/\/www.bonpilates.com\/pt-pt\/informacao-legal\/","title":{"rendered":"Aviso Legal"},"content":{"rendered":"\t\t<div data-elementor-type=\"wp-page\" data-elementor-id=\"124\" class=\"elementor elementor-124 elementor-105\" data-elementor-post-type=\"page\">\n\t\t\t\t<div class=\"elementor-element elementor-element-fddd13f e-flex e-con-boxed e-con e-parent\" data-id=\"fddd13f\" data-element_type=\"container\" data-e-type=\"container\" data-settings=\"{&quot;background_background&quot;:&quot;classic&quot;}\">\n\t\t\t\t\t<div class=\"e-con-inner\">\n\t\t\t\t\t<\/div>\n\t\t\t\t<\/div>\n\t\t<div class=\"elementor-element elementor-element-682101be e-flex e-con-boxed e-con e-parent\" data-id=\"682101be\" data-element_type=\"container\" data-e-type=\"container\">\n\t\t\t\t\t<div class=\"e-con-inner\">\n\t\t\t\t<div class=\"elementor-element elementor-element-3e72df77 elementor-widget elementor-widget-text-editor\" data-id=\"3e72df77\" data-element_type=\"widget\" data-e-type=\"widget\" data-widget_type=\"text-editor.default\">\n\t\t\t\t\t<div class=\"prose prose-lg lg:prose-xl prose-bonpilates max-w-none prose-a:text-primary\">\t\t\t\t<p><\/p>\n<p><strong>ENTIDADE TITULAR<\/strong><\/p>\n<p><\/p>\n<p><\/p>\n<p>Em cumprimento do disposto no artigo 10\u00ba da Lei 34\/2002, de 11 de Julho, sobre Servi\u00e7os da Sociedade da Informa\u00e7\u00e3o e Com\u00e9rcio Eletr\u00f3nico, \u00e9 comunicado que a entidade propriet\u00e1ria deste site na Internet (www.bonpilates. com) \u00e9 Bonpilates, SL, com CIF: B-54405626 e registada no Registo Comercial de Alicante, Volume 3360, F\u00f3lio 17, Folha A-116188, Insc. 1\u00aa e com sede em Pol. Ind. Pla de la Vallonga, C \/ Meteorito, n\u00ba 20 &#8211; 03006 &#8211; Alicante (Espanha).<\/p>\n<p><\/p>\n<p><\/p>\n<p>Pode entrar em contato com a entidade Bonpilates, S.L. atrav\u00e9s do endere\u00e7o de email <a href=\"mailto:info@bonpilates.com\">info@bonpilates.com<\/a>.<\/p>\n<p><\/p>\n<p><\/p>\n<p><strong><br><\/strong><\/p><p><strong>PRIVACIDADE DE DADOS<\/strong><\/p>\n<p><\/p>\n<p><\/p>\n<p>A Bonpilates, SL, na qualidade de titular deste site, garante de acordo com a Lei Org\u00e2nica 3\/2018, de 5 de dezembro, sobre a Prote\u00e7\u00e3o de Dados Pessoais e garantia dos direitos digitais, a privacidade dos dados pessoais aos quais, no desenvolvimento da atividade deste site, tenha acesso. Neste sentido:<\/p>\n<p><\/p>\n<p><\/p>\n<p>BONPILATES, S.L. trata as informa\u00e7\u00f5es fornecidas pelo utilizador a fim de fornecer o servi\u00e7o solicitado e respectiva fatura\u00e7\u00e3o. Os dados fornecidos ser\u00e3o guardados enquanto se mantiver a rela\u00e7\u00e3o comercial ou pelo tempo necess\u00e1rio para cumprir as obriga\u00e7\u00f5es legais e as poss\u00edveis responsabilidades que possam surgir do cumprimento do objetivo para o qual os dados foram recolhidos. Os dados n\u00e3o ser\u00e3o transferidos a terceiros, exceto nos casos em que haja uma obriga\u00e7\u00e3o legal ou autoriza\u00e7\u00e3o expressa de sua parte. O utlizador tem o direito de obter informa\u00e7\u00f5es sobre se BONPILATES, S.L. est\u00e1 a utilizar os seus dados pessoais, para que possa exercer seus direitos de acesso, retifica\u00e7\u00e3o, exclus\u00e3o e portabilidade dos dados e oposi\u00e7\u00e3o e limita\u00e7\u00e3o ao seu tratamento perante BONPILATES, S.L., P.I. Pla de la Vallonga, C. Meteorito, 20 &#8211; 03006, Alicante (Espanha). ou para o e-mail info@bonpilates.com, anexando c\u00f3pia do seu RG ou documento equivalente. Da mesma forma, e especialmente se considerar que n\u00e3o obteve a plena satisfa\u00e7\u00e3o no exerc\u00edcio de seus direitos, pode registar uma reclama\u00e7\u00e3o junto \u00e0 autoridade de controle nacional Espanhola, encaminhando este prop\u00f3sito \u00e0 Ag\u00eancia Espanhola de Prote\u00e7\u00e3o de Dados, C \/ Jorge Juan, 6 &#8211; 28001 Madrid.<\/p>\n<p><\/p>\n<p><\/p>\n<p><strong><br><\/strong><\/p><p><strong>CONDI\u00c7\u00d5ES GERAIS<\/strong><\/p>\n<p><\/p>\n<p><\/p>\n<p><strong><br><\/strong><\/p><p><strong>Utilizadores<\/strong><\/p>\n<p><\/p>\n<p><\/p>\n<p>Entende-se por utilizador qualquer pessoa f\u00edsica ou jur\u00eddica que fa\u00e7a acesso e \/ ou utilize este portal.<\/p>\n<p><\/p>\n<p><\/p>\n<p><strong><br><\/strong><\/p><p><strong>Uso do portal<\/strong><\/p>\n<p><\/p>\n<p><\/p>\n<p>www.bonpilates.com proporciona acesso a uma infinidade de informa\u00e7\u00f5es, servi\u00e7os ou dados na Internet pertencentes \u00e0 Bonpilates, S.L. ao qual o utilizador pode ter acesso. O utilizador assume a responsabilidade pelo uso do portal. Essa responsabilidade estende-se ao registo que \u00e9 necess\u00e1rio para ter acesso a determinados servi\u00e7os ou conte\u00fados.<\/p>\n<p><\/p>\n<p><\/p>\n<p>Nesse registo, o utilizador ser\u00e1 respons\u00e1vel por fornecer informa\u00e7\u00f5es verdadeiras e l\u00edcitas. Em decorr\u00eancia desse registo, o utilizador poder\u00e1 receber uma senha pela qual ser\u00e1 respons\u00e1vel, comprometendo-se a fazer uso diligente e confidencial da mesma. O utilizador concorda em fazer uso adequado do conte\u00fado e servi\u00e7os que a Bonpilates oferece por meio de seu portal na web.<\/p>\n<p><\/p>\n<p><\/p>\n<p><strong><br><\/strong><\/p><p><strong>Propriedade Intelectual e Industrial<\/strong><\/p>\n<p><\/p>\n<p><\/p>\n<p>A Bonpilates, S.L. \u00e9 titular de todos os direitos de propriedade intelectual e industrial do seu site, bem como dos elementos nele contidos.<\/p>\n<p><\/p>\n<p><\/p>\n<p>Em virtude do disposto na Lei da Propriedade Intelectual, \u00e9 expressamente proibida a reprodu\u00e7\u00e3o, distribui\u00e7\u00e3o e comunica\u00e7\u00e3o p\u00fablica, incluindo a forma de disponibiliza\u00e7\u00e3o, de todo ou parte do conte\u00fado deste site, para fins comerciais. em qualquer suporte ou por qualquer meio t\u00e9cnico, sem a autoriza\u00e7\u00e3o da Bonpilates. O utilizador compromete-se a respeitar os direitos de propriedade intelectual e industrial da Bonpilates. \u00c9-lhe permitido visualizar elementos do portal e at\u00e9 mesmo imprimi-los, copi\u00e1-los e armazen\u00e1-los no disco r\u00edgido do seu computador ou em qualquer outro meio f\u00edsico, desde que seja \u00fanica e exclusivamente para seu uso pessoal e privado. O utilizador deve abster-se de apagar, alterar, evadir ou manipular qualquer sistema de seguran\u00e7a instalado no site da Bonpilates.<\/p>\n<p><\/p>\n<p><\/p>\n<p><strong><br><\/strong><\/p><p><strong>Exclus\u00e3o de garantias e responsabilidade<\/strong><strong>.<\/strong><\/p>\n<p><\/p>\n<p><\/p>\n<p>A Bonpilates, S.L. n\u00e3o se responsabiliza, em nenhum caso, por danos de qualquer natureza que possam ser causados, a t\u00edtulo de exemplo por: Erros ou omiss\u00f5es de conte\u00fados, indisponibilidade do portal ou transmiss\u00e3o de v\u00edrus ou programas maliciosos ou nocivos em conte\u00fado, apesar de ter adotado todas as medidas tecnol\u00f3gicas necess\u00e1rias para evit\u00e1-lo.<\/p>\n<p><\/p>\n<p><\/p>\n<p><strong><br><\/strong><\/p><p><strong>Modifica\u00e7\u00f5es<\/strong><\/p>\n<p><\/p>\n<p><\/p>\n<p>A Bonpilates, S.L. reserva-se o direito de fazer as modifica\u00e7\u00f5es que julgar convenientes ao seu portal sem pr\u00e9vio aviso, podendo modificar, apagar ou agregar tanto os conte\u00fados e servi\u00e7os por ele prestados como a forma como s\u00e3o apresentados ou localizados em seu portal.<\/p>\n<p><\/p>\n<p><\/p>\n<p><strong><br><\/strong><\/p><p><strong>Liga\u00e7\u00f5es Web \u2013 Links Externos<\/strong><\/p>\n<p><\/p>\n<p><\/p>\n<p>No caso de www.bonpilates.com conter links ou hiperlinks para outros sites da Internet, a Bonpilates n\u00e3o exercer\u00e1 qualquer tipo de controle sobre os referidos sites e conte\u00fados. Em nenhum caso a Bonpilates assumir\u00e1 qualquer responsabilidade pelo conte\u00fado de qualquer link pertencente a um site de terceiros, nem garantir\u00e1 a disponibilidade t\u00e9cnica, qualidade, confiabilidade, precis\u00e3o, amplitude, veracidade, validade e constitucionalidade de qualquer material ou informa\u00e7\u00e3o contido em qualquer um dos referidos hiperlinks. ou outros sites da Internet.<\/p>\n<p><\/p>\n<p><\/p>\n<p>Da mesma forma, a inclus\u00e3o dessas conex\u00f5es externas n\u00e3o implicar\u00e1 em qualquer tipo de associa\u00e7\u00e3o, fus\u00e3o ou participa\u00e7\u00e3o das entidades vinculadas.<\/p>\n<p><\/p>\n<p><\/p>\n<p><strong><br><\/strong><\/p><p><strong>Direito de Exclus\u00e3o.<\/strong><\/p>\n<p><\/p>\n<p><\/p>\n<p>Bonpilates, S.L. reserva-se o direito de negar ou retirar o acesso ao portal e \/ ou servi\u00e7os oferecidos sem aviso pr\u00e9vio, a seu pedido ou de terceiros, aos utilizadores que n\u00e3o cumpram as presentes Condi\u00e7\u00f5es Gerais de Utiliza\u00e7\u00e3o.<\/p>\n<p><\/p>\n<p><\/p>\n<p><strong><br><\/strong><\/p><p><strong>Generalidades.<\/strong><\/p>\n<p><\/p>\n<p><\/p>\n<p>Bonpilates, S.L. perseguir\u00e1 o descumprimento destas condi\u00e7\u00f5es, bem como o uso indevido de seu portal, exercendo todas as a\u00e7\u00f5es c\u00edveis e criminais que lhe correspondam por lei.<\/p>\n<p><\/p>\n<p><\/p>\n<p><strong><br><\/strong><\/p><p><strong>Modifica\u00e7\u00e3o das condi\u00e7\u00f5es presentes e dura\u00e7\u00e3o.<\/strong><\/p>\n<p><\/p>\n<p><\/p>\n<p>Bonpilates, S.L. Pode modificar a qualquer momento as condi\u00e7\u00f5es aqui determinadas, sendo devidamente publicadas tal como aqui aparecem.<\/p>\n<p><\/p>\n<p><\/p>\n<p>A vig\u00eancia das referidas condi\u00e7\u00f5es depender\u00e1 da sua exposi\u00e7\u00e3o e vigorar\u00e3o at\u00e9 que sejam alteradas por outras devidamente publicadas.<\/p>\n<p><\/p>\n<p><\/p>\n<p><strong><br><\/strong><\/p><p><strong>Lei aplic\u00e1vel e jurisdi\u00e7\u00e3o<\/strong><\/p>\n<p><\/p>\n<p><\/p>\n<p>A rela\u00e7\u00e3o entre a Bonpilates e o Utilizador rege-se pelos regulamentos europeus ou, na sua falta, os regulamentos espanh\u00f3is em vigor e qualquer lit\u00edgio ser\u00e3o submetidos aos tribunais e nomeadamente os tribunais da cidade de Alicante.<\/p>\n<p><\/p>\t\t\t\t<\/div>\t\t\t\t<\/div>\n\t\t\t\t\t<\/div>\n\t\t\t\t<\/div>\n\t\t\t\t<\/div>\n\t\t","protected":false},"excerpt":{"rendered":"<p>ENTIDADE TITULAR Em cumprimento do disposto no artigo 10\u00ba da Lei 34\/2002, de 11 de Julho, sobre Servi\u00e7os da Sociedade da Informa\u00e7\u00e3o e Com\u00e9rcio Eletr\u00f3nico, \u00e9 comunicado que a entidade<a href=\"https:\/\/www.bonpilates.com\/pt-pt\/informacao-legal\/\">Continue reading <span class=\"sr-only\">&#8220;Aviso Legal&#8221;<\/span><\/a><\/p>\n","protected":false},"author":1,"featured_media":40305,"parent":0,"menu_order":0,"comment_status":"closed","ping_status":"closed","template":"","meta":{"_acf_changed":false,"footnotes":""},"class_list":["post-124","page","type-page","status-publish","has-post-thumbnail","hentry"],"acf":[],"yoast_head":"<!-- This site is optimized with the Yoast SEO plugin v27.5 - https:\/\/yoast.com\/product\/yoast-seo-wordpress\/ -->\n<title>Aviso Legal - Bonpilates<\/title>\n<meta name=\"robots\" content=\"index, follow, max-snippet:-1, max-image-preview:large, max-video-preview:-1\" \/>\n<link rel=\"canonical\" href=\"https:\/\/www.bonpilates.com\/pt-pt\/informacao-legal\/\" \/>\n<meta property=\"og:locale\" content=\"pt_PT\" \/>\n<meta property=\"og:type\" content=\"article\" \/>\n<meta property=\"og:title\" content=\"Aviso Legal - Bonpilates\" \/>\n<meta property=\"og:description\" content=\"ENTIDADE TITULAR Em cumprimento do disposto no artigo 10\u00ba da Lei 34\/2002, de 11 de Julho, sobre Servi\u00e7os da Sociedade da Informa\u00e7\u00e3o e Com\u00e9rcio Eletr\u00f3nico, \u00e9 comunicado que a entidadeContinue reading &quot;Aviso Legal&quot;\" \/>\n<meta property=\"og:url\" content=\"https:\/\/www.bonpilates.com\/pt-pt\/informacao-legal\/\" \/>\n<meta property=\"og:site_name\" content=\"Bonpilates\" \/>\n<meta property=\"article:publisher\" content=\"https:\/\/www.facebook.com\/bonpilates\/\" \/>\n<meta property=\"article:modified_time\" content=\"2025-05-14T09:26:23+00:00\" \/>\n<meta property=\"og:image\" content=\"https:\/\/www.bonpilates.com\/wp-content\/uploads\/2025\/03\/visitabonpi.jpg\" \/>\n\t<meta property=\"og:image:width\" content=\"1920\" \/>\n\t<meta property=\"og:image:height\" content=\"838\" \/>\n\t<meta property=\"og:image:type\" content=\"image\/jpeg\" \/>\n<meta name=\"twitter:card\" content=\"summary_large_image\" \/>\n<meta name=\"twitter:label1\" content=\"Tempo estimado de leitura\" \/>\n\t<meta name=\"twitter:data1\" content=\"6 minutos\" \/>\n<script type=\"application\/ld+json\" class=\"yoast-schema-graph\">{\"@context\":\"https:\\\/\\\/schema.org\",\"@graph\":[{\"@type\":\"WebPage\",\"@id\":\"https:\\\/\\\/www.bonpilates.com\\\/pt-pt\\\/informacao-legal\\\/\",\"url\":\"https:\\\/\\\/www.bonpilates.com\\\/pt-pt\\\/informacao-legal\\\/\",\"name\":\"Aviso Legal - Bonpilates\",\"isPartOf\":{\"@id\":\"https:\\\/\\\/www.bonpilates.com\\\/pt-pt\\\/#website\"},\"primaryImageOfPage\":{\"@id\":\"https:\\\/\\\/www.bonpilates.com\\\/pt-pt\\\/informacao-legal\\\/#primaryimage\"},\"image\":{\"@id\":\"https:\\\/\\\/www.bonpilates.com\\\/pt-pt\\\/informacao-legal\\\/#primaryimage\"},\"thumbnailUrl\":\"https:\\\/\\\/www.bonpilates.com\\\/wp-content\\\/uploads\\\/2025\\\/03\\\/visitabonpi.jpg\",\"datePublished\":\"2024-03-07T10:31:14+00:00\",\"dateModified\":\"2025-05-14T09:26:23+00:00\",\"breadcrumb\":{\"@id\":\"https:\\\/\\\/www.bonpilates.com\\\/pt-pt\\\/informacao-legal\\\/#breadcrumb\"},\"inLanguage\":\"pt-PT\",\"potentialAction\":[{\"@type\":\"ReadAction\",\"target\":[\"https:\\\/\\\/www.bonpilates.com\\\/pt-pt\\\/informacao-legal\\\/\"]}]},{\"@type\":\"ImageObject\",\"inLanguage\":\"pt-PT\",\"@id\":\"https:\\\/\\\/www.bonpilates.com\\\/pt-pt\\\/informacao-legal\\\/#primaryimage\",\"url\":\"https:\\\/\\\/www.bonpilates.com\\\/wp-content\\\/uploads\\\/2025\\\/03\\\/visitabonpi.jpg\",\"contentUrl\":\"https:\\\/\\\/www.bonpilates.com\\\/wp-content\\\/uploads\\\/2025\\\/03\\\/visitabonpi.jpg\",\"width\":1920,\"height\":838,\"caption\":\"Visita Bonpilates\"},{\"@type\":\"BreadcrumbList\",\"@id\":\"https:\\\/\\\/www.bonpilates.com\\\/pt-pt\\\/informacao-legal\\\/#breadcrumb\",\"itemListElement\":[{\"@type\":\"ListItem\",\"position\":1,\"name\":\"Bonpilates\",\"item\":\"https:\\\/\\\/www.bonpilates.com\\\/pt-pt\\\/\"},{\"@type\":\"ListItem\",\"position\":2,\"name\":\"Aviso Legal\"}]},{\"@type\":\"WebSite\",\"@id\":\"https:\\\/\\\/www.bonpilates.com\\\/pt-pt\\\/#website\",\"url\":\"https:\\\/\\\/www.bonpilates.com\\\/pt-pt\\\/\",\"name\":\"Bonpilates\",\"description\":\"Desarrollamos y comercializamos m\u00e1quinas de pilates reformer, equipment, accesorios y otros aparatos ideales para practicar este entrenamiento. Bonpilates presenta a sus clientes soluciones de alta calidad y tecnolog\u00eda.\",\"publisher\":{\"@id\":\"https:\\\/\\\/www.bonpilates.com\\\/pt-pt\\\/#organization\"},\"potentialAction\":[{\"@type\":\"SearchAction\",\"target\":{\"@type\":\"EntryPoint\",\"urlTemplate\":\"https:\\\/\\\/www.bonpilates.com\\\/pt-pt\\\/?s={search_term_string}\"},\"query-input\":{\"@type\":\"PropertyValueSpecification\",\"valueRequired\":true,\"valueName\":\"search_term_string\"}}],\"inLanguage\":\"pt-PT\"},{\"@type\":\"Organization\",\"@id\":\"https:\\\/\\\/www.bonpilates.com\\\/pt-pt\\\/#organization\",\"name\":\"Bonpilates\",\"url\":\"https:\\\/\\\/www.bonpilates.com\\\/pt-pt\\\/\",\"logo\":{\"@type\":\"ImageObject\",\"inLanguage\":\"pt-PT\",\"@id\":\"https:\\\/\\\/www.bonpilates.com\\\/pt-pt\\\/#\\\/schema\\\/logo\\\/image\\\/\",\"url\":\"https:\\\/\\\/www.bonpilates.com\\\/wp-content\\\/uploads\\\/2024\\\/03\\\/bonpilates-logo-header.png\",\"contentUrl\":\"https:\\\/\\\/www.bonpilates.com\\\/wp-content\\\/uploads\\\/2024\\\/03\\\/bonpilates-logo-header.png\",\"width\":319,\"height\":54,\"caption\":\"Bonpilates\"},\"image\":{\"@id\":\"https:\\\/\\\/www.bonpilates.com\\\/pt-pt\\\/#\\\/schema\\\/logo\\\/image\\\/\"},\"sameAs\":[\"https:\\\/\\\/www.facebook.com\\\/bonpilates\\\/\",\"https:\\\/\\\/www.instagram.com\\\/bonpilatesspain\\\/\",\"https:\\\/\\\/www.youtube.com\\\/user\\\/bonpilates\\\/\"]}]}<\/script>\n<!-- \/ Yoast SEO plugin. -->","yoast_head_json":{"title":"Aviso Legal - Bonpilates","robots":{"index":"index","follow":"follow","max-snippet":"max-snippet:-1","max-image-preview":"max-image-preview:large","max-video-preview":"max-video-preview:-1"},"canonical":"https:\/\/www.bonpilates.com\/pt-pt\/informacao-legal\/","og_locale":"pt_PT","og_type":"article","og_title":"Aviso Legal - Bonpilates","og_description":"ENTIDADE TITULAR Em cumprimento do disposto no artigo 10\u00ba da Lei 34\/2002, de 11 de Julho, sobre Servi\u00e7os da Sociedade da Informa\u00e7\u00e3o e Com\u00e9rcio Eletr\u00f3nico, \u00e9 comunicado que a entidadeContinue reading \"Aviso Legal\"","og_url":"https:\/\/www.bonpilates.com\/pt-pt\/informacao-legal\/","og_site_name":"Bonpilates","article_publisher":"https:\/\/www.facebook.com\/bonpilates\/","article_modified_time":"2025-05-14T09:26:23+00:00","og_image":[{"width":1920,"height":838,"url":"https:\/\/www.bonpilates.com\/wp-content\/uploads\/2025\/03\/visitabonpi.jpg","type":"image\/jpeg"}],"twitter_card":"summary_large_image","twitter_misc":{"Tempo estimado de leitura":"6 minutos"},"schema":{"@context":"https:\/\/schema.org","@graph":[{"@type":"WebPage","@id":"https:\/\/www.bonpilates.com\/pt-pt\/informacao-legal\/","url":"https:\/\/www.bonpilates.com\/pt-pt\/informacao-legal\/","name":"Aviso Legal - Bonpilates","isPartOf":{"@id":"https:\/\/www.bonpilates.com\/pt-pt\/#website"},"primaryImageOfPage":{"@id":"https:\/\/www.bonpilates.com\/pt-pt\/informacao-legal\/#primaryimage"},"image":{"@id":"https:\/\/www.bonpilates.com\/pt-pt\/informacao-legal\/#primaryimage"},"thumbnailUrl":"https:\/\/www.bonpilates.com\/wp-content\/uploads\/2025\/03\/visitabonpi.jpg","datePublished":"2024-03-07T10:31:14+00:00","dateModified":"2025-05-14T09:26:23+00:00","breadcrumb":{"@id":"https:\/\/www.bonpilates.com\/pt-pt\/informacao-legal\/#breadcrumb"},"inLanguage":"pt-PT","potentialAction":[{"@type":"ReadAction","target":["https:\/\/www.bonpilates.com\/pt-pt\/informacao-legal\/"]}]},{"@type":"ImageObject","inLanguage":"pt-PT","@id":"https:\/\/www.bonpilates.com\/pt-pt\/informacao-legal\/#primaryimage","url":"https:\/\/www.bonpilates.com\/wp-content\/uploads\/2025\/03\/visitabonpi.jpg","contentUrl":"https:\/\/www.bonpilates.com\/wp-content\/uploads\/2025\/03\/visitabonpi.jpg","width":1920,"height":838,"caption":"Visita Bonpilates"},{"@type":"BreadcrumbList","@id":"https:\/\/www.bonpilates.com\/pt-pt\/informacao-legal\/#breadcrumb","itemListElement":[{"@type":"ListItem","position":1,"name":"Bonpilates","item":"https:\/\/www.bonpilates.com\/pt-pt\/"},{"@type":"ListItem","position":2,"name":"Aviso Legal"}]},{"@type":"WebSite","@id":"https:\/\/www.bonpilates.com\/pt-pt\/#website","url":"https:\/\/www.bonpilates.com\/pt-pt\/","name":"Bonpilates","description":"Desarrollamos y comercializamos m\u00e1quinas de pilates reformer, equipment, accesorios y otros aparatos ideales para practicar este entrenamiento. Bonpilates presenta a sus clientes soluciones de alta calidad y tecnolog\u00eda.","publisher":{"@id":"https:\/\/www.bonpilates.com\/pt-pt\/#organization"},"potentialAction":[{"@type":"SearchAction","target":{"@type":"EntryPoint","urlTemplate":"https:\/\/www.bonpilates.com\/pt-pt\/?s={search_term_string}"},"query-input":{"@type":"PropertyValueSpecification","valueRequired":true,"valueName":"search_term_string"}}],"inLanguage":"pt-PT"},{"@type":"Organization","@id":"https:\/\/www.bonpilates.com\/pt-pt\/#organization","name":"Bonpilates","url":"https:\/\/www.bonpilates.com\/pt-pt\/","logo":{"@type":"ImageObject","inLanguage":"pt-PT","@id":"https:\/\/www.bonpilates.com\/pt-pt\/#\/schema\/logo\/image\/","url":"https:\/\/www.bonpilates.com\/wp-content\/uploads\/2024\/03\/bonpilates-logo-header.png","contentUrl":"https:\/\/www.bonpilates.com\/wp-content\/uploads\/2024\/03\/bonpilates-logo-header.png","width":319,"height":54,"caption":"Bonpilates"},"image":{"@id":"https:\/\/www.bonpilates.com\/pt-pt\/#\/schema\/logo\/image\/"},"sameAs":["https:\/\/www.facebook.com\/bonpilates\/","https:\/\/www.instagram.com\/bonpilatesspain\/","https:\/\/www.youtube.com\/user\/bonpilates\/"]}]}},"_links":{"self":[{"href":"https:\/\/www.bonpilates.com\/pt-pt\/wp-json\/wp\/v2\/pages\/124","targetHints":{"allow":["GET"]}}],"collection":[{"href":"https:\/\/www.bonpilates.com\/pt-pt\/wp-json\/wp\/v2\/pages"}],"about":[{"href":"https:\/\/www.bonpilates.com\/pt-pt\/wp-json\/wp\/v2\/types\/page"}],"author":[{"embeddable":true,"href":"https:\/\/www.bonpilates.com\/pt-pt\/wp-json\/wp\/v2\/users\/1"}],"replies":[{"embeddable":true,"href":"https:\/\/www.bonpilates.com\/pt-pt\/wp-json\/wp\/v2\/comments?post=124"}],"version-history":[{"count":0,"href":"https:\/\/www.bonpilates.com\/pt-pt\/wp-json\/wp\/v2\/pages\/124\/revisions"}],"wp:featuredmedia":[{"embeddable":true,"href":"https:\/\/www.bonpilates.com\/pt-pt\/wp-json\/wp\/v2\/media\/40305"}],"wp:attachment":[{"href":"https:\/\/www.bonpilates.com\/pt-pt\/wp-json\/wp\/v2\/media?parent=124"}],"curies":[{"name":"wp","href":"https:\/\/api.w.org\/{rel}","templated":true}]}}