{"id":44974,"date":"2021-04-07T14:50:35","date_gmt":"2021-04-07T12:50:35","guid":{"rendered":"https:\/\/www.bonpilates.com\/producto\/mat-plegable-pt-pt\/"},"modified":"2025-05-06T07:16:44","modified_gmt":"2025-05-06T07:16:44","slug":"mat-plegable","status":"publish","type":"product","link":"https:\/\/www.bonpilates.com\/pt-pt\/producto\/mat-plegable\/","title":{"rendered":"Mat pliable"},"content":{"rendered":"<p>O tapete dobr\u00e1vel \u00e9 o nosso modelo de tapete mais pequeno. Ocupa pouco espa\u00e7o e \u00e9 muito f\u00e1cil e r\u00e1pido de instalar.<br \/>\n\u00c9 ideal para a casa ou pequenas salas de forma\u00e7\u00e3o, permitindo-lhe fazer o melhor uso do espa\u00e7o.<br \/>\nTamb\u00e9m permite a realiza\u00e7\u00e3o de exerc\u00edcios de Pilates ao ar livre.<br \/>\nPode ser escondido debaixo da cama ou atr\u00e1s de uma porta.<\/p>\n","protected":false},"excerpt":{"rendered":"<p>O tapete dobr\u00e1vel \u00e9 o nosso modelo de tapete mais pequeno.<\/p>\n","protected":false},"featured_media":43083,"template":"","meta":{"_acf_changed":false},"product_brand":[],"product_cat":[1005,992],"product_tag":[],"class_list":{"0":"post-44974","1":"product","2":"type-product","3":"status-publish","4":"has-post-thumbnail","6":"product_cat-classico","7":"product_cat-mats","9":"first","10":"instock","11":"taxable","12":"shipping-taxable","13":"product-type-simple"},"acf":[],"yoast_head":"<!-- This site is optimized with the Yoast SEO plugin v27.3 - https:\/\/yoast.com\/product\/yoast-seo-wordpress\/ -->\n<title>Mat pliable - Bonpilates<\/title>\n<meta name=\"robots\" content=\"index, follow, max-snippet:-1, max-image-preview:large, max-video-preview:-1\" \/>\n<link rel=\"canonical\" href=\"https:\/\/www.bonpilates.com\/pt-pt\/producto\/mat-plegable\/\" \/>\n<meta property=\"og:locale\" content=\"pt_PT\" \/>\n<meta property=\"og:type\" content=\"article\" \/>\n<meta property=\"og:title\" content=\"Mat pliable - Bonpilates\" \/>\n<meta property=\"og:description\" content=\"O tapete dobr\u00e1vel \u00e9 o nosso modelo de tapete mais pequeno.\" \/>\n<meta property=\"og:url\" content=\"https:\/\/www.bonpilates.com\/pt-pt\/producto\/mat-plegable\/\" \/>\n<meta property=\"og:site_name\" content=\"Bonpilates\" \/>\n<meta property=\"article:publisher\" content=\"https:\/\/www.facebook.com\/bonpilates\/\" \/>\n<meta property=\"article:modified_time\" content=\"2025-05-06T07:16:44+00:00\" \/>\n<meta property=\"og:image\" content=\"https:\/\/www.bonpilates.com\/wp-content\/uploads\/2025\/05\/81000370-MAT-PLEGABLE-2.jpg\" \/>\n\t<meta property=\"og:image:width\" content=\"600\" \/>\n\t<meta property=\"og:image:height\" content=\"600\" \/>\n\t<meta property=\"og:image:type\" content=\"image\/jpeg\" \/>\n<meta name=\"twitter:card\" content=\"summary_large_image\" \/>\n<script type=\"application\/ld+json\" class=\"yoast-schema-graph\">{\"@context\":\"https:\\\/\\\/schema.org\",\"@graph\":[{\"@type\":\"WebPage\",\"@id\":\"https:\\\/\\\/www.bonpilates.com\\\/pt-pt\\\/producto\\\/mat-plegable\\\/\",\"url\":\"https:\\\/\\\/www.bonpilates.com\\\/pt-pt\\\/producto\\\/mat-plegable\\\/\",\"name\":\"Mat pliable - Bonpilates\",\"isPartOf\":{\"@id\":\"https:\\\/\\\/www.bonpilates.com\\\/pt-pt\\\/#website\"},\"primaryImageOfPage\":{\"@id\":\"https:\\\/\\\/www.bonpilates.com\\\/pt-pt\\\/producto\\\/mat-plegable\\\/#primaryimage\"},\"image\":{\"@id\":\"https:\\\/\\\/www.bonpilates.com\\\/pt-pt\\\/producto\\\/mat-plegable\\\/#primaryimage\"},\"thumbnailUrl\":\"https:\\\/\\\/www.bonpilates.com\\\/wp-content\\\/uploads\\\/2025\\\/05\\\/81000370-MAT-PLEGABLE-2.jpg\",\"datePublished\":\"2021-04-07T12:50:35+00:00\",\"dateModified\":\"2025-05-06T07:16:44+00:00\",\"breadcrumb\":{\"@id\":\"https:\\\/\\\/www.bonpilates.com\\\/pt-pt\\\/producto\\\/mat-plegable\\\/#breadcrumb\"},\"inLanguage\":\"pt-PT\",\"potentialAction\":[{\"@type\":\"ReadAction\",\"target\":[\"https:\\\/\\\/www.bonpilates.com\\\/pt-pt\\\/producto\\\/mat-plegable\\\/\"]}]},{\"@type\":\"ImageObject\",\"inLanguage\":\"pt-PT\",\"@id\":\"https:\\\/\\\/www.bonpilates.com\\\/pt-pt\\\/producto\\\/mat-plegable\\\/#primaryimage\",\"url\":\"https:\\\/\\\/www.bonpilates.com\\\/wp-content\\\/uploads\\\/2025\\\/05\\\/81000370-MAT-PLEGABLE-2.jpg\",\"contentUrl\":\"https:\\\/\\\/www.bonpilates.com\\\/wp-content\\\/uploads\\\/2025\\\/05\\\/81000370-MAT-PLEGABLE-2.jpg\",\"width\":600,\"height\":600},{\"@type\":\"BreadcrumbList\",\"@id\":\"https:\\\/\\\/www.bonpilates.com\\\/pt-pt\\\/producto\\\/mat-plegable\\\/#breadcrumb\",\"itemListElement\":[{\"@type\":\"ListItem\",\"position\":1,\"name\":\"Bonpilates\",\"item\":\"https:\\\/\\\/www.bonpilates.com\\\/pt-pt\\\/\"},{\"@type\":\"ListItem\",\"position\":2,\"name\":\"Equipamento de Pilates\",\"item\":\"https:\\\/\\\/www.bonpilates.com\\\/pt-pt\\\/equipamento-de-pilates\\\/\"},{\"@type\":\"ListItem\",\"position\":3,\"name\":\"Mat pliable\"}]},{\"@type\":\"WebSite\",\"@id\":\"https:\\\/\\\/www.bonpilates.com\\\/pt-pt\\\/#website\",\"url\":\"https:\\\/\\\/www.bonpilates.com\\\/pt-pt\\\/\",\"name\":\"Bonpilates\",\"description\":\"Desarrollamos y comercializamos m\u00e1quinas de pilates reformer, equipment, accesorios y otros aparatos ideales para practicar este entrenamiento. Bonpilates presenta a sus clientes soluciones de alta calidad y tecnolog\u00eda.\",\"publisher\":{\"@id\":\"https:\\\/\\\/www.bonpilates.com\\\/pt-pt\\\/#organization\"},\"potentialAction\":[{\"@type\":\"SearchAction\",\"target\":{\"@type\":\"EntryPoint\",\"urlTemplate\":\"https:\\\/\\\/www.bonpilates.com\\\/pt-pt\\\/?s={search_term_string}\"},\"query-input\":{\"@type\":\"PropertyValueSpecification\",\"valueRequired\":true,\"valueName\":\"search_term_string\"}}],\"inLanguage\":\"pt-PT\"},{\"@type\":\"Organization\",\"@id\":\"https:\\\/\\\/www.bonpilates.com\\\/pt-pt\\\/#organization\",\"name\":\"Bonpilates\",\"url\":\"https:\\\/\\\/www.bonpilates.com\\\/pt-pt\\\/\",\"logo\":{\"@type\":\"ImageObject\",\"inLanguage\":\"pt-PT\",\"@id\":\"https:\\\/\\\/www.bonpilates.com\\\/pt-pt\\\/#\\\/schema\\\/logo\\\/image\\\/\",\"url\":\"https:\\\/\\\/www.bonpilates.com\\\/wp-content\\\/uploads\\\/2024\\\/03\\\/bonpilates-logo-header.png\",\"contentUrl\":\"https:\\\/\\\/www.bonpilates.com\\\/wp-content\\\/uploads\\\/2024\\\/03\\\/bonpilates-logo-header.png\",\"width\":319,\"height\":54,\"caption\":\"Bonpilates\"},\"image\":{\"@id\":\"https:\\\/\\\/www.bonpilates.com\\\/pt-pt\\\/#\\\/schema\\\/logo\\\/image\\\/\"},\"sameAs\":[\"https:\\\/\\\/www.facebook.com\\\/bonpilates\\\/\",\"https:\\\/\\\/www.instagram.com\\\/bonpilatesspain\\\/\",\"https:\\\/\\\/www.youtube.com\\\/user\\\/bonpilates\\\/\"]}]}<\/script>\n<!-- \/ Yoast SEO plugin. -->","yoast_head_json":{"title":"Mat pliable - Bonpilates","robots":{"index":"index","follow":"follow","max-snippet":"max-snippet:-1","max-image-preview":"max-image-preview:large","max-video-preview":"max-video-preview:-1"},"canonical":"https:\/\/www.bonpilates.com\/pt-pt\/producto\/mat-plegable\/","og_locale":"pt_PT","og_type":"article","og_title":"Mat pliable - Bonpilates","og_description":"O tapete dobr\u00e1vel \u00e9 o nosso modelo de tapete mais pequeno.","og_url":"https:\/\/www.bonpilates.com\/pt-pt\/producto\/mat-plegable\/","og_site_name":"Bonpilates","article_publisher":"https:\/\/www.facebook.com\/bonpilates\/","article_modified_time":"2025-05-06T07:16:44+00:00","og_image":[{"width":600,"height":600,"url":"https:\/\/www.bonpilates.com\/wp-content\/uploads\/2025\/05\/81000370-MAT-PLEGABLE-2.jpg","type":"image\/jpeg"}],"twitter_card":"summary_large_image","schema":{"@context":"https:\/\/schema.org","@graph":[{"@type":"WebPage","@id":"https:\/\/www.bonpilates.com\/pt-pt\/producto\/mat-plegable\/","url":"https:\/\/www.bonpilates.com\/pt-pt\/producto\/mat-plegable\/","name":"Mat pliable - Bonpilates","isPartOf":{"@id":"https:\/\/www.bonpilates.com\/pt-pt\/#website"},"primaryImageOfPage":{"@id":"https:\/\/www.bonpilates.com\/pt-pt\/producto\/mat-plegable\/#primaryimage"},"image":{"@id":"https:\/\/www.bonpilates.com\/pt-pt\/producto\/mat-plegable\/#primaryimage"},"thumbnailUrl":"https:\/\/www.bonpilates.com\/wp-content\/uploads\/2025\/05\/81000370-MAT-PLEGABLE-2.jpg","datePublished":"2021-04-07T12:50:35+00:00","dateModified":"2025-05-06T07:16:44+00:00","breadcrumb":{"@id":"https:\/\/www.bonpilates.com\/pt-pt\/producto\/mat-plegable\/#breadcrumb"},"inLanguage":"pt-PT","potentialAction":[{"@type":"ReadAction","target":["https:\/\/www.bonpilates.com\/pt-pt\/producto\/mat-plegable\/"]}]},{"@type":"ImageObject","inLanguage":"pt-PT","@id":"https:\/\/www.bonpilates.com\/pt-pt\/producto\/mat-plegable\/#primaryimage","url":"https:\/\/www.bonpilates.com\/wp-content\/uploads\/2025\/05\/81000370-MAT-PLEGABLE-2.jpg","contentUrl":"https:\/\/www.bonpilates.com\/wp-content\/uploads\/2025\/05\/81000370-MAT-PLEGABLE-2.jpg","width":600,"height":600},{"@type":"BreadcrumbList","@id":"https:\/\/www.bonpilates.com\/pt-pt\/producto\/mat-plegable\/#breadcrumb","itemListElement":[{"@type":"ListItem","position":1,"name":"Bonpilates","item":"https:\/\/www.bonpilates.com\/pt-pt\/"},{"@type":"ListItem","position":2,"name":"Equipamento de Pilates","item":"https:\/\/www.bonpilates.com\/pt-pt\/equipamento-de-pilates\/"},{"@type":"ListItem","position":3,"name":"Mat pliable"}]},{"@type":"WebSite","@id":"https:\/\/www.bonpilates.com\/pt-pt\/#website","url":"https:\/\/www.bonpilates.com\/pt-pt\/","name":"Bonpilates","description":"Desarrollamos y comercializamos m\u00e1quinas de pilates reformer, equipment, accesorios y otros aparatos ideales para practicar este entrenamiento. Bonpilates presenta a sus clientes soluciones de alta calidad y tecnolog\u00eda.","publisher":{"@id":"https:\/\/www.bonpilates.com\/pt-pt\/#organization"},"potentialAction":[{"@type":"SearchAction","target":{"@type":"EntryPoint","urlTemplate":"https:\/\/www.bonpilates.com\/pt-pt\/?s={search_term_string}"},"query-input":{"@type":"PropertyValueSpecification","valueRequired":true,"valueName":"search_term_string"}}],"inLanguage":"pt-PT"},{"@type":"Organization","@id":"https:\/\/www.bonpilates.com\/pt-pt\/#organization","name":"Bonpilates","url":"https:\/\/www.bonpilates.com\/pt-pt\/","logo":{"@type":"ImageObject","inLanguage":"pt-PT","@id":"https:\/\/www.bonpilates.com\/pt-pt\/#\/schema\/logo\/image\/","url":"https:\/\/www.bonpilates.com\/wp-content\/uploads\/2024\/03\/bonpilates-logo-header.png","contentUrl":"https:\/\/www.bonpilates.com\/wp-content\/uploads\/2024\/03\/bonpilates-logo-header.png","width":319,"height":54,"caption":"Bonpilates"},"image":{"@id":"https:\/\/www.bonpilates.com\/pt-pt\/#\/schema\/logo\/image\/"},"sameAs":["https:\/\/www.facebook.com\/bonpilates\/","https:\/\/www.instagram.com\/bonpilatesspain\/","https:\/\/www.youtube.com\/user\/bonpilates\/"]}]}},"_links":{"self":[{"href":"https:\/\/www.bonpilates.com\/pt-pt\/wp-json\/wp\/v2\/product\/44974","targetHints":{"allow":["GET"]}}],"collection":[{"href":"https:\/\/www.bonpilates.com\/pt-pt\/wp-json\/wp\/v2\/product"}],"about":[{"href":"https:\/\/www.bonpilates.com\/pt-pt\/wp-json\/wp\/v2\/types\/product"}],"wp:featuredmedia":[{"embeddable":true,"href":"https:\/\/www.bonpilates.com\/pt-pt\/wp-json\/wp\/v2\/media\/43083"}],"wp:attachment":[{"href":"https:\/\/www.bonpilates.com\/pt-pt\/wp-json\/wp\/v2\/media?parent=44974"}],"wp:term":[{"taxonomy":"product_brand","embeddable":true,"href":"https:\/\/www.bonpilates.com\/pt-pt\/wp-json\/wp\/v2\/product_brand?post=44974"},{"taxonomy":"product_cat","embeddable":true,"href":"https:\/\/www.bonpilates.com\/pt-pt\/wp-json\/wp\/v2\/product_cat?post=44974"},{"taxonomy":"product_tag","embeddable":true,"href":"https:\/\/www.bonpilates.com\/pt-pt\/wp-json\/wp\/v2\/product_tag?post=44974"}],"curies":[{"name":"wp","href":"https:\/\/api.w.org\/{rel}","templated":true}]}}