{"id":45226,"date":"2019-02-14T11:35:50","date_gmt":"2019-02-14T10:35:50","guid":{"rendered":"https:\/\/www.bonpilates.com\/producto\/madeira-cadillac-xpert-pt-pt\/"},"modified":"2025-05-06T07:17:54","modified_gmt":"2025-05-06T07:17:54","slug":"madeira-cadillac-xpert","status":"publish","type":"product","link":"https:\/\/www.bonpilates.com\/pt-pt\/producto\/madeira-cadillac-xpert\/","title":{"rendered":"Madeira Cadillac xpert"},"content":{"rendered":"<p>A madeira Cadillac xpert \u00e9 nosso modelo Cadillac carro-chefe e destina-se ao uso na ind\u00fastria Profissional de Pilates.<\/p>\n<p>Esta m\u00e1quina \u00e9 feita de madeira de faia e alum\u00ednio. \u00c9 dotado do mais avan\u00e7ado ergonomia, conforto, seguran\u00e7a e adapta\u00e7\u00e3o para realizar exerc\u00edcios nas melhores condi\u00e7\u00f5es poss\u00edvel.<\/p>\n<p>Inclui:<\/p>\n<ul>\n<li style=\"font-weight: 400;\">Fuzzies<\/li>\n<li style=\"font-weight: 400;\">Conjunto de cabos de nylon com refor\u00e7o de neoprene<\/li>\n<li style=\"font-weight: 400;\">Conjunto de al\u00e7as de seguran\u00e7a simples<\/li>\n<li style=\"font-weight: 400;\">Conjunto completo de molas<\/li>\n<li style=\"font-weight: 400;\">Barra de respira\u00e7\u00e3o<\/li>\n<li style=\"font-weight: 400;\">Barra de empurrar<\/li>\n<\/ul>\n","protected":false},"excerpt":{"rendered":"<p><span style=\"font-weight: 400;\">A madeira Cadillac xpert \u00e9 o nosso modelo Cadillac e destina-se ao uso na ind\u00fastria de Pilates profissional.<\/span><\/p>\n","protected":false},"featured_media":44343,"template":"","meta":{"_acf_changed":false},"product_brand":[],"product_cat":[1058,988],"product_tag":[],"class_list":{"0":"post-45226","1":"product","2":"type-product","3":"status-publish","4":"has-post-thumbnail","6":"product_cat-cadillac","7":"product_cat-contemporaneo","9":"first","10":"instock","11":"taxable","12":"shipping-taxable","13":"product-type-simple"},"acf":[],"yoast_head":"<!-- This site is optimized with the Yoast SEO plugin v27.3 - https:\/\/yoast.com\/product\/yoast-seo-wordpress\/ -->\n<title>Madeira Cadillac xpert - Bonpilates<\/title>\n<meta name=\"robots\" content=\"index, follow, max-snippet:-1, max-image-preview:large, max-video-preview:-1\" \/>\n<link rel=\"canonical\" href=\"https:\/\/www.bonpilates.com\/pt-pt\/producto\/madeira-cadillac-xpert\/\" \/>\n<meta property=\"og:locale\" content=\"pt_PT\" \/>\n<meta property=\"og:type\" content=\"article\" \/>\n<meta property=\"og:title\" content=\"Madeira Cadillac xpert - Bonpilates\" \/>\n<meta property=\"og:description\" content=\"A madeira Cadillac xpert \u00e9 o nosso modelo Cadillac e destina-se ao uso na ind\u00fastria de Pilates profissional.\" \/>\n<meta property=\"og:url\" content=\"https:\/\/www.bonpilates.com\/pt-pt\/producto\/madeira-cadillac-xpert\/\" \/>\n<meta property=\"og:site_name\" content=\"Bonpilates\" \/>\n<meta property=\"article:publisher\" content=\"https:\/\/www.facebook.com\/bonpilates\/\" \/>\n<meta property=\"article:modified_time\" content=\"2025-05-06T07:17:54+00:00\" \/>\n<meta property=\"og:image\" content=\"https:\/\/www.bonpilates.com\/wp-content\/uploads\/2025\/05\/cadillac-pilates-classic-ok.jpg\" \/>\n\t<meta property=\"og:image:width\" content=\"1000\" \/>\n\t<meta property=\"og:image:height\" content=\"1000\" \/>\n\t<meta property=\"og:image:type\" content=\"image\/jpeg\" \/>\n<meta name=\"twitter:card\" content=\"summary_large_image\" \/>\n<script type=\"application\/ld+json\" class=\"yoast-schema-graph\">{\"@context\":\"https:\\\/\\\/schema.org\",\"@graph\":[{\"@type\":\"WebPage\",\"@id\":\"https:\\\/\\\/www.bonpilates.com\\\/pt-pt\\\/producto\\\/madeira-cadillac-xpert\\\/\",\"url\":\"https:\\\/\\\/www.bonpilates.com\\\/pt-pt\\\/producto\\\/madeira-cadillac-xpert\\\/\",\"name\":\"Madeira Cadillac xpert - Bonpilates\",\"isPartOf\":{\"@id\":\"https:\\\/\\\/www.bonpilates.com\\\/pt-pt\\\/#website\"},\"primaryImageOfPage\":{\"@id\":\"https:\\\/\\\/www.bonpilates.com\\\/pt-pt\\\/producto\\\/madeira-cadillac-xpert\\\/#primaryimage\"},\"image\":{\"@id\":\"https:\\\/\\\/www.bonpilates.com\\\/pt-pt\\\/producto\\\/madeira-cadillac-xpert\\\/#primaryimage\"},\"thumbnailUrl\":\"https:\\\/\\\/www.bonpilates.com\\\/wp-content\\\/uploads\\\/2025\\\/05\\\/cadillac-pilates-classic-ok.jpg\",\"datePublished\":\"2019-02-14T10:35:50+00:00\",\"dateModified\":\"2025-05-06T07:17:54+00:00\",\"breadcrumb\":{\"@id\":\"https:\\\/\\\/www.bonpilates.com\\\/pt-pt\\\/producto\\\/madeira-cadillac-xpert\\\/#breadcrumb\"},\"inLanguage\":\"pt-PT\",\"potentialAction\":[{\"@type\":\"ReadAction\",\"target\":[\"https:\\\/\\\/www.bonpilates.com\\\/pt-pt\\\/producto\\\/madeira-cadillac-xpert\\\/\"]}]},{\"@type\":\"ImageObject\",\"inLanguage\":\"pt-PT\",\"@id\":\"https:\\\/\\\/www.bonpilates.com\\\/pt-pt\\\/producto\\\/madeira-cadillac-xpert\\\/#primaryimage\",\"url\":\"https:\\\/\\\/www.bonpilates.com\\\/wp-content\\\/uploads\\\/2025\\\/05\\\/cadillac-pilates-classic-ok.jpg\",\"contentUrl\":\"https:\\\/\\\/www.bonpilates.com\\\/wp-content\\\/uploads\\\/2025\\\/05\\\/cadillac-pilates-classic-ok.jpg\",\"width\":1000,\"height\":1000},{\"@type\":\"BreadcrumbList\",\"@id\":\"https:\\\/\\\/www.bonpilates.com\\\/pt-pt\\\/producto\\\/madeira-cadillac-xpert\\\/#breadcrumb\",\"itemListElement\":[{\"@type\":\"ListItem\",\"position\":1,\"name\":\"Bonpilates\",\"item\":\"https:\\\/\\\/www.bonpilates.com\\\/pt-pt\\\/\"},{\"@type\":\"ListItem\",\"position\":2,\"name\":\"Equipamento de Pilates\",\"item\":\"https:\\\/\\\/www.bonpilates.com\\\/pt-pt\\\/equipamento-de-pilates\\\/\"},{\"@type\":\"ListItem\",\"position\":3,\"name\":\"Madeira Cadillac xpert\"}]},{\"@type\":\"WebSite\",\"@id\":\"https:\\\/\\\/www.bonpilates.com\\\/pt-pt\\\/#website\",\"url\":\"https:\\\/\\\/www.bonpilates.com\\\/pt-pt\\\/\",\"name\":\"Bonpilates\",\"description\":\"Desarrollamos y comercializamos m\u00e1quinas de pilates reformer, equipment, accesorios y otros aparatos ideales para practicar este entrenamiento. Bonpilates presenta a sus clientes soluciones de alta calidad y tecnolog\u00eda.\",\"publisher\":{\"@id\":\"https:\\\/\\\/www.bonpilates.com\\\/pt-pt\\\/#organization\"},\"potentialAction\":[{\"@type\":\"SearchAction\",\"target\":{\"@type\":\"EntryPoint\",\"urlTemplate\":\"https:\\\/\\\/www.bonpilates.com\\\/pt-pt\\\/?s={search_term_string}\"},\"query-input\":{\"@type\":\"PropertyValueSpecification\",\"valueRequired\":true,\"valueName\":\"search_term_string\"}}],\"inLanguage\":\"pt-PT\"},{\"@type\":\"Organization\",\"@id\":\"https:\\\/\\\/www.bonpilates.com\\\/pt-pt\\\/#organization\",\"name\":\"Bonpilates\",\"url\":\"https:\\\/\\\/www.bonpilates.com\\\/pt-pt\\\/\",\"logo\":{\"@type\":\"ImageObject\",\"inLanguage\":\"pt-PT\",\"@id\":\"https:\\\/\\\/www.bonpilates.com\\\/pt-pt\\\/#\\\/schema\\\/logo\\\/image\\\/\",\"url\":\"https:\\\/\\\/www.bonpilates.com\\\/wp-content\\\/uploads\\\/2024\\\/03\\\/bonpilates-logo-header.png\",\"contentUrl\":\"https:\\\/\\\/www.bonpilates.com\\\/wp-content\\\/uploads\\\/2024\\\/03\\\/bonpilates-logo-header.png\",\"width\":319,\"height\":54,\"caption\":\"Bonpilates\"},\"image\":{\"@id\":\"https:\\\/\\\/www.bonpilates.com\\\/pt-pt\\\/#\\\/schema\\\/logo\\\/image\\\/\"},\"sameAs\":[\"https:\\\/\\\/www.facebook.com\\\/bonpilates\\\/\",\"https:\\\/\\\/www.instagram.com\\\/bonpilatesspain\\\/\",\"https:\\\/\\\/www.youtube.com\\\/user\\\/bonpilates\\\/\"]}]}<\/script>\n<!-- \/ Yoast SEO plugin. -->","yoast_head_json":{"title":"Madeira Cadillac xpert - Bonpilates","robots":{"index":"index","follow":"follow","max-snippet":"max-snippet:-1","max-image-preview":"max-image-preview:large","max-video-preview":"max-video-preview:-1"},"canonical":"https:\/\/www.bonpilates.com\/pt-pt\/producto\/madeira-cadillac-xpert\/","og_locale":"pt_PT","og_type":"article","og_title":"Madeira Cadillac xpert - Bonpilates","og_description":"A madeira Cadillac xpert \u00e9 o nosso modelo Cadillac e destina-se ao uso na ind\u00fastria de Pilates profissional.","og_url":"https:\/\/www.bonpilates.com\/pt-pt\/producto\/madeira-cadillac-xpert\/","og_site_name":"Bonpilates","article_publisher":"https:\/\/www.facebook.com\/bonpilates\/","article_modified_time":"2025-05-06T07:17:54+00:00","og_image":[{"width":1000,"height":1000,"url":"https:\/\/www.bonpilates.com\/wp-content\/uploads\/2025\/05\/cadillac-pilates-classic-ok.jpg","type":"image\/jpeg"}],"twitter_card":"summary_large_image","schema":{"@context":"https:\/\/schema.org","@graph":[{"@type":"WebPage","@id":"https:\/\/www.bonpilates.com\/pt-pt\/producto\/madeira-cadillac-xpert\/","url":"https:\/\/www.bonpilates.com\/pt-pt\/producto\/madeira-cadillac-xpert\/","name":"Madeira Cadillac xpert - Bonpilates","isPartOf":{"@id":"https:\/\/www.bonpilates.com\/pt-pt\/#website"},"primaryImageOfPage":{"@id":"https:\/\/www.bonpilates.com\/pt-pt\/producto\/madeira-cadillac-xpert\/#primaryimage"},"image":{"@id":"https:\/\/www.bonpilates.com\/pt-pt\/producto\/madeira-cadillac-xpert\/#primaryimage"},"thumbnailUrl":"https:\/\/www.bonpilates.com\/wp-content\/uploads\/2025\/05\/cadillac-pilates-classic-ok.jpg","datePublished":"2019-02-14T10:35:50+00:00","dateModified":"2025-05-06T07:17:54+00:00","breadcrumb":{"@id":"https:\/\/www.bonpilates.com\/pt-pt\/producto\/madeira-cadillac-xpert\/#breadcrumb"},"inLanguage":"pt-PT","potentialAction":[{"@type":"ReadAction","target":["https:\/\/www.bonpilates.com\/pt-pt\/producto\/madeira-cadillac-xpert\/"]}]},{"@type":"ImageObject","inLanguage":"pt-PT","@id":"https:\/\/www.bonpilates.com\/pt-pt\/producto\/madeira-cadillac-xpert\/#primaryimage","url":"https:\/\/www.bonpilates.com\/wp-content\/uploads\/2025\/05\/cadillac-pilates-classic-ok.jpg","contentUrl":"https:\/\/www.bonpilates.com\/wp-content\/uploads\/2025\/05\/cadillac-pilates-classic-ok.jpg","width":1000,"height":1000},{"@type":"BreadcrumbList","@id":"https:\/\/www.bonpilates.com\/pt-pt\/producto\/madeira-cadillac-xpert\/#breadcrumb","itemListElement":[{"@type":"ListItem","position":1,"name":"Bonpilates","item":"https:\/\/www.bonpilates.com\/pt-pt\/"},{"@type":"ListItem","position":2,"name":"Equipamento de Pilates","item":"https:\/\/www.bonpilates.com\/pt-pt\/equipamento-de-pilates\/"},{"@type":"ListItem","position":3,"name":"Madeira Cadillac xpert"}]},{"@type":"WebSite","@id":"https:\/\/www.bonpilates.com\/pt-pt\/#website","url":"https:\/\/www.bonpilates.com\/pt-pt\/","name":"Bonpilates","description":"Desarrollamos y comercializamos m\u00e1quinas de pilates reformer, equipment, accesorios y otros aparatos ideales para practicar este entrenamiento. Bonpilates presenta a sus clientes soluciones de alta calidad y tecnolog\u00eda.","publisher":{"@id":"https:\/\/www.bonpilates.com\/pt-pt\/#organization"},"potentialAction":[{"@type":"SearchAction","target":{"@type":"EntryPoint","urlTemplate":"https:\/\/www.bonpilates.com\/pt-pt\/?s={search_term_string}"},"query-input":{"@type":"PropertyValueSpecification","valueRequired":true,"valueName":"search_term_string"}}],"inLanguage":"pt-PT"},{"@type":"Organization","@id":"https:\/\/www.bonpilates.com\/pt-pt\/#organization","name":"Bonpilates","url":"https:\/\/www.bonpilates.com\/pt-pt\/","logo":{"@type":"ImageObject","inLanguage":"pt-PT","@id":"https:\/\/www.bonpilates.com\/pt-pt\/#\/schema\/logo\/image\/","url":"https:\/\/www.bonpilates.com\/wp-content\/uploads\/2024\/03\/bonpilates-logo-header.png","contentUrl":"https:\/\/www.bonpilates.com\/wp-content\/uploads\/2024\/03\/bonpilates-logo-header.png","width":319,"height":54,"caption":"Bonpilates"},"image":{"@id":"https:\/\/www.bonpilates.com\/pt-pt\/#\/schema\/logo\/image\/"},"sameAs":["https:\/\/www.facebook.com\/bonpilates\/","https:\/\/www.instagram.com\/bonpilatesspain\/","https:\/\/www.youtube.com\/user\/bonpilates\/"]}]}},"_links":{"self":[{"href":"https:\/\/www.bonpilates.com\/pt-pt\/wp-json\/wp\/v2\/product\/45226","targetHints":{"allow":["GET"]}}],"collection":[{"href":"https:\/\/www.bonpilates.com\/pt-pt\/wp-json\/wp\/v2\/product"}],"about":[{"href":"https:\/\/www.bonpilates.com\/pt-pt\/wp-json\/wp\/v2\/types\/product"}],"wp:featuredmedia":[{"embeddable":true,"href":"https:\/\/www.bonpilates.com\/pt-pt\/wp-json\/wp\/v2\/media\/44343"}],"wp:attachment":[{"href":"https:\/\/www.bonpilates.com\/pt-pt\/wp-json\/wp\/v2\/media?parent=45226"}],"wp:term":[{"taxonomy":"product_brand","embeddable":true,"href":"https:\/\/www.bonpilates.com\/pt-pt\/wp-json\/wp\/v2\/product_brand?post=45226"},{"taxonomy":"product_cat","embeddable":true,"href":"https:\/\/www.bonpilates.com\/pt-pt\/wp-json\/wp\/v2\/product_cat?post=45226"},{"taxonomy":"product_tag","embeddable":true,"href":"https:\/\/www.bonpilates.com\/pt-pt\/wp-json\/wp\/v2\/product_tag?post=45226"}],"curies":[{"name":"wp","href":"https:\/\/api.w.org\/{rel}","templated":true}]}}