{"id":50076,"date":"2025-09-30T10:41:20","date_gmt":"2025-09-30T08:41:20","guid":{"rendered":"https:\/\/www.bonpilates.com\/?post_type=product&#038;p=50076"},"modified":"2025-09-30T10:41:21","modified_gmt":"2025-09-30T08:41:21","slug":"barreformer-monitor-pro","status":"publish","type":"product","link":"https:\/\/www.bonpilates.com\/pt-pt\/producto\/barreformer-monitor-pro\/","title":{"rendered":"Barreformer Monitor Pro"},"content":{"rendered":"<ul>\n<li>Leve e silencioso<\/li>\n<li>Inclui rodas para desloc\u00e1-lo<\/li>\n<li>Equipado com o sistema Adapter System<\/li>\n<li>Dispon\u00edvel em Black Onyx e White Pearl<\/li>\n<li>Disponible en version compacte (81000253)<\/li>\n<\/ul>\n<p>Inclui:<\/p>\n<ul>\n<li>Conjunto de cordas unidas a al\u00e7as duplas acolchoadas<\/li>\n<li>Cabe\u00e7ote com 3 posi\u00e7\u00f5es<\/li>\n<li>Ombreiras remov\u00edveis e intercambi\u00e1veis entre si<\/li>\n<li>5 molas: 1 amarela, 1 azul, 2 vermelhas, 1 verde<\/li>\n<li>Barra reguladora de molas com 20 posi\u00e7\u00f5es<\/li>\n<li>Fita para os p\u00e9s<\/li>\n<li>Acess\u00f3rios compat\u00edveis: conversor de tapete, mini tapete, mesa de salto, caixa, torre, bonmat, almofada para cabe\u00e7a<\/li>\n<li>2 molas amarelas curtas com barra de respira\u00e7\u00e3o<\/li>\n<li>2 molas azuis compridas<\/li>\n<li>Conjunto de al\u00e7as de nylon com punho de neoprene<\/li>\n<\/ul>\n<ul>\n<li style=\"list-style-type: none;\">\n<\/li>\n<\/ul>\n","protected":false},"excerpt":{"rendered":"<p style=\"font-weight: 400;\">A vers\u00e3o PRO do Barreformer amplia ainda mais as suas possibilidades: une o melhor do Pilates com a energia e a eleg\u00e2ncia do Barre. Com ele, poder\u00e1 dar mais um passo no seu est\u00fadio, criando aulas h\u00edbridas de Pilates + Barre que surpreender\u00e3o as suas alunas, ajudar\u00e3o a diferenci\u00e1-lo e tornar\u00e3o o seu espa\u00e7o ainda mais vers\u00e1til e motivador. <\/p>\n<p style=\"font-weight: 400;\">Al\u00e9m disso, gra\u00e7as aos acess\u00f3rios extras inclu\u00eddos, poder\u00e1 n\u00e3o s\u00f3 trabalhar no reformer combinado com a torre, mas tamb\u00e9m em p\u00e9 com as molas ou apenas com a barra, levando a experi\u00eancia das suas aulas a um n\u00edvel superior.<\/p>\n","protected":false},"featured_media":50042,"template":"","meta":{"_acf_changed":false},"product_brand":[],"product_cat":[988,996],"product_tag":[],"class_list":{"0":"post-50076","1":"product","2":"type-product","3":"status-publish","4":"has-post-thumbnail","6":"product_cat-contemporaneo","7":"product_cat-reformers","9":"first","10":"instock","11":"taxable","12":"shipping-taxable","13":"product-type-simple"},"acf":[],"yoast_head":"<!-- This site is optimized with the Yoast SEO plugin v27.3 - https:\/\/yoast.com\/product\/yoast-seo-wordpress\/ -->\n<title>Barreformer Monitor Pro - Bonpilates<\/title>\n<meta name=\"robots\" content=\"index, follow, max-snippet:-1, max-image-preview:large, max-video-preview:-1\" \/>\n<link rel=\"canonical\" href=\"https:\/\/www.bonpilates.com\/pt-pt\/producto\/barreformer-monitor-pro\/\" \/>\n<meta property=\"og:locale\" content=\"pt_PT\" \/>\n<meta property=\"og:type\" content=\"article\" \/>\n<meta property=\"og:title\" content=\"Barreformer Monitor Pro - Bonpilates\" \/>\n<meta property=\"og:description\" content=\"A vers\u00e3o PRO do Barreformer amplia ainda mais as suas possibilidades: une o melhor do Pilates com a energia e a eleg\u00e2ncia do Barre. Com ele, poder\u00e1 dar mais um passo no seu est\u00fadio, criando aulas h\u00edbridas de Pilates + Barre que surpreender\u00e3o as suas alunas, ajudar\u00e3o a diferenci\u00e1-lo e tornar\u00e3o o seu espa\u00e7o ainda mais vers\u00e1til e motivador. Al\u00e9m disso, gra\u00e7as aos acess\u00f3rios extras inclu\u00eddos, poder\u00e1 n\u00e3o s\u00f3 trabalhar no reformer combinado com a torre, mas tamb\u00e9m em p\u00e9 com as molas ou apenas com a barra, levando a experi\u00eancia das suas aulas a um n\u00edvel superior.\" \/>\n<meta property=\"og:url\" content=\"https:\/\/www.bonpilates.com\/pt-pt\/producto\/barreformer-monitor-pro\/\" \/>\n<meta property=\"og:site_name\" content=\"Bonpilates\" \/>\n<meta property=\"article:publisher\" content=\"https:\/\/www.facebook.com\/bonpilates\/\" \/>\n<meta property=\"article:modified_time\" content=\"2025-09-30T08:41:21+00:00\" \/>\n<meta property=\"og:image\" content=\"https:\/\/www.bonpilates.com\/wp-content\/uploads\/2025\/09\/81000255-BARREFORMER-MONITOR-PRO-SILVER.jpg\" \/>\n\t<meta property=\"og:image:width\" content=\"1920\" \/>\n\t<meta property=\"og:image:height\" content=\"1440\" \/>\n\t<meta property=\"og:image:type\" content=\"image\/jpeg\" \/>\n<meta name=\"twitter:card\" content=\"summary_large_image\" \/>\n<meta name=\"twitter:label1\" content=\"Tempo estimado de leitura\" \/>\n\t<meta name=\"twitter:data1\" content=\"1 minuto\" \/>\n<script type=\"application\/ld+json\" class=\"yoast-schema-graph\">{\"@context\":\"https:\\\/\\\/schema.org\",\"@graph\":[{\"@type\":\"WebPage\",\"@id\":\"https:\\\/\\\/www.bonpilates.com\\\/pt-pt\\\/producto\\\/barreformer-monitor-pro\\\/\",\"url\":\"https:\\\/\\\/www.bonpilates.com\\\/pt-pt\\\/producto\\\/barreformer-monitor-pro\\\/\",\"name\":\"Barreformer Monitor Pro - Bonpilates\",\"isPartOf\":{\"@id\":\"https:\\\/\\\/www.bonpilates.com\\\/pt-pt\\\/#website\"},\"primaryImageOfPage\":{\"@id\":\"https:\\\/\\\/www.bonpilates.com\\\/pt-pt\\\/producto\\\/barreformer-monitor-pro\\\/#primaryimage\"},\"image\":{\"@id\":\"https:\\\/\\\/www.bonpilates.com\\\/pt-pt\\\/producto\\\/barreformer-monitor-pro\\\/#primaryimage\"},\"thumbnailUrl\":\"https:\\\/\\\/www.bonpilates.com\\\/wp-content\\\/uploads\\\/2025\\\/09\\\/81000255-BARREFORMER-MONITOR-PRO-SILVER.jpg\",\"datePublished\":\"2025-09-30T08:41:20+00:00\",\"dateModified\":\"2025-09-30T08:41:21+00:00\",\"breadcrumb\":{\"@id\":\"https:\\\/\\\/www.bonpilates.com\\\/pt-pt\\\/producto\\\/barreformer-monitor-pro\\\/#breadcrumb\"},\"inLanguage\":\"pt-PT\",\"potentialAction\":[{\"@type\":\"ReadAction\",\"target\":[\"https:\\\/\\\/www.bonpilates.com\\\/pt-pt\\\/producto\\\/barreformer-monitor-pro\\\/\"]}]},{\"@type\":\"ImageObject\",\"inLanguage\":\"pt-PT\",\"@id\":\"https:\\\/\\\/www.bonpilates.com\\\/pt-pt\\\/producto\\\/barreformer-monitor-pro\\\/#primaryimage\",\"url\":\"https:\\\/\\\/www.bonpilates.com\\\/wp-content\\\/uploads\\\/2025\\\/09\\\/81000255-BARREFORMER-MONITOR-PRO-SILVER.jpg\",\"contentUrl\":\"https:\\\/\\\/www.bonpilates.com\\\/wp-content\\\/uploads\\\/2025\\\/09\\\/81000255-BARREFORMER-MONITOR-PRO-SILVER.jpg\",\"width\":1920,\"height\":1440},{\"@type\":\"BreadcrumbList\",\"@id\":\"https:\\\/\\\/www.bonpilates.com\\\/pt-pt\\\/producto\\\/barreformer-monitor-pro\\\/#breadcrumb\",\"itemListElement\":[{\"@type\":\"ListItem\",\"position\":1,\"name\":\"Bonpilates\",\"item\":\"https:\\\/\\\/www.bonpilates.com\\\/pt-pt\\\/\"},{\"@type\":\"ListItem\",\"position\":2,\"name\":\"Equipamento de Pilates\",\"item\":\"https:\\\/\\\/www.bonpilates.com\\\/pt-pt\\\/equipamento-de-pilates\\\/\"},{\"@type\":\"ListItem\",\"position\":3,\"name\":\"Barreformer Monitor Pro\"}]},{\"@type\":\"WebSite\",\"@id\":\"https:\\\/\\\/www.bonpilates.com\\\/pt-pt\\\/#website\",\"url\":\"https:\\\/\\\/www.bonpilates.com\\\/pt-pt\\\/\",\"name\":\"Bonpilates\",\"description\":\"Desarrollamos y comercializamos m\u00e1quinas de pilates reformer, equipment, accesorios y otros aparatos ideales para practicar este entrenamiento. Bonpilates presenta a sus clientes soluciones de alta calidad y tecnolog\u00eda.\",\"publisher\":{\"@id\":\"https:\\\/\\\/www.bonpilates.com\\\/pt-pt\\\/#organization\"},\"potentialAction\":[{\"@type\":\"SearchAction\",\"target\":{\"@type\":\"EntryPoint\",\"urlTemplate\":\"https:\\\/\\\/www.bonpilates.com\\\/pt-pt\\\/?s={search_term_string}\"},\"query-input\":{\"@type\":\"PropertyValueSpecification\",\"valueRequired\":true,\"valueName\":\"search_term_string\"}}],\"inLanguage\":\"pt-PT\"},{\"@type\":\"Organization\",\"@id\":\"https:\\\/\\\/www.bonpilates.com\\\/pt-pt\\\/#organization\",\"name\":\"Bonpilates\",\"url\":\"https:\\\/\\\/www.bonpilates.com\\\/pt-pt\\\/\",\"logo\":{\"@type\":\"ImageObject\",\"inLanguage\":\"pt-PT\",\"@id\":\"https:\\\/\\\/www.bonpilates.com\\\/pt-pt\\\/#\\\/schema\\\/logo\\\/image\\\/\",\"url\":\"https:\\\/\\\/www.bonpilates.com\\\/wp-content\\\/uploads\\\/2024\\\/03\\\/bonpilates-logo-header.png\",\"contentUrl\":\"https:\\\/\\\/www.bonpilates.com\\\/wp-content\\\/uploads\\\/2024\\\/03\\\/bonpilates-logo-header.png\",\"width\":319,\"height\":54,\"caption\":\"Bonpilates\"},\"image\":{\"@id\":\"https:\\\/\\\/www.bonpilates.com\\\/pt-pt\\\/#\\\/schema\\\/logo\\\/image\\\/\"},\"sameAs\":[\"https:\\\/\\\/www.facebook.com\\\/bonpilates\\\/\",\"https:\\\/\\\/www.instagram.com\\\/bonpilatesspain\\\/\",\"https:\\\/\\\/www.youtube.com\\\/user\\\/bonpilates\\\/\"]}]}<\/script>\n<!-- \/ Yoast SEO plugin. -->","yoast_head_json":{"title":"Barreformer Monitor Pro - Bonpilates","robots":{"index":"index","follow":"follow","max-snippet":"max-snippet:-1","max-image-preview":"max-image-preview:large","max-video-preview":"max-video-preview:-1"},"canonical":"https:\/\/www.bonpilates.com\/pt-pt\/producto\/barreformer-monitor-pro\/","og_locale":"pt_PT","og_type":"article","og_title":"Barreformer Monitor Pro - Bonpilates","og_description":"A vers\u00e3o PRO do Barreformer amplia ainda mais as suas possibilidades: une o melhor do Pilates com a energia e a eleg\u00e2ncia do Barre. Com ele, poder\u00e1 dar mais um passo no seu est\u00fadio, criando aulas h\u00edbridas de Pilates + Barre que surpreender\u00e3o as suas alunas, ajudar\u00e3o a diferenci\u00e1-lo e tornar\u00e3o o seu espa\u00e7o ainda mais vers\u00e1til e motivador. Al\u00e9m disso, gra\u00e7as aos acess\u00f3rios extras inclu\u00eddos, poder\u00e1 n\u00e3o s\u00f3 trabalhar no reformer combinado com a torre, mas tamb\u00e9m em p\u00e9 com as molas ou apenas com a barra, levando a experi\u00eancia das suas aulas a um n\u00edvel superior.","og_url":"https:\/\/www.bonpilates.com\/pt-pt\/producto\/barreformer-monitor-pro\/","og_site_name":"Bonpilates","article_publisher":"https:\/\/www.facebook.com\/bonpilates\/","article_modified_time":"2025-09-30T08:41:21+00:00","og_image":[{"width":1920,"height":1440,"url":"https:\/\/www.bonpilates.com\/wp-content\/uploads\/2025\/09\/81000255-BARREFORMER-MONITOR-PRO-SILVER.jpg","type":"image\/jpeg"}],"twitter_card":"summary_large_image","twitter_misc":{"Tempo estimado de leitura":"1 minuto"},"schema":{"@context":"https:\/\/schema.org","@graph":[{"@type":"WebPage","@id":"https:\/\/www.bonpilates.com\/pt-pt\/producto\/barreformer-monitor-pro\/","url":"https:\/\/www.bonpilates.com\/pt-pt\/producto\/barreformer-monitor-pro\/","name":"Barreformer Monitor Pro - Bonpilates","isPartOf":{"@id":"https:\/\/www.bonpilates.com\/pt-pt\/#website"},"primaryImageOfPage":{"@id":"https:\/\/www.bonpilates.com\/pt-pt\/producto\/barreformer-monitor-pro\/#primaryimage"},"image":{"@id":"https:\/\/www.bonpilates.com\/pt-pt\/producto\/barreformer-monitor-pro\/#primaryimage"},"thumbnailUrl":"https:\/\/www.bonpilates.com\/wp-content\/uploads\/2025\/09\/81000255-BARREFORMER-MONITOR-PRO-SILVER.jpg","datePublished":"2025-09-30T08:41:20+00:00","dateModified":"2025-09-30T08:41:21+00:00","breadcrumb":{"@id":"https:\/\/www.bonpilates.com\/pt-pt\/producto\/barreformer-monitor-pro\/#breadcrumb"},"inLanguage":"pt-PT","potentialAction":[{"@type":"ReadAction","target":["https:\/\/www.bonpilates.com\/pt-pt\/producto\/barreformer-monitor-pro\/"]}]},{"@type":"ImageObject","inLanguage":"pt-PT","@id":"https:\/\/www.bonpilates.com\/pt-pt\/producto\/barreformer-monitor-pro\/#primaryimage","url":"https:\/\/www.bonpilates.com\/wp-content\/uploads\/2025\/09\/81000255-BARREFORMER-MONITOR-PRO-SILVER.jpg","contentUrl":"https:\/\/www.bonpilates.com\/wp-content\/uploads\/2025\/09\/81000255-BARREFORMER-MONITOR-PRO-SILVER.jpg","width":1920,"height":1440},{"@type":"BreadcrumbList","@id":"https:\/\/www.bonpilates.com\/pt-pt\/producto\/barreformer-monitor-pro\/#breadcrumb","itemListElement":[{"@type":"ListItem","position":1,"name":"Bonpilates","item":"https:\/\/www.bonpilates.com\/pt-pt\/"},{"@type":"ListItem","position":2,"name":"Equipamento de Pilates","item":"https:\/\/www.bonpilates.com\/pt-pt\/equipamento-de-pilates\/"},{"@type":"ListItem","position":3,"name":"Barreformer Monitor Pro"}]},{"@type":"WebSite","@id":"https:\/\/www.bonpilates.com\/pt-pt\/#website","url":"https:\/\/www.bonpilates.com\/pt-pt\/","name":"Bonpilates","description":"Desarrollamos y comercializamos m\u00e1quinas de pilates reformer, equipment, accesorios y otros aparatos ideales para practicar este entrenamiento. Bonpilates presenta a sus clientes soluciones de alta calidad y tecnolog\u00eda.","publisher":{"@id":"https:\/\/www.bonpilates.com\/pt-pt\/#organization"},"potentialAction":[{"@type":"SearchAction","target":{"@type":"EntryPoint","urlTemplate":"https:\/\/www.bonpilates.com\/pt-pt\/?s={search_term_string}"},"query-input":{"@type":"PropertyValueSpecification","valueRequired":true,"valueName":"search_term_string"}}],"inLanguage":"pt-PT"},{"@type":"Organization","@id":"https:\/\/www.bonpilates.com\/pt-pt\/#organization","name":"Bonpilates","url":"https:\/\/www.bonpilates.com\/pt-pt\/","logo":{"@type":"ImageObject","inLanguage":"pt-PT","@id":"https:\/\/www.bonpilates.com\/pt-pt\/#\/schema\/logo\/image\/","url":"https:\/\/www.bonpilates.com\/wp-content\/uploads\/2024\/03\/bonpilates-logo-header.png","contentUrl":"https:\/\/www.bonpilates.com\/wp-content\/uploads\/2024\/03\/bonpilates-logo-header.png","width":319,"height":54,"caption":"Bonpilates"},"image":{"@id":"https:\/\/www.bonpilates.com\/pt-pt\/#\/schema\/logo\/image\/"},"sameAs":["https:\/\/www.facebook.com\/bonpilates\/","https:\/\/www.instagram.com\/bonpilatesspain\/","https:\/\/www.youtube.com\/user\/bonpilates\/"]}]}},"_links":{"self":[{"href":"https:\/\/www.bonpilates.com\/pt-pt\/wp-json\/wp\/v2\/product\/50076","targetHints":{"allow":["GET"]}}],"collection":[{"href":"https:\/\/www.bonpilates.com\/pt-pt\/wp-json\/wp\/v2\/product"}],"about":[{"href":"https:\/\/www.bonpilates.com\/pt-pt\/wp-json\/wp\/v2\/types\/product"}],"wp:featuredmedia":[{"embeddable":true,"href":"https:\/\/www.bonpilates.com\/pt-pt\/wp-json\/wp\/v2\/media\/50042"}],"wp:attachment":[{"href":"https:\/\/www.bonpilates.com\/pt-pt\/wp-json\/wp\/v2\/media?parent=50076"}],"wp:term":[{"taxonomy":"product_brand","embeddable":true,"href":"https:\/\/www.bonpilates.com\/pt-pt\/wp-json\/wp\/v2\/product_brand?post=50076"},{"taxonomy":"product_cat","embeddable":true,"href":"https:\/\/www.bonpilates.com\/pt-pt\/wp-json\/wp\/v2\/product_cat?post=50076"},{"taxonomy":"product_tag","embeddable":true,"href":"https:\/\/www.bonpilates.com\/pt-pt\/wp-json\/wp\/v2\/product_tag?post=50076"}],"curies":[{"name":"wp","href":"https:\/\/api.w.org\/{rel}","templated":true}]}}