{"id":50212,"date":"2025-11-28T09:08:42","date_gmt":"2025-11-28T08:08:42","guid":{"rendered":"https:\/\/www.bonpilates.com\/?post_type=product&#038;p=50212"},"modified":"2025-12-22T10:28:49","modified_gmt":"2025-12-22T09:28:49","slug":"barreformer-monitor-pro-madera","status":"publish","type":"product","link":"https:\/\/www.bonpilates.com\/pt-pt\/producto\/barreformer-monitor-pro-madera\/","title":{"rendered":"Barreformer Monitor Pro"},"content":{"rendered":"<ul>\n<li style=\"font-weight: 400;\">Elegante, c\u00e1lido y silencioso<\/li>\n<li style=\"font-weight: 400;\">Dotado de Adapter System<\/li>\n<li style=\"font-weight: 400;\">Disponible en madera natural (81000257MC)<\/li>\n<\/ul>\n<p style=\"font-weight: 400;\">Incluye:<\/p>\n<ul>\n<li style=\"font-weight: 400;\">Juego de cuerdas<\/li>\n<li style=\"font-weight: 400;\">Juego de asas de nylon simples<\/li>\n<li style=\"font-weight: 400;\">2 muelles amarillos cortos con breathing bar<\/li>\n<li style=\"font-weight: 400;\">2 muelles azules largos con asas de neopreno<\/li>\n<li style=\"font-weight: 400;\">Cabezal con 3 posiciones<\/li>\n<li style=\"font-weight: 400;\">Hombreras extra\u00edbles e intercambiables entre s\u00ed<\/li>\n<li style=\"font-weight: 400;\">5 muelles: 1 amarillo, 1 azul, 2 rojos, 1 verde<\/li>\n<li style=\"font-weight: 400;\">Barra de muelles regulable a 20 posiciones<\/li>\n<li style=\"font-weight: 400;\">Cinta de pies<\/li>\n<li style=\"font-weight: 400;\">Barra de pies con m\u00e1s de 20 posiciones<\/li>\n<\/ul>\n","protected":false},"excerpt":{"rendered":"<p>El reformer que une lo mejor del Pilates con la energ\u00eda y elegancia del Barre en versi\u00f3n madera. Con \u00e9l podr\u00e1s dar un paso m\u00e1s en tu estudio, creando clases h\u00edbridas de Pilates + Barre que sorprendan a tus alumnas, te ayuden a diferenciarte y hagan que tu espacio sea a\u00fan m\u00e1s vers\u00e1til y motivador.<\/p>\n<p>Adem\u00e1s, gracias a los accesorios extra que incluye, no solo podr\u00e1s trabajar en el reformer combinado con la torre, sino tambi\u00e9n de pie con los muelles o solo con la barra, llevando la experiencia de tus clases a un nivel superior.<\/p>\n","protected":false},"featured_media":50213,"template":"","meta":{"_acf_changed":false},"product_brand":[],"product_cat":[985,993,156],"product_tag":[],"class_list":{"0":"post-50212","1":"product","2":"type-product","3":"status-publish","4":"has-post-thumbnail","6":"product_cat-linea-contemporanea","7":"product_cat-reformer-pilates","8":"product_cat-sin-categorizar","10":"first","11":"instock","12":"taxable","13":"shipping-taxable","14":"product-type-simple"},"acf":[],"yoast_head":"<!-- This site is optimized with the Yoast SEO plugin v27.3 - https:\/\/yoast.com\/product\/yoast-seo-wordpress\/ -->\n<title>Barreformer Monitor Pro - Bonpilates<\/title>\n<meta name=\"robots\" content=\"index, follow, max-snippet:-1, max-image-preview:large, max-video-preview:-1\" \/>\n<link rel=\"canonical\" href=\"https:\/\/www.bonpilates.com\/pt-pt\/producto\/barreformer-monitor-pro-madera\/\" \/>\n<meta property=\"og:locale\" content=\"pt_PT\" \/>\n<meta property=\"og:type\" content=\"article\" \/>\n<meta property=\"og:title\" content=\"Barreformer Monitor Pro - Bonpilates\" \/>\n<meta property=\"og:description\" content=\"El reformer que une lo mejor del Pilates con la energ\u00eda y elegancia del Barre en versi\u00f3n madera. Con \u00e9l podr\u00e1s dar un paso m\u00e1s en tu estudio, creando clases h\u00edbridas de Pilates + Barre que sorprendan a tus alumnas, te ayuden a diferenciarte y hagan que tu espacio sea a\u00fan m\u00e1s vers\u00e1til y motivador.  Adem\u00e1s, gracias a los accesorios extra que incluye, no solo podr\u00e1s trabajar en el reformer combinado con la torre, sino tambi\u00e9n de pie con los muelles o solo con la barra, llevando la experiencia de tus clases a un nivel superior.\" \/>\n<meta property=\"og:url\" content=\"https:\/\/www.bonpilates.com\/pt-pt\/producto\/barreformer-monitor-pro-madera\/\" \/>\n<meta property=\"og:site_name\" content=\"Bonpilates\" \/>\n<meta property=\"article:publisher\" content=\"https:\/\/www.facebook.com\/bonpilates\/\" \/>\n<meta property=\"article:modified_time\" content=\"2025-12-22T09:28:49+00:00\" \/>\n<meta property=\"og:image\" content=\"https:\/\/www.bonpilates.com\/wp-content\/uploads\/2025\/11\/81000287.jpg\" \/>\n\t<meta property=\"og:image:width\" content=\"1280\" \/>\n\t<meta property=\"og:image:height\" content=\"853\" \/>\n\t<meta property=\"og:image:type\" content=\"image\/jpeg\" \/>\n<meta name=\"twitter:card\" content=\"summary_large_image\" \/>\n<meta name=\"twitter:label1\" content=\"Tempo estimado de leitura\" \/>\n\t<meta name=\"twitter:data1\" content=\"1 minuto\" \/>\n<script type=\"application\/ld+json\" class=\"yoast-schema-graph\">{\"@context\":\"https:\\\/\\\/schema.org\",\"@graph\":[{\"@type\":\"WebPage\",\"@id\":\"https:\\\/\\\/www.bonpilates.com\\\/pt-pt\\\/producto\\\/barreformer-monitor-pro-madera\\\/\",\"url\":\"https:\\\/\\\/www.bonpilates.com\\\/pt-pt\\\/producto\\\/barreformer-monitor-pro-madera\\\/\",\"name\":\"Barreformer Monitor Pro - Bonpilates\",\"isPartOf\":{\"@id\":\"https:\\\/\\\/www.bonpilates.com\\\/pt-pt\\\/#website\"},\"primaryImageOfPage\":{\"@id\":\"https:\\\/\\\/www.bonpilates.com\\\/pt-pt\\\/producto\\\/barreformer-monitor-pro-madera\\\/#primaryimage\"},\"image\":{\"@id\":\"https:\\\/\\\/www.bonpilates.com\\\/pt-pt\\\/producto\\\/barreformer-monitor-pro-madera\\\/#primaryimage\"},\"thumbnailUrl\":\"https:\\\/\\\/www.bonpilates.com\\\/wp-content\\\/uploads\\\/2025\\\/11\\\/81000287.jpg\",\"datePublished\":\"2025-11-28T08:08:42+00:00\",\"dateModified\":\"2025-12-22T09:28:49+00:00\",\"breadcrumb\":{\"@id\":\"https:\\\/\\\/www.bonpilates.com\\\/pt-pt\\\/producto\\\/barreformer-monitor-pro-madera\\\/#breadcrumb\"},\"inLanguage\":\"pt-PT\",\"potentialAction\":[{\"@type\":\"ReadAction\",\"target\":[\"https:\\\/\\\/www.bonpilates.com\\\/pt-pt\\\/producto\\\/barreformer-monitor-pro-madera\\\/\"]}]},{\"@type\":\"ImageObject\",\"inLanguage\":\"pt-PT\",\"@id\":\"https:\\\/\\\/www.bonpilates.com\\\/pt-pt\\\/producto\\\/barreformer-monitor-pro-madera\\\/#primaryimage\",\"url\":\"https:\\\/\\\/www.bonpilates.com\\\/wp-content\\\/uploads\\\/2025\\\/11\\\/81000287.jpg\",\"contentUrl\":\"https:\\\/\\\/www.bonpilates.com\\\/wp-content\\\/uploads\\\/2025\\\/11\\\/81000287.jpg\",\"width\":1280,\"height\":853},{\"@type\":\"BreadcrumbList\",\"@id\":\"https:\\\/\\\/www.bonpilates.com\\\/pt-pt\\\/producto\\\/barreformer-monitor-pro-madera\\\/#breadcrumb\",\"itemListElement\":[{\"@type\":\"ListItem\",\"position\":1,\"name\":\"Bonpilates\",\"item\":\"https:\\\/\\\/www.bonpilates.com\\\/pt-pt\\\/\"},{\"@type\":\"ListItem\",\"position\":2,\"name\":\"Equipamento de Pilates\",\"item\":\"https:\\\/\\\/www.bonpilates.com\\\/pt-pt\\\/equipamento-de-pilates\\\/\"},{\"@type\":\"ListItem\",\"position\":3,\"name\":\"Barreformer Monitor Pro\"}]},{\"@type\":\"WebSite\",\"@id\":\"https:\\\/\\\/www.bonpilates.com\\\/pt-pt\\\/#website\",\"url\":\"https:\\\/\\\/www.bonpilates.com\\\/pt-pt\\\/\",\"name\":\"Bonpilates\",\"description\":\"Desarrollamos y comercializamos m\u00e1quinas de pilates reformer, equipment, accesorios y otros aparatos ideales para practicar este entrenamiento. Bonpilates presenta a sus clientes soluciones de alta calidad y tecnolog\u00eda.\",\"publisher\":{\"@id\":\"https:\\\/\\\/www.bonpilates.com\\\/pt-pt\\\/#organization\"},\"potentialAction\":[{\"@type\":\"SearchAction\",\"target\":{\"@type\":\"EntryPoint\",\"urlTemplate\":\"https:\\\/\\\/www.bonpilates.com\\\/pt-pt\\\/?s={search_term_string}\"},\"query-input\":{\"@type\":\"PropertyValueSpecification\",\"valueRequired\":true,\"valueName\":\"search_term_string\"}}],\"inLanguage\":\"pt-PT\"},{\"@type\":\"Organization\",\"@id\":\"https:\\\/\\\/www.bonpilates.com\\\/pt-pt\\\/#organization\",\"name\":\"Bonpilates\",\"url\":\"https:\\\/\\\/www.bonpilates.com\\\/pt-pt\\\/\",\"logo\":{\"@type\":\"ImageObject\",\"inLanguage\":\"pt-PT\",\"@id\":\"https:\\\/\\\/www.bonpilates.com\\\/pt-pt\\\/#\\\/schema\\\/logo\\\/image\\\/\",\"url\":\"https:\\\/\\\/www.bonpilates.com\\\/wp-content\\\/uploads\\\/2024\\\/03\\\/bonpilates-logo-header.png\",\"contentUrl\":\"https:\\\/\\\/www.bonpilates.com\\\/wp-content\\\/uploads\\\/2024\\\/03\\\/bonpilates-logo-header.png\",\"width\":319,\"height\":54,\"caption\":\"Bonpilates\"},\"image\":{\"@id\":\"https:\\\/\\\/www.bonpilates.com\\\/pt-pt\\\/#\\\/schema\\\/logo\\\/image\\\/\"},\"sameAs\":[\"https:\\\/\\\/www.facebook.com\\\/bonpilates\\\/\",\"https:\\\/\\\/www.instagram.com\\\/bonpilatesspain\\\/\",\"https:\\\/\\\/www.youtube.com\\\/user\\\/bonpilates\\\/\"]}]}<\/script>\n<!-- \/ Yoast SEO plugin. -->","yoast_head_json":{"title":"Barreformer Monitor Pro - Bonpilates","robots":{"index":"index","follow":"follow","max-snippet":"max-snippet:-1","max-image-preview":"max-image-preview:large","max-video-preview":"max-video-preview:-1"},"canonical":"https:\/\/www.bonpilates.com\/pt-pt\/producto\/barreformer-monitor-pro-madera\/","og_locale":"pt_PT","og_type":"article","og_title":"Barreformer Monitor Pro - Bonpilates","og_description":"El reformer que une lo mejor del Pilates con la energ\u00eda y elegancia del Barre en versi\u00f3n madera. Con \u00e9l podr\u00e1s dar un paso m\u00e1s en tu estudio, creando clases h\u00edbridas de Pilates + Barre que sorprendan a tus alumnas, te ayuden a diferenciarte y hagan que tu espacio sea a\u00fan m\u00e1s vers\u00e1til y motivador.  Adem\u00e1s, gracias a los accesorios extra que incluye, no solo podr\u00e1s trabajar en el reformer combinado con la torre, sino tambi\u00e9n de pie con los muelles o solo con la barra, llevando la experiencia de tus clases a un nivel superior.","og_url":"https:\/\/www.bonpilates.com\/pt-pt\/producto\/barreformer-monitor-pro-madera\/","og_site_name":"Bonpilates","article_publisher":"https:\/\/www.facebook.com\/bonpilates\/","article_modified_time":"2025-12-22T09:28:49+00:00","og_image":[{"width":1280,"height":853,"url":"https:\/\/www.bonpilates.com\/wp-content\/uploads\/2025\/11\/81000287.jpg","type":"image\/jpeg"}],"twitter_card":"summary_large_image","twitter_misc":{"Tempo estimado de leitura":"1 minuto"},"schema":{"@context":"https:\/\/schema.org","@graph":[{"@type":"WebPage","@id":"https:\/\/www.bonpilates.com\/pt-pt\/producto\/barreformer-monitor-pro-madera\/","url":"https:\/\/www.bonpilates.com\/pt-pt\/producto\/barreformer-monitor-pro-madera\/","name":"Barreformer Monitor Pro - Bonpilates","isPartOf":{"@id":"https:\/\/www.bonpilates.com\/pt-pt\/#website"},"primaryImageOfPage":{"@id":"https:\/\/www.bonpilates.com\/pt-pt\/producto\/barreformer-monitor-pro-madera\/#primaryimage"},"image":{"@id":"https:\/\/www.bonpilates.com\/pt-pt\/producto\/barreformer-monitor-pro-madera\/#primaryimage"},"thumbnailUrl":"https:\/\/www.bonpilates.com\/wp-content\/uploads\/2025\/11\/81000287.jpg","datePublished":"2025-11-28T08:08:42+00:00","dateModified":"2025-12-22T09:28:49+00:00","breadcrumb":{"@id":"https:\/\/www.bonpilates.com\/pt-pt\/producto\/barreformer-monitor-pro-madera\/#breadcrumb"},"inLanguage":"pt-PT","potentialAction":[{"@type":"ReadAction","target":["https:\/\/www.bonpilates.com\/pt-pt\/producto\/barreformer-monitor-pro-madera\/"]}]},{"@type":"ImageObject","inLanguage":"pt-PT","@id":"https:\/\/www.bonpilates.com\/pt-pt\/producto\/barreformer-monitor-pro-madera\/#primaryimage","url":"https:\/\/www.bonpilates.com\/wp-content\/uploads\/2025\/11\/81000287.jpg","contentUrl":"https:\/\/www.bonpilates.com\/wp-content\/uploads\/2025\/11\/81000287.jpg","width":1280,"height":853},{"@type":"BreadcrumbList","@id":"https:\/\/www.bonpilates.com\/pt-pt\/producto\/barreformer-monitor-pro-madera\/#breadcrumb","itemListElement":[{"@type":"ListItem","position":1,"name":"Bonpilates","item":"https:\/\/www.bonpilates.com\/pt-pt\/"},{"@type":"ListItem","position":2,"name":"Equipamento de Pilates","item":"https:\/\/www.bonpilates.com\/pt-pt\/equipamento-de-pilates\/"},{"@type":"ListItem","position":3,"name":"Barreformer Monitor Pro"}]},{"@type":"WebSite","@id":"https:\/\/www.bonpilates.com\/pt-pt\/#website","url":"https:\/\/www.bonpilates.com\/pt-pt\/","name":"Bonpilates","description":"Desarrollamos y comercializamos m\u00e1quinas de pilates reformer, equipment, accesorios y otros aparatos ideales para practicar este entrenamiento. Bonpilates presenta a sus clientes soluciones de alta calidad y tecnolog\u00eda.","publisher":{"@id":"https:\/\/www.bonpilates.com\/pt-pt\/#organization"},"potentialAction":[{"@type":"SearchAction","target":{"@type":"EntryPoint","urlTemplate":"https:\/\/www.bonpilates.com\/pt-pt\/?s={search_term_string}"},"query-input":{"@type":"PropertyValueSpecification","valueRequired":true,"valueName":"search_term_string"}}],"inLanguage":"pt-PT"},{"@type":"Organization","@id":"https:\/\/www.bonpilates.com\/pt-pt\/#organization","name":"Bonpilates","url":"https:\/\/www.bonpilates.com\/pt-pt\/","logo":{"@type":"ImageObject","inLanguage":"pt-PT","@id":"https:\/\/www.bonpilates.com\/pt-pt\/#\/schema\/logo\/image\/","url":"https:\/\/www.bonpilates.com\/wp-content\/uploads\/2024\/03\/bonpilates-logo-header.png","contentUrl":"https:\/\/www.bonpilates.com\/wp-content\/uploads\/2024\/03\/bonpilates-logo-header.png","width":319,"height":54,"caption":"Bonpilates"},"image":{"@id":"https:\/\/www.bonpilates.com\/pt-pt\/#\/schema\/logo\/image\/"},"sameAs":["https:\/\/www.facebook.com\/bonpilates\/","https:\/\/www.instagram.com\/bonpilatesspain\/","https:\/\/www.youtube.com\/user\/bonpilates\/"]}]}},"_links":{"self":[{"href":"https:\/\/www.bonpilates.com\/pt-pt\/wp-json\/wp\/v2\/product\/50212","targetHints":{"allow":["GET"]}}],"collection":[{"href":"https:\/\/www.bonpilates.com\/pt-pt\/wp-json\/wp\/v2\/product"}],"about":[{"href":"https:\/\/www.bonpilates.com\/pt-pt\/wp-json\/wp\/v2\/types\/product"}],"wp:featuredmedia":[{"embeddable":true,"href":"https:\/\/www.bonpilates.com\/pt-pt\/wp-json\/wp\/v2\/media\/50213"}],"wp:attachment":[{"href":"https:\/\/www.bonpilates.com\/pt-pt\/wp-json\/wp\/v2\/media?parent=50212"}],"wp:term":[{"taxonomy":"product_brand","embeddable":true,"href":"https:\/\/www.bonpilates.com\/pt-pt\/wp-json\/wp\/v2\/product_brand?post=50212"},{"taxonomy":"product_cat","embeddable":true,"href":"https:\/\/www.bonpilates.com\/pt-pt\/wp-json\/wp\/v2\/product_cat?post=50212"},{"taxonomy":"product_tag","embeddable":true,"href":"https:\/\/www.bonpilates.com\/pt-pt\/wp-json\/wp\/v2\/product_tag?post=50212"}],"curies":[{"name":"wp","href":"https:\/\/api.w.org\/{rel}","templated":true}]}}