{"id":50367,"date":"2019-02-13T14:11:42","date_gmt":"2019-02-13T14:11:42","guid":{"rendered":"https:\/\/www.bonpilates.com\/producto\/reformer-monitor-black-onyx-com-torre\/"},"modified":"2019-02-13T14:11:42","modified_gmt":"2019-02-13T13:11:42","slug":"reformer-monitor-black-onyx-com-torre","status":"publish","type":"product","link":"https:\/\/www.bonpilates.com\/pt-pt\/producto\/reformer-monitor-black-onyx-com-torre\/","title":{"rendered":"Reformer Monitor Black Onyx com torre"},"content":{"rendered":"<p>Este modelo \u00e9 constru\u00eddo com uma torre, o que confere \u00e0 m\u00e1quina um alto grau de versatilidade para al\u00e9m da sua funcionalidade, permitindo a realiza\u00e7\u00e3o de todos os exerc\u00edcios do Reformer, bem como uma ampla gama de exerc\u00edcios t\u00edpicos do Cadillac.<\/p>\n<p>Inclui:<\/p>\n<p><strong>REFORMER<\/strong><\/p>\n<ul>\n<li>Box<\/li>\n<li>Mat converter<\/li>\n<li>Conjunto completo de molas<\/li>\n<li>Conjunto de pegas simples<\/li>\n<li>Conjunto de cordas<\/li>\n<li>Fita para os p\u00e9s<\/li>\n<\/ul>\n<p><strong>TORRE<\/strong><\/p>\n<ul>\n<li>Conjunto completo de molas<\/li>\n<li>Al\u00e7as com pega em neoprene<\/li>\n<li>Fita de seguran\u00e7a<\/li>\n<li>Barra de respira\u00e7\u00e3o<\/li>\n<li>Barra de empurrar<\/li>\n<\/ul>\n","protected":false},"excerpt":{"rendered":"<p>Este modelo \u00e9 constru\u00eddo com uma torre, o que confere \u00e0 m\u00e1quina um alto grau de versatilidade para al\u00e9m da sua funcionalidade, permitindo a realiza\u00e7\u00e3o de todos os exerc\u00edcios do<a href=\"https:\/\/www.bonpilates.com\/pt-pt\/producto\/reformer-monitor-black-onyx-com-torre\/\">Continue reading <span class=\"sr-only\">&#8220;Reformer Monitor Black Onyx com torre&#8221;<\/span><\/a><\/p>\n","protected":false},"featured_media":46969,"template":"","meta":{"_acf_changed":false},"product_brand":[],"product_cat":[988,1018],"product_tag":[],"class_list":{"0":"post-50367","1":"product","2":"type-product","3":"status-publish","4":"has-post-thumbnail","6":"product_cat-contemporaneo","7":"product_cat-reformers-torre","9":"first","10":"instock","11":"taxable","12":"shipping-taxable","13":"product-type-simple"},"acf":[],"yoast_head":"<!-- This site is optimized with the Yoast SEO plugin v27.3 - https:\/\/yoast.com\/product\/yoast-seo-wordpress\/ -->\n<title>Reformer Monitor Black Onyx com torre - Bonpilates<\/title>\n<meta name=\"robots\" content=\"index, follow, max-snippet:-1, max-image-preview:large, max-video-preview:-1\" \/>\n<link rel=\"canonical\" href=\"https:\/\/www.bonpilates.com\/pt-pt\/producto\/reformer-monitor-black-onyx-com-torre\/\" \/>\n<meta property=\"og:locale\" content=\"pt_PT\" \/>\n<meta property=\"og:type\" content=\"article\" \/>\n<meta property=\"og:title\" content=\"Reformer Monitor Black Onyx com torre - Bonpilates\" \/>\n<meta property=\"og:description\" content=\"Este modelo \u00e9 constru\u00eddo com uma torre, o que confere \u00e0 m\u00e1quina um alto grau de versatilidade para al\u00e9m da sua funcionalidade, permitindo a realiza\u00e7\u00e3o de todos os exerc\u00edcios doContinue reading &quot;Reformer Monitor Black Onyx com torre&quot;\" \/>\n<meta property=\"og:url\" content=\"https:\/\/www.bonpilates.com\/pt-pt\/producto\/reformer-monitor-black-onyx-com-torre\/\" \/>\n<meta property=\"og:site_name\" content=\"Bonpilates\" \/>\n<meta property=\"article:publisher\" content=\"https:\/\/www.facebook.com\/bonpilates\/\" \/>\n<meta property=\"og:image\" content=\"https:\/\/www.bonpilates.com\/wp-content\/uploads\/2019\/02\/maq-8-general-con-mat-y-box-opt.webp\" \/>\n\t<meta property=\"og:image:width\" content=\"1000\" \/>\n\t<meta property=\"og:image:height\" content=\"1000\" \/>\n\t<meta property=\"og:image:type\" content=\"image\/webp\" \/>\n<meta name=\"twitter:card\" content=\"summary_large_image\" \/>\n<script type=\"application\/ld+json\" class=\"yoast-schema-graph\">{\"@context\":\"https:\\\/\\\/schema.org\",\"@graph\":[{\"@type\":\"WebPage\",\"@id\":\"https:\\\/\\\/www.bonpilates.com\\\/pt-pt\\\/producto\\\/reformer-monitor-black-onyx-com-torre\\\/\",\"url\":\"https:\\\/\\\/www.bonpilates.com\\\/pt-pt\\\/producto\\\/reformer-monitor-black-onyx-com-torre\\\/\",\"name\":\"Reformer Monitor Black Onyx com torre - Bonpilates\",\"isPartOf\":{\"@id\":\"https:\\\/\\\/www.bonpilates.com\\\/pt-pt\\\/#website\"},\"primaryImageOfPage\":{\"@id\":\"https:\\\/\\\/www.bonpilates.com\\\/pt-pt\\\/producto\\\/reformer-monitor-black-onyx-com-torre\\\/#primaryimage\"},\"image\":{\"@id\":\"https:\\\/\\\/www.bonpilates.com\\\/pt-pt\\\/producto\\\/reformer-monitor-black-onyx-com-torre\\\/#primaryimage\"},\"thumbnailUrl\":\"https:\\\/\\\/www.bonpilates.com\\\/wp-content\\\/uploads\\\/2019\\\/02\\\/maq-8-general-con-mat-y-box-opt.webp\",\"datePublished\":\"2019-02-13T14:11:42+00:00\",\"breadcrumb\":{\"@id\":\"https:\\\/\\\/www.bonpilates.com\\\/pt-pt\\\/producto\\\/reformer-monitor-black-onyx-com-torre\\\/#breadcrumb\"},\"inLanguage\":\"pt-PT\",\"potentialAction\":[{\"@type\":\"ReadAction\",\"target\":[\"https:\\\/\\\/www.bonpilates.com\\\/pt-pt\\\/producto\\\/reformer-monitor-black-onyx-com-torre\\\/\"]}]},{\"@type\":\"ImageObject\",\"inLanguage\":\"pt-PT\",\"@id\":\"https:\\\/\\\/www.bonpilates.com\\\/pt-pt\\\/producto\\\/reformer-monitor-black-onyx-com-torre\\\/#primaryimage\",\"url\":\"https:\\\/\\\/www.bonpilates.com\\\/wp-content\\\/uploads\\\/2019\\\/02\\\/maq-8-general-con-mat-y-box-opt.webp\",\"contentUrl\":\"https:\\\/\\\/www.bonpilates.com\\\/wp-content\\\/uploads\\\/2019\\\/02\\\/maq-8-general-con-mat-y-box-opt.webp\",\"width\":1000,\"height\":1000},{\"@type\":\"BreadcrumbList\",\"@id\":\"https:\\\/\\\/www.bonpilates.com\\\/pt-pt\\\/producto\\\/reformer-monitor-black-onyx-com-torre\\\/#breadcrumb\",\"itemListElement\":[{\"@type\":\"ListItem\",\"position\":1,\"name\":\"Bonpilates\",\"item\":\"https:\\\/\\\/www.bonpilates.com\\\/pt-pt\\\/\"},{\"@type\":\"ListItem\",\"position\":2,\"name\":\"Equipamento de Pilates\",\"item\":\"https:\\\/\\\/www.bonpilates.com\\\/pt-pt\\\/equipamento-de-pilates\\\/\"},{\"@type\":\"ListItem\",\"position\":3,\"name\":\"Reformer Monitor Black Onyx com torre\"}]},{\"@type\":\"WebSite\",\"@id\":\"https:\\\/\\\/www.bonpilates.com\\\/pt-pt\\\/#website\",\"url\":\"https:\\\/\\\/www.bonpilates.com\\\/pt-pt\\\/\",\"name\":\"Bonpilates\",\"description\":\"Desarrollamos y comercializamos m\u00e1quinas de pilates reformer, equipment, accesorios y otros aparatos ideales para practicar este entrenamiento. Bonpilates presenta a sus clientes soluciones de alta calidad y tecnolog\u00eda.\",\"publisher\":{\"@id\":\"https:\\\/\\\/www.bonpilates.com\\\/pt-pt\\\/#organization\"},\"potentialAction\":[{\"@type\":\"SearchAction\",\"target\":{\"@type\":\"EntryPoint\",\"urlTemplate\":\"https:\\\/\\\/www.bonpilates.com\\\/pt-pt\\\/?s={search_term_string}\"},\"query-input\":{\"@type\":\"PropertyValueSpecification\",\"valueRequired\":true,\"valueName\":\"search_term_string\"}}],\"inLanguage\":\"pt-PT\"},{\"@type\":\"Organization\",\"@id\":\"https:\\\/\\\/www.bonpilates.com\\\/pt-pt\\\/#organization\",\"name\":\"Bonpilates\",\"url\":\"https:\\\/\\\/www.bonpilates.com\\\/pt-pt\\\/\",\"logo\":{\"@type\":\"ImageObject\",\"inLanguage\":\"pt-PT\",\"@id\":\"https:\\\/\\\/www.bonpilates.com\\\/pt-pt\\\/#\\\/schema\\\/logo\\\/image\\\/\",\"url\":\"https:\\\/\\\/www.bonpilates.com\\\/wp-content\\\/uploads\\\/2024\\\/03\\\/bonpilates-logo-header.png\",\"contentUrl\":\"https:\\\/\\\/www.bonpilates.com\\\/wp-content\\\/uploads\\\/2024\\\/03\\\/bonpilates-logo-header.png\",\"width\":319,\"height\":54,\"caption\":\"Bonpilates\"},\"image\":{\"@id\":\"https:\\\/\\\/www.bonpilates.com\\\/pt-pt\\\/#\\\/schema\\\/logo\\\/image\\\/\"},\"sameAs\":[\"https:\\\/\\\/www.facebook.com\\\/bonpilates\\\/\",\"https:\\\/\\\/www.instagram.com\\\/bonpilatesspain\\\/\",\"https:\\\/\\\/www.youtube.com\\\/user\\\/bonpilates\\\/\"]}]}<\/script>\n<!-- \/ Yoast SEO plugin. -->","yoast_head_json":{"title":"Reformer Monitor Black Onyx com torre - Bonpilates","robots":{"index":"index","follow":"follow","max-snippet":"max-snippet:-1","max-image-preview":"max-image-preview:large","max-video-preview":"max-video-preview:-1"},"canonical":"https:\/\/www.bonpilates.com\/pt-pt\/producto\/reformer-monitor-black-onyx-com-torre\/","og_locale":"pt_PT","og_type":"article","og_title":"Reformer Monitor Black Onyx com torre - Bonpilates","og_description":"Este modelo \u00e9 constru\u00eddo com uma torre, o que confere \u00e0 m\u00e1quina um alto grau de versatilidade para al\u00e9m da sua funcionalidade, permitindo a realiza\u00e7\u00e3o de todos os exerc\u00edcios doContinue reading \"Reformer Monitor Black Onyx com torre\"","og_url":"https:\/\/www.bonpilates.com\/pt-pt\/producto\/reformer-monitor-black-onyx-com-torre\/","og_site_name":"Bonpilates","article_publisher":"https:\/\/www.facebook.com\/bonpilates\/","og_image":[{"width":1000,"height":1000,"url":"https:\/\/www.bonpilates.com\/wp-content\/uploads\/2019\/02\/maq-8-general-con-mat-y-box-opt.webp","type":"image\/webp"}],"twitter_card":"summary_large_image","schema":{"@context":"https:\/\/schema.org","@graph":[{"@type":"WebPage","@id":"https:\/\/www.bonpilates.com\/pt-pt\/producto\/reformer-monitor-black-onyx-com-torre\/","url":"https:\/\/www.bonpilates.com\/pt-pt\/producto\/reformer-monitor-black-onyx-com-torre\/","name":"Reformer Monitor Black Onyx com torre - Bonpilates","isPartOf":{"@id":"https:\/\/www.bonpilates.com\/pt-pt\/#website"},"primaryImageOfPage":{"@id":"https:\/\/www.bonpilates.com\/pt-pt\/producto\/reformer-monitor-black-onyx-com-torre\/#primaryimage"},"image":{"@id":"https:\/\/www.bonpilates.com\/pt-pt\/producto\/reformer-monitor-black-onyx-com-torre\/#primaryimage"},"thumbnailUrl":"https:\/\/www.bonpilates.com\/wp-content\/uploads\/2019\/02\/maq-8-general-con-mat-y-box-opt.webp","datePublished":"2019-02-13T14:11:42+00:00","breadcrumb":{"@id":"https:\/\/www.bonpilates.com\/pt-pt\/producto\/reformer-monitor-black-onyx-com-torre\/#breadcrumb"},"inLanguage":"pt-PT","potentialAction":[{"@type":"ReadAction","target":["https:\/\/www.bonpilates.com\/pt-pt\/producto\/reformer-monitor-black-onyx-com-torre\/"]}]},{"@type":"ImageObject","inLanguage":"pt-PT","@id":"https:\/\/www.bonpilates.com\/pt-pt\/producto\/reformer-monitor-black-onyx-com-torre\/#primaryimage","url":"https:\/\/www.bonpilates.com\/wp-content\/uploads\/2019\/02\/maq-8-general-con-mat-y-box-opt.webp","contentUrl":"https:\/\/www.bonpilates.com\/wp-content\/uploads\/2019\/02\/maq-8-general-con-mat-y-box-opt.webp","width":1000,"height":1000},{"@type":"BreadcrumbList","@id":"https:\/\/www.bonpilates.com\/pt-pt\/producto\/reformer-monitor-black-onyx-com-torre\/#breadcrumb","itemListElement":[{"@type":"ListItem","position":1,"name":"Bonpilates","item":"https:\/\/www.bonpilates.com\/pt-pt\/"},{"@type":"ListItem","position":2,"name":"Equipamento de Pilates","item":"https:\/\/www.bonpilates.com\/pt-pt\/equipamento-de-pilates\/"},{"@type":"ListItem","position":3,"name":"Reformer Monitor Black Onyx com torre"}]},{"@type":"WebSite","@id":"https:\/\/www.bonpilates.com\/pt-pt\/#website","url":"https:\/\/www.bonpilates.com\/pt-pt\/","name":"Bonpilates","description":"Desarrollamos y comercializamos m\u00e1quinas de pilates reformer, equipment, accesorios y otros aparatos ideales para practicar este entrenamiento. Bonpilates presenta a sus clientes soluciones de alta calidad y tecnolog\u00eda.","publisher":{"@id":"https:\/\/www.bonpilates.com\/pt-pt\/#organization"},"potentialAction":[{"@type":"SearchAction","target":{"@type":"EntryPoint","urlTemplate":"https:\/\/www.bonpilates.com\/pt-pt\/?s={search_term_string}"},"query-input":{"@type":"PropertyValueSpecification","valueRequired":true,"valueName":"search_term_string"}}],"inLanguage":"pt-PT"},{"@type":"Organization","@id":"https:\/\/www.bonpilates.com\/pt-pt\/#organization","name":"Bonpilates","url":"https:\/\/www.bonpilates.com\/pt-pt\/","logo":{"@type":"ImageObject","inLanguage":"pt-PT","@id":"https:\/\/www.bonpilates.com\/pt-pt\/#\/schema\/logo\/image\/","url":"https:\/\/www.bonpilates.com\/wp-content\/uploads\/2024\/03\/bonpilates-logo-header.png","contentUrl":"https:\/\/www.bonpilates.com\/wp-content\/uploads\/2024\/03\/bonpilates-logo-header.png","width":319,"height":54,"caption":"Bonpilates"},"image":{"@id":"https:\/\/www.bonpilates.com\/pt-pt\/#\/schema\/logo\/image\/"},"sameAs":["https:\/\/www.facebook.com\/bonpilates\/","https:\/\/www.instagram.com\/bonpilatesspain\/","https:\/\/www.youtube.com\/user\/bonpilates\/"]}]}},"_links":{"self":[{"href":"https:\/\/www.bonpilates.com\/pt-pt\/wp-json\/wp\/v2\/product\/50367","targetHints":{"allow":["GET"]}}],"collection":[{"href":"https:\/\/www.bonpilates.com\/pt-pt\/wp-json\/wp\/v2\/product"}],"about":[{"href":"https:\/\/www.bonpilates.com\/pt-pt\/wp-json\/wp\/v2\/types\/product"}],"wp:featuredmedia":[{"embeddable":true,"href":"https:\/\/www.bonpilates.com\/pt-pt\/wp-json\/wp\/v2\/media\/46969"}],"wp:attachment":[{"href":"https:\/\/www.bonpilates.com\/pt-pt\/wp-json\/wp\/v2\/media?parent=50367"}],"wp:term":[{"taxonomy":"product_brand","embeddable":true,"href":"https:\/\/www.bonpilates.com\/pt-pt\/wp-json\/wp\/v2\/product_brand?post=50367"},{"taxonomy":"product_cat","embeddable":true,"href":"https:\/\/www.bonpilates.com\/pt-pt\/wp-json\/wp\/v2\/product_cat?post=50367"},{"taxonomy":"product_tag","embeddable":true,"href":"https:\/\/www.bonpilates.com\/pt-pt\/wp-json\/wp\/v2\/product_tag?post=50367"}],"curies":[{"name":"wp","href":"https:\/\/api.w.org\/{rel}","templated":true}]}}